{"id":608,"date":"2024-03-28T10:15:24","date_gmt":"2024-03-28T10:15:24","guid":{"rendered":"https:\/\/startersites.io\/blocksy\/pottery\/?post_type=product&#038;p=608"},"modified":"2025-12-01T01:52:03","modified_gmt":"2025-12-01T01:52:03","slug":"ma-g32-auto-level","status":"publish","type":"product","link":"https:\/\/mountlaser.com\/vi\/san-pham\/ma-g32-auto-level\/","title":{"rendered":"MA-G32 T\u1ef1 \u0111\u1ed9ng c\u00e2n b\u1eb1ng"},"content":{"rendered":"<p>C\u00e1i <a href=\"https:\/\/mountlaser.com\/vi\/\"><strong>MA-G32 T\u1ef1 \u0111\u1ed9ng c\u00e2n b\u1eb1ng<\/strong><\/a> Mountlaser l\u00e0 m\u1ed9t thi\u1ebft b\u1ecb quang h\u1ecdc chuy\u00ean nghi\u1ec7p, \u0111\u1ed9 ch\u00ednh x\u00e1c cao, \u0111\u01b0\u1ee3c thi\u1ebft k\u1ebf cho nhi\u1ec1u m\u1ee5c \u0111\u00edch kh\u00e1c nhau. <a href=\"https:\/\/mountlaser.com\/vi\/danh-muc-san-pham\/surveying-instrument\/automatic-level\/\"><strong>m\u00e1y th\u1ee7y b\u00ecnh t\u1ef1 \u0111\u1ed9ng d\u00f9ng cho kh\u1ea3o s\u00e1t<\/strong><\/a> \u1ee8ng d\u1ee5ng. M\u00e1y th\u1ee7y b\u00ecnh t\u1ef1 \u0111\u1ed9ng d\u00f9ng cho kh\u1ea3o s\u00e1t. \u0110\u01b0\u1ee3c thi\u1ebft k\u1ebf \u0111\u1ec3 \u0111\u00e1ng tin c\u1eady v\u00e0 d\u1ec5 s\u1eed d\u1ee5ng, m\u00e1y cung c\u1ea5p \u0111\u1ed9 ch\u00ednh x\u00e1c c\u1ea7n thi\u1ebft cho vi\u1ec7c san l\u1ea5p m\u1eb7t b\u1eb1ng c\u00f4ng tr\u00ecnh, ph\u00e1t tri\u1ec3n \u0111\u1ea5t \u0111ai v\u00e0 c\u00e1c nhi\u1ec7m v\u1ee5 thi\u1ebft y\u1ebfu kh\u00e1c. M\u1eabu m\u00e1y n\u00e0y l\u00e0 m\u1ed9t l\u1ef1a ch\u1ecdn n\u1ed5i b\u1eadt trong s\u1ed1 c\u00e1c m\u00e1y th\u1ee7y b\u00ecnh kh\u1ea3o s\u00e1t hi\u1ec7n \u0111\u1ea1i, mang l\u1ea1i \u0111\u1ed9 r\u00f5 n\u00e9t v\u00e0 \u1ed5n \u0111\u1ecbnh v\u01b0\u1ee3t tr\u1ed9i \u0111\u1ec3 \u0111\u1ea3m b\u1ea3o d\u1eef li\u1ec7u n\u1ec1n t\u1ea3ng c\u1ee7a d\u1ef1 \u00e1n c\u1ee7a b\u1ea1n ho\u00e0n h\u1ea3o.<\/p>\n<p>V\u1edbi k\u00ednh vi\u1ec5n v\u1ecdng th\u1eb3ng \u0111\u1ee9ng c\u00f3 \u0111\u1ed9 ph\u00f3ng \u0111\u1ea1i 32X v\u00e0 b\u1ed9 b\u00f9 gi\u1ea3m ch\u1ea5n kh\u00ed \u0111\u1ed9 nh\u1ea1y cao, MA-G32 cung c\u1ea5p h\u00ecnh \u1ea3nh r\u00f5 n\u00e9t, \u0111\u00fang chi\u1ec1u v\u00e0 t\u1ef1 \u0111\u1ed9ng duy tr\u00ec \u0111\u01b0\u1eddng ng\u1eafm ngang b\u1eb1ng, ngay c\u1ea3 tr\u00ean \u0111\u1ecba h\u00ecnh kh\u00f4ng b\u1eb1ng ph\u1eb3ng.<\/p>\n<p>V\u1edbi ch\u1ec9 s\u1ed1 IP54 m\u1ea1nh m\u1ebd, m\u00e1y b\u1ea3o v\u1ec7 ch\u1ed1ng b\u1ee5i v\u00e0 n\u01b0\u1edbc b\u1eafn, bi\u1ebfn n\u00f3 th\u00e0nh ng\u01b0\u1eddi b\u1ea1n \u0111\u1ed3ng h\u00e0nh b\u1ec1n b\u1ec9 cho c\u00e1c c\u00f4ng tr\u01b0\u1eddng \u0111\u00f2i h\u1ecfi kh\u1eaft khe. \u0110\u1ed1i v\u1edbi c\u00e1c chuy\u00ean gia \u0111ang t\u00ecm ki\u1ebfm m\u00e1y th\u1ee7y b\u00ecnh \u0111o \u0111\u1ea1c \u0111\u00e1ng tin c\u1eady v\u00e0 ch\u00ednh x\u00e1c, MA-G32 th\u1ec3 hi\u1ec7n cam k\u1ebft c\u1ee7a Mountlaser v\u1ec1 ch\u1ea5t l\u01b0\u1ee3ng v\u00e0 hi\u1ec7u su\u1ea5t trong t\u1ea5t c\u1ea3 c\u00e1c m\u00e1y th\u1ee7y b\u00ecnh \u0111o \u0111\u1ea1c t\u1ef1 \u0111\u1ed9ng c\u1ee7a ch\u00fang t\u00f4i.<\/p>\n<p><img fetchpriority=\"high\" decoding=\"async\" class=\"aligncenter wp-image-1883\" src=\"https:\/\/mountlaser.com\/wp-content\/uploads\/2024\/03\/MA-G323.webp\" alt=\"Auto Levels For Surveying\" width=\"500\" height=\"500\" srcset=\"https:\/\/mountlaser.com\/wp-content\/uploads\/2024\/03\/MA-G323.webp 1000w, https:\/\/mountlaser.com\/wp-content\/uploads\/2024\/03\/MA-G323-300x300.webp 300w, https:\/\/mountlaser.com\/wp-content\/uploads\/2024\/03\/MA-G323-400x400.webp 400w, https:\/\/mountlaser.com\/wp-content\/uploads\/2024\/03\/MA-G323-800x800.webp 800w, https:\/\/mountlaser.com\/wp-content\/uploads\/2024\/03\/MA-G323-600x600.webp 600w, https:\/\/mountlaser.com\/wp-content\/uploads\/2024\/03\/MA-G323-150x150.webp 150w, https:\/\/mountlaser.com\/wp-content\/uploads\/2024\/03\/MA-G323-768x768.webp 768w, https:\/\/mountlaser.com\/wp-content\/uploads\/2024\/03\/MA-G323-12x12.webp 12w\" sizes=\"(max-width: 500px) 100vw, 500px\" \/><\/p>\n<p><strong><a href=\"https:\/\/mountlaser.com\/vi\/about-us\/\">MA-G32 T\u1ef1 \u0111\u1ed9ng c\u00e2n b\u1eb1ng<\/a> Th\u00f4ng s\u1ed1 k\u1ef9 thu\u1eadt<\/strong><\/p>\n<table style=\"border-collapse: collapse; width: 552.02pt;\" border=\"0\" width=\"736\" cellspacing=\"0\" cellpadding=\"0\">\n<tbody>\n<tr style=\"height: 14.25pt;\">\n<td class=\"et2\" style=\"height: 14.25pt; width: 255.75pt;\" width=\"341\" height=\"19\">M\u00e3 s\u1ed1 s\u1ea3n ph\u1ea9m.<\/td>\n<td class=\"et3\" style=\"width: 296.25pt;\" width=\"395\">MA-G32<\/td>\n<\/tr>\n<tr style=\"height: 14.25pt;\">\n<td class=\"et4\" style=\"height: 14.25pt;\" height=\"19\">Kho\u1ea3ng c\u00e1ch l\u00e0m vi\u1ec7c<\/td>\n<td class=\"et5\">50m<\/td>\n<\/tr>\n<tr style=\"height: 14.25pt;\">\n<td class=\"et4\" style=\"height: 14.25pt;\" height=\"19\">\u0110\u1ed9 l\u1ec7ch chu\u1ea9n cho c\u1ef1 ly ch\u1ea1y \u0111\u00f4i 1km<\/td>\n<td class=\"et5\">1,5mm<\/td>\n<\/tr>\n<tr style=\"height: 14.25pt;\">\n<td class=\"et4\" style=\"height: 14.25pt;\" height=\"19\">\u0110\u1ed9 ph\u00f3ng \u0111\u1ea1i c\u1ee7a k\u00ednh thi\u00ean v\u0103n<\/td>\n<td class=\"et5\">32X<\/td>\n<\/tr>\n<tr style=\"height: 14.25pt;\">\n<td class=\"et4\" style=\"height: 14.25pt;\" height=\"19\">H\u00ecnh \u1ea3nh k\u00ednh thi\u00ean v\u0103n<\/td>\n<td class=\"et5\">D\u1ef1ng l\u00ean<\/td>\n<\/tr>\n<tr style=\"height: 14.25pt;\">\n<td class=\"et4\" style=\"height: 14.25pt;\" height=\"19\">Kho\u1ea3ng c\u00e1ch nh\u00ecn ng\u1eafn nh\u1ea5t<\/td>\n<td class=\"et5\">0,5m<\/td>\n<\/tr>\n<tr style=\"height: 14.25pt;\">\n<td class=\"et4\" style=\"height: 14.25pt;\" height=\"19\">Sai s\u1ed1 kho\u1ea3ng c\u00e1ch quan s\u00e1t<\/td>\n<td class=\"et5\">\u2264\u00b10,5%<\/td>\n<\/tr>\n<tr style=\"height: 14.25pt;\">\n<td class=\"et4\" style=\"height: 14.25pt;\" height=\"19\">K\u00edch th\u01b0\u1edbc kh\u1ea9u \u0111\u1ed9 hi\u1ec7u d\u1ee5ng c\u1ee7a th\u1ea5u k\u00ednh v\u1eadt k\u00ednh<\/td>\n<td class=\"et5\">40mm<\/td>\n<\/tr>\n<tr style=\"height: 14.25pt;\">\n<td class=\"et4\" style=\"height: 14.25pt;\" height=\"19\">L\u1ed7i l\u1ea5y n\u00e9t<\/td>\n<td class=\"et5\">\u22641,0mm<\/td>\n<\/tr>\n<tr style=\"height: 14.25pt;\">\n<td class=\"et4\" style=\"height: 14.25pt;\" height=\"19\">Lo\u1ea1i b\u00f9 tr\u1eeb<\/td>\n<td class=\"et5\">Gi\u1ea3m ch\u1ea5n b\u1eb1ng kh\u00f4ng kh\u00ed<\/td>\n<\/tr>\n<tr style=\"height: 14.25pt;\">\n<td class=\"et4\" style=\"height: 14.25pt;\" height=\"19\">Sai s\u1ed1 b\u00f9 tr\u1eeb<\/td>\n<td class=\"et5\">&lt;0,5\u2032<\/td>\n<\/tr>\n<tr style=\"height: 14.25pt;\">\n<td class=\"et4\" style=\"height: 14.25pt;\" height=\"19\">T\u00e2m ng\u1eafm<\/td>\n<td class=\"et5\">T\u00e2m ng\u1eafm ch\u1eef th\u1eadp<\/td>\n<\/tr>\n<tr style=\"height: 14.25pt;\">\n<td class=\"et4\" style=\"height: 14.25pt;\" height=\"19\">Thi\u1ebft l\u1eadp \u0111\u1ed9 ch\u00ednh x\u00e1c<\/td>\n<td class=\"et5\">+0,4\u2032<\/td>\n<\/tr>\n<tr style=\"height: 14.25pt;\">\n<td class=\"et4\" style=\"height: 14.25pt;\" height=\"19\">Ch\u1ed1ng n\u01b0\u1edbc v\u00e0 b\u1ee5i<\/td>\n<td class=\"et5\">IP54<\/td>\n<\/tr>\n<tr style=\"height: 14.25pt;\">\n<td class=\"et4\" style=\"height: 14.25pt;\" height=\"19\">Stand Accassony<\/td>\n<td class=\"et5\">Qu\u1ea3 c\u00e2n th\u1eb3ng \u0111\u1ee9ng, lo\u1ea1i \u0111i\u1ec1u ch\u1ec9nh b\u1eb1ng tay, ch\u1ed1t \u0111i\u1ec1u ch\u1ec9nh, v\u1ecf nh\u1ef1a.<\/td>\n<\/tr>\n<tr style=\"height: 14.25pt;\">\n<td class=\"et6\" style=\"height: 14.25pt;\" height=\"19\">G\u1eedi tr\u1ecdng l\u01b0\u1ee3ng<\/td>\n<td class=\"et7\">1,35kg<\/td>\n<\/tr>\n<\/tbody>\n<\/table>\n<p>&nbsp;<\/p>","protected":false},"excerpt":{"rendered":"<ul>\n<li>\u0110\u1ed9 ch\u00ednh x\u00e1c cao: \u0110\u1ea1t \u0111\u1ed9 l\u1ec7ch chu\u1ea9n 1,5mm tr\u00ean m\u1ed7i km khi \u0111o hai l\u1ea7n, cho k\u1ebft qu\u1ea3 \u0111\u00e1ng tin c\u1eady.<\/li>\n<li>\u00a0M\u00e1y th\u1ee7y b\u00ecnh t\u1ef1 \u0111\u1ed9ng d\u00f9ng \u0111\u1ec3 kh\u1ea3o s\u00e1t v\u1edbi \u0111\u1ed9 ph\u00f3ng \u0111\u1ea1i 32X cung c\u1ea5p h\u00ecnh \u1ea3nh r\u00f5 n\u00e9t, ch\u00ednh x\u00e1c, gi\u00fap \u0111\u01a1n gi\u1ea3n h\u00f3a thao t\u00e1c v\u00e0 gi\u1ea3m thi\u1ec3u sai s\u00f3t.<\/li>\n<li>C\u01a1 ch\u1ebf b\u00f9 t\u1ef1 \u0111\u1ed9ng: B\u1ed9 b\u00f9 gi\u1ea3m ch\u1ea5n b\u1eb1ng kh\u00ed n\u00e9n t\u1ef1 \u0111\u1ed9ng \u1ed5n \u0111\u1ecbnh \u0111\u01b0\u1eddng d\u00e2y.<\/li>\n<li>C\u1ea5u tr\u00fac b\u1ec1n b\u1ec9: Chu\u1ea9n ch\u1ed1ng n\u01b0\u1edbc v\u00e0 ch\u1ed1ng b\u1ee5i IP54 \u0111\u1ea3m b\u1ea3o hi\u1ec7u su\u1ea5t ho\u1ea1t \u0111\u1ed9ng trong \u0111i\u1ec1u ki\u1ec7n kh\u1eafc nghi\u1ec7t t\u1ea1i c\u00f4ng tr\u01b0\u1eddng.<\/li>\n<\/ul>","protected":false},"featured_media":1882,"comment_status":"open","ping_status":"closed","template":"","meta":[],"product_brand":[],"product_cat":[15,140],"product_tag":[],"class_list":{"0":"post-608","1":"product","2":"type-product","3":"status-publish","4":"has-post-thumbnail","6":"product_cat-surveying-instrument","7":"product_cat-automatic-level","9":"first","10":"instock","11":"shipping-taxable","12":"product-type-simple"},"_links":{"self":[{"href":"https:\/\/mountlaser.com\/vi\/wp-json\/wp\/v2\/product\/608","targetHints":{"allow":["GET"]}}],"collection":[{"href":"https:\/\/mountlaser.com\/vi\/wp-json\/wp\/v2\/product"}],"about":[{"href":"https:\/\/mountlaser.com\/vi\/wp-json\/wp\/v2\/types\/product"}],"replies":[{"embeddable":true,"href":"https:\/\/mountlaser.com\/vi\/wp-json\/wp\/v2\/comments?post=608"}],"wp:featuredmedia":[{"embeddable":true,"href":"https:\/\/mountlaser.com\/vi\/wp-json\/wp\/v2\/media\/1882"}],"wp:attachment":[{"href":"https:\/\/mountlaser.com\/vi\/wp-json\/wp\/v2\/media?parent=608"}],"wp:term":[{"taxonomy":"product_brand","embeddable":true,"href":"https:\/\/mountlaser.com\/vi\/wp-json\/wp\/v2\/product_brand?post=608"},{"taxonomy":"product_cat","embeddable":true,"href":"https:\/\/mountlaser.com\/vi\/wp-json\/wp\/v2\/product_cat?post=608"},{"taxonomy":"product_tag","embeddable":true,"href":"https:\/\/mountlaser.com\/vi\/wp-json\/wp\/v2\/product_tag?post=608"}],"curies":[{"name":"trang web","href":"https:\/\/api.w.org\/{rel}","templated":true}]}}