{"id":6003,"date":"2025-12-19T02:59:24","date_gmt":"2025-12-19T02:59:24","guid":{"rendered":"https:\/\/mountlaser.com\/?post_type=product&#038;p=6003"},"modified":"2025-12-19T02:59:24","modified_gmt":"2025-12-19T02:59:24","slug":"etj30a-325-heavy-duty-elevator-tripod","status":"publish","type":"product","link":"https:\/\/mountlaser.com\/vi\/san-pham\/etj30a-325-heavy-duty-elevator-tripod\/","title":{"rendered":"Ch\u00e2n \u0111\u1ebf thang m\u00e1y h\u1ea1ng n\u1eb7ng ETJ30A-325"},"content":{"rendered":"<p data-start=\"229\" data-end=\"772\">C\u00e1i<a href=\"https:\/\/mountlaser.com\/vi\/\"> <strong data-start=\"233\" data-end=\"274\">Ch\u00e2n \u0111\u1ebf thang m\u00e1y h\u1ea1ng n\u1eb7ng ETJ30A-325<\/strong><\/a> \u0110\u01b0\u1ee3c thi\u1ebft k\u1ebf d\u00e0nh cho c\u00e1c chuy\u00ean gia c\u1ea7n s\u1ef1 h\u1ed7 tr\u1ee3 ch\u1eafc ch\u1eafn, \u0111i\u1ec1u ch\u1ec9nh \u0111\u1ed9 cao ch\u00ednh x\u00e1c v\u00e0 \u0111\u1ed9 b\u1ec1n l\u00e2u d\u00e0i trong m\u00f4i tr\u01b0\u1eddng c\u00f4ng tr\u01b0\u1eddng kh\u1eafc nghi\u1ec7t. L\u00e0 m\u1ed9t <a href=\"https:\/\/mountlaser.com\/vi\/products\/\"><strong data-start=\"423\" data-end=\"454\">Ch\u00e2n \u0111\u1ebf ba ch\u00e2n c\u00f3 th\u1ec3 \u0111i\u1ec1u ch\u1ec9nh \u0111\u1ed9 cao<\/strong><\/a>, \u0110\u01b0\u1ee3c ch\u1ebf t\u1ea1o t\u1eeb h\u1ee3p kim nh\u00f4m ch\u1ea5t l\u01b0\u1ee3ng cao, s\u1ea3n ph\u1ea9m mang l\u1ea1i kh\u1ea3 n\u0103ng ch\u1ed1ng va \u0111\u1eadp tuy\u1ec7t v\u1eddi \u0111\u1ed3ng th\u1eddi duy tr\u00ec c\u1ea5u tr\u00fac \u1ed5n \u0111\u1ecbnh v\u00e0 \u0111\u00e1ng tin c\u1eady. Ch\u00e2n \u0111\u1ebf n\u00e2ng h\u1ea1ng n\u1eb7ng ETJ30A-325 l\u00e0 gi\u1ea3i ph\u00e1p l\u00fd t\u01b0\u1edfng cho c\u00e1c \u1ee9ng d\u1ee5ng x\u00e2y d\u1ef1ng, kh\u1ea3o s\u00e1t v\u00e0 c\u00e2n b\u1eb1ng laser, n\u01a1i \u0111\u1ed9 ch\u00ednh x\u00e1c v\u00e0 kh\u1ea3 n\u0103ng ch\u1ecbu t\u1ea3i l\u00e0 y\u1ebfu t\u1ed1 thi\u1ebft y\u1ebfu.<\/p>\n<p data-start=\"774\" data-end=\"1388\">\u0110\u01b0\u1ee3c trang b\u1ecb bu l\u00f4ng kh\u1edbp n\u1ed1i ti\u00eau chu\u1ea9n 5\/8\u2033-11, ch\u00e2n \u0111\u1ebf n\u00e2ng h\u1ea1 ch\u1ecbu t\u1ea3i n\u1eb7ng ETJ30A-325 \u0111\u1ea3m b\u1ea3o kh\u1ea3 n\u0103ng t\u01b0\u01a1ng th\u00edch r\u1ed9ng r\u00e3i v\u1edbi m\u00e1y c\u00e2n b\u1eb1ng laser, m\u00e1y to\u00e0n \u0111\u1ea1c v\u00e0 c\u00e1c d\u1ee5ng c\u1ee5 \u0111o \u0111\u1ea1c kh\u00e1c. H\u1ec7 th\u1ed1ng k\u1eb9p kh\u00f3a nhanh cho ph\u00e9p \u0111i\u1ec1u ch\u1ec9nh \u0111\u1ed9 cao nhanh ch\u00f3ng v\u00e0 d\u1ec5 d\u00e0ng, gi\u00fap ch\u00e2n \u0111\u1ebf n\u00e2ng h\u1ea1 \u0111i\u1ec1u ch\u1ec9nh \u0111\u01b0\u1ee3c n\u00e0y ho\u1ea1t \u0111\u1ed9ng hi\u1ec7u qu\u1ea3 cao trong c\u00e1c ho\u1ea1t \u0111\u1ed9ng ngo\u00e0i tr\u1eddi. V\u1edbi ph\u1ea1m vi chi\u1ec1u cao ch\u00e2n \u0111\u1ebf t\u1eeb 125\u2013350 cm v\u00e0 chi\u1ec1u cao l\u00e0m vi\u1ec7c t\u1eeb 114\u2013325 cm, ch\u00e2n \u0111\u1ebf n\u00e2ng h\u1ea1 ch\u1ecbu t\u1ea3i n\u1eb7ng ETJ30A-325 mang l\u1ea1i s\u1ef1 linh ho\u1ea1t v\u01b0\u1ee3t tr\u1ed9i cho c\u1ea3 c\u00e1c nhi\u1ec7m v\u1ee5 \u1edf \u0111\u1ed9 cao th\u1ea5p v\u00e0 cao, c\u1ee7ng c\u1ed1 danh ti\u1ebfng c\u1ee7a n\u00f3 nh\u01b0 m\u1ed9t ch\u00e2n \u0111\u1ebf n\u00e2ng h\u1ea1 \u0111i\u1ec1u ch\u1ec9nh \u0111\u01b0\u1ee3c \u0111\u00e1ng tin c\u1eady.<\/p>\n<p data-start=\"1390\" data-end=\"1903\">\u0110\u01b0\u1ee3c thi\u1ebft k\u1ebf nh\u01b0 m\u1ed9t gi\u1ea3i ph\u00e1p ti\u1ebft ki\u1ec7m nh\u01b0ng b\u1ec1n ch\u1eafc, ch\u00e2n \u0111\u1ebf n\u00e2ng h\u1ea1 h\u1ea1ng n\u1eb7ng ETJ30A-325 c\u00e2n b\u1eb1ng gi\u1eefa hi\u1ec7u su\u1ea5t v\u00e0 gi\u00e1 tr\u1ecb. C\u00f3 s\u1eb5n c\u00e1c t\u00f9y ch\u1ecdn m\u00e0u s\u1eafc v\u00e0 chi\u1ec1u cao t\u00f9y ch\u1ec9nh theo y\u00eau c\u1ea7u, cho ph\u00e9p ng\u01b0\u1eddi d\u00f9ng \u0111i\u1ec1u ch\u1ec9nh ch\u00e2n \u0111\u1ebf n\u00e2ng h\u1ea1 c\u00f3 th\u1ec3 \u0111i\u1ec1u ch\u1ec9nh n\u00e0y cho ph\u00f9 h\u1ee3p v\u1edbi c\u00e1c y\u00eau c\u1ea7u c\u1ee5 th\u1ec3 c\u1ee7a d\u1ef1 \u00e1n. C\u1ea5u tr\u00fac ch\u1eafc ch\u1eafn v\u00e0 c\u01a1 ch\u1ebf \u0111i\u1ec1u ch\u1ec9nh m\u01b0\u1ee3t m\u00e0 khi\u1ebfn ch\u00e2n \u0111\u1ebf n\u00e2ng h\u1ea1 h\u1ea1ng n\u1eb7ng ETJ30A-325 tr\u1edf th\u00e0nh l\u1ef1a ch\u1ecdn \u0111\u00e1ng tin c\u1eady cho c\u00e1c chuy\u00ean gia \u0111\u00f2i h\u1ecfi \u0111\u1ed9 tin c\u1eady cao. <a href=\"https:\/\/mountlaser.com\/vi\/contact-us\/\">Ch\u00e2n \u0111\u1ebf ba ch\u00e2n c\u00f3 th\u1ec3 \u0111i\u1ec1u ch\u1ec9nh \u0111\u1ed9 cao<\/a> trong m\u1ecdi \u0111i\u1ec1u ki\u1ec7n l\u00e0m vi\u1ec7c.<\/p>\n<p data-start=\"1390\" data-end=\"1903\"><img fetchpriority=\"high\" decoding=\"async\" class=\"aligncenter wp-image-6009\" src=\"https:\/\/mountlaser.com\/wp-content\/uploads\/2025\/12\/ETJ30A\uff084\uff09.webp\" alt=\"ETJ30A-325 heavy-duty elevator tripod\" width=\"500\" height=\"500\" srcset=\"https:\/\/mountlaser.com\/wp-content\/uploads\/2025\/12\/ETJ30A\uff084\uff09.webp 1000w, https:\/\/mountlaser.com\/wp-content\/uploads\/2025\/12\/ETJ30A\uff084\uff09-300x300.webp 300w, https:\/\/mountlaser.com\/wp-content\/uploads\/2025\/12\/ETJ30A\uff084\uff09-150x150.webp 150w, https:\/\/mountlaser.com\/wp-content\/uploads\/2025\/12\/ETJ30A\uff084\uff09-768x768.webp 768w, https:\/\/mountlaser.com\/wp-content\/uploads\/2025\/12\/ETJ30A\uff084\uff09-12x12.webp 12w, https:\/\/mountlaser.com\/wp-content\/uploads\/2025\/12\/ETJ30A\uff084\uff09-600x600.webp 600w, https:\/\/mountlaser.com\/wp-content\/uploads\/2025\/12\/ETJ30A\uff084\uff09-800x800.webp 800w, https:\/\/mountlaser.com\/wp-content\/uploads\/2025\/12\/ETJ30A\uff084\uff09-400x400.webp 400w\" sizes=\"(max-width: 500px) 100vw, 500px\" \/><\/p>\n<p data-start=\"1390\" data-end=\"1903\"><strong>Th\u00f4ng s\u1ed1 k\u1ef9 thu\u1eadt ch\u00e2n \u0111\u1ebf thang m\u00e1y h\u1ea1ng n\u1eb7ng ETJ30A-325<\/strong><\/p>\n<div>\n<table style=\"border-collapse: collapse; width: 743.27pt;\" border=\"0\" width=\"991\" cellspacing=\"0\" cellpadding=\"0\">\n<tbody>\n<tr style=\"height: 14.25pt;\">\n<td class=\"et2\" style=\"height: 14.25pt; width: 127.50pt;\" width=\"170\" height=\"19\">CON S\u1ed0<\/td>\n<td class=\"et3\" style=\"width: 92.25pt;\" width=\"123\">CH\u00c2N<\/td>\n<td class=\"et3\" style=\"width: 77.25pt;\" width=\"103\">LO\u1ea0I KH\u00d3A<\/td>\n<td class=\"et3\" style=\"width: 96.75pt;\" width=\"129\">PH\u1ea6N C\u1ee8NG<\/td>\n<td class=\"et4\" style=\"width: 141.00pt;\" width=\"188\">CHI\u1ec0U CAO CH\u00c2N M\u00c1Y<\/td>\n<td class=\"et4\" style=\"width: 96.00pt;\" width=\"128\">CHI\u1ec0U CAO L\u00c0M VI\u1ec6C<\/td>\n<td class=\"et3\" style=\"width: 112.50pt;\" width=\"150\">T\u00e2y B\u1eafc.<\/td>\n<\/tr>\n<tr style=\"height: 18.75pt;\">\n<td class=\"et5\" style=\"height: 18.75pt;\" height=\"25\">ETJ30A-225<\/td>\n<td class=\"et5\">Nh\u00f4m<\/td>\n<td class=\"et5\">K\u1eb9p nhanh<\/td>\n<td class=\"et5\">\u0110en<\/td>\n<td class=\"et5\">112-244cm<\/td>\n<td class=\"et5\">100-225cm<\/td>\n<td class=\"et5\">5,15kg<\/td>\n<\/tr>\n<tr style=\"height: 17.25pt;\">\n<td class=\"et5\" style=\"height: 17.25pt;\" height=\"23\">ETJ30A-310<\/td>\n<td class=\"et5\">Nh\u00f4m<\/td>\n<td class=\"et5\">K\u1eb9p nhanh<\/td>\n<td class=\"et5\">\u0110en<\/td>\n<td class=\"et5\">115-330cm<\/td>\n<td class=\"et5\">105-310cm<\/td>\n<td class=\"et5\">5,40 kg<\/td>\n<\/tr>\n<tr style=\"height: 14.25pt;\">\n<td class=\"et5\" style=\"height: 14.25pt;\" height=\"19\">ETJ30A-325<\/td>\n<td class=\"et5\">Nh\u00f4m<\/td>\n<td class=\"et5\">K\u1eb9p nhanh<\/td>\n<td class=\"et5\">\u0110en<\/td>\n<td class=\"et5\">125-350cm<\/td>\n<td class=\"et5\">114-325cm<\/td>\n<td class=\"et5\">5,55kg<\/td>\n<\/tr>\n<\/tbody>\n<\/table>\n<\/div>","protected":false},"excerpt":{"rendered":"<ul>\n<li>Cung c\u1ea5p h\u1ed7 tr\u1ee3 \u1ed5n \u0111\u1ecbnh v\u00e0 an to\u00e0n cho m\u00e1y c\u00e2n b\u1eb1ng laser v\u00e0 c\u00e1c thi\u1ebft b\u1ecb \u0111o \u0111\u1ea1c.<\/li>\n<li>C\u01a1 ch\u1ebf \u0111i\u1ec1u ch\u1ec9nh \u0111\u1ed9 cao ki\u1ec3u thang m\u00e1y gi\u00fap \u0111\u1ecbnh v\u1ecb ch\u00ednh x\u00e1c theo ph\u01b0\u01a1ng th\u1eb3ng \u0111\u1ee9ng.<\/li>\n<li>C\u00e1c k\u1eb9p kh\u00f3a nhanh gi\u00fap thi\u1ebft l\u1eadp ch\u00e2n m\u00e1y nhanh ch\u00f3ng v\u00e0 d\u1ec5 d\u00e0ng.<\/li>\n<li>Ch\u00e2n \u0111\u1ebf b\u1eb1ng h\u1ee3p kim nh\u00f4m mang l\u1ea1i kh\u1ea3 n\u0103ng ch\u1ed1ng va \u0111\u1eadp v\u00e0 \u0111\u1ed9 b\u1ec1n tuy\u1ec7t v\u1eddi.<\/li>\n<li>Bu l\u00f4ng c\u00e0ng ch\u1eef U ti\u00eau chu\u1ea9n 5\/8\u2033-11 \u0111\u1ea3m b\u1ea3o kh\u1ea3 n\u0103ng t\u01b0\u01a1ng th\u00edch r\u1ed9ng r\u00e3i v\u1edbi nhi\u1ec1u lo\u1ea1i d\u1ee5ng c\u1ee5.<\/li>\n<\/ul>","protected":false},"featured_media":6009,"comment_status":"open","ping_status":"closed","template":"","meta":[],"product_brand":[],"product_cat":[122,94],"product_tag":[],"class_list":{"0":"post-6003","1":"product","2":"type-product","3":"status-publish","4":"has-post-thumbnail","6":"product_cat-laser-level-tripod","7":"product_cat-laser-level-accessory","9":"first","10":"instock","11":"shipping-taxable","12":"product-type-simple"},"_links":{"self":[{"href":"https:\/\/mountlaser.com\/vi\/wp-json\/wp\/v2\/product\/6003","targetHints":{"allow":["GET"]}}],"collection":[{"href":"https:\/\/mountlaser.com\/vi\/wp-json\/wp\/v2\/product"}],"about":[{"href":"https:\/\/mountlaser.com\/vi\/wp-json\/wp\/v2\/types\/product"}],"replies":[{"embeddable":true,"href":"https:\/\/mountlaser.com\/vi\/wp-json\/wp\/v2\/comments?post=6003"}],"wp:featuredmedia":[{"embeddable":true,"href":"https:\/\/mountlaser.com\/vi\/wp-json\/wp\/v2\/media\/6009"}],"wp:attachment":[{"href":"https:\/\/mountlaser.com\/vi\/wp-json\/wp\/v2\/media?parent=6003"}],"wp:term":[{"taxonomy":"product_brand","embeddable":true,"href":"https:\/\/mountlaser.com\/vi\/wp-json\/wp\/v2\/product_brand?post=6003"},{"taxonomy":"product_cat","embeddable":true,"href":"https:\/\/mountlaser.com\/vi\/wp-json\/wp\/v2\/product_cat?post=6003"},{"taxonomy":"product_tag","embeddable":true,"href":"https:\/\/mountlaser.com\/vi\/wp-json\/wp\/v2\/product_tag?post=6003"}],"curies":[{"name":"trang web","href":"https:\/\/api.w.org\/{rel}","templated":true}]}}