{"id":5993,"date":"2025-12-19T01:50:19","date_gmt":"2025-12-19T01:50:19","guid":{"rendered":"https:\/\/mountlaser.com\/?post_type=product&#038;p=5993"},"modified":"2025-12-19T01:50:19","modified_gmt":"2025-12-19T01:50:19","slug":"bt150-s3-black-elevator-tripod","status":"publish","type":"product","link":"https:\/\/mountlaser.com\/vi\/san-pham\/bt150-s3-black-elevator-tripod\/","title":{"rendered":"Ch\u00e2n \u0111\u1ebf ba ch\u00e2n BT150-S3 m\u00e0u \u0111en"},"content":{"rendered":"<p data-start=\"180\" data-end=\"621\">C\u00e1i<a href=\"https:\/\/mountlaser.com\/vi\/\"> <strong data-start=\"184\" data-end=\"218\">Ch\u00e2n \u0111\u1ebf ba ch\u00e2n BT150-S3 m\u00e0u \u0111en<\/strong> <\/a>\u0110\u00e2y l\u00e0 gi\u1ea3i ph\u00e1p h\u1ed7 tr\u1ee3 \u0111\u00e1ng tin c\u1eady v\u00e0 chuy\u00ean nghi\u1ec7p \u0111\u01b0\u1ee3c thi\u1ebft k\u1ebf cho c\u00e1c \u1ee9ng d\u1ee5ng \u0111o \u0111\u1ea1c v\u00e0 san l\u1ea5p m\u1eb7t b\u1eb1ng b\u1eb1ng laser. \u0110\u01b0\u1ee3c s\u1ea3n xu\u1ea5t t\u1eeb nh\u00f4m oxit b\u1ec1n ch\u1eafc, ch\u00e2n m\u00e1y n\u00e0y mang l\u1ea1i \u0111\u1ed9 b\u1ec1n tuy\u1ec7t v\u1eddi trong khi v\u1eabn gi\u1eef \u0111\u01b0\u1ee3c tr\u1ecdng l\u01b0\u1ee3ng nh\u1eb9 \u0111\u1ec3 d\u1ec5 d\u00e0ng v\u1eadn chuy\u1ec3n. L\u00e0 m\u1ed9t s\u1ea3n ph\u1ea9m ch\u1ea5t l\u01b0\u1ee3ng cao<a href=\"https:\/\/mountlaser.com\/vi\/about-us\/\"> <strong data-start=\"471\" data-end=\"497\">Ch\u00e2n \u0111\u1ebf kh\u1ea3o s\u00e1t b\u1eb1ng nh\u00f4m<\/strong><\/a>, Ch\u00e2n \u0111\u1ebf n\u00e2ng BT150-S3 m\u00e0u \u0111en mang l\u1ea1i s\u1ef1 \u1ed5n \u0111\u1ecbnh v\u00e0 \u0111\u1ed9 ch\u00ednh x\u00e1c v\u01b0\u1ee3t tr\u1ed9i cho c\u1ea3 c\u00f4ng tr\u01b0\u1eddng trong nh\u00e0 v\u00e0 ngo\u00e0i tr\u1eddi.<\/p>\n<p data-start=\"623\" data-end=\"1155\">V\u1edbi thi\u1ebft k\u1ebf ch\u00e2n \u0111\u1ebf h\u00ecnh m\u00f3ng ng\u1ef1a ch\u1eafc ch\u1eafn, ch\u00e2n m\u00e1y n\u00e2ng BT150-S3 m\u00e0u \u0111en \u0111\u1ea3m b\u1ea3o ti\u1ebfp x\u00fac v\u1eefng ch\u1eafc v\u1edbi m\u1eb7t \u0111\u1ea5t v\u00e0 t\u0103ng c\u01b0\u1eddng \u0111\u1ed9 c\u00e2n b\u1eb1ng tr\u00ean c\u00e1c b\u1ec1 m\u1eb7t kh\u00f4ng b\u1eb1ng ph\u1eb3ng. \u0110i\u1ec1u n\u00e0y l\u00e0m cho n\u00f3 tr\u1edf th\u00e0nh m\u1ed9t ch\u00e2n m\u00e1y kh\u1ea3o s\u00e1t b\u1eb1ng nh\u00f4m l\u00fd t\u01b0\u1edfng cho c\u00e1c c\u00f4ng vi\u1ec7c b\u1ed1 tr\u00ed c\u00f4ng tr\u00ecnh, chuy\u1ec3n \u0111\u1ed9 cao v\u00e0 c\u0103n ch\u1ec9nh. V\u1edbi ph\u1ea1m vi chi\u1ec1u cao ch\u00e2n m\u00e1y c\u00f3 th\u1ec3 \u0111i\u1ec1u ch\u1ec9nh t\u1eeb 54\u2013162 cm v\u00e0 chi\u1ec1u cao l\u00e0m vi\u1ec7c t\u1eeb 50\u2013153 cm, ch\u00e2n m\u00e1y n\u00e2ng BT150-S3 m\u00e0u \u0111en d\u1ec5 d\u00e0ng th\u00edch \u1ee9ng v\u1edbi c\u00e1c y\u00eau c\u1ea7u c\u00f4ng vi\u1ec7c kh\u00e1c nhau, \u0111\u00e1p \u1ee9ng c\u00e1c ti\u00eau chu\u1ea9n hi\u1ec7u su\u1ea5t \u0111\u01b0\u1ee3c mong \u0111\u1ee3i t\u1eeb m\u1ed9t ch\u00e2n m\u00e1y kh\u1ea3o s\u00e1t b\u1eb1ng nh\u00f4m chuy\u00ean nghi\u1ec7p.<\/p>\n<p data-start=\"1157\" data-end=\"1649\">Ch\u00e2n \u0111\u1ebf n\u00e2ng BT150-S3 m\u00e0u \u0111en \u0111\u01b0\u1ee3c trang b\u1ecb \u0111\u1ea7u b\u1eb1ng nh\u00f4m s\u1eed d\u1ee5ng ren ti\u00eau chu\u1ea9n 5\/8\u2033-11, \u0111\u1ea3m b\u1ea3o t\u01b0\u01a1ng th\u00edch v\u1edbi h\u1ea7u h\u1ebft c\u00e1c m\u00e1y c\u00e2n b\u1eb1ng laser v\u00e0 d\u1ee5ng c\u1ee5 \u0111o \u0111\u1ea1c. \u0110\u1ec3 linh ho\u1ea1t h\u01a1n, phi\u00ean b\u1ea3n BT150R-S3 bao g\u1ed3m \u0111\u1ea7u nghi\u00eang c\u00f3 th\u1ec3 th\u00e1o r\u1eddi v\u1edbi t\u00f9y ch\u1ecdn ren 1\/4\u2033-20. T\u00ednh linh ho\u1ea1t n\u00e0y c\u00e0ng l\u00e0m t\u0103ng th\u00eam gi\u00e1 tr\u1ecb c\u1ee7a ch\u00e2n \u0111\u1ebf n\u00e2ng BT150-S3 m\u00e0u \u0111en, \u0111\u1ecbnh v\u1ecb n\u00f3 nh\u01b0 m\u1ed9t s\u1ea3n ph\u1ea9m \u0111\u00e1ng tin c\u1eady. <a href=\"https:\/\/mountlaser.com\/vi\/products\/\">Ch\u00e2n \u0111\u1ebf kh\u1ea3o s\u00e1t b\u1eb1ng nh\u00f4m<\/a> D\u00e0nh cho c\u00e1c nh\u00e0 kh\u1ea3o s\u00e1t, k\u1ef9 s\u01b0 v\u00e0 chuy\u00ean gia x\u00e2y d\u1ef1ng.<\/p>\n<p data-start=\"1157\" data-end=\"1649\"><img fetchpriority=\"high\" decoding=\"async\" class=\"aligncenter wp-image-5995\" src=\"https:\/\/mountlaser.com\/wp-content\/uploads\/2025\/12\/BT150P2.webp\" alt=\"BT150-S3 Black Elevator Tripod\" width=\"500\" height=\"500\" srcset=\"https:\/\/mountlaser.com\/wp-content\/uploads\/2025\/12\/BT150P2.webp 1000w, https:\/\/mountlaser.com\/wp-content\/uploads\/2025\/12\/BT150P2-300x300.webp 300w, https:\/\/mountlaser.com\/wp-content\/uploads\/2025\/12\/BT150P2-150x150.webp 150w, https:\/\/mountlaser.com\/wp-content\/uploads\/2025\/12\/BT150P2-768x768.webp 768w, https:\/\/mountlaser.com\/wp-content\/uploads\/2025\/12\/BT150P2-12x12.webp 12w, https:\/\/mountlaser.com\/wp-content\/uploads\/2025\/12\/BT150P2-600x600.webp 600w, https:\/\/mountlaser.com\/wp-content\/uploads\/2025\/12\/BT150P2-800x800.webp 800w, https:\/\/mountlaser.com\/wp-content\/uploads\/2025\/12\/BT150P2-400x400.webp 400w\" sizes=\"(max-width: 500px) 100vw, 500px\" \/><\/p>\n<p data-start=\"1157\" data-end=\"1649\">Th\u00f4ng s\u1ed1 k\u1ef9 thu\u1eadt ch\u00e2n m\u00e1y n\u00e2ng BT150-S3 m\u00e0u \u0111en<\/p>\n<div>\n<table style=\"border-collapse: collapse; width: 735.77pt;\" border=\"0\" width=\"981\" cellspacing=\"0\" cellpadding=\"0\">\n<tbody>\n<tr style=\"height: 14.25pt;\">\n<td class=\"et2\" style=\"height: 14.25pt; width: 127.50pt;\" width=\"170\" height=\"19\">CON S\u1ed0<\/td>\n<td class=\"et3\" style=\"width: 92.25pt;\" width=\"123\">M\u00c0U S\u1eaeC<\/td>\n<td class=\"et3\" style=\"width: 77.25pt;\" width=\"103\">V\u1eacT LI\u1ec6U<\/td>\n<td class=\"et3\" style=\"width: 96.75pt;\" width=\"129\">CHI\u1ec0U CAO CH\u00c2N M\u00c1Y<\/td>\n<td class=\"et4\" style=\"width: 141.00pt;\" width=\"188\">CHI\u1ec0U CAO L\u00c0M VI\u1ec6C<\/td>\n<td class=\"et3\" style=\"width: 201.00pt;\" width=\"268\">CH\u1ee6 \u0110\u1ec0<\/td>\n<\/tr>\n<tr style=\"height: 18.75pt;\">\n<td class=\"et5\" style=\"height: 18.75pt; width: 127.50pt;\" width=\"170\" height=\"25\">BT150-S3<\/td>\n<td class=\"et6\">\u0110en<\/td>\n<td class=\"et7\">Nh\u00f4m<\/td>\n<td class=\"et6\">54-162cm<\/td>\n<td class=\"et6\">50-153cm<\/td>\n<td class=\"et6\">\u0110\u1ea7u nh\u00f4m 5\/8\u2033-11<\/td>\n<\/tr>\n<tr style=\"height: 17.25pt;\">\n<td class=\"et8\" style=\"height: 17.25pt;\" height=\"23\">BT150R-S3<\/td>\n<td class=\"et6\">\u0110en<\/td>\n<td class=\"et7\">Nh\u00f4m<\/td>\n<td class=\"et6\">61-169cm<\/td>\n<td class=\"et6\">57-160cm<\/td>\n<td class=\"et6\">Nh\u00f4m 5\/8\u2033-11 + Kh\u1edbp n\u1ed1i nghi\u00eang c\u00f3 th\u1ec3 th\u00e1o r\u1eddi 1\/4\u2033-20<\/td>\n<\/tr>\n<\/tbody>\n<\/table>\n<\/div>","protected":false},"excerpt":{"rendered":"<ul>\n<li>Cung c\u1ea5p kh\u1ea3 n\u0103ng h\u1ed7 tr\u1ee3 \u1ed5n \u0111\u1ecbnh cho m\u00e1y c\u00e2n b\u1eb1ng laser v\u00e0 c\u00e1c thi\u1ebft b\u1ecb \u0111o \u0111\u1ea1c.<\/li>\n<li>C\u01a1 ch\u1ebf \u0111i\u1ec1u ch\u1ec9nh \u0111\u1ed9 cao ki\u1ec3u thang m\u00e1y gi\u00fap \u0111\u1ecbnh v\u1ecb ch\u00ednh x\u00e1c.<\/li>\n<li>M\u00f3ng ng\u1ef1a gi\u00fap t\u0103ng \u0111\u1ed9 \u1ed5n \u0111\u1ecbnh tr\u00ean m\u1eb7t \u0111\u1ea5t kh\u00f4ng b\u1eb1ng ph\u1eb3ng ho\u1eb7c m\u1ec1m.<\/li>\n<li>T\u01b0\u01a1ng th\u00edch v\u1edbi c\u00e1c lo\u1ea1i d\u1ee5ng c\u1ee5 ti\u00eau chu\u1ea9n 5\/8\u2033-11 v\u00e0 t\u00f9y ch\u1ecdn 1\/4\u2033-20.<\/li>\n<li>C\u1ea5u tr\u00fac b\u1eb1ng nh\u00f4m nh\u1eb9 gi\u00fap d\u1ec5 d\u00e0ng v\u1eadn chuy\u1ec3n v\u00e0 c\u00f3 \u0111\u1ed9 b\u1ec1n cao.<\/li>\n<\/ul>","protected":false},"featured_media":5997,"comment_status":"open","ping_status":"closed","template":"","meta":[],"product_brand":[],"product_cat":[122,94],"product_tag":[],"class_list":{"0":"post-5993","1":"product","2":"type-product","3":"status-publish","4":"has-post-thumbnail","6":"product_cat-laser-level-tripod","7":"product_cat-laser-level-accessory","9":"first","10":"instock","11":"shipping-taxable","12":"product-type-simple"},"_links":{"self":[{"href":"https:\/\/mountlaser.com\/vi\/wp-json\/wp\/v2\/product\/5993","targetHints":{"allow":["GET"]}}],"collection":[{"href":"https:\/\/mountlaser.com\/vi\/wp-json\/wp\/v2\/product"}],"about":[{"href":"https:\/\/mountlaser.com\/vi\/wp-json\/wp\/v2\/types\/product"}],"replies":[{"embeddable":true,"href":"https:\/\/mountlaser.com\/vi\/wp-json\/wp\/v2\/comments?post=5993"}],"wp:featuredmedia":[{"embeddable":true,"href":"https:\/\/mountlaser.com\/vi\/wp-json\/wp\/v2\/media\/5997"}],"wp:attachment":[{"href":"https:\/\/mountlaser.com\/vi\/wp-json\/wp\/v2\/media?parent=5993"}],"wp:term":[{"taxonomy":"product_brand","embeddable":true,"href":"https:\/\/mountlaser.com\/vi\/wp-json\/wp\/v2\/product_brand?post=5993"},{"taxonomy":"product_cat","embeddable":true,"href":"https:\/\/mountlaser.com\/vi\/wp-json\/wp\/v2\/product_cat?post=5993"},{"taxonomy":"product_tag","embeddable":true,"href":"https:\/\/mountlaser.com\/vi\/wp-json\/wp\/v2\/product_tag?post=5993"}],"curies":[{"name":"trang web","href":"https:\/\/api.w.org\/{rel}","templated":true}]}}