{"id":5978,"date":"2025-12-18T06:49:45","date_gmt":"2025-12-18T06:49:45","guid":{"rendered":"https:\/\/mountlaser.com\/?post_type=product&#038;p=5978"},"modified":"2025-12-18T06:49:45","modified_gmt":"2025-12-18T06:49:45","slug":"ys1-120h-laser-level-tripod","status":"publish","type":"product","link":"https:\/\/mountlaser.com\/vi\/san-pham\/ys1-120h-laser-level-tripod\/","title":{"rendered":"Ch\u00e2n \u0111\u1ebf m\u00e1y c\u00e2n b\u1eb1ng laser YS1-120H"},"content":{"rendered":"<p data-start=\"285\" data-end=\"798\">C\u00e1i <a href=\"https:\/\/mountlaser.com\/vi\/\"><strong data-start=\"289\" data-end=\"320\">Ch\u00e2n \u0111\u1ebf m\u00e1y c\u00e2n b\u1eb1ng laser YS1-120H<\/strong><\/a> \u0110\u00e2y l\u00e0 gi\u1ea3i ph\u00e1p h\u1ed7 tr\u1ee3 b\u1ec1n b\u1ec9 v\u00e0 chuy\u00ean nghi\u1ec7p \u0111\u01b0\u1ee3c thi\u1ebft k\u1ebf \u0111\u1ec3 \u0111\u1ecbnh v\u1ecb ch\u00ednh x\u00e1c m\u00e1y c\u00e2n b\u1eb1ng laser t\u1ea1i c\u00e1c c\u00f4ng tr\u01b0\u1eddng x\u00e2y d\u1ef1ng v\u00e0 kh\u1ea3o s\u00e1t. \u0110\u01b0\u1ee3c ch\u1ebf t\u1ea1o nh\u01b0 m\u1ed9t... <a href=\"https:\/\/mountlaser.com\/vi\/products\/\"><strong data-start=\"468\" data-end=\"500\">Ch\u00e2n \u0111\u1ebf thang m\u00e1y b\u1eb1ng th\u00e9p m\u00e0u v\u00e0ng<\/strong><\/a>, S\u1ea3n ph\u1ea9m k\u1ebft h\u1ee3p k\u1ebft c\u1ea5u th\u00e9p c\u01b0\u1eddng \u0111\u1ed9 cao v\u1edbi ch\u00e2n \u0111\u1ebf h\u00ecnh m\u00f3ng ng\u1ef1a \u1ed5n \u0111\u1ecbnh, \u0111\u1ea3m b\u1ea3o hi\u1ec7u su\u1ea5t \u0111\u00e1ng tin c\u1eady tr\u00ean \u0111\u1ecba h\u00ecnh kh\u00f4ng b\u1eb1ng ph\u1eb3ng. L\u00e0 m\u1ed9t ch\u00e2n \u0111\u1ebf n\u00e2ng \u0111a n\u0103ng b\u1eb1ng th\u00e9p v\u00e0ng, ch\u00e2n \u0111\u1ebf c\u00e2n b\u1eb1ng laser YS1-120H mang l\u1ea1i \u0111\u1ed9 \u1ed5n \u0111\u1ecbnh tuy\u1ec7t v\u1eddi v\u00e0 tu\u1ed5i th\u1ecd cao cho c\u00e1c \u1ee9ng d\u1ee5ng ngo\u00e0i tr\u1eddi \u0111\u00f2i h\u1ecfi kh\u1eaft khe.<\/p>\n<p data-start=\"800\" data-end=\"1338\">\u0110\u01b0\u1ee3c ch\u1ebf t\u1ea1o t\u1eeb th\u00e9p ch\u1ecbu l\u1ef1c cao v\u00e0 ho\u00e0n thi\u1ec7n b\u1eb1ng m\u00e0u v\u00e0ng n\u1ed5i b\u1eadt, ch\u00e2n \u0111\u1ebf m\u00e1y c\u00e2n b\u1eb1ng laser YS1-120H \u0111\u01b0\u1ee3c thi\u1ebft k\u1ebf \u0111\u1ec3 ch\u1ecbu \u0111\u01b0\u1ee3c c\u00e1c \u0111i\u1ec1u ki\u1ec7n kh\u1eafc nghi\u1ec7t t\u1ea1i c\u00f4ng tr\u01b0\u1eddng. Ch\u00e2n \u0111\u1ebf n\u00e2ng b\u1eb1ng th\u00e9p m\u00e0u v\u00e0ng n\u00e0y c\u00f3 \u0111\u1ea7u nghi\u00eang c\u00f3 th\u1ec3 th\u00e1o r\u1eddi v\u1edbi ren ti\u00eau chu\u1ea9n 1\/4\u2033-20, gi\u00fap n\u00f3 t\u01b0\u01a1ng th\u00edch v\u1edbi nhi\u1ec1u lo\u1ea1i m\u00e1y c\u00e2n b\u1eb1ng laser v\u00e0 d\u1ee5ng c\u1ee5 \u0111o l\u01b0\u1eddng kh\u00e1c nhau. Cho d\u00f9 s\u1eed d\u1ee5ng trong nh\u00e0 hay ngo\u00e0i tr\u1eddi, ch\u00e2n \u0111\u1ebf m\u00e1y c\u00e2n b\u1eb1ng laser YS1-120H \u0111\u1ec1u cung c\u1ea5p kh\u1ea3 n\u0103ng \u0111i\u1ec1u ch\u1ec9nh \u0111\u1ed9 cao m\u01b0\u1ee3t m\u00e0 v\u00e0 h\u1ed7 tr\u1ee3 \u0111\u00e1ng tin c\u1eady nh\u01b0 m\u1ed9t ch\u00e2n \u0111\u1ebf n\u00e2ng chuy\u00ean nghi\u1ec7p b\u1eb1ng th\u00e9p m\u00e0u v\u00e0ng.<\/p>\n<p data-start=\"1340\" data-end=\"1795\">C\u00f3 hai t\u00f9y ch\u1ecdn chi\u1ec1u cao 120 cm v\u00e0 150 cm, ch\u00e2n \u0111\u1ebf c\u00e2n b\u1eb1ng laser YS1-120H l\u00fd t\u01b0\u1edfng cho ng\u01b0\u1eddi d\u00f9ng c\u1ea7n s\u1ef1 linh ho\u1ea1t v\u00e0 \u0111\u1ed9 ch\u00ednh x\u00e1c. Thi\u1ebft k\u1ebf ch\u00e2n \u0111\u1ebf h\u00ecnh m\u00f3ng ng\u1ef1a gi\u00fap t\u0103ng c\u01b0\u1eddng \u0111\u1ed9 b\u00e1m v\u00e0 \u1ed5n \u0111\u1ecbnh tr\u00ean nhi\u1ec1u b\u1ec1 m\u1eb7t kh\u00e1c nhau, trong khi \u0111\u1ea7u nghi\u00eang c\u00f3 th\u1ec3 th\u00e1o r\u1eddi cho ph\u00e9p \u0111i\u1ec1u ch\u1ec9nh g\u00f3c ch\u00ednh x\u00e1c. \u0110\u01b0\u1ee3c thi\u1ebft k\u1ebf cho c\u00e1c c\u00f4ng vi\u1ec7c b\u1ed1 tr\u00ed, c\u0103n ch\u1ec9nh v\u00e0 c\u00e2n b\u1eb1ng trong x\u00e2y d\u1ef1ng, s\u1ea3n ph\u1ea9m n\u00e0y <a href=\"https:\/\/mountlaser.com\/vi\/contact-us\/\">Ch\u00e2n \u0111\u1ebf thang m\u00e1y b\u1eb1ng th\u00e9p m\u00e0u v\u00e0ng<\/a> \u0110\u1ea3m b\u1ea3o k\u1ebft qu\u1ea3 nh\u1ea5t qu\u00e1n trong c\u00e1c m\u00f4i tr\u01b0\u1eddng l\u00e0m vi\u1ec7c kh\u00e1c nhau.<\/p>\n<div>\n<table style=\"border-collapse: collapse; width: 1002.02pt;\" border=\"0\" width=\"1336\" cellspacing=\"0\" cellpadding=\"0\">\n<tbody>\n<tr style=\"height: 14.25pt;\">\n<td class=\"et2\" style=\"height: 14.25pt; width: 127.50pt;\" width=\"170\" height=\"19\">CON S\u1ed0<\/td>\n<td class=\"et3\" style=\"width: 196.50pt;\" width=\"262\">M\u00c0U S\u1eaeC<\/td>\n<td class=\"et3\" style=\"width: 213.00pt;\" width=\"284\">V\u1eacT LI\u1ec6U<\/td>\n<td class=\"et3\" style=\"width: 93.75pt;\" width=\"125\">CHI\u1ec0U CAO<\/td>\n<td class=\"et3\" style=\"width: 170.25pt;\" width=\"227\">CH\u1ee6 \u0110\u1ec0<\/td>\n<td class=\"et4\" style=\"width: 201.00pt;\" width=\"268\">H\u00ccNH \u1ea2NH<\/td>\n<\/tr>\n<tr style=\"height: 14.25pt;\">\n<td class=\"et5\" style=\"height: 14.25pt;\" height=\"19\">YS1-120H<\/td>\n<td class=\"et5\">M\u00e0u v\u00e0ng<\/td>\n<td class=\"et5\">Th\u00e9p<\/td>\n<td class=\"et5\">120cm<\/td>\n<td class=\"et5\">5\/8\u2033-11<\/td>\n<td class=\"et6\"><img fetchpriority=\"high\" decoding=\"async\" class=\"aligncenter wp-image-5981\" src=\"https:\/\/mountlaser.com\/wp-content\/uploads\/2025\/12\/YS1150H3.webp\" alt=\"YS1-120H Laser Level Tripod\" width=\"500\" height=\"500\" srcset=\"https:\/\/mountlaser.com\/wp-content\/uploads\/2025\/12\/YS1150H3.webp 1000w, https:\/\/mountlaser.com\/wp-content\/uploads\/2025\/12\/YS1150H3-300x300.webp 300w, https:\/\/mountlaser.com\/wp-content\/uploads\/2025\/12\/YS1150H3-150x150.webp 150w, https:\/\/mountlaser.com\/wp-content\/uploads\/2025\/12\/YS1150H3-768x768.webp 768w, https:\/\/mountlaser.com\/wp-content\/uploads\/2025\/12\/YS1150H3-12x12.webp 12w, https:\/\/mountlaser.com\/wp-content\/uploads\/2025\/12\/YS1150H3-600x600.webp 600w, https:\/\/mountlaser.com\/wp-content\/uploads\/2025\/12\/YS1150H3-800x800.webp 800w, https:\/\/mountlaser.com\/wp-content\/uploads\/2025\/12\/YS1150H3-400x400.webp 400w\" sizes=\"(max-width: 500px) 100vw, 500px\" \/><\/td>\n<\/tr>\n<tr style=\"height: 14.25pt;\">\n<td class=\"et5\" style=\"height: 14.25pt;\" height=\"19\">YS1-150H<\/td>\n<td class=\"et5\">M\u00e0u v\u00e0ng<\/td>\n<td class=\"et5\">Th\u00e9p<\/td>\n<td class=\"et5\">150cm<\/td>\n<td class=\"et5\">5\/8\u2033-11<\/td>\n<td class=\"et6\"><img decoding=\"async\" class=\"alignnone wp-image-5983\" src=\"https:\/\/mountlaser.com\/wp-content\/uploads\/2025\/12\/YS1150H5.webp\" alt=\"YS1-120H Laser Level Tripod\" width=\"500\" height=\"500\" srcset=\"https:\/\/mountlaser.com\/wp-content\/uploads\/2025\/12\/YS1150H5.webp 1000w, https:\/\/mountlaser.com\/wp-content\/uploads\/2025\/12\/YS1150H5-300x300.webp 300w, https:\/\/mountlaser.com\/wp-content\/uploads\/2025\/12\/YS1150H5-150x150.webp 150w, https:\/\/mountlaser.com\/wp-content\/uploads\/2025\/12\/YS1150H5-768x768.webp 768w, https:\/\/mountlaser.com\/wp-content\/uploads\/2025\/12\/YS1150H5-12x12.webp 12w, https:\/\/mountlaser.com\/wp-content\/uploads\/2025\/12\/YS1150H5-600x600.webp 600w, https:\/\/mountlaser.com\/wp-content\/uploads\/2025\/12\/YS1150H5-800x800.webp 800w, https:\/\/mountlaser.com\/wp-content\/uploads\/2025\/12\/YS1150H5-400x400.webp 400w\" sizes=\"(max-width: 500px) 100vw, 500px\" \/><\/td>\n<\/tr>\n<\/tbody>\n<\/table>\n<\/div>","protected":false},"excerpt":{"rendered":"<ul>\n<li>Cung c\u1ea5p s\u1ef1 h\u1ed7 tr\u1ee3 \u1ed5n \u0111\u1ecbnh v\u00e0 an to\u00e0n cho m\u00e1y c\u00e2n b\u1eb1ng laser trong c\u00e1c nhi\u1ec7m v\u1ee5 \u0111o l\u01b0\u1eddng v\u00e0 c\u0103n ch\u1ec9nh.<\/li>\n<li>Thi\u1ebft k\u1ebf thang n\u00e2ng c\u00f3 th\u1ec3 \u0111i\u1ec1u ch\u1ec9nh cho ph\u00e9p \u0111\u1ecbnh v\u1ecb \u0111\u1ed9 cao ch\u00ednh x\u00e1c \u0111\u1ec3 chi\u1ebfu laser ch\u00ednh x\u00e1c.<\/li>\n<li>\u0110\u1ea7u c\u00f3 th\u1ec3 th\u00e1o r\u1eddi v\u00e0 nghi\u00eang gi\u00fap \u0111i\u1ec1u ch\u1ec9nh g\u00f3c linh ho\u1ea1t, t\u0103ng c\u01b0\u1eddng t\u00ednh ti\u1ec7n d\u1ee5ng.<\/li>\n<li>Ch\u00e2n \u0111\u1ebf h\u00ecnh m\u00f3ng ng\u1ef1a gi\u00fap t\u0103ng \u0111\u1ed9 \u1ed5n \u0111\u1ecbnh tr\u00ean b\u1ec1 m\u1eb7t kh\u00f4ng b\u1eb1ng ph\u1eb3ng ho\u1eb7c m\u1ec1m.<\/li>\n<li>L\u1edbp s\u01a1n m\u00e0u v\u00e0ng n\u1ed5i b\u1eadt gi\u00fap t\u0103ng c\u01b0\u1eddng an to\u00e0n t\u1ea1i c\u00f4ng tr\u01b0\u1eddng v\u00e0 kh\u1ea3 n\u0103ng nh\u1eadn di\u1ec7n d\u1ee5ng c\u1ee5.<\/li>\n<\/ul>","protected":false},"featured_media":5980,"comment_status":"open","ping_status":"closed","template":"","meta":[],"product_brand":[],"product_cat":[122,94],"product_tag":[],"class_list":{"0":"post-5978","1":"product","2":"type-product","3":"status-publish","4":"has-post-thumbnail","6":"product_cat-laser-level-tripod","7":"product_cat-laser-level-accessory","9":"first","10":"instock","11":"shipping-taxable","12":"product-type-simple"},"_links":{"self":[{"href":"https:\/\/mountlaser.com\/vi\/wp-json\/wp\/v2\/product\/5978","targetHints":{"allow":["GET"]}}],"collection":[{"href":"https:\/\/mountlaser.com\/vi\/wp-json\/wp\/v2\/product"}],"about":[{"href":"https:\/\/mountlaser.com\/vi\/wp-json\/wp\/v2\/types\/product"}],"replies":[{"embeddable":true,"href":"https:\/\/mountlaser.com\/vi\/wp-json\/wp\/v2\/comments?post=5978"}],"wp:featuredmedia":[{"embeddable":true,"href":"https:\/\/mountlaser.com\/vi\/wp-json\/wp\/v2\/media\/5980"}],"wp:attachment":[{"href":"https:\/\/mountlaser.com\/vi\/wp-json\/wp\/v2\/media?parent=5978"}],"wp:term":[{"taxonomy":"product_brand","embeddable":true,"href":"https:\/\/mountlaser.com\/vi\/wp-json\/wp\/v2\/product_brand?post=5978"},{"taxonomy":"product_cat","embeddable":true,"href":"https:\/\/mountlaser.com\/vi\/wp-json\/wp\/v2\/product_cat?post=5978"},{"taxonomy":"product_tag","embeddable":true,"href":"https:\/\/mountlaser.com\/vi\/wp-json\/wp\/v2\/product_tag?post=5978"}],"curies":[{"name":"trang web","href":"https:\/\/api.w.org\/{rel}","templated":true}]}}