{"id":5956,"date":"2025-12-16T05:31:56","date_gmt":"2025-12-16T05:31:56","guid":{"rendered":"https:\/\/mountlaser.com\/?post_type=product&#038;p=5956"},"modified":"2025-12-16T05:31:57","modified_gmt":"2025-12-16T05:31:57","slug":"sc85002-soft-case","status":"publish","type":"product","link":"https:\/\/mountlaser.com\/vi\/san-pham\/sc85002-soft-case\/","title":{"rendered":"T\u00fai m\u1ec1m SC85002"},"content":{"rendered":"<p>C\u00e1i <a href=\"https:\/\/mountlaser.com\/vi\/\"><strong data-start=\"87\" data-end=\"108\">SC85002 T\u00fai m\u1ec1m<\/strong><\/a> SC85002 l\u00e0 m\u1ed9t h\u1ed9p \u0111\u1ef1ng m\u00e1y to\u00e0n \u0111\u1ea1c \u0111i\u1ec7n t\u1eed ch\u1eafc ch\u1eafn v\u00e0 chuy\u00ean nghi\u1ec7p, \u0111\u01b0\u1ee3c thi\u1ebft k\u1ebf \u0111\u1ec3 b\u1ea3o v\u1ec7 c\u00e1c d\u1ee5ng c\u1ee5 kh\u1ea3o s\u00e1t trong \u0111i\u1ec1u ki\u1ec7n l\u00e0m vi\u1ec7c kh\u1eafc nghi\u1ec7t ngo\u00e0i hi\u1ec7n tr\u01b0\u1eddng. \u0110\u01b0\u1ee3c ch\u1ebf t\u1ea1o \u0111\u1ec3 \u0111\u1ea3m b\u1ea3o \u0111\u1ed9 tin c\u1eady, h\u1ed9p \u0111\u1ef1ng m\u1ec1m SC85002 cung c\u1ea5p kh\u1ea3 n\u0103ng l\u01b0u tr\u1eef an to\u00e0n cho h\u1ea7u h\u1ebft c\u00e1c m\u00e1y to\u00e0n \u0111\u1ea1c \u0111i\u1ec7n t\u1eed trong khi v\u1eabn duy tr\u00ec t\u00ednh di \u0111\u1ed9ng v\u00e0 d\u1ec5 s\u1eed d\u1ee5ng. \u0110\u01b0\u1ee3c l\u00e0m t\u1eeb nylon ch\u1ed1ng th\u1ea5m n\u01b0\u1edbc v\u1edbi \u0111\u00e1y \u0111\u01b0\u1ee3c gia c\u1ed1 v\u00e0 ch\u1ed1ng m\u00e0i m\u00f2n, h\u1ed9p \u0111\u1ef1ng m\u00e1y to\u00e0n \u0111\u1ea1c \u0111i\u1ec7n t\u1eed n\u00e0y \u0111\u1ea3m b\u1ea3o hi\u1ec7u su\u1ea5t \u0111\u00e1ng tin c\u1eady t\u1ea1i c\u00e1c c\u00f4ng tr\u01b0\u1eddng x\u00e2y d\u1ef1ng v\u00e0 c\u00e1c d\u1ef1 \u00e1n kh\u1ea3o s\u00e1t. V\u1edbi l\u1edbp \u0111\u1ec7m x\u1ed1p d\u00e0y 2 inch \u1edf t\u1ea5t c\u1ea3 c\u00e1c m\u1eb7t, h\u1ed9p \u0111\u1ef1ng m\u1ec1m SC85002 h\u1ea5p th\u1ee5 c\u00e1c c\u00fa s\u1ed1c v\u00e0 rung \u0111\u1ed9ng trong qu\u00e1 tr\u00ecnh v\u1eadn chuy\u1ec3n, b\u1ea3o v\u1ec7 c\u00e1c thi\u1ebft b\u1ecb nh\u1ea1y c\u1ea3m. D\u00e2y \u0111eo ba l\u00f4 ch\u1eafc ch\u1eafn cho ph\u00e9p mang v\u00e1c tho\u1ea3i m\u00e1i, l\u00e0m cho h\u1ed9p \u0111\u1ef1ng m\u00e1y to\u00e0n \u0111\u1ea1c \u0111i\u1ec7n t\u1eed n\u00e0y l\u00fd t\u01b0\u1edfng cho c\u00e1c ho\u1ea1t \u0111\u1ed9ng ngo\u00e0i hi\u1ec7n tr\u01b0\u1eddng d\u00e0i ng\u00e0y. M\u1ed9t ng\u0103n \u0111\u1ef1ng ph\u1ee5 ki\u1ec7n t\u00edch h\u1ee3p trong n\u1eafp h\u1ed9p c\u00e0ng l\u00e0m t\u0103ng th\u00eam t\u00ednh th\u1ef1c ti\u1ec5n c\u1ee7a SC85002, gi\u00fap gi\u1eef cho c\u00e1c d\u1ee5ng c\u1ee5 c\u1ea7n thi\u1ebft \u0111\u01b0\u1ee3c s\u1eafp x\u1ebfp g\u1ecdn g\u00e0ng v\u00e0 d\u1ec5 d\u00e0ng ti\u1ebfp c\u1eadn b\u00ean trong h\u1ed9p \u0111\u1ef1ng \u0111\u00e1ng tin c\u1eady n\u00e0y. <a href=\"https:\/\/mountlaser.com\/vi\/danh-muc-san-pham\/surveying-accessory\/\"><strong data-start=\"1000\" data-end=\"1022\">Tr\u01b0\u1eddng h\u1ee3p m\u00e1y to\u00e0n \u0111\u1ea1c<\/strong><\/a>.<\/p>\n<p><img fetchpriority=\"high\" decoding=\"async\" class=\"aligncenter wp-image-5957\" src=\"https:\/\/mountlaser.com\/wp-content\/uploads\/2025\/12\/SC85002.webp\" alt=\"SC85002 Soft Case\" width=\"500\" height=\"500\" srcset=\"https:\/\/mountlaser.com\/wp-content\/uploads\/2025\/12\/SC85002.webp 800w, https:\/\/mountlaser.com\/wp-content\/uploads\/2025\/12\/SC85002-300x300.webp 300w, https:\/\/mountlaser.com\/wp-content\/uploads\/2025\/12\/SC85002-150x150.webp 150w, https:\/\/mountlaser.com\/wp-content\/uploads\/2025\/12\/SC85002-768x768.webp 768w, https:\/\/mountlaser.com\/wp-content\/uploads\/2025\/12\/SC85002-12x12.webp 12w, https:\/\/mountlaser.com\/wp-content\/uploads\/2025\/12\/SC85002-600x600.webp 600w, https:\/\/mountlaser.com\/wp-content\/uploads\/2025\/12\/SC85002-400x400.webp 400w\" sizes=\"(max-width: 500px) 100vw, 500px\" \/><\/p>\n<p>C\u00e1i <a href=\"https:\/\/mountlaser.com\/vi\/about-us\/\"><strong data-start=\"1533\" data-end=\"1554\">SC85002 T\u00fai m\u1ec1m<\/strong><\/a> \u0110\u00e2y l\u00e0 m\u1ed9t h\u1ed9p \u0111\u1ef1ng m\u00e1y to\u00e0n \u0111\u1ea1c \u0111i\u1ec7n t\u1eed \u0111\u00e1ng tin c\u1eady, k\u1ebft h\u1ee3p gi\u1eefa kh\u1ea3 n\u0103ng b\u1ea3o v\u1ec7, s\u1ef1 tho\u1ea3i m\u00e1i v\u00e0 \u0111\u1ed9 b\u1ec1n, tr\u1edf th\u00e0nh gi\u1ea3i ph\u00e1p v\u1eadn chuy\u1ec3n thi\u1ebft y\u1ebfu cho c\u00e1c nh\u00e0 kh\u1ea3o s\u00e1t chuy\u00ean nghi\u1ec7p.<\/p>","protected":false},"excerpt":{"rendered":"<ul>\n<li>\u0110\u00f3ng vai tr\u00f2 nh\u01b0 m\u1ed9t h\u1ed9p \u0111\u1ef1ng m\u00e1y to\u00e0n \u0111\u1ea1c \u0111i\u1ec7n t\u1eed b\u1ec1n ch\u1eafc, th\u00edch h\u1ee3p cho m\u00f4i tr\u01b0\u1eddng l\u00e0m vi\u1ec7c kh\u1eafc nghi\u1ec7t ngo\u00e0i tr\u1eddi.<\/li>\n<li>L\u1edbp v\u1ecf ngo\u00e0i b\u1eb1ng nylon ch\u1ed1ng th\u1ea5m n\u01b0\u1edbc b\u1ea3o v\u1ec7 kh\u1ecfi h\u01a1i \u1ea9m v\u00e0 b\u1ee5i b\u1ea9n.<\/li>\n<li>L\u1edbp \u0111\u1ec7m m\u00fat d\u00e0y 2 inch \u1edf t\u1ea5t c\u1ea3 c\u00e1c m\u1eb7t gi\u00fap ch\u1ed1ng s\u1ed1c v\u01b0\u1ee3t tr\u1ed9i.<\/li>\n<li>D\u00e2y \u0111eo ba l\u00f4 ch\u1eafc ch\u1eafn, b\u1ec1n b\u1ec9 gi\u00fap mang v\u00e1c tho\u1ea3i m\u00e1i.<\/li>\n<li>Th\u00edch h\u1ee3p cho h\u1ea7u h\u1ebft c\u00e1c m\u00e1y to\u00e0n \u0111\u1ea1c \u0111i\u1ec7n t\u1eed<\/li>\n<li>K\u00edch th\u01b0\u1edbc b\u00ean ngo\u00e0i: 30 \u00d7 28 \u00d7 50 cm<\/li>\n<\/ul>","protected":false},"featured_media":5957,"comment_status":"open","ping_status":"closed","template":"","meta":[],"product_brand":[],"product_cat":[164,79],"product_tag":[],"class_list":{"0":"post-5956","1":"product","2":"type-product","3":"status-publish","4":"has-post-thumbnail","6":"product_cat-soft-case","7":"product_cat-surveying-accessory","9":"first","10":"instock","11":"shipping-taxable","12":"product-type-simple"},"_links":{"self":[{"href":"https:\/\/mountlaser.com\/vi\/wp-json\/wp\/v2\/product\/5956","targetHints":{"allow":["GET"]}}],"collection":[{"href":"https:\/\/mountlaser.com\/vi\/wp-json\/wp\/v2\/product"}],"about":[{"href":"https:\/\/mountlaser.com\/vi\/wp-json\/wp\/v2\/types\/product"}],"replies":[{"embeddable":true,"href":"https:\/\/mountlaser.com\/vi\/wp-json\/wp\/v2\/comments?post=5956"}],"wp:featuredmedia":[{"embeddable":true,"href":"https:\/\/mountlaser.com\/vi\/wp-json\/wp\/v2\/media\/5957"}],"wp:attachment":[{"href":"https:\/\/mountlaser.com\/vi\/wp-json\/wp\/v2\/media?parent=5956"}],"wp:term":[{"taxonomy":"product_brand","embeddable":true,"href":"https:\/\/mountlaser.com\/vi\/wp-json\/wp\/v2\/product_brand?post=5956"},{"taxonomy":"product_cat","embeddable":true,"href":"https:\/\/mountlaser.com\/vi\/wp-json\/wp\/v2\/product_cat?post=5956"},{"taxonomy":"product_tag","embeddable":true,"href":"https:\/\/mountlaser.com\/vi\/wp-json\/wp\/v2\/product_tag?post=5956"}],"curies":[{"name":"trang web","href":"https:\/\/api.w.org\/{rel}","templated":true}]}}