{"id":5952,"date":"2025-12-16T03:15:21","date_gmt":"2025-12-16T03:15:21","guid":{"rendered":"https:\/\/mountlaser.com\/?post_type=product&#038;p=5952"},"modified":"2025-12-16T03:15:22","modified_gmt":"2025-12-16T03:15:22","slug":"sc82001-82002-soft-case","status":"publish","type":"product","link":"https:\/\/mountlaser.com\/vi\/san-pham\/sc82001-82002-soft-case\/","title":{"rendered":"T\u00fai m\u1ec1m SC82001"},"content":{"rendered":"<p>C\u00e1i <a href=\"https:\/\/mountlaser.com\/vi\/\"><strong>T\u00fai m\u1ec1m SC82001\/82002<\/strong><\/a> SC82001\/82002 l\u00e0 m\u1ed9t h\u1ed9p \u0111\u1ef1ng b\u00ecnh x\u1ecbt chuy\u00ean nghi\u1ec7p v\u1edbi c\u00e1c ng\u0103n v\u00e0 k\u1eb9p \u0111\u01b0\u1ee3c thi\u1ebft k\u1ebf \u0111\u1eb7c bi\u1ec7t d\u00e0nh cho c\u00e1c k\u1ef9 s\u01b0 kh\u1ea3o s\u00e1t v\u00e0 x\u00e2y d\u1ef1ng c\u1ea7n truy c\u1eadp nhanh ch\u00f3ng v\u00e0 c\u00f3 t\u1ed5 ch\u1ee9c v\u00e0o c\u00e1c d\u1ee5ng c\u1ee5 \u0111\u00e1nh d\u1ea5u t\u1ea1i hi\u1ec7n tr\u01b0\u1eddng. \u0110\u01b0\u1ee3c l\u00e0m t\u1eeb nylon Cordura 1000D si\u00eau b\u1ec1n, h\u1ed9p \u0111\u1ef1ng m\u1ec1m SC82001\/82002 c\u00f3 kh\u1ea3 n\u0103ng ch\u1ed1ng r\u00e1ch v\u00e0 m\u00e0i m\u00f2n tuy\u1ec7t v\u1eddi cho vi\u1ec7c s\u1eed d\u1ee5ng ngo\u00e0i tr\u1eddi l\u00e2u d\u00e0i. L\u00e0 m\u1ed9t s\u1ea3n ph\u1ea9m \u0111a n\u0103ng, SC82001\/82002 r\u1ea5t ti\u1ec7n d\u1ee5ng. <a href=\"https:\/\/mountlaser.com\/vi\/danh-muc-san-pham\/surveying-accessory\/\"><strong>Gi\u00e1 \u0111\u1ee1 b\u00ecnh x\u1ecbt c\u00f3 ng\u0103n v\u00e0 k\u1eb9p<\/strong><\/a>, T\u00fai \u0111\u1ef1ng n\u00e0y c\u00f3 th\u1ec3 ch\u1ee9a ch\u1eafc ch\u1eafn m\u1ed9t lon s\u01a1n ti\u00eau chu\u1ea9n ho\u1eb7c hai lon n\u01b0\u1edbc ng\u1ecdt 12 oz, c\u00f9ng v\u1edbi c\u00e1c ph\u1ee5 ki\u1ec7n c\u1ea7n thi\u1ebft nh\u01b0 b\u00fat bi, b\u00fat ch\u00ec v\u00e0 th\u01b0\u1edbc g\u1ea5p. T\u00fai \u0111\u1ef1ng m\u1ec1m SC82001\/82002 c\u00f3 d\u00e2y \u0111ai an to\u00e0n b\u1eb1ng Velcro v\u00e0 ng\u0103n \u0111\u1ef1ng lon \u0111\u01b0\u1ee3c gia c\u1ed1 \u0111\u1ec3 d\u1ec5 d\u00e0ng l\u1ea5y ra v\u00e0 c\u1ea5t v\u00e0o nhanh ch\u00f3ng, trong khi thi\u1ebft k\u1ebf t\u00fai \u0111\u1ef1ng b\u00ecnh s\u01a1n c\u00f3 ng\u0103n v\u00e0 k\u1eb9p \u0111\u1ea3m b\u1ea3o m\u1ecdi th\u1ee9 \u0111\u01b0\u1ee3c gi\u1eef c\u1ed1 \u0111\u1ecbnh ch\u1eafc ch\u1eafn trong qu\u00e1 tr\u00ecnh di chuy\u1ec3n. \u0110\u1ec3 t\u0103ng th\u00eam kh\u00f4ng gian l\u01b0u tr\u1eef, phi\u00ean b\u1ea3n SC82002 c\u1ee7a t\u00fai \u0111\u1ef1ng m\u1ec1m SC82001\/82002 bao g\u1ed3m m\u1ed9t ng\u0103n c\u00f3 kh\u00f3a k\u00e9o n\u1eb1m ngang \u1edf ph\u00eda d\u01b0\u1edbi, t\u0103ng c\u01b0\u1eddng ch\u1ee9c n\u0103ng c\u1ee7a t\u00fai \u0111\u1ef1ng b\u00ecnh s\u01a1n c\u00f3 ng\u0103n v\u00e0 k\u1eb9p n\u00e0y cho c\u00e1c c\u00f4ng tr\u01b0\u1eddng \u0111\u00f2i h\u1ecfi kh\u1eaft khe.<\/p>\n<p><img fetchpriority=\"high\" decoding=\"async\" class=\"aligncenter wp-image-5953\" src=\"https:\/\/mountlaser.com\/wp-content\/uploads\/2025\/12\/SC82001.webp\" alt=\"SC82001\/82002 Soft case\" width=\"500\" height=\"500\" srcset=\"https:\/\/mountlaser.com\/wp-content\/uploads\/2025\/12\/SC82001.webp 1000w, https:\/\/mountlaser.com\/wp-content\/uploads\/2025\/12\/SC82001-300x300.webp 300w, https:\/\/mountlaser.com\/wp-content\/uploads\/2025\/12\/SC82001-150x150.webp 150w, https:\/\/mountlaser.com\/wp-content\/uploads\/2025\/12\/SC82001-768x768.webp 768w, https:\/\/mountlaser.com\/wp-content\/uploads\/2025\/12\/SC82001-12x12.webp 12w, https:\/\/mountlaser.com\/wp-content\/uploads\/2025\/12\/SC82001-600x600.webp 600w, https:\/\/mountlaser.com\/wp-content\/uploads\/2025\/12\/SC82001-800x800.webp 800w, https:\/\/mountlaser.com\/wp-content\/uploads\/2025\/12\/SC82001-400x400.webp 400w\" sizes=\"(max-width: 500px) 100vw, 500px\" \/><\/p>\n<p>C\u00e1i <a href=\"https:\/\/mountlaser.com\/vi\/contact-us\/\">T\u00fai m\u1ec1m SC82001\/82002<\/a> \u0110\u00e2y l\u00e0 m\u1ed9t gi\u00e1 \u0111\u1ee1 b\u00ecnh x\u1ecbt ch\u1eafc ch\u1eafn v\u00e0 thi\u1ebft th\u1ef1c v\u1edbi c\u00e1c ng\u0103n v\u00e0 k\u1eb9p, mang l\u1ea1i \u0111\u1ed9 b\u1ec1n, kh\u1ea3 n\u0103ng s\u1eafp x\u1ebfp v\u00e0 s\u1ef1 ti\u1ec7n l\u1ee3i cho c\u00e1c c\u00f4ng vi\u1ec7c kh\u1ea3o s\u00e1t v\u00e0 \u0111\u00e1nh d\u1ea5u c\u00f4ng tr\u00ecnh chuy\u00ean nghi\u1ec7p.<\/p>","protected":false},"excerpt":{"rendered":"<ul>\n<li>C\u00f3 ch\u1ee9c n\u0103ng nh\u01b0 m\u1ed9t gi\u00e1 \u0111\u1ee1 b\u00ecnh x\u1ecbt b\u1ec1n ch\u1eafc v\u1edbi c\u00e1c ng\u0103n v\u00e0 k\u1eb9p \u0111\u1ec3 \u0111\u00e1nh d\u1ea5u v\u1ecb tr\u00ed ngo\u00e0i hi\u1ec7n tr\u01b0\u1eddng.<\/li>\n<li>Nhi\u1ec1u ng\u0103n \u0111\u1ec3 \u0111\u1ef1ng b\u00fat bi, b\u00fat ch\u00ec v\u00e0 th\u01b0\u1edbc k\u1ebb g\u1ea5p.<\/li>\n<li>D\u00e2y \u0111ai an to\u00e0n Velcro gi\u00fap gi\u1eef d\u1ee5ng c\u1ee5 \u1ed5n \u0111\u1ecbnh trong qu\u00e1 tr\u00ecnh di chuy\u1ec3n.<\/li>\n<li>V\u00f2ng \u0111ai r\u1ed9ng 2 inch v\u1edbi d\u00e2y nylon gia c\u01b0\u1eddng.<\/li>\n<li>K\u1eb9p nh\u1ef1a ch\u1eafc ch\u1eafn \u0111\u1ec3 g\u1eafn v\u00e0o th\u1eaft l\u01b0ng.<\/li>\n<li>SC82002 c\u00f3 th\u00eam m\u1ed9t ng\u0103n k\u00e9o kh\u00f3a \u1edf ph\u00eda d\u01b0\u1edbi \u0111\u1ec3 \u0111\u1ef1ng \u0111\u1ed3.<\/li>\n<\/ul>","protected":false},"featured_media":5953,"comment_status":"open","ping_status":"closed","template":"","meta":[],"product_brand":[],"product_cat":[164,79],"product_tag":[],"class_list":{"0":"post-5952","1":"product","2":"type-product","3":"status-publish","4":"has-post-thumbnail","6":"product_cat-soft-case","7":"product_cat-surveying-accessory","9":"first","10":"instock","11":"shipping-taxable","12":"product-type-simple"},"_links":{"self":[{"href":"https:\/\/mountlaser.com\/vi\/wp-json\/wp\/v2\/product\/5952","targetHints":{"allow":["GET"]}}],"collection":[{"href":"https:\/\/mountlaser.com\/vi\/wp-json\/wp\/v2\/product"}],"about":[{"href":"https:\/\/mountlaser.com\/vi\/wp-json\/wp\/v2\/types\/product"}],"replies":[{"embeddable":true,"href":"https:\/\/mountlaser.com\/vi\/wp-json\/wp\/v2\/comments?post=5952"}],"wp:featuredmedia":[{"embeddable":true,"href":"https:\/\/mountlaser.com\/vi\/wp-json\/wp\/v2\/media\/5953"}],"wp:attachment":[{"href":"https:\/\/mountlaser.com\/vi\/wp-json\/wp\/v2\/media?parent=5952"}],"wp:term":[{"taxonomy":"product_brand","embeddable":true,"href":"https:\/\/mountlaser.com\/vi\/wp-json\/wp\/v2\/product_brand?post=5952"},{"taxonomy":"product_cat","embeddable":true,"href":"https:\/\/mountlaser.com\/vi\/wp-json\/wp\/v2\/product_cat?post=5952"},{"taxonomy":"product_tag","embeddable":true,"href":"https:\/\/mountlaser.com\/vi\/wp-json\/wp\/v2\/product_tag?post=5952"}],"curies":[{"name":"trang web","href":"https:\/\/api.w.org\/{rel}","templated":true}]}}