{"id":5944,"date":"2025-12-16T01:55:33","date_gmt":"2025-12-16T01:55:33","guid":{"rendered":"https:\/\/mountlaser.com\/?post_type=product&#038;p=5944"},"modified":"2025-12-16T01:55:33","modified_gmt":"2025-12-16T01:55:33","slug":"bl30-bubble-level","status":"publish","type":"product","link":"https:\/\/mountlaser.com\/vi\/san-pham\/bl30-bubble-level\/","title":{"rendered":"Th\u01b0\u1edbc th\u1ee7y BL30"},"content":{"rendered":"<p>C\u00e1i <a href=\"https:\/\/mountlaser.com\/vi\/\"><strong>Th\u01b0\u1edbc th\u1ee7y BL30<\/strong><\/a> Th\u01b0\u1edbc th\u1ee7y BL30 l\u00e0 d\u1ee5ng c\u1ee5 \u0111o \u0111\u1ea1c ch\u00ednh x\u00e1c \u0111\u01b0\u1ee3c thi\u1ebft k\u1ebf \u0111\u1eb7c bi\u1ec7t cho m\u00e1y th\u1ee7y b\u00ecnh k\u1ef9 thu\u1eadt s\u1ed1 ki\u1ec3u Th\u1ee5y S\u0129. L\u00e0 th\u01b0\u1edbc th\u1ee7y \u0111\u1ed9 ch\u00ednh x\u00e1c cao d\u00e0nh cho DNA03, n\u00f3 \u0111\u1ea3m b\u1ea3o vi\u1ec7c c\u00e2n b\u1eb1ng nhanh ch\u00f3ng v\u00e0 \u0111\u00e1ng tin c\u1eady trong qu\u00e1 tr\u00ecnh thi\u1ebft l\u1eadp, gi\u00fap c\u00e1c nh\u00e0 kh\u1ea3o s\u00e1t \u0111\u1ea1t \u0111\u01b0\u1ee3c c\u00e1c ph\u00e9p \u0111o ch\u00ednh x\u00e1c m\u1ed9t c\u00e1ch t\u1ef1 tin. Th\u01b0\u1edbc th\u1ee7y BL30 \u0111\u01b0\u1ee3c thi\u1ebft k\u1ebf \u0111\u1ec3 ph\u00f9 h\u1ee3p v\u1edbi c\u00e1c th\u00f4ng s\u1ed1 k\u1ef9 thu\u1eadt g\u1ed1c c\u1ee7a DNA03, l\u00e0m cho n\u00f3 tr\u1edf th\u00e0nh m\u1ed9t ph\u1ee5 ki\u1ec7n ho\u1eb7c thi\u1ebft b\u1ecb thay th\u1ebf l\u00fd t\u01b0\u1edfng cho c\u00e1c chuy\u00ean gia l\u00e0m vi\u1ec7c ngo\u00e0i hi\u1ec7n tr\u01b0\u1eddng. \u0110\u01b0\u1ee3c thi\u1ebft k\u1ebf nh\u01b0 m\u1ed9t d\u1ee5ng c\u1ee5 \u0111\u00e1ng tin c\u1eady... <a href=\"https:\/\/mountlaser.com\/vi\/danh-muc-san-pham\/surveying-accessory\/\"><strong>Th\u01b0\u1edbc th\u1ee7y cho DNA03<\/strong><\/a>, Th\u01b0\u1edbc th\u1ee7y BL30 mang l\u1ea1i t\u1ea7m nh\u00ecn r\u00f5 r\u00e0ng v\u00e0 hi\u1ec7u su\u1ea5t \u1ed5n \u0111\u1ecbnh trong m\u00f4i tr\u01b0\u1eddng kh\u1ea3o s\u00e1t kh\u1eafc nghi\u1ec7t. Cho d\u00f9 \u0111\u01b0\u1ee3c s\u1eed d\u1ee5ng \u0111\u1ec3 ki\u1ec3m tra \u0111\u1ecbnh k\u1ef3 hay th\u1ef1c hi\u1ec7n c\u00e1c nhi\u1ec7m v\u1ee5 san l\u1ea5p chuy\u00ean nghi\u1ec7p, th\u01b0\u1edbc th\u1ee7y d\u00e0nh cho DNA03 n\u00e0y lu\u00f4n mang l\u1ea1i \u0111\u1ed9 ch\u00ednh x\u00e1c nh\u1ea5t qu\u00e1n v\u00e0 \u0111\u1ed9 tin c\u1eady l\u00e2u d\u00e0i.<\/p>\n<p><img fetchpriority=\"high\" decoding=\"async\" class=\"aligncenter wp-image-5945\" src=\"https:\/\/mountlaser.com\/wp-content\/uploads\/2025\/12\/BL301.webp\" alt=\"BL30 Bubble Level\" width=\"500\" height=\"500\" srcset=\"https:\/\/mountlaser.com\/wp-content\/uploads\/2025\/12\/BL301.webp 1000w, https:\/\/mountlaser.com\/wp-content\/uploads\/2025\/12\/BL301-300x300.webp 300w, https:\/\/mountlaser.com\/wp-content\/uploads\/2025\/12\/BL301-150x150.webp 150w, https:\/\/mountlaser.com\/wp-content\/uploads\/2025\/12\/BL301-768x768.webp 768w, https:\/\/mountlaser.com\/wp-content\/uploads\/2025\/12\/BL301-12x12.webp 12w, https:\/\/mountlaser.com\/wp-content\/uploads\/2025\/12\/BL301-600x600.webp 600w, https:\/\/mountlaser.com\/wp-content\/uploads\/2025\/12\/BL301-800x800.webp 800w, https:\/\/mountlaser.com\/wp-content\/uploads\/2025\/12\/BL301-400x400.webp 400w\" sizes=\"(max-width: 500px) 100vw, 500px\" \/><\/p>\n<p>Th\u01b0\u1edbc th\u1ee7y BL30 l\u00e0 m\u1ed9t d\u1ee5ng c\u1ee5 \u0111\u00e1ng tin c\u1eady v\u00e0 ch\u00ednh x\u00e1c. <a href=\"https:\/\/mountlaser.com\/vi\/contact-us\/\">Th\u01b0\u1edbc th\u1ee7y cho DNA03<\/a>, Cung c\u1ea5p kh\u1ea3 n\u0103ng quan s\u00e1t tuy\u1ec7t v\u1eddi, \u0111\u1ed9 cao ch\u00ednh x\u00e1c v\u00e0 hi\u1ec7u su\u1ea5t \u0111\u00e1ng tin c\u1eady cho c\u00e1c \u1ee9ng d\u1ee5ng kh\u1ea3o s\u00e1t chuy\u00ean nghi\u1ec7p.<\/p>","protected":false},"excerpt":{"rendered":"<ul>\n<li>\u0110\u1ea3m b\u1ea3o c\u00e2n b\u1eb1ng d\u1ee5ng c\u1ee5 ch\u00ednh x\u00e1c cho m\u00e1y c\u00e2n b\u1eb1ng k\u1ef9 thu\u1eadt s\u1ed1 DNA03 ki\u1ec3u Th\u1ee5y S\u0129.<\/li>\n<li>\u0110\u01b0\u1ee3c thi\u1ebft k\u1ebf \u0111\u1eb7c bi\u1ec7t nh\u01b0 m\u1ed9t th\u01b0\u1edbc \u0111o \u0111\u1ed9 nghi\u00eang bong b\u00f3ng, t\u01b0\u01a1ng th\u00edch v\u1edbi DNA03.<\/li>\n<li>C\u1ea3i thi\u1ec7n t\u1ed1c \u0111\u1ed9 thi\u1ebft l\u1eadp v\u00e0 \u0111\u1ed9 tin c\u1eady c\u1ee7a ph\u00e9p \u0111o.<\/li>\n<li>B\u1ecdt n\u01b0\u1edbc c\u00f3 \u0111\u1ed9 hi\u1ec3n th\u1ecb cao gi\u00fap d\u1ec5 d\u00e0ng \u0111\u1ecdc k\u1ebft qu\u1ea3 trong \u0111i\u1ec1u ki\u1ec7n th\u1ef1c \u0111\u1ecba.<\/li>\n<li>C\u1ea5u tr\u00fac b\u1ec1n ch\u1eafc, th\u00edch h\u1ee3p cho vi\u1ec7c kh\u1ea3o s\u00e1t l\u00e2u d\u00e0i.<\/li>\n<\/ul>","protected":false},"featured_media":5946,"comment_status":"open","ping_status":"closed","template":"","meta":[],"product_brand":[],"product_cat":[153,79],"product_tag":[],"class_list":{"0":"post-5944","1":"product","2":"type-product","3":"status-publish","4":"has-post-thumbnail","6":"product_cat-bubble-for-tribrach-carrier-prism","7":"product_cat-surveying-accessory","9":"first","10":"instock","11":"shipping-taxable","12":"product-type-simple"},"_links":{"self":[{"href":"https:\/\/mountlaser.com\/vi\/wp-json\/wp\/v2\/product\/5944","targetHints":{"allow":["GET"]}}],"collection":[{"href":"https:\/\/mountlaser.com\/vi\/wp-json\/wp\/v2\/product"}],"about":[{"href":"https:\/\/mountlaser.com\/vi\/wp-json\/wp\/v2\/types\/product"}],"replies":[{"embeddable":true,"href":"https:\/\/mountlaser.com\/vi\/wp-json\/wp\/v2\/comments?post=5944"}],"wp:featuredmedia":[{"embeddable":true,"href":"https:\/\/mountlaser.com\/vi\/wp-json\/wp\/v2\/media\/5946"}],"wp:attachment":[{"href":"https:\/\/mountlaser.com\/vi\/wp-json\/wp\/v2\/media?parent=5944"}],"wp:term":[{"taxonomy":"product_brand","embeddable":true,"href":"https:\/\/mountlaser.com\/vi\/wp-json\/wp\/v2\/product_brand?post=5944"},{"taxonomy":"product_cat","embeddable":true,"href":"https:\/\/mountlaser.com\/vi\/wp-json\/wp\/v2\/product_cat?post=5944"},{"taxonomy":"product_tag","embeddable":true,"href":"https:\/\/mountlaser.com\/vi\/wp-json\/wp\/v2\/product_tag?post=5944"}],"curies":[{"name":"trang web","href":"https:\/\/api.w.org\/{rel}","templated":true}]}}