{"id":5935,"date":"2025-12-16T01:16:22","date_gmt":"2025-12-16T01:16:22","guid":{"rendered":"https:\/\/mountlaser.com\/?post_type=product&#038;p=5935"},"modified":"2025-12-16T01:16:22","modified_gmt":"2025-12-16T01:16:22","slug":"gfz3-diagonal-eyepiece","status":"publish","type":"product","link":"https:\/\/mountlaser.com\/vi\/san-pham\/gfz3-diagonal-eyepiece\/","title":{"rendered":"Th\u1ecb k\u00ednh ch\u00e9o GFZ3"},"content":{"rendered":"<p>C\u00e1i <a href=\"https:\/\/mountlaser.com\/vi\/\"><strong data-start=\"104\" data-end=\"130\">Th\u1ecb k\u00ednh ch\u00e9o GFZ3<\/strong><\/a> \u0110\u00e2y l\u00e0 m\u1ed9t ph\u1ee5 ki\u1ec7n quang h\u1ecdc ch\u00ednh x\u00e1c \u0111\u01b0\u1ee3c thi\u1ebft k\u1ebf \u0111\u1ec3 c\u1ea3i thi\u1ec7n s\u1ef1 tho\u1ea3i m\u00e1i khi quan s\u00e1t v\u00e0 hi\u1ec7u qu\u1ea3 l\u00e0m vi\u1ec7c khi v\u1eadn h\u00e0nh m\u00e1y to\u00e0n \u0111\u1ea1c ki\u1ec3u Th\u1ee5y S\u0129. L\u00e0 m\u1ed9t chuy\u00ean gia <a href=\"https:\/\/mountlaser.com\/vi\/danh-muc-san-pham\/surveying-accessory\/\"><strong data-start=\"283\" data-end=\"319\">Th\u1ecb k\u00ednh ch\u00e9o cho m\u00e1y \u0111o g\u00f3c ki\u1ec3u Th\u1ee5y S\u0129<\/strong><\/a> V\u1edbi thi\u1ebft k\u1ebf d\u1ea1ng kh\u1edbp n\u1ed1i l\u01b0\u1ee1i l\u00ea \u0111\u00e1ng tin c\u1eady, th\u1ecb k\u00ednh ch\u00e9o GFZ3 s\u1eed d\u1ee5ng k\u1ebft n\u1ed1i ki\u1ec3u l\u01b0\u1ee1i l\u00ea ch\u1eafc ch\u1eafn \u0111\u1ec3 \u0111\u1ea3m b\u1ea3o l\u1eafp \u0111\u1eb7t nhanh ch\u00f3ng v\u00e0 v\u1eeba kh\u00edt. Th\u1ecb k\u00ednh ch\u00e9o GFZ3 cho ph\u00e9p ng\u01b0\u1eddi kh\u1ea3o s\u00e1t quan s\u00e1t m\u1ee5c ti\u00eau t\u1eeb g\u00f3c \u0111\u1ed9 tho\u1ea3i m\u00e1i h\u01a1n, gi\u1ea3m c\u0103ng th\u1eb3ng c\u1ed5 trong c\u00e1c phi\u00ean \u0111o d\u00e0i ho\u1eb7c khi thi\u1ebft l\u1eadp \u1edf v\u1ecb tr\u00ed th\u1ea5p.<\/p>\n<p><img fetchpriority=\"high\" decoding=\"async\" class=\"aligncenter wp-image-5936\" src=\"https:\/\/mountlaser.com\/wp-content\/uploads\/2025\/12\/GFZ31.webp\" alt=\"GFZ3 Diagonal Eyepiece\" width=\"500\" height=\"500\" srcset=\"https:\/\/mountlaser.com\/wp-content\/uploads\/2025\/12\/GFZ31.webp 800w, https:\/\/mountlaser.com\/wp-content\/uploads\/2025\/12\/GFZ31-300x300.webp 300w, https:\/\/mountlaser.com\/wp-content\/uploads\/2025\/12\/GFZ31-150x150.webp 150w, https:\/\/mountlaser.com\/wp-content\/uploads\/2025\/12\/GFZ31-768x768.webp 768w, https:\/\/mountlaser.com\/wp-content\/uploads\/2025\/12\/GFZ31-12x12.webp 12w, https:\/\/mountlaser.com\/wp-content\/uploads\/2025\/12\/GFZ31-600x600.webp 600w, https:\/\/mountlaser.com\/wp-content\/uploads\/2025\/12\/GFZ31-400x400.webp 400w\" sizes=\"(max-width: 500px) 100vw, 500px\" \/><\/p>\n<p>\u0110\u01b0\u1ee3c thi\u1ebft k\u1ebf \u0111\u1eb7c bi\u1ec7t nh\u01b0 m\u1ed9t th\u1ecb k\u00ednh ch\u00e9o cho m\u00e1y to\u00e0n \u0111\u1ea1c ki\u1ec3u Th\u1ee5y S\u0129, th\u1ecb k\u00ednh ch\u00e9o GFZ3 mang l\u1ea1i s\u1ef1 c\u0103n ch\u1ec9nh quang h\u1ecdc \u1ed5n \u0111\u1ecbnh v\u00e0 ch\u1ea5t l\u01b0\u1ee3ng h\u00ecnh \u1ea3nh nh\u1ea5t qu\u00e1n. C\u00f3 s\u1eb5n c\u1ea3 hai m\u00e0u xanh l\u00e1 c\u00e2y v\u00e0 \u0111en, s\u1ea3n ph\u1ea9m n\u00e0y <a href=\"https:\/\/mountlaser.com\/vi\/contact-us\/\">Th\u1ecb k\u00ednh ch\u00e9o cho m\u00e1y \u0111o g\u00f3c ki\u1ec3u Th\u1ee5y S\u0129<\/a> M\u00e1y to\u00e0n \u0111\u1ea1c \u0111i\u1ec7n t\u1eed k\u1ebft h\u1ee3p \u0111\u1ed9 b\u1ec1n, s\u1ef1 ti\u1ec7n l\u1ee3i v\u00e0 hi\u1ec7u su\u1ea5t chuy\u00ean nghi\u1ec7p trong \u0111i\u1ec1u ki\u1ec7n l\u00e0m vi\u1ec7c kh\u1eafc nghi\u1ec7t ngo\u00e0i hi\u1ec7n tr\u01b0\u1eddng.<\/p>","protected":false},"excerpt":{"rendered":"<ul>\n<li>C\u1ea3i thi\u1ec7n s\u1ef1 tho\u1ea3i m\u00e1i cho ng\u01b0\u1eddi v\u1eadn h\u00e0nh b\u1eb1ng c\u00e1ch \u0111i\u1ec1u ch\u1ec9nh g\u00f3c nh\u00ecn.<\/li>\n<li>Ng\u00e0m ki\u1ec3u l\u01b0\u1ee1i l\u00ea gi\u00fap g\u1eafn nhanh ch\u00f3ng v\u00e0 ch\u1eafc ch\u1eafn.<\/li>\n<li>\u0110\u01b0\u1ee3c thi\u1ebft k\u1ebf \u0111\u1eb7c bi\u1ec7t nh\u01b0 m\u1ed9t th\u1ecb k\u00ednh ch\u00e9o cho m\u00e1y to\u00e0n \u0111\u1ea1c ki\u1ec3u Th\u1ee5y S\u0129.<\/li>\n<li>Gi\u1ea3m m\u1ec7t m\u1ecfi trong c\u00e1c nhi\u1ec7m v\u1ee5 kh\u1ea3o s\u00e1t k\u00e9o d\u00e0i<\/li>\n<li>C\u00f3 s\u1eb5n c\u00e1c l\u1ef1a ch\u1ecdn m\u00e0u xanh l\u00e1 c\u00e2y v\u00e0 \u0111en.<\/li>\n<\/ul>","protected":false},"featured_media":5936,"comment_status":"open","ping_status":"closed","template":"","meta":[],"product_brand":[],"product_cat":[166,79],"product_tag":[],"class_list":{"0":"post-5935","1":"product","2":"type-product","3":"status-publish","4":"has-post-thumbnail","6":"product_cat-diagonal-eyepiece","7":"product_cat-surveying-accessory","9":"first","10":"instock","11":"shipping-taxable","12":"product-type-simple"},"_links":{"self":[{"href":"https:\/\/mountlaser.com\/vi\/wp-json\/wp\/v2\/product\/5935","targetHints":{"allow":["GET"]}}],"collection":[{"href":"https:\/\/mountlaser.com\/vi\/wp-json\/wp\/v2\/product"}],"about":[{"href":"https:\/\/mountlaser.com\/vi\/wp-json\/wp\/v2\/types\/product"}],"replies":[{"embeddable":true,"href":"https:\/\/mountlaser.com\/vi\/wp-json\/wp\/v2\/comments?post=5935"}],"wp:featuredmedia":[{"embeddable":true,"href":"https:\/\/mountlaser.com\/vi\/wp-json\/wp\/v2\/media\/5936"}],"wp:attachment":[{"href":"https:\/\/mountlaser.com\/vi\/wp-json\/wp\/v2\/media?parent=5935"}],"wp:term":[{"taxonomy":"product_brand","embeddable":true,"href":"https:\/\/mountlaser.com\/vi\/wp-json\/wp\/v2\/product_brand?post=5935"},{"taxonomy":"product_cat","embeddable":true,"href":"https:\/\/mountlaser.com\/vi\/wp-json\/wp\/v2\/product_cat?post=5935"},{"taxonomy":"product_tag","embeddable":true,"href":"https:\/\/mountlaser.com\/vi\/wp-json\/wp\/v2\/product_tag?post=5935"}],"curies":[{"name":"trang web","href":"https:\/\/api.w.org\/{rel}","templated":true}]}}