{"id":5934,"date":"2025-12-15T09:26:34","date_gmt":"2025-12-15T09:26:34","guid":{"rendered":"https:\/\/mountlaser.com\/?post_type=product&#038;p=5934"},"modified":"2025-12-15T09:26:34","modified_gmt":"2025-12-15T09:26:34","slug":"gfz4-diagonal-eyepiece","status":"publish","type":"product","link":"https:\/\/mountlaser.com\/vi\/san-pham\/gfz4-diagonal-eyepiece\/","title":{"rendered":"Th\u1ecb k\u00ednh ch\u00e9o GFZ4"},"content":{"rendered":"<p>C\u00e1i <strong data-start=\"139\" data-end=\"165\"><a href=\"https:\/\/mountlaser.com\/vi\/\">Th\u1ecb k\u00ednh ch\u00e9o GFZ4<\/a>e<\/strong> \u0110\u00e2y l\u00e0 m\u1ed9t ph\u1ee5 ki\u1ec7n quang h\u1ecdc ch\u1ea5t l\u01b0\u1ee3ng cao \u0111\u01b0\u1ee3c thi\u1ebft k\u1ebf \u0111\u1ec3 n\u00e2ng cao s\u1ef1 tho\u1ea3i m\u00e1i khi quan s\u00e1t v\u00e0 hi\u1ec7u qu\u1ea3 ho\u1ea1t \u0111\u1ed9ng khi l\u00e0m vi\u1ec7c v\u1edbi m\u00e1y to\u00e0n \u0111\u1ea1c. L\u00e0 m\u1ed9t th\u1ecb k\u00ednh ch\u00e9o cho m\u00e1y to\u00e0n \u0111\u1ea1c, n\u00f3 \u0111i\u1ec1u ch\u1ec9nh g\u00f3c nh\u00ecn \u0111\u1ec3 gi\u1ea3m m\u1ecfi c\u1ed5 v\u00e0 m\u1ecfi m\u1eaft trong qu\u00e1 tr\u00ecnh quan s\u00e1t k\u00e9o d\u00e0i, \u0111\u1eb7c bi\u1ec7t l\u00e0 \u1edf c\u00e1c v\u1ecb tr\u00ed \u0111\u1eb7t m\u00e1y th\u1ea5p ho\u1eb7c kh\u00f3 kh\u0103n. Th\u1ecb k\u00ednh ch\u00e9o GFZ4 c\u00f3 thi\u1ebft k\u1ebf ki\u1ec3u v\u00edt, \u0111\u1eb7c bi\u1ec7t t\u01b0\u01a1ng th\u00edch v\u1edbi c\u00e1c m\u00e1y to\u00e0n \u0111\u1ea1c c\u1ee7a Th\u1ee5y S\u0129, \u0111\u1ea3m b\u1ea3o l\u1eafp \u0111\u1eb7t ch\u1eafc ch\u1eafn v\u00e0 hi\u1ec7u su\u1ea5t \u1ed5n \u0111\u1ecbnh. C\u00f3 s\u1eb5n c\u1ea3 m\u00e0u xanh l\u00e1 c\u00e2y v\u00e0 m\u00e0u \u0111en, <a href=\"https:\/\/mountlaser.com\/vi\/danh-muc-san-pham\/surveying-accessory\/\"><strong data-start=\"702\" data-end=\"741\">Th\u1ecb k\u00ednh ch\u00e9o cho m\u00e1y to\u00e0n \u0111\u1ea1c<\/strong><\/a> K\u1ebft h\u1ee3p \u0111\u1ed9 b\u1ec1n v\u1edbi kh\u1ea3 n\u0103ng c\u0103n ch\u1ec9nh quang h\u1ecdc ch\u00ednh x\u00e1c.<\/p>\n<p><img fetchpriority=\"high\" decoding=\"async\" class=\"aligncenter wp-image-5926\" src=\"https:\/\/mountlaser.com\/wp-content\/uploads\/2025\/12\/GFZ4\u9ed1.webp\" alt=\"GFZ4 Diagonal Eyepiece\" width=\"500\" height=\"500\" srcset=\"https:\/\/mountlaser.com\/wp-content\/uploads\/2025\/12\/GFZ4\u9ed1.webp 1000w, https:\/\/mountlaser.com\/wp-content\/uploads\/2025\/12\/GFZ4\u9ed1-300x300.webp 300w, https:\/\/mountlaser.com\/wp-content\/uploads\/2025\/12\/GFZ4\u9ed1-150x150.webp 150w, https:\/\/mountlaser.com\/wp-content\/uploads\/2025\/12\/GFZ4\u9ed1-768x768.webp 768w, https:\/\/mountlaser.com\/wp-content\/uploads\/2025\/12\/GFZ4\u9ed1-12x12.webp 12w, https:\/\/mountlaser.com\/wp-content\/uploads\/2025\/12\/GFZ4\u9ed1-600x600.webp 600w, https:\/\/mountlaser.com\/wp-content\/uploads\/2025\/12\/GFZ4\u9ed1-800x800.webp 800w, https:\/\/mountlaser.com\/wp-content\/uploads\/2025\/12\/GFZ4\u9ed1-400x400.webp 400w\" sizes=\"(max-width: 500px) 100vw, 500px\" \/><\/p>\n<p>Cho d\u00f9 \u0111\u01b0\u1ee3c s\u1eed d\u1ee5ng cho c\u00e1c ph\u00e9p \u0111o th\u01b0\u1eddng xuy\u00ean hay c\u00e1c nhi\u1ec7m v\u1ee5 kh\u1ea3o s\u00e1t m\u1edf r\u1ed9ng, th\u00ec <a href=\"https:\/\/mountlaser.com\/vi\/contact-us\/\"><strong data-start=\"865\" data-end=\"891\">Th\u1ecb k\u00ednh ch\u00e9o GFZ4<\/strong><\/a> Cung c\u1ea5p m\u1ed9t gi\u1ea3i ph\u00e1p \u0111\u00e1ng tin c\u1eady v\u00e0 ti\u1ec7n d\u1ee5ng, bi\u1ebfn n\u00f3 th\u00e0nh m\u1ed9t th\u1ecb k\u00ednh ch\u00e9o thi\u1ebft y\u1ebfu cho c\u00e1c \u1ee9ng d\u1ee5ng m\u00e1y to\u00e0n \u0111\u1ea1c.<\/p>","protected":false},"excerpt":{"rendered":"<ul>\n<li>C\u1ea3i thi\u1ec7n t\u01b0 th\u1ebf quan s\u00e1t b\u1eb1ng c\u00e1ch thay \u0111\u1ed5i g\u00f3c nh\u00ecn.<\/li>\n<li>Gi\u1ea3m m\u1ec7t m\u1ecfi cho ng\u01b0\u1eddi v\u1eadn h\u00e0nh trong c\u00e1c phi\u00ean kh\u1ea3o s\u00e1t k\u00e9o d\u00e0i.<\/li>\n<li>K\u1ebft n\u1ed1i ki\u1ec3u v\u00edt \u0111\u1ea3m b\u1ea3o vi\u1ec7c l\u1eafp \u0111\u1eb7t ch\u1eafc ch\u1eafn v\u00e0 ch\u00ednh x\u00e1c.<\/li>\n<li>T\u01b0\u01a1ng th\u00edch v\u1edbi c\u00e1c thi\u1ebft b\u1ecb to\u00e0n \u0111\u1ea1c \u0111i\u1ec7n t\u1eed c\u1ee7a Th\u1ee5y S\u0129.<\/li>\n<li>C\u00f3 s\u1eb5n c\u00e1c l\u1ef1a ch\u1ecdn m\u00e0u xanh l\u00e1 c\u00e2y v\u00e0 \u0111en.<\/li>\n<\/ul>","protected":false},"featured_media":5931,"comment_status":"open","ping_status":"closed","template":"","meta":[],"product_brand":[],"product_cat":[166,79],"product_tag":[],"class_list":{"0":"post-5934","1":"product","2":"type-product","3":"status-publish","4":"has-post-thumbnail","6":"product_cat-diagonal-eyepiece","7":"product_cat-surveying-accessory","9":"first","10":"instock","11":"shipping-taxable","12":"product-type-simple"},"_links":{"self":[{"href":"https:\/\/mountlaser.com\/vi\/wp-json\/wp\/v2\/product\/5934","targetHints":{"allow":["GET"]}}],"collection":[{"href":"https:\/\/mountlaser.com\/vi\/wp-json\/wp\/v2\/product"}],"about":[{"href":"https:\/\/mountlaser.com\/vi\/wp-json\/wp\/v2\/types\/product"}],"replies":[{"embeddable":true,"href":"https:\/\/mountlaser.com\/vi\/wp-json\/wp\/v2\/comments?post=5934"}],"wp:featuredmedia":[{"embeddable":true,"href":"https:\/\/mountlaser.com\/vi\/wp-json\/wp\/v2\/media\/5931"}],"wp:attachment":[{"href":"https:\/\/mountlaser.com\/vi\/wp-json\/wp\/v2\/media?parent=5934"}],"wp:term":[{"taxonomy":"product_brand","embeddable":true,"href":"https:\/\/mountlaser.com\/vi\/wp-json\/wp\/v2\/product_brand?post=5934"},{"taxonomy":"product_cat","embeddable":true,"href":"https:\/\/mountlaser.com\/vi\/wp-json\/wp\/v2\/product_cat?post=5934"},{"taxonomy":"product_tag","embeddable":true,"href":"https:\/\/mountlaser.com\/vi\/wp-json\/wp\/v2\/product_tag?post=5934"}],"curies":[{"name":"trang web","href":"https:\/\/api.w.org\/{rel}","templated":true}]}}