{"id":5918,"date":"2025-12-15T09:06:43","date_gmt":"2025-12-15T09:06:43","guid":{"rendered":"https:\/\/mountlaser.com\/?post_type=product&#038;p=5918"},"modified":"2025-12-15T09:09:10","modified_gmt":"2025-12-15T09:09:10","slug":"de20-diagonal-eyepiece","status":"publish","type":"product","link":"https:\/\/mountlaser.com\/vi\/san-pham\/de20-diagonal-eyepiece\/","title":{"rendered":"Th\u1ecb k\u00ednh ch\u00e9o DE20"},"content":{"rendered":"<p>N\u00e2ng cao s\u1ef1 tho\u1ea3i m\u00e1i v\u00e0 \u0111\u1ed9 ch\u00ednh x\u00e1c trong c\u00f4ng vi\u1ec7c th\u1ef1c \u0111\u1ecba c\u1ee7a b\u1ea1n v\u1edbi Mountlaser. <a href=\"https:\/\/mountlaser.com\/vi\/\">Th\u1ecb k\u00ednh ch\u00e9o DE20<\/a>. Ph\u1ee5 ki\u1ec7n thi\u1ebft y\u1ebfu n\u00e0y \u0111\u01b0\u1ee3c thi\u1ebft k\u1ebf \u0111\u1ec3 t\u00edch h\u1ee3p li\u1ec1n m\u1ea1ch v\u1edbi m\u00e1y to\u00e0n \u0111\u1ea1c \u0111i\u1ec7n t\u1eed c\u1ee7a b\u1ea1n, cung c\u1ea5p gi\u1ea3i ph\u00e1p hi\u1ec3n th\u1ecb v\u01b0\u1ee3t tr\u1ed9i cho c\u00e1c ph\u00e9p \u0111o kh\u00f3 kh\u0103n. L\u00e0 m\u1ed9t ph\u1ee5 ki\u1ec7n chuy\u00ean d\u1ee5ng <strong><a href=\"https:\/\/mountlaser.com\/vi\/\">Th\u1ecb k\u00ednh ch\u00e9o cho m\u00e1y to\u00e0n \u0111\u1ea1c<\/a><\/strong>, M\u1eabu DE20 gi\u00fap c\u1ea3i thi\u1ec7n quy tr\u00ecnh l\u00e0m vi\u1ec7c c\u1ee7a b\u1ea1n b\u1eb1ng c\u00e1ch cho ph\u00e9p t\u01b0 th\u1ebf quan s\u00e1t tho\u1ea3i m\u00e1i h\u01a1n.<\/p>\n<p>Ch\u1ee9c n\u0103ng ch\u00ednh c\u1ee7a th\u1ecb k\u00ednh g\u00f3c nghi\u00eang ch\u1ea5t l\u01b0\u1ee3ng cao d\u00e0nh cho m\u00e1y to\u00e0n \u0111\u1ea1c n\u00e0y l\u00e0 gi\u1ea3m c\u0103ng th\u1eb3ng cho c\u1ed5 v\u00e0 l\u01b0ng ng\u01b0\u1eddi v\u1eadn h\u00e0nh. B\u1eb1ng c\u00e1ch cung c\u1ea5p g\u00f3c nh\u00ecn 45 \u0111\u1ed9, n\u00f3 lo\u1ea1i b\u1ecf s\u1ef1 c\u1ea7n thi\u1ebft ph\u1ea3i c\u00fai g\u1eadp ng\u01b0\u1eddi ho\u1eb7c ng\u1ed3i x\u1ed5m v\u00e0o nh\u1eefng t\u01b0 th\u1ebf kh\u00f4ng tho\u1ea3i m\u00e1i khi ng\u1eafm qua k\u00ednh vi\u1ec5n v\u1ecdng. Thi\u1ebft k\u1ebf c\u00f4ng th\u00e1i h\u1ecdc n\u00e0y g\u00f3p ph\u1ea7n tr\u1ef1c ti\u1ebfp v\u00e0o vi\u1ec7c t\u0103ng c\u01b0\u1eddng kh\u1ea3 n\u0103ng t\u1eadp trung v\u00e0 gi\u1ea3m m\u1ec7t m\u1ecfi trong c\u00e1c phi\u00ean kh\u1ea3o s\u00e1t k\u00e9o d\u00e0i, d\u1eabn \u0111\u1ebfn vi\u1ec7c thu th\u1eadp d\u1eef li\u1ec7u \u0111\u00e1ng tin c\u1eady v\u00e0 nh\u1ea5t qu\u00e1n h\u01a1n.<\/p>\n<p><img fetchpriority=\"high\" decoding=\"async\" class=\"aligncenter wp-image-5920\" src=\"https:\/\/mountlaser.com\/wp-content\/uploads\/2025\/12\/DE202.webp\" alt=\"Total Station Angled Eyepiece\" width=\"500\" height=\"500\" srcset=\"https:\/\/mountlaser.com\/wp-content\/uploads\/2025\/12\/DE202.webp 1000w, https:\/\/mountlaser.com\/wp-content\/uploads\/2025\/12\/DE202-300x300.webp 300w, https:\/\/mountlaser.com\/wp-content\/uploads\/2025\/12\/DE202-150x150.webp 150w, https:\/\/mountlaser.com\/wp-content\/uploads\/2025\/12\/DE202-768x768.webp 768w, https:\/\/mountlaser.com\/wp-content\/uploads\/2025\/12\/DE202-12x12.webp 12w, https:\/\/mountlaser.com\/wp-content\/uploads\/2025\/12\/DE202-600x600.webp 600w, https:\/\/mountlaser.com\/wp-content\/uploads\/2025\/12\/DE202-800x800.webp 800w, https:\/\/mountlaser.com\/wp-content\/uploads\/2025\/12\/DE202-400x400.webp 400w\" sizes=\"(max-width: 500px) 100vw, 500px\" \/><\/p>\n<p>\u0110\u01b0\u1ee3c thi\u1ebft k\u1ebf \u0111\u1eb7c bi\u1ec7t \u0111\u1ec3 t\u01b0\u01a1ng th\u00edch, th\u1ecb k\u00ednh ch\u00e9o n\u00e0y d\u00e0nh cho m\u00e1y to\u00e0n \u0111\u1ea1c \u0111i\u1ec7n t\u1eed l\u00e0 s\u1ef1 l\u1ef1a ch\u1ecdn ho\u00e0n h\u1ea3o cho c\u00e1c m\u1eabu LDT bao g\u1ed3m 302, 302L, 402E, 402EL, 402A v\u00e0 402AL. C\u1ea5u tr\u00fac ch\u00ednh x\u00e1c c\u1ee7a n\u00f3 \u0111\u1ea3m b\u1ea3o s\u1ef1 v\u1eeba kh\u00edt ch\u1eafc ch\u1eafn v\u00e0 duy tr\u00ec t\u00ednh to\u00e0n v\u1eb9n quang h\u1ecdc c\u1ee7a thi\u1ebft b\u1ecb.<\/p>\n<p>&nbsp;<\/p>\n<p>&nbsp;<\/p>","protected":false},"excerpt":{"rendered":"<ul>\n<li>Th\u1ecb k\u00ednh ch\u00e9o Mountlaser DE20 l\u00e0 m\u1ed9t n\u00e2ng c\u1ea5p thi\u1ebft y\u1ebfu cho b\u1ea5t k\u1ef3 ng\u01b0\u1eddi kh\u1ea3o s\u00e1t n\u00e0o.<\/li>\n<li>Th\u1ecb k\u00ednh g\u00f3c nghi\u00eang cho m\u00e1y to\u00e0n \u0111\u1ea1c k\u1ebft h\u1ee3p m\u1ed9t c\u00e1ch kh\u00e9o l\u00e9o gi\u1eefa s\u1ef1 tho\u1ea3i m\u00e1i v\u1ec1 m\u1eb7t c\u00f4ng th\u00e1i h\u1ecdc v\u00e0 \u0111\u1ed9 ch\u00ednh x\u00e1c quang h\u1ecdc, tr\u1ef1c ti\u1ebfp gi\u1ea3i quy\u1ebft m\u1ed9t th\u00e1ch th\u1ee9c v\u1eadt l\u00fd th\u01b0\u1eddng g\u1eb7p trong c\u00f4ng t\u00e1c kh\u1ea3o s\u00e1t th\u1ef1c \u0111\u1ecba.<\/li>\n<li>B\u1eb1ng c\u00e1ch t\u1ea1o \u0111i\u1ec1u ki\u1ec7n cho g\u00f3c nh\u00ecn t\u1ef1 nhi\u00ean h\u01a1n, n\u00f3 gi\u00fap ng\u0103n ng\u1eeba m\u1ecfi m\u1eaft, gi\u1ea3m thi\u1ec3u sai s\u00f3t v\u00e0 t\u0103ng n\u0103ng su\u1ea5t t\u1ed5ng th\u1ec3.<\/li>\n<\/ul>","protected":false},"featured_media":5919,"comment_status":"open","ping_status":"closed","template":"","meta":[],"product_brand":[],"product_cat":[144,166,79,95],"product_tag":[],"class_list":{"0":"post-5918","1":"product","2":"type-product","3":"status-publish","4":"has-post-thumbnail","6":"product_cat-theodoliteagent-sales","7":"product_cat-diagonal-eyepiece","8":"product_cat-surveying-accessory","9":"product_cat-agent-sales","11":"first","12":"instock","13":"shipping-taxable","14":"product-type-simple"},"_links":{"self":[{"href":"https:\/\/mountlaser.com\/vi\/wp-json\/wp\/v2\/product\/5918","targetHints":{"allow":["GET"]}}],"collection":[{"href":"https:\/\/mountlaser.com\/vi\/wp-json\/wp\/v2\/product"}],"about":[{"href":"https:\/\/mountlaser.com\/vi\/wp-json\/wp\/v2\/types\/product"}],"replies":[{"embeddable":true,"href":"https:\/\/mountlaser.com\/vi\/wp-json\/wp\/v2\/comments?post=5918"}],"wp:featuredmedia":[{"embeddable":true,"href":"https:\/\/mountlaser.com\/vi\/wp-json\/wp\/v2\/media\/5919"}],"wp:attachment":[{"href":"https:\/\/mountlaser.com\/vi\/wp-json\/wp\/v2\/media?parent=5918"}],"wp:term":[{"taxonomy":"product_brand","embeddable":true,"href":"https:\/\/mountlaser.com\/vi\/wp-json\/wp\/v2\/product_brand?post=5918"},{"taxonomy":"product_cat","embeddable":true,"href":"https:\/\/mountlaser.com\/vi\/wp-json\/wp\/v2\/product_cat?post=5918"},{"taxonomy":"product_tag","embeddable":true,"href":"https:\/\/mountlaser.com\/vi\/wp-json\/wp\/v2\/product_tag?post=5918"}],"curies":[{"name":"trang web","href":"https:\/\/api.w.org\/{rel}","templated":true}]}}