{"id":5916,"date":"2025-12-15T08:42:46","date_gmt":"2025-12-15T08:42:46","guid":{"rendered":"https:\/\/mountlaser.com\/?post_type=product&#038;p=5916"},"modified":"2025-12-15T08:42:46","modified_gmt":"2025-12-15T08:42:46","slug":"sc85014-soft-case","status":"publish","type":"product","link":"https:\/\/mountlaser.com\/vi\/san-pham\/sc85014-soft-case\/","title":{"rendered":"T\u00fai m\u1ec1m SC85014"},"content":{"rendered":"<p data-start=\"114\" data-end=\"603\">C\u00e1i <a href=\"https:\/\/mountlaser.com\/vi\/\"><strong data-start=\"118\" data-end=\"139\">T\u00fai m\u1ec1m SC85014<\/strong><\/a> l\u00e0 m\u1ed9t thi\u1ebft b\u1ecb nh\u1ecf g\u1ecdn v\u00e0 \u0111\u00e1ng tin c\u1eady. <a href=\"https:\/\/mountlaser.com\/vi\/danh-muc-san-pham\/surveying-accessory\/\"><strong data-start=\"166\" data-end=\"180\">T\u00fai \u0111\u1ef1ng ch\u00e2n m\u00e1y<\/strong><\/a> \u0110\u01b0\u1ee3c thi\u1ebft k\u1ebf \u0111\u1ec3 v\u1eadn chuy\u1ec3n v\u00e0 b\u1ea3o qu\u1ea3n ch\u00e2n m\u00e1y \u0111o \u0111\u1ea1c m\u1ed9t c\u00e1ch an to\u00e0n. T\u01b0\u01a1ng th\u00edch v\u1edbi h\u1ea7u h\u1ebft c\u00e1c lo\u1ea1i ch\u00e2n m\u00e1y c\u1ee7a c\u00e1c th\u01b0\u01a1ng hi\u1ec7u l\u1edbn, t\u00fai \u0111\u1ef1ng m\u1ec1m SC85014 \u0111\u01b0\u1ee3c l\u00e0m t\u1eeb ch\u1ea5t li\u1ec7u s\u1ee3i b\u1ec1n ch\u1eafc v\u00e0 c\u00f3 \u0111\u00e1y \u0111\u01b0\u1ee3c gia c\u1ed1 ch\u1ed1ng th\u1ea5m n\u01b0\u1edbc v\u00e0 ch\u1ed1ng m\u00e0i m\u00f2n, mang l\u1ea1i s\u1ef1 b\u1ea3o v\u1ec7 \u0111\u00e1ng tin c\u1eady trong qu\u00e1 tr\u00ecnh s\u1eed d\u1ee5ng h\u00e0ng ng\u00e0y ngo\u00e0i hi\u1ec7n tr\u01b0\u1eddng. T\u00fai \u0111\u1ef1ng ch\u00e2n m\u00e1y ti\u1ec7n d\u1ee5ng n\u00e0y r\u1ea5t l\u00fd t\u01b0\u1edfng cho c\u00e1c nh\u00e0 kh\u1ea3o s\u00e1t v\u00e0 c\u00e1c chuy\u00ean gia x\u00e2y d\u1ef1ng c\u1ea7n m\u1ed9t gi\u1ea3i ph\u00e1p v\u1eadn chuy\u1ec3n nh\u1eb9 nh\u01b0ng v\u1eabn \u0111\u1ea3m b\u1ea3o kh\u1ea3 n\u0103ng b\u1ea3o v\u1ec7.<\/p>\n<p data-start=\"114\" data-end=\"603\"><img fetchpriority=\"high\" decoding=\"async\" class=\"aligncenter wp-image-5914\" src=\"https:\/\/mountlaser.com\/wp-content\/uploads\/2025\/12\/SC85013-14.webp\" alt=\"SC85014 Soft Case\" width=\"500\" height=\"500\" srcset=\"https:\/\/mountlaser.com\/wp-content\/uploads\/2025\/12\/SC85013-14.webp 1000w, https:\/\/mountlaser.com\/wp-content\/uploads\/2025\/12\/SC85013-14-300x300.webp 300w, https:\/\/mountlaser.com\/wp-content\/uploads\/2025\/12\/SC85013-14-150x150.webp 150w, https:\/\/mountlaser.com\/wp-content\/uploads\/2025\/12\/SC85013-14-768x768.webp 768w, https:\/\/mountlaser.com\/wp-content\/uploads\/2025\/12\/SC85013-14-12x12.webp 12w, https:\/\/mountlaser.com\/wp-content\/uploads\/2025\/12\/SC85013-14-600x600.webp 600w, https:\/\/mountlaser.com\/wp-content\/uploads\/2025\/12\/SC85013-14-800x800.webp 800w, https:\/\/mountlaser.com\/wp-content\/uploads\/2025\/12\/SC85013-14-400x400.webp 400w\" sizes=\"(max-width: 500px) 100vw, 500px\" \/><\/p>\n<p data-start=\"605\" data-end=\"1003\">\u0110\u01b0\u1ee3c thi\u1ebft k\u1ebf v\u1edbi kh\u00f3a d\u00e2y r\u00fat ch\u1eafc ch\u1eafn, t\u00fai \u0111\u1ef1ng ch\u00e2n m\u00e1y SC85014 cho ph\u00e9p truy c\u1eadp nhanh ch\u00f3ng \u0111\u1ed3ng th\u1eddi b\u1ea3o v\u1ec7 ch\u00e2n m\u00e1y kh\u1ecfi b\u1ee5i, h\u01a1i \u1ea9m v\u00e0 c\u00e1c va ch\u1ea1m nh\u1ecf. V\u1edbi chi\u1ec1u d\u00e0i 90 cm, t\u00fai \u0111\u1ef1ng ch\u00e2n m\u00e1y n\u00e0y r\u1ea5t ph\u00f9 h\u1ee3p v\u1edbi c\u00e1c ch\u00e2n m\u00e1y ng\u1eafn ho\u1eb7c nh\u1ecf g\u1ecdn. Cho d\u00f9 \u0111\u01b0\u1ee3c s\u1eed d\u1ee5ng \u0111\u1ec3 v\u1eadn chuy\u1ec3n hay c\u1ea5t gi\u1eef, t\u00fai \u0111\u1ef1ng n\u00e0y \u0111\u1ec1u r\u1ea5t ti\u1ec7n d\u1ee5ng. <a href=\"https:\/\/mountlaser.com\/vi\/about-us\/\"><strong data-start=\"913\" data-end=\"934\">T\u00fai m\u1ec1m SC85014<\/strong><\/a> Mang l\u1ea1i \u0111\u1ed9 b\u1ec1n, s\u1ef1 ti\u1ec7n l\u1ee3i v\u00e0 kh\u1ea3 n\u0103ng b\u1ea3o v\u1ec7 chuy\u00ean nghi\u1ec7p.<\/p>","protected":false},"excerpt":{"rendered":"<ul>\n<li>Ch\u1ea5t li\u1ec7u: S\u1ee3i b\u1ec1n ch\u1eafc v\u1edbi \u0111\u00e1y \u0111\u01b0\u1ee3c gia c\u1ed1.<\/li>\n<li>Chi\u1ec1u d\u00e0i: 90 cm<\/li>\n<li>\u1ee8ng d\u1ee5ng: V\u1eadn chuy\u1ec3n v\u00e0 b\u1ea3o qu\u1ea3n an to\u00e0n c\u00e1c ch\u00e2n \u0111\u1ebf d\u1ee5ng c\u1ee5.<\/li>\n<li>Kh\u00f3a d\u00e2y r\u00fat gi\u00fap truy c\u1eadp nhanh v\u00e0 c\u1ea5t gi\u1eef an to\u00e0n.<\/li>\n<li>B\u1ea3o v\u1ec7 ch\u00e2n m\u00e1y kh\u1ecfi b\u1ee5i, h\u01a1i \u1ea9m v\u00e0 s\u1ef1 m\u00e0i m\u00f2n.<\/li>\n<li>\u0110\u00e1y ch\u1ed1ng th\u1ea5m n\u01b0\u1edbc \u0111\u01b0\u1ee3c gia c\u1ed1 \u0111\u1ec3 t\u0103ng \u0111\u1ed9 b\u1ec1n.<\/li>\n<\/ul>","protected":false},"featured_media":5914,"comment_status":"open","ping_status":"closed","template":"","meta":[],"product_brand":[],"product_cat":[164,79],"product_tag":[],"class_list":{"0":"post-5916","1":"product","2":"type-product","3":"status-publish","4":"has-post-thumbnail","6":"product_cat-soft-case","7":"product_cat-surveying-accessory","9":"first","10":"instock","11":"shipping-taxable","12":"product-type-simple"},"_links":{"self":[{"href":"https:\/\/mountlaser.com\/vi\/wp-json\/wp\/v2\/product\/5916","targetHints":{"allow":["GET"]}}],"collection":[{"href":"https:\/\/mountlaser.com\/vi\/wp-json\/wp\/v2\/product"}],"about":[{"href":"https:\/\/mountlaser.com\/vi\/wp-json\/wp\/v2\/types\/product"}],"replies":[{"embeddable":true,"href":"https:\/\/mountlaser.com\/vi\/wp-json\/wp\/v2\/comments?post=5916"}],"wp:featuredmedia":[{"embeddable":true,"href":"https:\/\/mountlaser.com\/vi\/wp-json\/wp\/v2\/media\/5914"}],"wp:attachment":[{"href":"https:\/\/mountlaser.com\/vi\/wp-json\/wp\/v2\/media?parent=5916"}],"wp:term":[{"taxonomy":"product_brand","embeddable":true,"href":"https:\/\/mountlaser.com\/vi\/wp-json\/wp\/v2\/product_brand?post=5916"},{"taxonomy":"product_cat","embeddable":true,"href":"https:\/\/mountlaser.com\/vi\/wp-json\/wp\/v2\/product_cat?post=5916"},{"taxonomy":"product_tag","embeddable":true,"href":"https:\/\/mountlaser.com\/vi\/wp-json\/wp\/v2\/product_tag?post=5916"}],"curies":[{"name":"trang web","href":"https:\/\/api.w.org\/{rel}","templated":true}]}}