{"id":5913,"date":"2025-12-15T08:35:54","date_gmt":"2025-12-15T08:35:54","guid":{"rendered":"https:\/\/mountlaser.com\/?post_type=product&#038;p=5913"},"modified":"2025-12-15T08:35:54","modified_gmt":"2025-12-15T08:35:54","slug":"sc85013-soft-case","status":"publish","type":"product","link":"https:\/\/mountlaser.com\/vi\/san-pham\/sc85013-soft-case\/","title":{"rendered":"T\u00fai m\u1ec1m SC85013"},"content":{"rendered":"<p data-start=\"111\" data-end=\"599\">C\u00e1i <a href=\"https:\/\/mountlaser.com\/vi\/\"><strong data-start=\"115\" data-end=\"136\">T\u00fai m\u1ec1m SC85013<\/strong><\/a> SC85013 l\u00e0 m\u1ed9t t\u00fai \u0111\u1ef1ng ch\u00e2n m\u00e1y chuy\u00ean nghi\u1ec7p \u0111\u01b0\u1ee3c thi\u1ebft k\u1ebf \u0111\u1ec3 v\u1eadn chuy\u1ec3n v\u00e0 b\u1ea3o qu\u1ea3n an to\u00e0n c\u00e1c ch\u00e2n m\u00e1y \u0111o \u0111\u1ea1c trong m\u00f4i tr\u01b0\u1eddng l\u00e0m vi\u1ec7c kh\u1eafc nghi\u1ec7t. T\u01b0\u01a1ng th\u00edch v\u1edbi h\u1ea7u h\u1ebft c\u00e1c th\u01b0\u01a1ng hi\u1ec7u ch\u00e2n m\u00e1y l\u1edbn, t\u00fai \u0111\u1ef1ng m\u1ec1m SC85013 \u0111\u01b0\u1ee3c s\u1ea3n xu\u1ea5t t\u1eeb ch\u1ea5t li\u1ec7u s\u1ee3i b\u1ec1n ch\u1eafc v\u00e0 c\u00f3 \u0111\u00e1y \u0111\u01b0\u1ee3c gia c\u1ed1 ch\u1ed1ng th\u1ea5m n\u01b0\u1edbc, ch\u1ed1ng m\u00e0i m\u00f2n \u0111\u1ec3 b\u1ea3o v\u1ec7 l\u00e2u d\u00e0i. S\u1ea3n ph\u1ea9m \u0111\u00e1ng tin c\u1eady n\u00e0y <a href=\"https:\/\/mountlaser.com\/vi\/danh-muc-san-pham\/surveying-accessory\/\"><strong data-start=\"475\" data-end=\"489\">T\u00fai \u0111\u1ef1ng ch\u00e2n m\u00e1y<\/strong> <\/a>\u0110\u00e2y l\u00e0 gi\u1ea3i ph\u00e1p l\u00fd t\u01b0\u1edfng cho c\u00e1c nh\u00e0 kh\u1ea3o s\u00e1t, k\u1ef9 s\u01b0 v\u00e0 chuy\u00ean gia x\u00e2y d\u1ef1ng c\u1ea7n ph\u01b0\u01a1ng ti\u1ec7n v\u1eadn chuy\u1ec3n thi\u1ebft b\u1ecb \u0111\u00e1ng tin c\u1eady.<\/p>\n<p data-start=\"111\" data-end=\"599\"><img fetchpriority=\"high\" decoding=\"async\" class=\"aligncenter wp-image-5914\" src=\"https:\/\/mountlaser.com\/wp-content\/uploads\/2025\/12\/SC85013-14.webp\" alt=\"SC85013 Soft Case\" width=\"500\" height=\"500\" srcset=\"https:\/\/mountlaser.com\/wp-content\/uploads\/2025\/12\/SC85013-14.webp 1000w, https:\/\/mountlaser.com\/wp-content\/uploads\/2025\/12\/SC85013-14-300x300.webp 300w, https:\/\/mountlaser.com\/wp-content\/uploads\/2025\/12\/SC85013-14-150x150.webp 150w, https:\/\/mountlaser.com\/wp-content\/uploads\/2025\/12\/SC85013-14-768x768.webp 768w, https:\/\/mountlaser.com\/wp-content\/uploads\/2025\/12\/SC85013-14-12x12.webp 12w, https:\/\/mountlaser.com\/wp-content\/uploads\/2025\/12\/SC85013-14-600x600.webp 600w, https:\/\/mountlaser.com\/wp-content\/uploads\/2025\/12\/SC85013-14-800x800.webp 800w, https:\/\/mountlaser.com\/wp-content\/uploads\/2025\/12\/SC85013-14-400x400.webp 400w\" sizes=\"(max-width: 500px) 100vw, 500px\" \/><\/p>\n<p data-start=\"601\" data-end=\"1053\">V\u1edbi kh\u00f3a d\u00e2y r\u00fat ch\u1eafc ch\u1eafn, t\u00fai \u0111\u1ef1ng m\u1ec1m SC85013 cho ph\u00e9p truy c\u1eadp nhanh ch\u00f3ng \u0111\u1ed3ng th\u1eddi b\u1ea3o v\u1ec7 ch\u00e2n m\u00e1y kh\u1ecfi b\u1ee5i, h\u01a1i \u1ea9m v\u00e0 va \u0111\u1eadp. L\u00e0 m\u1ed9t t\u00fai \u0111\u1ef1ng ch\u00e2n m\u00e1y \u0111a n\u0103ng, n\u00f3 c\u00f3 chi\u1ec1u d\u00e0i 120 cm (SC85013), ph\u00f9 h\u1ee3p v\u1edbi c\u00e1c ch\u00e2n m\u00e1y d\u00e0i h\u01a1n \u0111\u01b0\u1ee3c s\u1eed d\u1ee5ng trong c\u00e1c \u1ee9ng d\u1ee5ng kh\u1ea3o s\u00e1t chuy\u00ean nghi\u1ec7p. Cho d\u00f9 \u0111\u1ec3 c\u1ea5t gi\u1eef hay v\u1eadn chuy\u1ec3n, chi\u1ebfc t\u00fai n\u00e0y \u0111\u1ec1u r\u1ea5t ti\u1ec7n d\u1ee5ng. <a href=\"https:\/\/mountlaser.com\/vi\/about-us\/\">T\u00fai \u0111\u1ef1ng ch\u00e2n m\u00e1y<\/a> Cung c\u1ea5p gi\u1ea3i ph\u00e1p hi\u1ec7u qu\u1ea3 \u0111\u1ec3 k\u00e9o d\u00e0i tu\u1ed5i th\u1ecd ch\u00e2n m\u00e1y v\u00e0 n\u00e2ng cao hi\u1ec7u qu\u1ea3 c\u00f4ng vi\u1ec7c t\u1ea1i c\u00f4ng tr\u01b0\u1eddng.<\/p>","protected":false},"excerpt":{"rendered":"<ul>\n<li>Ch\u1ea5t li\u1ec7u: Th\u00e2n b\u1eb1ng s\u1ee3i b\u1ec1n ch\u1eafc v\u1edbi \u0111\u00e1y \u0111\u01b0\u1ee3c gia c\u1ed1.<\/li>\n<li>Ki\u1ec3u c\u00e0i khuy: Thi\u1ebft k\u1ebf d\u00e2y r\u00fat \u1edf ph\u1ea7n tr\u00ean.<\/li>\n<li>Chi\u1ec1u d\u00e0i: 120 cm<\/li>\n<li>\u1ee8ng d\u1ee5ng: V\u1eadn chuy\u1ec3n v\u00e0 b\u1ea3o qu\u1ea3n an to\u00e0n c\u00e1c ch\u00e2n \u0111\u1ebf d\u1ee5ng c\u1ee5.<\/li>\n<li>B\u1ea3o v\u1ec7 ch\u00e2n m\u00e1y kh\u1ecfi b\u1ee5i, h\u01a1i \u1ea9m v\u00e0 s\u1ef1 m\u00e0i m\u00f2n.<\/li>\n<li>\u0110\u00e1y ch\u1ed1ng th\u1ea5m \u0111\u01b0\u1ee3c gia c\u1ed1 \u0111\u1ec3 ch\u1ecbu \u0111\u01b0\u1ee3c \u0111i\u1ec1u ki\u1ec7n c\u00f4ng tr\u01b0\u1eddng kh\u1eafc nghi\u1ec7t.<\/li>\n<\/ul>","protected":false},"featured_media":5915,"comment_status":"open","ping_status":"closed","template":"","meta":[],"product_brand":[],"product_cat":[164,79],"product_tag":[],"class_list":{"0":"post-5913","1":"product","2":"type-product","3":"status-publish","4":"has-post-thumbnail","6":"product_cat-soft-case","7":"product_cat-surveying-accessory","9":"first","10":"instock","11":"shipping-taxable","12":"product-type-simple"},"_links":{"self":[{"href":"https:\/\/mountlaser.com\/vi\/wp-json\/wp\/v2\/product\/5913","targetHints":{"allow":["GET"]}}],"collection":[{"href":"https:\/\/mountlaser.com\/vi\/wp-json\/wp\/v2\/product"}],"about":[{"href":"https:\/\/mountlaser.com\/vi\/wp-json\/wp\/v2\/types\/product"}],"replies":[{"embeddable":true,"href":"https:\/\/mountlaser.com\/vi\/wp-json\/wp\/v2\/comments?post=5913"}],"wp:featuredmedia":[{"embeddable":true,"href":"https:\/\/mountlaser.com\/vi\/wp-json\/wp\/v2\/media\/5915"}],"wp:attachment":[{"href":"https:\/\/mountlaser.com\/vi\/wp-json\/wp\/v2\/media?parent=5913"}],"wp:term":[{"taxonomy":"product_brand","embeddable":true,"href":"https:\/\/mountlaser.com\/vi\/wp-json\/wp\/v2\/product_brand?post=5913"},{"taxonomy":"product_cat","embeddable":true,"href":"https:\/\/mountlaser.com\/vi\/wp-json\/wp\/v2\/product_cat?post=5913"},{"taxonomy":"product_tag","embeddable":true,"href":"https:\/\/mountlaser.com\/vi\/wp-json\/wp\/v2\/product_tag?post=5913"}],"curies":[{"name":"trang web","href":"https:\/\/api.w.org\/{rel}","templated":true}]}}