{"id":5912,"date":"2025-12-15T08:11:11","date_gmt":"2025-12-15T08:11:11","guid":{"rendered":"https:\/\/mountlaser.com\/?post_type=product&#038;p=5912"},"modified":"2025-12-15T08:11:12","modified_gmt":"2025-12-15T08:11:12","slug":"sc-ta02-soft-case","status":"publish","type":"product","link":"https:\/\/mountlaser.com\/vi\/san-pham\/sc-ta02-soft-case\/","title":{"rendered":"Bao da m\u1ec1m SC-TA02"},"content":{"rendered":"<p data-start=\"111\" data-end=\"598\">C\u00e1i <a href=\"https:\/\/mountlaser.com\/vi\/\"><strong data-start=\"115\" data-end=\"136\">Bao da m\u1ec1m SC-TA02<\/strong><\/a> l\u00e0 m\u1ed9t s\u1ea3n ph\u1ea9m b\u1ec1n v\u00e0 thi\u1ebft th\u1ef1c. <a href=\"https:\/\/mountlaser.com\/vi\/danh-muc-san-pham\/surveying-accessory\/\"><strong data-start=\"164\" data-end=\"209\">Bao \u0111\u1ef1ng m\u1ec1m h\u00ecnh vu\u00f4ng cho ch\u00e2n m\u00e1y v\u00e0 b\u1ed9 chuy\u1ec3n \u0111\u1ed5i<\/strong><\/a>, \u0110\u01b0\u1ee3c thi\u1ebft k\u1ebf \u0111\u1eb7c bi\u1ec7t \u0111\u1ec3 b\u1ea3o v\u1ec7 c\u00e1c ph\u1ee5 ki\u1ec7n \u0111o \u0111\u1ea1c ch\u00ednh x\u00e1c trong qu\u00e1 tr\u00ecnh v\u1eadn chuy\u1ec3n v\u00e0 b\u1ea3o qu\u1ea3n. V\u1edbi l\u1edbp v\u1ecf ngo\u00e0i m\u00e0u v\u00e0ng n\u1ed5i b\u1eadt, d\u00e2y \u0111eo m\u00e0u \u0111en v\u00e0 l\u1edbp l\u00f3t b\u00ean trong m\u00e0u \u0111en b\u1ea3o v\u1ec7, h\u1ed9p \u0111\u1ef1ng m\u1ec1m SC-TA02 k\u1ebft h\u1ee3p s\u1ef1 an to\u00e0n, \u0111\u1ed9 b\u1ec1n v\u00e0 v\u1ebb ngo\u00e0i chuy\u00ean nghi\u1ec7p cho vi\u1ec7c s\u1eed d\u1ee5ng h\u00e0ng ng\u00e0y ngo\u00e0i hi\u1ec7n tr\u01b0\u1eddng. Thi\u1ebft k\u1ebf h\u00ecnh vu\u00f4ng \u0111\u1ea3m b\u1ea3o s\u1ef1 v\u1eeba kh\u00edt ch\u00ednh x\u00e1c cho c\u00e1c ch\u00e2n \u0111\u1ebf v\u00e0 b\u1ed9 chuy\u1ec3n \u0111\u1ed5i, gi\u1ea3m thi\u1ec3u s\u1ef1 di chuy\u1ec3n b\u00ean trong h\u1ed9p.<\/p>\n<p data-start=\"111\" data-end=\"598\"><img fetchpriority=\"high\" decoding=\"async\" class=\"aligncenter wp-image-5767\" src=\"https:\/\/mountlaser.com\/wp-content\/uploads\/2025\/12\/SC-TA026.webp\" alt=\"SC-TA02 soft case\" width=\"500\" height=\"500\" srcset=\"https:\/\/mountlaser.com\/wp-content\/uploads\/2025\/12\/SC-TA026.webp 1000w, https:\/\/mountlaser.com\/wp-content\/uploads\/2025\/12\/SC-TA026-300x300.webp 300w, https:\/\/mountlaser.com\/wp-content\/uploads\/2025\/12\/SC-TA026-150x150.webp 150w, https:\/\/mountlaser.com\/wp-content\/uploads\/2025\/12\/SC-TA026-768x768.webp 768w, https:\/\/mountlaser.com\/wp-content\/uploads\/2025\/12\/SC-TA026-12x12.webp 12w, https:\/\/mountlaser.com\/wp-content\/uploads\/2025\/12\/SC-TA026-600x600.webp 600w, https:\/\/mountlaser.com\/wp-content\/uploads\/2025\/12\/SC-TA026-800x800.webp 800w, https:\/\/mountlaser.com\/wp-content\/uploads\/2025\/12\/SC-TA026-400x400.webp 400w\" sizes=\"(max-width: 500px) 100vw, 500px\" \/><\/p>\n<p data-start=\"600\" data-end=\"1053\">V\u1edbi thi\u1ebft k\u1ebf kh\u00f3a k\u00e9o ph\u00eda tr\u00ean tr\u01a1n tru, t\u00fai \u0111\u1ef1ng m\u1ec1m SC-TA02 cho ph\u00e9p truy c\u1eadp nhanh ch\u00f3ng v\u00e0 d\u1ec5 d\u00e0ng v\u00e0o thi\u1ebft b\u1ecb trong khi v\u1eabn \u0111\u1ea3m b\u1ea3o \u0111\u00f3ng k\u00edn an to\u00e0n. L\u00e0 m\u1ed9t t\u00fai \u0111\u1ef1ng m\u1ec1m h\u00ecnh vu\u00f4ng \u0111\u00e1ng tin c\u1eady d\u00e0nh cho ch\u00e2n m\u00e1y v\u00e0 b\u1ed9 chuy\u1ec3n \u0111\u1ed5i, n\u00f3 gi\u00fap b\u1ea3o v\u1ec7 kh\u1ecfi b\u1ee5i, tr\u1ea7y x\u01b0\u1edbc v\u00e0 va \u0111\u1eadp nh\u1eb9. Cho d\u00f9 \u0111\u01b0\u1ee3c s\u1eed d\u1ee5ng t\u1ea1i c\u00f4ng tr\u01b0\u1eddng x\u00e2y d\u1ef1ng hay trong qu\u00e1 tr\u00ecnh v\u1eadn chuy\u1ec3n, chi\u1ebfc t\u00fai n\u00e0y \u0111\u1ec1u r\u1ea5t h\u1eefu \u00edch. <a href=\"https:\/\/mountlaser.com\/vi\/contact-us\/\">Bao \u0111\u1ef1ng m\u1ec1m h\u00ecnh vu\u00f4ng cho ch\u00e2n m\u00e1y v\u00e0 b\u1ed9 chuy\u1ec3n \u0111\u1ed5i<\/a> Cung c\u1ea5p kh\u1ea3 n\u0103ng b\u1ea3o v\u1ec7 \u0111\u00e1ng tin c\u1eady v\u00e0 k\u00e9o d\u00e0i tu\u1ed5i th\u1ecd c\u1ee7a c\u00e1c d\u1ee5ng c\u1ee5 kh\u1ea3o s\u00e1t c\u1ee7a b\u1ea1n.<\/p>","protected":false},"excerpt":{"rendered":"<ul>\n<li>Lo\u1ea1i: T\u00fai m\u1ec1m h\u00ecnh vu\u00f4ng \u0111\u1ef1ng ch\u00e2n m\u00e1y v\u00e0 b\u1ed9 chuy\u1ec3n \u0111\u1ed5i<\/li>\n<li>Thi\u1ebft k\u1ebf: H\u00ecnh vu\u00f4ng gi\u00fap \u0111\u1eb7t thi\u1ebft b\u1ecb \u1ed5n \u0111\u1ecbnh.<\/li>\n<li>B\u00ean ngo\u00e0i: V\u1ecf m\u00e0u v\u00e0ng v\u1edbi d\u00e2y \u0111eo m\u00e0u \u0111en \u0111\u1ec3 d\u1ec5 nh\u1eadn bi\u1ebft.<\/li>\n<li>B\u1ea3o v\u1ec7 ch\u00e2n m\u00e1y v\u00e0 b\u1ed9 chuy\u1ec3n \u0111\u1ed5i kh\u1ecfi b\u1ee5i, tr\u1ea7y x\u01b0\u1edbc v\u00e0 c\u00e1c va ch\u1ea1m nh\u1ecf.<\/li>\n<li>Gi\u00fap s\u1eafp x\u1ebfp v\u00e0 b\u1ea3o qu\u1ea3n thi\u1ebft b\u1ecb g\u1ecdn g\u00e0ng v\u00e0 an to\u00e0n trong qu\u00e1 tr\u00ecnh v\u1eadn chuy\u1ec3n.<\/li>\n<li>Thi\u1ebft k\u1ebf kh\u00f3a k\u00e9o tr\u00ean c\u00f9ng b\u1ec1n ch\u1eafc gi\u00fap truy c\u1eadp nhanh ch\u00f3ng.<\/li>\n<\/ul>","protected":false},"featured_media":5767,"comment_status":"open","ping_status":"closed","template":"","meta":[],"product_brand":[],"product_cat":[164,79],"product_tag":[],"class_list":{"0":"post-5912","1":"product","2":"type-product","3":"status-publish","4":"has-post-thumbnail","6":"product_cat-soft-case","7":"product_cat-surveying-accessory","9":"first","10":"instock","11":"shipping-taxable","12":"product-type-simple"},"_links":{"self":[{"href":"https:\/\/mountlaser.com\/vi\/wp-json\/wp\/v2\/product\/5912","targetHints":{"allow":["GET"]}}],"collection":[{"href":"https:\/\/mountlaser.com\/vi\/wp-json\/wp\/v2\/product"}],"about":[{"href":"https:\/\/mountlaser.com\/vi\/wp-json\/wp\/v2\/types\/product"}],"replies":[{"embeddable":true,"href":"https:\/\/mountlaser.com\/vi\/wp-json\/wp\/v2\/comments?post=5912"}],"wp:featuredmedia":[{"embeddable":true,"href":"https:\/\/mountlaser.com\/vi\/wp-json\/wp\/v2\/media\/5767"}],"wp:attachment":[{"href":"https:\/\/mountlaser.com\/vi\/wp-json\/wp\/v2\/media?parent=5912"}],"wp:term":[{"taxonomy":"product_brand","embeddable":true,"href":"https:\/\/mountlaser.com\/vi\/wp-json\/wp\/v2\/product_brand?post=5912"},{"taxonomy":"product_cat","embeddable":true,"href":"https:\/\/mountlaser.com\/vi\/wp-json\/wp\/v2\/product_cat?post=5912"},{"taxonomy":"product_tag","embeddable":true,"href":"https:\/\/mountlaser.com\/vi\/wp-json\/wp\/v2\/product_tag?post=5912"}],"curies":[{"name":"trang web","href":"https:\/\/api.w.org\/{rel}","templated":true}]}}