{"id":5905,"date":"2025-12-15T07:34:40","date_gmt":"2025-12-15T07:34:40","guid":{"rendered":"https:\/\/mountlaser.com\/?post_type=product&#038;p=5905"},"modified":"2025-12-15T07:34:40","modified_gmt":"2025-12-15T07:34:40","slug":"hc-tm30-hard-case","status":"publish","type":"product","link":"https:\/\/mountlaser.com\/vi\/san-pham\/hc-tm30-hard-case\/","title":{"rendered":"H\u1ed9p \u0111\u1ef1ng c\u1ee9ng HC-TM30"},"content":{"rendered":"<p>C\u00e1i <!--StartFragment --><a href=\"https:\/\/mountlaser.com\/vi\/\"><strong><span class=\"cf0\">H\u1ed9p \u0111\u1ef1ng c\u1ee9ng HC-TM30<\/span><\/strong><\/a><!--EndFragment -->\u00a0l\u00e0 m\u1ed9t t\u1ed5 ch\u1ee9c m\u1ea1nh m\u1ebd v\u00e0 chuy\u00ean nghi\u1ec7p. <a href=\"https:\/\/mountlaser.com\/vi\/danh-muc-san-pham\/surveying-accessory\/\"><strong>H\u1ed9p \u0111\u1ef1ng b\u1eb1ng nh\u1ef1a<\/strong><\/a> \u0110\u01b0\u1ee3c thi\u1ebft k\u1ebf \u0111\u1eb7c bi\u1ec7t \u0111\u1ec3 b\u1ea3o v\u1ec7 m\u00e1y to\u00e0n \u0111\u1ea1c \u0111i\u1ec7n t\u1eed Th\u1ee5y S\u0129 TM30 v\u00e0 TM50 trong qu\u00e1 tr\u00ecnh v\u1eadn chuy\u1ec3n v\u00e0 b\u1ea3o qu\u1ea3n. V\u1edbi l\u1edbp v\u1ecf ngo\u00e0i m\u00e0u \u0111\u1ecf b\u1ec1n ch\u1eafc v\u00e0 l\u1edbp l\u00f3t b\u00ean trong m\u00e0u \u0111en ch\u1ed1ng s\u1ed1c, h\u1ed9p \u0111\u1ef1ng c\u1ee9ng HC-TM30 \u0111\u1ea3m b\u1ea3o d\u1ee5ng c\u1ee5 ch\u00ednh x\u00e1c c\u1ee7a b\u1ea1n lu\u00f4n \u0111\u01b0\u1ee3c an to\u00e0n v\u00e0 b\u1ea3o v\u1ec7 t\u1ed1t trong \u0111i\u1ec1u ki\u1ec7n l\u00e0m vi\u1ec7c kh\u1eafc nghi\u1ec7t. C\u1ea5u tr\u00fac nh\u1ef1a ch\u1eafc ch\u1eafn k\u1ebft h\u1ee3p v\u1edbi ch\u1ed1t kh\u00f3a kim lo\u1ea1i m\u00e0u b\u1ea1c mang l\u1ea1i \u0111\u1ed9 b\u1ec1n v\u00e0 s\u1ef1 an to\u00e0n \u0111\u00e1ng tin c\u1eady.<\/p>\n<p><img fetchpriority=\"high\" decoding=\"async\" class=\"aligncenter wp-image-5910\" src=\"https:\/\/mountlaser.com\/wp-content\/uploads\/2025\/12\/HC-TM305.webp\" alt=\"HC-TM30 Hard Case\" width=\"500\" height=\"500\" srcset=\"https:\/\/mountlaser.com\/wp-content\/uploads\/2025\/12\/HC-TM305.webp 1000w, https:\/\/mountlaser.com\/wp-content\/uploads\/2025\/12\/HC-TM305-300x300.webp 300w, https:\/\/mountlaser.com\/wp-content\/uploads\/2025\/12\/HC-TM305-150x150.webp 150w, https:\/\/mountlaser.com\/wp-content\/uploads\/2025\/12\/HC-TM305-768x768.webp 768w, https:\/\/mountlaser.com\/wp-content\/uploads\/2025\/12\/HC-TM305-12x12.webp 12w, https:\/\/mountlaser.com\/wp-content\/uploads\/2025\/12\/HC-TM305-600x600.webp 600w, https:\/\/mountlaser.com\/wp-content\/uploads\/2025\/12\/HC-TM305-800x800.webp 800w, https:\/\/mountlaser.com\/wp-content\/uploads\/2025\/12\/HC-TM305-400x400.webp 400w\" sizes=\"(max-width: 500px) 100vw, 500px\" \/><\/p>\n<p>\u0110\u01b0\u1ee3c thi\u1ebft k\u1ebf d\u00e0nh cho c\u00e1c nh\u00e0 kh\u1ea3o s\u00e1t chuy\u00ean nghi\u1ec7p, h\u1ed9p \u0111\u1ef1ng c\u1ee9ng HC-TM30 c\u00f3 kh\u1ea3 n\u0103ng ch\u1ed1ng va \u0111\u1eadp, b\u1ee5i b\u1ea9n v\u00e0 hao m\u00f2n h\u00e0ng ng\u00e0y tuy\u1ec7t v\u1eddi. L\u00e0 m\u1ed9t h\u1ed9p \u0111\u1ef1ng b\u1eb1ng nh\u1ef1a ch\u1ea5t l\u01b0\u1ee3ng cao, n\u00f3 gi\u1eef cho m\u00e1y to\u00e0n \u0111\u1ea1c c\u1ed1 \u0111\u1ecbnh ch\u1eafc ch\u1eafn, gi\u1ea3m thi\u1ec3u s\u1ef1 di chuy\u1ec3n v\u00e0 ng\u0103n ng\u1eeba h\u01b0 h\u1ecfng. Cho d\u00f9 \u1edf c\u00f4ng tr\u01b0\u1eddng hay \u0111ang v\u1eadn chuy\u1ec3n, h\u1ed9p \u0111\u1ef1ng n\u00e0y \u0111\u1ec1u r\u1ea5t h\u1eefu \u00edch. <a href=\"https:\/\/mountlaser.com\/vi\/contact-us\/\">H\u1ed9p \u0111\u1ef1ng b\u1eb1ng nh\u1ef1a<\/a> Cung c\u1ea5p kh\u1ea3 n\u0103ng b\u1ea3o v\u1ec7 \u0111\u00e1ng tin c\u1eady v\u00e0 k\u00e9o d\u00e0i tu\u1ed5i th\u1ecd cho thi\u1ebft b\u1ecb qu\u00fd gi\u00e1 c\u1ee7a b\u1ea1n.<\/p>","protected":false},"excerpt":{"rendered":"<ul>\n<li>B\u1ea3o v\u1ec7 m\u00e1y to\u00e0n \u0111\u1ea1c \u0111i\u1ec7n t\u1eed TM30 v\u00e0 TM50 c\u1ee7a Th\u1ee5y S\u0129 trong qu\u00e1 tr\u00ecnh v\u1eadn chuy\u1ec3n v\u00e0 l\u01b0u tr\u1eef.<\/li>\n<li>Ng\u0103n ng\u1eeba va \u0111\u1eadp, tr\u1ea7y x\u01b0\u1edbc v\u00e0 h\u01b0 h\u1ecfng do tai n\u1ea1n.<\/li>\n<li>Gi\u1eef thi\u1ebft b\u1ecb \u1ed5n \u0111\u1ecbnh v\u00e0 an to\u00e0n v\u1edbi h\u1ec7 th\u1ed1ng kh\u00f3a \u0111\u01b0\u1ee3c gia c\u1ed1.<\/li>\n<li>T\u01b0\u01a1ng th\u00edch v\u1edbi: M\u00e1y to\u00e0n \u0111\u1ea1c \u0111i\u1ec7n t\u1eed Th\u1ee5y S\u0129 TM30 \/ TM50<\/li>\n<li>B\u00ean ngo\u00e0i: V\u1ecf c\u1ee9ng m\u00e0u \u0111\u1ecf gi\u00fap t\u0103ng kh\u1ea3 n\u0103ng nh\u1eadn di\u1ec7n v\u00e0 \u0111\u1ed9 b\u1ec1n.<\/li>\n<li>B\u00ean trong: L\u1edbp l\u00f3t b\u1ea3o v\u1ec7 m\u00e0u \u0111en v\u1edbi \u0111\u1ed9 v\u1eeba v\u1eb7n ch\u00ednh x\u00e1c.<\/li>\n<li>Kh\u00f3a: Ch\u1ed1t kim lo\u1ea1i m\u00e0u b\u1ea1c gi\u00fap \u0111\u00f3ng m\u1edf ch\u1eafc ch\u1eafn.<\/li>\n<\/ul>","protected":false},"featured_media":5909,"comment_status":"open","ping_status":"closed","template":"","meta":[],"product_brand":[],"product_cat":[163,79],"product_tag":[],"class_list":{"0":"post-5905","1":"product","2":"type-product","3":"status-publish","4":"has-post-thumbnail","6":"product_cat-hard-case","7":"product_cat-surveying-accessory","9":"first","10":"instock","11":"shipping-taxable","12":"product-type-simple"},"_links":{"self":[{"href":"https:\/\/mountlaser.com\/vi\/wp-json\/wp\/v2\/product\/5905","targetHints":{"allow":["GET"]}}],"collection":[{"href":"https:\/\/mountlaser.com\/vi\/wp-json\/wp\/v2\/product"}],"about":[{"href":"https:\/\/mountlaser.com\/vi\/wp-json\/wp\/v2\/types\/product"}],"replies":[{"embeddable":true,"href":"https:\/\/mountlaser.com\/vi\/wp-json\/wp\/v2\/comments?post=5905"}],"wp:featuredmedia":[{"embeddable":true,"href":"https:\/\/mountlaser.com\/vi\/wp-json\/wp\/v2\/media\/5909"}],"wp:attachment":[{"href":"https:\/\/mountlaser.com\/vi\/wp-json\/wp\/v2\/media?parent=5905"}],"wp:term":[{"taxonomy":"product_brand","embeddable":true,"href":"https:\/\/mountlaser.com\/vi\/wp-json\/wp\/v2\/product_brand?post=5905"},{"taxonomy":"product_cat","embeddable":true,"href":"https:\/\/mountlaser.com\/vi\/wp-json\/wp\/v2\/product_cat?post=5905"},{"taxonomy":"product_tag","embeddable":true,"href":"https:\/\/mountlaser.com\/vi\/wp-json\/wp\/v2\/product_tag?post=5905"}],"curies":[{"name":"trang web","href":"https:\/\/api.w.org\/{rel}","templated":true}]}}