{"id":5901,"date":"2025-12-15T07:01:26","date_gmt":"2025-12-15T07:01:26","guid":{"rendered":"https:\/\/mountlaser.com\/?post_type=product&#038;p=5901"},"modified":"2025-12-15T07:10:17","modified_gmt":"2025-12-15T07:10:17","slug":"sn06-surveying-nail","status":"publish","type":"product","link":"https:\/\/mountlaser.com\/vi\/san-pham\/sn06-surveying-nail\/","title":{"rendered":"\u0110inh \u0111o SN06"},"content":{"rendered":"<div>\n<p data-start=\"114\" data-end=\"619\">C\u00e1i<a href=\"https:\/\/mountlaser.com\/vi\/\"> <strong data-start=\"118\" data-end=\"141\">\u0110inh \u0111o SN06<\/strong><\/a> C\u1ecdc kh\u1ea3o s\u00e1t SN06 l\u00e0 m\u1ed9t lo\u1ea1i c\u1ecdc b\u1ec1n ch\u1eafc v\u00e0 chuy\u00ean nghi\u1ec7p, \u0111\u01b0\u1ee3c thi\u1ebft k\u1ebf \u0111\u1ec3 thi\u1ebft l\u1eadp v\u00e0 x\u00e1c \u0111\u1ecbnh c\u00e1c \u0111i\u1ec3m tham chi\u1ebfu m\u1eb7t \u0111\u1ea5t ch\u00ednh x\u00e1c v\u1edbi \u0111\u1ed9 ch\u00ednh x\u00e1c v\u00e0 \u0111\u1ed9 tin c\u1eady cao. \u0110\u01b0\u1ee3c l\u00e0m t\u1eeb s\u1eaft m\u1ea1 k\u1ebdm ch\u1ea5t l\u01b0\u1ee3ng cao, c\u1ecdc kh\u1ea3o s\u00e1t SN06 c\u00f3 kh\u1ea3 n\u0103ng ch\u1ed1ng \u0103n m\u00f2n tuy\u1ec7t v\u1eddi v\u00e0 hi\u1ec7u su\u1ea5t l\u00e2u d\u00e0i trong m\u00f4i tr\u01b0\u1eddng ngo\u00e0i tr\u1eddi kh\u1eafc nghi\u1ec7t. Thi\u1ebft k\u1ebf \u0111\u1ea7u tr\u00f2n ph\u1eb3ng gi\u00fap n\u00f3 tr\u1edf th\u00e0nh m\u1ed9t d\u1ee5ng c\u1ee5 \u0111\u00e1ng tin c\u1eady. <a href=\"https:\/\/mountlaser.com\/vi\/danh-muc-san-pham\/surveying-accessory\/\"><strong data-start=\"510\" data-end=\"546\">\u0110inh kh\u1ea3o s\u00e1t c\u00f3 \u0111\u1ea7u tr\u00f2n d\u1eb9t<\/strong><\/a>, \u0110\u1ea3m b\u1ea3o t\u1ea7m nh\u00ecn r\u00f5 r\u00e0ng v\u00e0 v\u1ecb tr\u00ed \u1ed5n \u0111\u1ecbnh trong qu\u00e1 tr\u00ecnh ho\u1ea1t \u0111\u1ed9ng ngo\u00e0i hi\u1ec7n tr\u01b0\u1eddng.<\/p>\n<p data-start=\"621\" data-end=\"1151\">\u0110\u01b0\u1ee3c s\u1eed d\u1ee5ng r\u1ed9ng r\u00e3i trong kh\u1ea3o s\u00e1t k\u1ef9 thu\u1eadt, b\u1ed1 tr\u00ed c\u00f4ng tr\u00ecnh v\u00e0 l\u1eadp b\u1ea3n \u0111\u1ed3 \u0111\u1ecba ch\u00ednh, c\u1ecdc \u0111o \u0111\u1ea1c SN06 cung c\u1ea5p \u0111i\u1ec3m tham chi\u1ebfu \u1ed5n \u0111\u1ecbnh v\u00e0 l\u00e2u d\u00e0i cho c\u00e1c ph\u00e9p \u0111o quan tr\u1ecdng. C\u00f3 \u0111\u01b0\u1eddng k\u00ednh 8,8 mm v\u1edbi chi\u1ec1u d\u00e0i 55 mm v\u00e0 100 mm, <a href=\"https:\/\/mountlaser.com\/vi\/contact-us\/\">\u0110inh \u0111o SN06<\/a> D\u1ec5 d\u00e0ng th\u00edch \u1ee9ng v\u1edbi c\u00e1c \u0111i\u1ec1u ki\u1ec7n \u0111\u1ecba h\u00ecnh kh\u00e1c nhau. L\u00e0 m\u1ed9t lo\u1ea1i \u0111inh \u0111o \u0111\u1ea1c chuy\u00ean nghi\u1ec7p v\u1edbi \u0111\u1ea7u tr\u00f2n d\u1eb9t, n\u00f3 mang l\u1ea1i kh\u1ea3 n\u0103ng l\u1eafp \u0111\u1eb7t d\u1ec5 d\u00e0ng, neo gi\u1eef ch\u1eafc ch\u1eafn v\u00e0 \u0111\u1ecbnh v\u1ecb \u1ed5n \u0111\u1ecbnh, tr\u1edf th\u00e0nh c\u00f4ng c\u1ee5 thi\u1ebft y\u1ebfu cho c\u00e1c nh\u00e0 \u0111o \u0111\u1ea1c d\u1ef1a v\u00e0o \u0111\u1ed9 ch\u00ednh x\u00e1c v\u00e0 \u0111\u1ed9 b\u1ec1n.<\/p>\n<table style=\"border-collapse: collapse; width: 1002.02pt;\" border=\"0\" width=\"1336\" cellspacing=\"0\" cellpadding=\"0\">\n<tbody>\n<tr style=\"height: 14.25pt;\">\n<td class=\"et2\" style=\"height: 14.25pt; width: 127.50pt;\" width=\"170\" height=\"19\">CON S\u1ed0<\/td>\n<td class=\"et3\" style=\"width: 196.50pt;\" width=\"262\">TH\u1ecaT<\/td>\n<td class=\"et3\" style=\"width: 213.00pt;\" width=\"284\">\u0110\u01af\u1edcNG K\u00cdNH D<\/td>\n<td class=\"et3\" style=\"width: 93.75pt;\" width=\"125\">C\u1ee0 L<\/td>\n<td class=\"et3\" style=\"width: 170.25pt;\" width=\"227\">S\u1ed1 l\u01b0\u1ee3ng \u0111\u1eb7t h\u00e0ng t\u1ed1i thi\u1ec3u (c\u00e1i)<\/td>\n<td class=\"et4\" style=\"width: 201.00pt;\" width=\"268\">H\u00ccNH \u1ea2NH<\/td>\n<\/tr>\n<tr style=\"height: 14.25pt;\">\n<td class=\"et5\" style=\"height: 14.25pt;\" height=\"19\">SN06-88055\/88100<\/td>\n<td class=\"et5\">S\u1eaft m\u1ea1 k\u1ebdm<\/td>\n<td class=\"et5\">8,8mm<\/td>\n<td class=\"et5\">55\/100mm<\/td>\n<td class=\"et6\">1000<\/td>\n<td class=\"et7\"><img fetchpriority=\"high\" decoding=\"async\" class=\"alignnone wp-image-5904\" src=\"https:\/\/mountlaser.com\/wp-content\/uploads\/2025\/12\/SN063.webp\" alt=\"SN06 Surveying Nail\" width=\"500\" height=\"500\" srcset=\"https:\/\/mountlaser.com\/wp-content\/uploads\/2025\/12\/SN063.webp 1000w, https:\/\/mountlaser.com\/wp-content\/uploads\/2025\/12\/SN063-300x300.webp 300w, https:\/\/mountlaser.com\/wp-content\/uploads\/2025\/12\/SN063-150x150.webp 150w, https:\/\/mountlaser.com\/wp-content\/uploads\/2025\/12\/SN063-768x768.webp 768w, https:\/\/mountlaser.com\/wp-content\/uploads\/2025\/12\/SN063-12x12.webp 12w, https:\/\/mountlaser.com\/wp-content\/uploads\/2025\/12\/SN063-600x600.webp 600w, https:\/\/mountlaser.com\/wp-content\/uploads\/2025\/12\/SN063-800x800.webp 800w, https:\/\/mountlaser.com\/wp-content\/uploads\/2025\/12\/SN063-400x400.webp 400w\" sizes=\"(max-width: 500px) 100vw, 500px\" \/><\/td>\n<\/tr>\n<\/tbody>\n<\/table>\n<\/div>","protected":false},"excerpt":{"rendered":"<ul>\n<li>V\u1eadt li\u1ec7u: S\u1eaft m\u1ea1 k\u1ebdm, c\u00f3 \u0111\u1ed9 b\u1ec1n v\u00e0 kh\u1ea3 n\u0103ng ch\u1ed1ng \u0103n m\u00f2n.<\/li>\n<li>Thi\u1ebft k\u1ebf \u0111\u1ea7u tr\u00f2n ph\u1eb3ng gi\u00fap t\u0103ng kh\u1ea3 n\u0103ng quan s\u00e1t v\u00e0 \u0111\u1ed9 \u1ed5n \u0111\u1ecbnh.<\/li>\n<li>\u0110inh \u0111o \u0111\u1ea1c \u0111\u00e1ng tin c\u1eady v\u1edbi \u0111\u1ea7u tr\u00f2n d\u1eb9t, th\u00edch h\u1ee3p cho c\u00e1c \u1ee9ng d\u1ee5ng \u0111o \u0111\u1ea1c chuy\u00ean nghi\u1ec7p.<\/li>\n<\/ul>","protected":false},"featured_media":5902,"comment_status":"open","ping_status":"closed","template":"","meta":[],"product_brand":[],"product_cat":[152,79],"product_tag":[],"class_list":{"0":"post-5901","1":"product","2":"type-product","3":"status-publish","4":"has-post-thumbnail","6":"product_cat-surveying-marker","7":"product_cat-surveying-accessory","9":"first","10":"instock","11":"shipping-taxable","12":"product-type-simple"},"_links":{"self":[{"href":"https:\/\/mountlaser.com\/vi\/wp-json\/wp\/v2\/product\/5901","targetHints":{"allow":["GET"]}}],"collection":[{"href":"https:\/\/mountlaser.com\/vi\/wp-json\/wp\/v2\/product"}],"about":[{"href":"https:\/\/mountlaser.com\/vi\/wp-json\/wp\/v2\/types\/product"}],"replies":[{"embeddable":true,"href":"https:\/\/mountlaser.com\/vi\/wp-json\/wp\/v2\/comments?post=5901"}],"wp:featuredmedia":[{"embeddable":true,"href":"https:\/\/mountlaser.com\/vi\/wp-json\/wp\/v2\/media\/5902"}],"wp:attachment":[{"href":"https:\/\/mountlaser.com\/vi\/wp-json\/wp\/v2\/media?parent=5901"}],"wp:term":[{"taxonomy":"product_brand","embeddable":true,"href":"https:\/\/mountlaser.com\/vi\/wp-json\/wp\/v2\/product_brand?post=5901"},{"taxonomy":"product_cat","embeddable":true,"href":"https:\/\/mountlaser.com\/vi\/wp-json\/wp\/v2\/product_cat?post=5901"},{"taxonomy":"product_tag","embeddable":true,"href":"https:\/\/mountlaser.com\/vi\/wp-json\/wp\/v2\/product_tag?post=5901"}],"curies":[{"name":"trang web","href":"https:\/\/api.w.org\/{rel}","templated":true}]}}