{"id":5898,"date":"2025-12-15T06:23:18","date_gmt":"2025-12-15T06:23:18","guid":{"rendered":"https:\/\/mountlaser.com\/?post_type=product&#038;p=5898"},"modified":"2025-12-15T06:23:18","modified_gmt":"2025-12-15T06:23:18","slug":"sn05-surveying-nail","status":"publish","type":"product","link":"https:\/\/mountlaser.com\/vi\/san-pham\/sn05-surveying-nail\/","title":{"rendered":"\u0110inh \u0111o \u0111\u1ea1c SN05"},"content":{"rendered":"<p data-start=\"117\" data-end=\"621\">C\u00e1i <a href=\"https:\/\/mountlaser.com\/vi\/\"><strong data-start=\"121\" data-end=\"144\">\u0110inh \u0111o \u0111\u1ea1c SN05<\/strong><\/a> \u0110inh \u0111o \u0111\u1ea1c SN05 l\u00e0 m\u1ed9t lo\u1ea1i m\u1ed1c \u0111o \u0111\u1ea1c b\u1ec1n b\u1ec9 v\u00e0 \u0111\u00e1ng tin c\u1eady, \u0111\u01b0\u1ee3c thi\u1ebft k\u1ebf \u0111\u1ec3 thi\u1ebft l\u1eadp v\u00e0 x\u00e1c \u0111\u1ecbnh c\u00e1c \u0111i\u1ec3m tham chi\u1ebfu m\u1eb7t \u0111\u1ea5t ch\u00ednh x\u00e1c v\u1edbi \u0111\u1ed9 ch\u00ednh x\u00e1c v\u00e0 \u1ed5n \u0111\u1ecbnh l\u00e2u d\u00e0i. \u0110\u01b0\u1ee3c s\u1ea3n xu\u1ea5t t\u1eeb s\u1eaft m\u1ea1 k\u1ebdm ch\u1ea5t l\u01b0\u1ee3ng cao, \u0111inh \u0111o \u0111\u1ea1c SN05 c\u00f3 kh\u1ea3 n\u0103ng ch\u1ed1ng \u0103n m\u00f2n v\u00e0 \u0111\u1ed9 b\u1ec1n tuy\u1ec7t v\u1eddi, l\u00fd t\u01b0\u1edfng cho c\u00e1c m\u00f4i tr\u01b0\u1eddng l\u00e0m vi\u1ec7c kh\u1eafc nghi\u1ec7t ngo\u00e0i tr\u1eddi. Thi\u1ebft k\u1ebf th\u00e2n c\u00f3 v\u00f2ng \u0111\u1ea3m b\u1ea3o l\u1ef1c gi\u1eef v\u01b0\u1ee3t tr\u1ed9i, \u0111\u01b0a n\u00f3 tr\u1edf th\u00e0nh m\u1ed9t gi\u1ea3i ph\u00e1p \u0111\u00e1ng tin c\u1eady trong gi\u1edbi chuy\u00ean nghi\u1ec7p. <a href=\"https:\/\/mountlaser.com\/vi\/danh-muc-san-pham\/surveying-accessory\/\"><strong data-start=\"582\" data-end=\"602\">\u0111inh th\u00e2n nh\u1eabn<\/strong><\/a> \u0110\u01b0\u1ee3c s\u1eed d\u1ee5ng trong kh\u1ea3o s\u00e1t.<\/p>\n<p data-start=\"623\" data-end=\"1084\">\u0110\u01b0\u1ee3c \u1ee9ng d\u1ee5ng r\u1ed9ng r\u00e3i trong kh\u1ea3o s\u00e1t k\u1ef9 thu\u1eadt, b\u1ed1 tr\u00ed c\u00f4ng tr\u00ecnh v\u00e0 l\u1eadp b\u1ea3n \u0111\u1ed3 \u0111\u1ecba ch\u00ednh, c\u1ecdc \u0111o \u0111\u1ea1c SN05 cung c\u1ea5p \u0111i\u1ec3m tham chi\u1ebfu \u1ed5n \u0111\u1ecbnh v\u00e0 l\u00e2u d\u00e0i cho c\u00e1c ph\u00e9p \u0111o quan tr\u1ecdng. V\u1edbi \u0111\u01b0\u1eddng k\u00ednh 6,0 mm v\u00e0 chi\u1ec1u d\u00e0i 45 mm, c\u1ecdc \u0111o \u0111\u1ea1c SN05 d\u1ec5 d\u00e0ng l\u1eafp \u0111\u1eb7t \u0111\u1ed3ng th\u1eddi mang l\u1ea1i hi\u1ec7u su\u1ea5t \u0111\u00e1ng tin c\u1eady. L\u00e0 s\u1ea3n ph\u1ea9m chuy\u00ean nghi\u1ec7p, c\u1ecdc \u0111o \u0111\u1ea1c ch\u1ea5t l\u01b0\u1ee3ng cao. <a href=\"https:\/\/mountlaser.com\/vi\/about-us\/\">\u0111inh th\u00e2n nh\u1eabn<\/a>, Nh\u1eefng m\u1ed1c \u0111\u00e1nh d\u1ea5u n\u00e0y gi\u00fap gi\u1ea3m hi\u1ec7n t\u01b0\u1ee3ng l\u1ecfng l\u1ebbo theo th\u1eddi gian v\u00e0 duy tr\u00ec v\u1ecb tr\u00ed ch\u00ednh x\u00e1c trong m\u1ecdi \u0111i\u1ec1u ki\u1ec7n \u0111\u1ecba h\u00ecnh.<\/p>\n<div>\n<table style=\"border-collapse: collapse; width: 1002.02pt;\" border=\"0\" width=\"1336\" cellspacing=\"0\" cellpadding=\"0\">\n<tbody>\n<tr style=\"height: 14.25pt;\">\n<td class=\"et2\" style=\"height: 14.25pt; width: 127.50pt;\" width=\"170\" height=\"19\">CON S\u1ed0<\/td>\n<td class=\"et3\" style=\"width: 196.50pt;\" width=\"262\">TH\u1ecaT<\/td>\n<td class=\"et3\" style=\"width: 213.00pt;\" width=\"284\">\u0110\u01af\u1edcNG K\u00cdNH D<\/td>\n<td class=\"et3\" style=\"width: 93.75pt;\" width=\"125\">C\u1ee0 L<\/td>\n<td class=\"et3\" style=\"width: 170.25pt;\" width=\"227\">S\u1ed1 l\u01b0\u1ee3ng \u0111\u1eb7t h\u00e0ng t\u1ed1i thi\u1ec3u (c\u00e1i)<\/td>\n<td class=\"et4\" style=\"width: 201.00pt;\" width=\"268\">H\u00ccNH \u1ea2NH<\/td>\n<\/tr>\n<tr style=\"height: 14.25pt;\">\n<td class=\"et5\" style=\"height: 14.25pt;\" height=\"19\">SN05-60045<\/td>\n<td class=\"et5\">S\u1eaft m\u1ea1 k\u1ebdm<\/td>\n<td class=\"et5\">6.0mm<\/td>\n<td class=\"et5\">45mm<\/td>\n<td class=\"et6\">1000<\/td>\n<td class=\"et7\"><img fetchpriority=\"high\" decoding=\"async\" class=\"alignnone wp-image-5899\" src=\"https:\/\/mountlaser.com\/wp-content\/uploads\/2025\/12\/SN051.webp\" alt=\"SN05 Surveying Nail\" width=\"500\" height=\"500\" srcset=\"https:\/\/mountlaser.com\/wp-content\/uploads\/2025\/12\/SN051.webp 1000w, https:\/\/mountlaser.com\/wp-content\/uploads\/2025\/12\/SN051-300x300.webp 300w, https:\/\/mountlaser.com\/wp-content\/uploads\/2025\/12\/SN051-150x150.webp 150w, https:\/\/mountlaser.com\/wp-content\/uploads\/2025\/12\/SN051-768x768.webp 768w, https:\/\/mountlaser.com\/wp-content\/uploads\/2025\/12\/SN051-12x12.webp 12w, https:\/\/mountlaser.com\/wp-content\/uploads\/2025\/12\/SN051-600x600.webp 600w, https:\/\/mountlaser.com\/wp-content\/uploads\/2025\/12\/SN051-800x800.webp 800w, https:\/\/mountlaser.com\/wp-content\/uploads\/2025\/12\/SN051-400x400.webp 400w\" sizes=\"(max-width: 500px) 100vw, 500px\" \/><\/td>\n<\/tr>\n<\/tbody>\n<\/table>\n<\/div>","protected":false},"excerpt":{"rendered":"<ul>\n<li>V\u1eadt li\u1ec7u: S\u1eaft m\u1ea1 k\u1ebdm, b\u1ec1n v\u00e0 ch\u1ed1ng \u0103n m\u00f2n.<\/li>\n<li>Thi\u1ebft k\u1ebf d\u1ea1ng v\u00f2ng gi\u00fap t\u0103ng c\u01b0\u1eddng \u0111\u1ed9 ch\u1eafc ch\u1eafn.<\/li>\n<li>Cung c\u1ea5p c\u00e1c \u0111i\u1ec3m tham chi\u1ebfu \u1ed5n \u0111\u1ecbnh \u0111\u1ec3 \u0111o l\u01b0\u1eddng ch\u00ednh x\u00e1c.<\/li>\n<\/ul>","protected":false},"featured_media":5900,"comment_status":"open","ping_status":"closed","template":"","meta":[],"product_brand":[],"product_cat":[152,79],"product_tag":[],"class_list":{"0":"post-5898","1":"product","2":"type-product","3":"status-publish","4":"has-post-thumbnail","6":"product_cat-surveying-marker","7":"product_cat-surveying-accessory","9":"first","10":"instock","11":"shipping-taxable","12":"product-type-simple"},"_links":{"self":[{"href":"https:\/\/mountlaser.com\/vi\/wp-json\/wp\/v2\/product\/5898","targetHints":{"allow":["GET"]}}],"collection":[{"href":"https:\/\/mountlaser.com\/vi\/wp-json\/wp\/v2\/product"}],"about":[{"href":"https:\/\/mountlaser.com\/vi\/wp-json\/wp\/v2\/types\/product"}],"replies":[{"embeddable":true,"href":"https:\/\/mountlaser.com\/vi\/wp-json\/wp\/v2\/comments?post=5898"}],"wp:featuredmedia":[{"embeddable":true,"href":"https:\/\/mountlaser.com\/vi\/wp-json\/wp\/v2\/media\/5900"}],"wp:attachment":[{"href":"https:\/\/mountlaser.com\/vi\/wp-json\/wp\/v2\/media?parent=5898"}],"wp:term":[{"taxonomy":"product_brand","embeddable":true,"href":"https:\/\/mountlaser.com\/vi\/wp-json\/wp\/v2\/product_brand?post=5898"},{"taxonomy":"product_cat","embeddable":true,"href":"https:\/\/mountlaser.com\/vi\/wp-json\/wp\/v2\/product_cat?post=5898"},{"taxonomy":"product_tag","embeddable":true,"href":"https:\/\/mountlaser.com\/vi\/wp-json\/wp\/v2\/product_tag?post=5898"}],"curies":[{"name":"trang web","href":"https:\/\/api.w.org\/{rel}","templated":true}]}}