{"id":5895,"date":"2025-12-15T06:07:41","date_gmt":"2025-12-15T06:07:41","guid":{"rendered":"https:\/\/mountlaser.com\/?post_type=product&#038;p=5895"},"modified":"2025-12-15T06:07:41","modified_gmt":"2025-12-15T06:07:41","slug":"sn04-surveying-nail","status":"publish","type":"product","link":"https:\/\/mountlaser.com\/vi\/san-pham\/sn04-surveying-nail\/","title":{"rendered":"\u0110inh \u0111o SN04"},"content":{"rendered":"<p data-start=\"120\" data-end=\"577\">C\u1ecdc \u0111o \u0111\u1ea1c SN04 l\u00e0 m\u1ed9t lo\u1ea1i c\u1ecdc \u0111\u00e1nh d\u1ea5u kh\u1ea3o s\u00e1t b\u1ec1n ch\u1eafc v\u00e0 \u0111\u00e1ng tin c\u1eady, \u0111\u01b0\u1ee3c thi\u1ebft k\u1ebf \u0111\u1ec3 thi\u1ebft l\u1eadp v\u00e0 x\u00e1c \u0111\u1ecbnh c\u00e1c \u0111i\u1ec3m tham chi\u1ebfu m\u1eb7t \u0111\u1ea5t ch\u00ednh x\u00e1c v\u1edbi \u0111\u1ed9 ch\u00ednh x\u00e1c l\u00e2u d\u00e0i. \u0110\u01b0\u1ee3c l\u00e0m t\u1eeb s\u1eaft m\u1ea1 k\u1ebdm ch\u1ea5t l\u01b0\u1ee3ng cao, <a href=\"https:\/\/mountlaser.com\/vi\/\"><strong data-start=\"327\" data-end=\"350\">\u0110inh \u0111o SN04<\/strong><\/a> S\u1ea3n ph\u1ea9m n\u00e0y c\u00f3 \u0111\u1ed9 b\u1ec1n v\u00e0 kh\u1ea3 n\u0103ng ch\u1ed1ng \u0103n m\u00f2n tuy\u1ec7t v\u1eddi, \u0111\u1ea3m b\u1ea3o hi\u1ec7u su\u1ea5t \u0111\u00e1ng tin c\u1eady trong m\u1ecdi \u0111i\u1ec1u ki\u1ec7n th\u1ef1c \u0111\u1ecba. L\u00e0 m\u1ed9t s\u1ea3n ph\u1ea9m chuy\u00ean nghi\u1ec7p, <a href=\"https:\/\/mountlaser.com\/vi\/danh-muc-san-pham\/surveying-accessory\/\"><strong data-start=\"476\" data-end=\"499\">Kh\u1ea3o s\u00e1t Mag Nails<\/strong><\/a> V\u1edbi c\u00e1c gi\u1ea3i ph\u00e1p n\u00e0y, nh\u1eefng d\u1ea5u hi\u1ec7u \u0111\u00f3 \u0111\u01b0\u1ee3c tin c\u1eady \u0111\u1ec3 x\u00e1c \u0111\u1ecbnh v\u1ecb tr\u00ed m\u1eb7t \u0111\u1ea5t m\u1ed9t c\u00e1ch r\u00f5 r\u00e0ng v\u00e0 \u1ed5n \u0111\u1ecbnh.<\/p>\n<p data-start=\"579\" data-end=\"1031\">\u0110\u01b0\u1ee3c s\u1eed d\u1ee5ng r\u1ed9ng r\u00e3i trong kh\u1ea3o s\u00e1t k\u1ef9 thu\u1eadt, b\u1ed1 tr\u00ed c\u00f4ng tr\u00ecnh v\u00e0 l\u1eadp b\u1ea3n \u0111\u1ed3 \u0111\u1ecba ch\u00ednh, c\u1ecdc \u0111o \u0111\u1ea1c SN04 cung c\u1ea5p \u0111i\u1ec3m tham chi\u1ebfu \u1ed5n \u0111\u1ecbnh v\u00e0 l\u00e2u d\u00e0i cho c\u00e1c ph\u00e9p \u0111o quan tr\u1ecdng. V\u1edbi \u0111\u01b0\u1eddng k\u00ednh 8,8 mm v\u00e0 chi\u1ec1u d\u00e0i 55 mm, <a href=\"https:\/\/mountlaser.com\/vi\/about-us\/\">\u0110inh \u0111o SN04<\/a> D\u1ec5 d\u00e0ng l\u1eafp \u0111\u1eb7t v\u00e0 c\u00f3 \u0111\u1ed9 hi\u1ec3n th\u1ecb cao t\u1ea1i c\u00f4ng tr\u01b0\u1eddng. \u0110\u01b0\u1ee3c thi\u1ebft k\u1ebf \u0111\u1ec3 \u0111\u00e1p \u1ee9ng c\u00e1c y\u00eau c\u1ea7u chuy\u00ean nghi\u1ec7p, c\u00e1c s\u1ea3n ph\u1ea9m kh\u1ea3o s\u00e1t Mag Nails n\u00e0y mang l\u1ea1i \u0111\u1ed9 ch\u00ednh x\u00e1c nh\u1ea5t qu\u00e1n trong vi\u1ec7c \u0111\u00e1nh d\u1ea5u m\u1eb7t \u0111\u1ea5t \u0111\u00e1ng tin c\u1eady.<\/p>\n<div>\n<table style=\"border-collapse: collapse; width: 1002.02pt;\" border=\"0\" width=\"1336\" cellspacing=\"0\" cellpadding=\"0\">\n<tbody>\n<tr style=\"height: 14.25pt;\">\n<td class=\"et2\" style=\"height: 14.25pt; width: 127.50pt;\" width=\"170\" height=\"19\">CON S\u1ed0<\/td>\n<td class=\"et3\" style=\"width: 196.50pt;\" width=\"262\">TH\u1ecaT<\/td>\n<td class=\"et3\" style=\"width: 213.00pt;\" width=\"284\">\u0110\u01af\u1edcNG K\u00cdNH D<\/td>\n<td class=\"et3\" style=\"width: 93.75pt;\" width=\"125\">C\u1ee0 L<\/td>\n<td class=\"et3\" style=\"width: 170.25pt;\" width=\"227\">S\u1ed1 l\u01b0\u1ee3ng \u0111\u1eb7t h\u00e0ng t\u1ed1i thi\u1ec3u (c\u00e1i)<\/td>\n<td class=\"et4\" style=\"width: 201.00pt;\" width=\"268\">H\u00ccNH \u1ea2NH<\/td>\n<\/tr>\n<tr style=\"height: 14.25pt;\">\n<td class=\"et5\" style=\"height: 14.25pt;\" height=\"19\">SN04-88055<\/td>\n<td class=\"et5\">S\u1eaft m\u1ea1 k\u1ebdm<\/td>\n<td class=\"et5\">8,8mm<\/td>\n<td class=\"et5\">55mm<\/td>\n<td class=\"et6\">1000<\/td>\n<td class=\"et7\"><img fetchpriority=\"high\" decoding=\"async\" class=\"alignnone wp-image-5896\" src=\"https:\/\/mountlaser.com\/wp-content\/uploads\/2025\/12\/SN041.webp\" alt=\"SN04 Surveying Nail\" width=\"500\" height=\"500\" srcset=\"https:\/\/mountlaser.com\/wp-content\/uploads\/2025\/12\/SN041.webp 1000w, https:\/\/mountlaser.com\/wp-content\/uploads\/2025\/12\/SN041-300x300.webp 300w, https:\/\/mountlaser.com\/wp-content\/uploads\/2025\/12\/SN041-150x150.webp 150w, https:\/\/mountlaser.com\/wp-content\/uploads\/2025\/12\/SN041-768x768.webp 768w, https:\/\/mountlaser.com\/wp-content\/uploads\/2025\/12\/SN041-12x12.webp 12w, https:\/\/mountlaser.com\/wp-content\/uploads\/2025\/12\/SN041-600x600.webp 600w, https:\/\/mountlaser.com\/wp-content\/uploads\/2025\/12\/SN041-800x800.webp 800w, https:\/\/mountlaser.com\/wp-content\/uploads\/2025\/12\/SN041-400x400.webp 400w\" sizes=\"(max-width: 500px) 100vw, 500px\" \/><\/td>\n<\/tr>\n<\/tbody>\n<\/table>\n<\/div>","protected":false},"excerpt":{"rendered":"<ul>\n<li>V\u1eadt li\u1ec7u: S\u1eaft m\u1ea1 k\u1ebdm, b\u1ec1n v\u00e0 ch\u1ed1ng \u0103n m\u00f2n.<\/li>\n<li>Cung c\u1ea5p c\u00e1c \u0111i\u1ec3m tham chi\u1ebfu m\u1eb7t \u0111\u1ea5t \u1ed5n \u0111\u1ecbnh \u0111\u1ec3 \u0111o \u0111\u1ea1c ch\u00ednh x\u00e1c.<\/li>\n<li>Th\u00edch h\u1ee3p cho kh\u1ea3o s\u00e1t k\u1ef9 thu\u1eadt, b\u1ed1 tr\u00ed c\u00f4ng tr\u00ecnh v\u00e0 l\u1eadp b\u1ea3n \u0111\u1ed3 \u0111\u1ecba ch\u00ednh.<\/li>\n<\/ul>","protected":false},"featured_media":5896,"comment_status":"open","ping_status":"closed","template":"","meta":[],"product_brand":[],"product_cat":[152,79],"product_tag":[],"class_list":{"0":"post-5895","1":"product","2":"type-product","3":"status-publish","4":"has-post-thumbnail","6":"product_cat-surveying-marker","7":"product_cat-surveying-accessory","9":"first","10":"instock","11":"shipping-taxable","12":"product-type-simple"},"_links":{"self":[{"href":"https:\/\/mountlaser.com\/vi\/wp-json\/wp\/v2\/product\/5895","targetHints":{"allow":["GET"]}}],"collection":[{"href":"https:\/\/mountlaser.com\/vi\/wp-json\/wp\/v2\/product"}],"about":[{"href":"https:\/\/mountlaser.com\/vi\/wp-json\/wp\/v2\/types\/product"}],"replies":[{"embeddable":true,"href":"https:\/\/mountlaser.com\/vi\/wp-json\/wp\/v2\/comments?post=5895"}],"wp:featuredmedia":[{"embeddable":true,"href":"https:\/\/mountlaser.com\/vi\/wp-json\/wp\/v2\/media\/5896"}],"wp:attachment":[{"href":"https:\/\/mountlaser.com\/vi\/wp-json\/wp\/v2\/media?parent=5895"}],"wp:term":[{"taxonomy":"product_brand","embeddable":true,"href":"https:\/\/mountlaser.com\/vi\/wp-json\/wp\/v2\/product_brand?post=5895"},{"taxonomy":"product_cat","embeddable":true,"href":"https:\/\/mountlaser.com\/vi\/wp-json\/wp\/v2\/product_cat?post=5895"},{"taxonomy":"product_tag","embeddable":true,"href":"https:\/\/mountlaser.com\/vi\/wp-json\/wp\/v2\/product_tag?post=5895"}],"curies":[{"name":"trang web","href":"https:\/\/api.w.org\/{rel}","templated":true}]}}