{"id":5887,"date":"2025-12-15T05:18:34","date_gmt":"2025-12-15T05:18:34","guid":{"rendered":"https:\/\/mountlaser.com\/?post_type=product&#038;p=5887"},"modified":"2025-12-15T05:18:34","modified_gmt":"2025-12-15T05:18:34","slug":"sn03-surveying-nail","status":"publish","type":"product","link":"https:\/\/mountlaser.com\/vi\/san-pham\/sn03-surveying-nail\/","title":{"rendered":"\u0110inh \u0111o SN03"},"content":{"rendered":"<p>C\u00e1i <a href=\"https:\/\/mountlaser.com\/vi\/\"><strong>\u0110inh \u0111o SN03<\/strong><\/a> \u0110\u00e2y l\u00e0 m\u1ed9t lo\u1ea1i m\u1ed1c \u0111o \u0111\u1ea1c b\u1ec1n ch\u1eafc v\u00e0 \u0111\u00e1ng tin c\u1eady, \u0111\u01b0\u1ee3c thi\u1ebft k\u1ebf \u0111\u1ec3 thi\u1ebft l\u1eadp v\u00e0 x\u00e1c \u0111\u1ecbnh c\u00e1c \u0111i\u1ec3m tham chi\u1ebfu m\u1eb7t \u0111\u1ea5t ch\u00ednh x\u00e1c v\u1edbi \u0111\u1ed9 ch\u00ednh x\u00e1c v\u00e0 nh\u1ea5t qu\u00e1n. \u0110\u01b0\u1ee3c s\u1ea3n xu\u1ea5t t\u1eeb s\u1eaft m\u1ea1 k\u1ebdm, \u0111inh \u0111o \u0111\u1ea1c SN03 c\u00f3 \u0111\u1ed9 b\u1ec1n v\u00e0 kh\u1ea3 n\u0103ng ch\u1ed1ng \u0103n m\u00f2n tuy\u1ec7t v\u1eddi, l\u00fd t\u01b0\u1edfng cho vi\u1ec7c s\u1eed d\u1ee5ng ngo\u00e0i tr\u1eddi l\u00e2u d\u00e0i. <a href=\"https:\/\/mountlaser.com\/vi\/danh-muc-san-pham\/surveying-accessory\/\"><strong>\u0110inh \u0111i\u1ec3m kh\u1ea3o s\u00e1t<\/strong><\/a> \u0110\u01b0\u1ee3c c\u00e1c chuy\u00ean gia tin d\u00f9ng r\u1ed9ng r\u00e3i v\u00ec h\u1ecd c\u1ea7n nh\u1eefng d\u1ea5u hi\u1ec7u \u1ed5n \u0111\u1ecbnh v\u00e0 d\u1ec5 nh\u00ecn th\u1ea5y trong \u0111i\u1ec1u ki\u1ec7n th\u1ef1c \u0111\u1ecba kh\u1eafc nghi\u1ec7t.<\/p>\n<p>Th\u01b0\u1eddng \u0111\u01b0\u1ee3c s\u1eed d\u1ee5ng trong kh\u1ea3o s\u00e1t k\u1ef9 thu\u1eadt, b\u1ed1 tr\u00ed c\u00f4ng tr\u00ecnh v\u00e0 l\u1eadp b\u1ea3n \u0111\u1ed3 \u0111\u1ecba ch\u00ednh, <a href=\"https:\/\/mountlaser.com\/vi\/contact-us\/\">\u0110inh \u0111o SN03<\/a> C\u1ecdc \u0111o SN03 cung c\u1ea5p \u0111i\u1ec3m tham chi\u1ebfu ch\u1eafc ch\u1eafn v\u00e0 l\u00e2u d\u00e0i cho c\u00e1c ph\u00e9p \u0111o quan tr\u1ecdng. V\u1edbi \u0111\u01b0\u1eddng k\u00ednh 8,8 mm v\u00e0 nhi\u1ec1u t\u00f9y ch\u1ecdn chi\u1ec1u d\u00e0i, c\u1ecdc \u0111o SN03 d\u1ec5 d\u00e0ng th\u00edch \u1ee9ng v\u1edbi c\u00e1c y\u00eau c\u1ea7u kh\u00e1c nhau t\u1ea1i c\u00f4ng tr\u01b0\u1eddng. L\u00e0 nh\u1eefng c\u1ecdc \u0111o \u0111i\u1ec3m \u0111\u00e1ng tin c\u1eady, c\u00e1c m\u1ed1c \u0111\u00e1nh d\u1ea5u n\u00e0y \u0111\u1ea3m b\u1ea3o \u0111\u1ed9 ch\u00ednh x\u00e1c c\u1ee7a ph\u00e9p \u0111o \u0111\u1ed3ng th\u1eddi duy tr\u00ec \u0111\u1ed9 b\u1ec1n trong nhi\u1ec1u m\u00f4i tr\u01b0\u1eddng kh\u00e1c nhau.<\/p>\n<div>\n<table style=\"border-collapse: collapse; width: 1002.02pt;\" border=\"0\" width=\"1336\" cellspacing=\"0\" cellpadding=\"0\">\n<tbody>\n<tr style=\"height: 14.25pt;\">\n<td class=\"et2\" style=\"height: 14.25pt; width: 127.50pt;\" width=\"170\" height=\"19\">CON S\u1ed0<\/td>\n<td class=\"et3\" style=\"width: 196.50pt;\" width=\"262\">TH\u1ecaT<\/td>\n<td class=\"et3\" style=\"width: 213.00pt;\" width=\"284\">\u0110\u01af\u1edcNG K\u00cdNH D<\/td>\n<td class=\"et3\" style=\"width: 93.75pt;\" width=\"125\">C\u1ee0 L<\/td>\n<td class=\"et3\" style=\"width: 170.25pt;\" width=\"227\">S\u1ed1 l\u01b0\u1ee3ng \u0111\u1eb7t h\u00e0ng t\u1ed1i thi\u1ec3u (c\u00e1i)<\/td>\n<td class=\"et4\" style=\"width: 201.00pt;\" width=\"268\">H\u00ccNH \u1ea2NH<\/td>\n<\/tr>\n<tr style=\"height: 14.25pt;\">\n<td class=\"et5\" style=\"height: 14.25pt;\" height=\"19\">SN03-88030\/88050\/88070\/88080\/88100<\/td>\n<td class=\"et5\">S\u1eaft m\u1ea1 k\u1ebdm<\/td>\n<td class=\"et5\">8,8mm<\/td>\n<td class=\"et5\">30\/50\/80\/100mm<\/td>\n<td class=\"et6\">1000<\/td>\n<td class=\"et7\"><img fetchpriority=\"high\" decoding=\"async\" class=\"alignnone wp-image-5892\" src=\"https:\/\/mountlaser.com\/wp-content\/uploads\/2025\/12\/SN035.webp\" alt=\"SN03 Surveying Nail\" width=\"500\" height=\"500\" srcset=\"https:\/\/mountlaser.com\/wp-content\/uploads\/2025\/12\/SN035.webp 1000w, https:\/\/mountlaser.com\/wp-content\/uploads\/2025\/12\/SN035-300x300.webp 300w, https:\/\/mountlaser.com\/wp-content\/uploads\/2025\/12\/SN035-150x150.webp 150w, https:\/\/mountlaser.com\/wp-content\/uploads\/2025\/12\/SN035-768x768.webp 768w, https:\/\/mountlaser.com\/wp-content\/uploads\/2025\/12\/SN035-12x12.webp 12w, https:\/\/mountlaser.com\/wp-content\/uploads\/2025\/12\/SN035-600x600.webp 600w, https:\/\/mountlaser.com\/wp-content\/uploads\/2025\/12\/SN035-800x800.webp 800w, https:\/\/mountlaser.com\/wp-content\/uploads\/2025\/12\/SN035-400x400.webp 400w\" sizes=\"(max-width: 500px) 100vw, 500px\" \/><\/td>\n<\/tr>\n<\/tbody>\n<\/table>\n<\/div>","protected":false},"excerpt":{"rendered":"<ul>\n<li>\u0110\u01b0\u1ee3c l\u00e0m t\u1eeb s\u1eaft m\u1ea1 k\u1ebdm \u0111\u1ec3 \u0111\u1ea3m b\u1ea3o \u0111\u1ed9 b\u1ec1n v\u00e0 kh\u1ea3 n\u0103ng ch\u1ed1ng \u0103n m\u00f2n.<\/li>\n<li>\u0110\u01b0\u1eddng k\u00ednh: 8,8 mm; C\u00e1c t\u00f9y ch\u1ecdn chi\u1ec1u d\u00e0i: 30 \/ 50 \/ 80 \/ 100 mm<\/li>\n<li>\u0110inh \u0111o \u0111\u1ed9 cao \u0111\u00e1ng tin c\u1eady v\u00e0 b\u1ec1n l\u00e2u, th\u00edch h\u1ee3p cho m\u1ee5c \u0111\u00edch s\u1eed d\u1ee5ng chuy\u00ean nghi\u1ec7p.<\/li>\n<li>Thi\u1ebft l\u1eadp c\u00e1c \u0111i\u1ec3m kh\u1ea3o s\u00e1t ch\u00ednh x\u00e1c v\u00e0 c\u1ed1 \u0111\u1ecbnh.<\/li>\n<li>Th\u00edch h\u1ee3p cho kh\u1ea3o s\u00e1t k\u1ef9 thu\u1eadt, b\u1ed1 tr\u00ed c\u00f4ng tr\u00ecnh v\u00e0 l\u1eadp b\u1ea3n \u0111\u1ed3 \u0111\u1ecba ch\u00ednh.<\/li>\n<\/ul>","protected":false},"featured_media":5888,"comment_status":"open","ping_status":"closed","template":"","meta":[],"product_brand":[],"product_cat":[152,79],"product_tag":[],"class_list":{"0":"post-5887","1":"product","2":"type-product","3":"status-publish","4":"has-post-thumbnail","6":"product_cat-surveying-marker","7":"product_cat-surveying-accessory","9":"first","10":"instock","11":"shipping-taxable","12":"product-type-simple"},"_links":{"self":[{"href":"https:\/\/mountlaser.com\/vi\/wp-json\/wp\/v2\/product\/5887","targetHints":{"allow":["GET"]}}],"collection":[{"href":"https:\/\/mountlaser.com\/vi\/wp-json\/wp\/v2\/product"}],"about":[{"href":"https:\/\/mountlaser.com\/vi\/wp-json\/wp\/v2\/types\/product"}],"replies":[{"embeddable":true,"href":"https:\/\/mountlaser.com\/vi\/wp-json\/wp\/v2\/comments?post=5887"}],"wp:featuredmedia":[{"embeddable":true,"href":"https:\/\/mountlaser.com\/vi\/wp-json\/wp\/v2\/media\/5888"}],"wp:attachment":[{"href":"https:\/\/mountlaser.com\/vi\/wp-json\/wp\/v2\/media?parent=5887"}],"wp:term":[{"taxonomy":"product_brand","embeddable":true,"href":"https:\/\/mountlaser.com\/vi\/wp-json\/wp\/v2\/product_brand?post=5887"},{"taxonomy":"product_cat","embeddable":true,"href":"https:\/\/mountlaser.com\/vi\/wp-json\/wp\/v2\/product_cat?post=5887"},{"taxonomy":"product_tag","embeddable":true,"href":"https:\/\/mountlaser.com\/vi\/wp-json\/wp\/v2\/product_tag?post=5887"}],"curies":[{"name":"trang web","href":"https:\/\/api.w.org\/{rel}","templated":true}]}}