{"id":5880,"date":"2025-12-15T04:53:55","date_gmt":"2025-12-15T04:53:55","guid":{"rendered":"https:\/\/mountlaser.com\/?post_type=product&#038;p=5880"},"modified":"2025-12-15T04:53:55","modified_gmt":"2025-12-15T04:53:55","slug":"sn02-surveying-nail","status":"publish","type":"product","link":"https:\/\/mountlaser.com\/vi\/san-pham\/sn02-surveying-nail\/","title":{"rendered":"\u0110inh \u0111o SN02"},"content":{"rendered":"<p>C\u00e1i <a href=\"https:\/\/mountlaser.com\/vi\/\"><strong>\u0110inh \u0111o SN02<\/strong><\/a> \u0110\u00e2y l\u00e0 m\u1ed9t lo\u1ea1i m\u1ed1c \u0111o \u0111\u1ea1c hi\u1ec7u su\u1ea5t cao \u0111\u01b0\u1ee3c thi\u1ebft k\u1ebf \u0111\u1ec3 thi\u1ebft l\u1eadp c\u00e1c \u0111i\u1ec3m tham chi\u1ebfu m\u1eb7t \u0111\u1ea5t ch\u00ednh x\u00e1c v\u00e0 v\u0129nh vi\u1ec5n. \u0110\u01b0\u1ee3c l\u00e0m t\u1eeb v\u1eadt li\u1ec7u cao c\u1ea5p. <a href=\"https:\/\/mountlaser.com\/vi\/danh-muc-san-pham\/surveying-accessory\/\"><strong>\u0111inh th\u00e9p kh\u00f4ng g\u1ec9<\/strong><\/a>, \u0110inh SN02 mang l\u1ea1i kh\u1ea3 n\u0103ng ch\u1ed1ng \u0103n m\u00f2n, \u0111\u1ed9 b\u1ec1n v\u00e0 \u0111\u1ed9 b\u1ec1n l\u00e2u d\u00e0i tuy\u1ec7t v\u1eddi trong m\u1ecdi \u0111i\u1ec1u ki\u1ec7n th\u1ef1c \u0111\u1ecba. Lo\u1ea1i \u0111inh th\u00e9p kh\u00f4ng g\u1ec9 n\u00e0y l\u00fd t\u01b0\u1edfng cho c\u00e1c chuy\u00ean gia c\u1ea7n \u0111\u00e1nh d\u1ea5u ch\u00ednh x\u00e1c v\u00e0 \u0111\u00e1ng tin c\u1eady trong m\u00f4i tr\u01b0\u1eddng ngo\u00e0i tr\u1eddi kh\u1eafc nghi\u1ec7t.<\/p>\n<p>\u0110\u01b0\u1ee3c s\u1eed d\u1ee5ng r\u1ed9ng r\u00e3i trong kh\u1ea3o s\u00e1t k\u1ef9 thu\u1eadt, b\u1ed1 tr\u00ed c\u00f4ng tr\u00ecnh v\u00e0 l\u1eadp b\u1ea3n \u0111\u1ed3 \u0111\u1ecba ch\u00ednh, c\u1ecdc \u0111\u1ecbnh v\u1ecb SN02 \u0111\u00f3ng vai tr\u00f2 l\u00e0 \u0111i\u1ec3m tham chi\u1ebfu \u1ed5n \u0111\u1ecbnh cho c\u00e1c ph\u00e9p \u0111o quan tr\u1ecdng. Nh\u1edd c\u1ea5u t\u1ea1o ch\u1eafc ch\u1eafn, c\u1ecdc \u0111\u1ecbnh v\u1ecb SN02 v\u01b0\u1ee3t tr\u1ed9i h\u01a1n c\u00e1c lo\u1ea1i c\u1ecdc \u0111\u00e1nh d\u1ea5u m\u1eb7t \u0111\u1ea5t ti\u00eau chu\u1ea9n, trong khi \u0111inh th\u00e9p kh\u00f4ng g\u1ec9 \u0111\u1ea3m b\u1ea3o kh\u1ea3 n\u0103ng ch\u1ed1ng g\u1ec9, \u1ea9m v\u00e0 m\u00e0i m\u00f2n. C\u00f3 nhi\u1ec1u chi\u1ec1u d\u00e0i kh\u00e1c nhau, nh\u1eefng chi\u1ebfc c\u1ecdc n\u00e0y <a href=\"https:\/\/mountlaser.com\/vi\/contact-us\/\">\u0111inh th\u00e9p kh\u00f4ng g\u1ec9<\/a> Cung c\u1ea5p t\u00ednh linh ho\u1ea1t cho nhi\u1ec1u \u1ee9ng d\u1ee5ng kh\u1ea3o s\u00e1t kh\u00e1c nhau.<\/p>\n<div>\n<table style=\"border-collapse: collapse; width: 1002.02pt;\" border=\"0\" width=\"1336\" cellspacing=\"0\" cellpadding=\"0\">\n<tbody>\n<tr style=\"height: 14.25pt;\">\n<td class=\"et2\" style=\"height: 14.25pt; width: 127.50pt;\" width=\"170\" height=\"19\">CON S\u1ed0<\/td>\n<td class=\"et3\" style=\"width: 196.50pt;\" width=\"262\">TH\u1ecaT<\/td>\n<td class=\"et3\" style=\"width: 213.00pt;\" width=\"284\">\u0110\u01af\u1edcNG K\u00cdNH D<\/td>\n<td class=\"et3\" style=\"width: 93.75pt;\" width=\"125\">C\u1ee0 L<\/td>\n<td class=\"et3\" style=\"width: 170.25pt;\" width=\"227\">S\u1ed1 l\u01b0\u1ee3ng \u0111\u1eb7t h\u00e0ng t\u1ed1i thi\u1ec3u (c\u00e1i)<\/td>\n<td class=\"et4\" style=\"width: 201.00pt;\" width=\"268\">H\u00ccNH \u1ea2NH<\/td>\n<\/tr>\n<tr style=\"height: 14.25pt;\">\n<td class=\"et5\" style=\"height: 14.25pt;\" height=\"19\">SN02-78030\/78050\/78070\/78100<\/td>\n<td class=\"et5\">Th\u00e9p kh\u00f4ng g\u1ec9<\/td>\n<td class=\"et5\">7,8mm<\/td>\n<td class=\"et5\">30\/50\/70\/100mm<\/td>\n<td class=\"et6\">1000<\/td>\n<td class=\"et7\"><img fetchpriority=\"high\" decoding=\"async\" class=\"alignnone wp-image-5886\" src=\"https:\/\/mountlaser.com\/wp-content\/uploads\/2025\/12\/SN026.webp\" alt=\"SN02 Surveying Nail\" width=\"500\" height=\"500\" srcset=\"https:\/\/mountlaser.com\/wp-content\/uploads\/2025\/12\/SN026.webp 1000w, https:\/\/mountlaser.com\/wp-content\/uploads\/2025\/12\/SN026-300x300.webp 300w, https:\/\/mountlaser.com\/wp-content\/uploads\/2025\/12\/SN026-150x150.webp 150w, https:\/\/mountlaser.com\/wp-content\/uploads\/2025\/12\/SN026-768x768.webp 768w, https:\/\/mountlaser.com\/wp-content\/uploads\/2025\/12\/SN026-12x12.webp 12w, https:\/\/mountlaser.com\/wp-content\/uploads\/2025\/12\/SN026-600x600.webp 600w, https:\/\/mountlaser.com\/wp-content\/uploads\/2025\/12\/SN026-800x800.webp 800w, https:\/\/mountlaser.com\/wp-content\/uploads\/2025\/12\/SN026-400x400.webp 400w\" sizes=\"(max-width: 500px) 100vw, 500px\" \/><\/td>\n<\/tr>\n<\/tbody>\n<\/table>\n<\/div>","protected":false},"excerpt":{"rendered":"<ul>\n<li>\u0110\u01b0\u1ee3c s\u1ea3n xu\u1ea5t t\u1eeb \u0111inh th\u00e9p kh\u00f4ng g\u1ec9 ch\u1ea5t l\u01b0\u1ee3ng cao \u0111\u1ec3 \u0111\u1ea3m b\u1ea3o \u0111\u1ed9 b\u1ec1n t\u1ed1i \u0111a.<\/li>\n<li>\u0110\u01b0\u1eddng k\u00ednh: 7,8 mm; C\u00e1c t\u00f9y ch\u1ecdn chi\u1ec1u d\u00e0i: 30 \/ 50 \/ 70 \/ 100 mm<\/li>\n<li>Dung d\u1ecbch \u0111inh \u0111o \u0111\u1ea1c SN02 b\u1ec1n l\u00e2u v\u00e0 ch\u1ed1ng \u0103n m\u00f2n<\/li>\n<li>C\u00f4ng c\u1ee5 \u0111\u00e1nh d\u1ea5u m\u1eb7t \u0111\u1ea5t thi\u1ebft y\u1ebfu d\u00e0nh cho c\u00e1c nh\u00e0 kh\u1ea3o s\u00e1t chuy\u00ean nghi\u1ec7p.<\/li>\n<\/ul>","protected":false},"featured_media":5881,"comment_status":"open","ping_status":"closed","template":"","meta":[],"product_brand":[],"product_cat":[152,79],"product_tag":[],"class_list":{"0":"post-5880","1":"product","2":"type-product","3":"status-publish","4":"has-post-thumbnail","6":"product_cat-surveying-marker","7":"product_cat-surveying-accessory","9":"first","10":"instock","11":"shipping-taxable","12":"product-type-simple"},"_links":{"self":[{"href":"https:\/\/mountlaser.com\/vi\/wp-json\/wp\/v2\/product\/5880","targetHints":{"allow":["GET"]}}],"collection":[{"href":"https:\/\/mountlaser.com\/vi\/wp-json\/wp\/v2\/product"}],"about":[{"href":"https:\/\/mountlaser.com\/vi\/wp-json\/wp\/v2\/types\/product"}],"replies":[{"embeddable":true,"href":"https:\/\/mountlaser.com\/vi\/wp-json\/wp\/v2\/comments?post=5880"}],"wp:featuredmedia":[{"embeddable":true,"href":"https:\/\/mountlaser.com\/vi\/wp-json\/wp\/v2\/media\/5881"}],"wp:attachment":[{"href":"https:\/\/mountlaser.com\/vi\/wp-json\/wp\/v2\/media?parent=5880"}],"wp:term":[{"taxonomy":"product_brand","embeddable":true,"href":"https:\/\/mountlaser.com\/vi\/wp-json\/wp\/v2\/product_brand?post=5880"},{"taxonomy":"product_cat","embeddable":true,"href":"https:\/\/mountlaser.com\/vi\/wp-json\/wp\/v2\/product_cat?post=5880"},{"taxonomy":"product_tag","embeddable":true,"href":"https:\/\/mountlaser.com\/vi\/wp-json\/wp\/v2\/product_tag?post=5880"}],"curies":[{"name":"trang web","href":"https:\/\/api.w.org\/{rel}","templated":true}]}}