{"id":5878,"date":"2025-12-15T02:12:05","date_gmt":"2025-12-15T02:12:05","guid":{"rendered":"https:\/\/mountlaser.com\/?post_type=product&#038;p=5878"},"modified":"2025-12-15T02:12:05","modified_gmt":"2025-12-15T02:12:05","slug":"cm05-crack-monitor","status":"publish","type":"product","link":"https:\/\/mountlaser.com\/vi\/san-pham\/cm05-crack-monitor\/","title":{"rendered":"M\u00e0n h\u00ecnh ch\u1ed1ng n\u1ee9t CM05"},"content":{"rendered":"<p>C\u00e1i <a href=\"https:\/\/mountlaser.com\/vi\/\"><strong>M\u00e0n h\u00ecnh ch\u1ed1ng n\u1ee9t CM05<\/strong><\/a> l\u00e0 m\u1ed9t s\u1ea3n ph\u1ea9m c\u00f3 \u0111\u1ed9 ch\u00ednh x\u00e1c cao. <a href=\"https:\/\/mountlaser.com\/vi\/danh-muc-san-pham\/surveying-accessory\/\"><strong>M\u00e1y \u0111o khe n\u1ee9t t\u01b0\u1eddng (Crack Gauge Monitor) d\u00f9ng \u0111\u1ec3 \u0111o k\u00edch th\u01b0\u1edbc t\u01b0\u1eddng.<\/strong><\/a> \u0110\u01b0\u1ee3c thi\u1ebft k\u1ebf \u0111\u1ec3 theo d\u00f5i ch\u00ednh x\u00e1c s\u1ef1 chuy\u1ec3n \u0111\u1ed9ng c\u1ee7a v\u1ebft n\u1ee9t k\u1ebft c\u1ea5u theo th\u1eddi gian. L\u00e0 m\u1ed9t thi\u1ebft b\u1ecb theo d\u00f5i v\u1ebft n\u1ee9t ti\u00eau chu\u1ea9n c\u1ee7a Mountlaser, CM05 Crack Monitor c\u00f3 hai t\u1ea5m ch\u1ed3ng l\u00ean nhau: m\u1ed9t t\u1ea5m trong su\u1ed1t v\u1edbi con tr\u1ecf h\u00ecnh ch\u1eef th\u1eadp m\u1ea3nh v\u00e0 m\u1ed9t t\u1ea5m \u0111\u01b0\u1ee3c hi\u1ec7u chu\u1ea9n v\u1edbi c\u00e1c v\u1ea1ch chia milim\u00e9t, \u0111\u1ea3m b\u1ea3o c\u00e1c k\u1ebft qu\u1ea3 \u0111o r\u00f5 r\u00e0ng v\u00e0 \u0111\u00e1ng tin c\u1eady.<\/p>\n<p><img fetchpriority=\"high\" decoding=\"async\" class=\"aligncenter wp-image-5392\" src=\"https:\/\/mountlaser.com\/wp-content\/uploads\/2025\/12\/\u4e3b\u56fe2-3.webp\" alt=\"CM05 Crack Monitor\" width=\"500\" height=\"500\" srcset=\"https:\/\/mountlaser.com\/wp-content\/uploads\/2025\/12\/\u4e3b\u56fe2-3.webp 1000w, https:\/\/mountlaser.com\/wp-content\/uploads\/2025\/12\/\u4e3b\u56fe2-3-300x300.webp 300w, https:\/\/mountlaser.com\/wp-content\/uploads\/2025\/12\/\u4e3b\u56fe2-3-150x150.webp 150w, https:\/\/mountlaser.com\/wp-content\/uploads\/2025\/12\/\u4e3b\u56fe2-3-768x768.webp 768w, https:\/\/mountlaser.com\/wp-content\/uploads\/2025\/12\/\u4e3b\u56fe2-3-12x12.webp 12w, https:\/\/mountlaser.com\/wp-content\/uploads\/2025\/12\/\u4e3b\u56fe2-3-600x600.webp 600w, https:\/\/mountlaser.com\/wp-content\/uploads\/2025\/12\/\u4e3b\u56fe2-3-800x800.webp 800w, https:\/\/mountlaser.com\/wp-content\/uploads\/2025\/12\/\u4e3b\u56fe2-3-400x400.webp 400w\" sizes=\"(max-width: 500px) 100vw, 500px\" \/><\/p>\n<p>\u0110\u01b0\u1ee3c thi\u1ebft k\u1ebf \u0111\u1eb7c bi\u1ec7t nh\u01b0 m\u1ed9t thi\u1ebft b\u1ecb \u0111o v\u1ebft n\u1ee9t cho t\u01b0\u1eddng, CM05 l\u00fd t\u01b0\u1edfng \u0111\u1ec3 theo d\u00f5i c\u00e1c v\u1ebft n\u1ee9t trong t\u01b0\u1eddng, g\u1ea1ch x\u00e2y, b\u00ea t\u00f4ng v\u00e0 c\u00e1c c\u1ea5u tr\u00fac x\u00e2y d\u1ef1ng kh\u00e1c. Vi\u1ec7c l\u1eafp \u0111\u1eb7t r\u1ea5t \u0111\u01a1n gi\u1ea3n b\u1eb1ng c\u00e1ch s\u1eed d\u1ee5ng c\u00e1c v\u00edt \u0111\u01b0\u1ee3c cung c\u1ea5p, v\u1edbi t\u00f9y ch\u1ecdn h\u1ed7 tr\u1ee3 keo d\u00e1n n\u1ebfu c\u1ea7n. M\u1ed7i thi\u1ebft b\u1ecb \u0111o v\u1ebft n\u1ee9t CM05 \u0111\u1ec1u \u0111\u01b0\u1ee3c giao k\u00e8m theo h\u01b0\u1edbng d\u1eabn l\u1eafp \u0111\u1eb7t chi ti\u1ebft v\u00e0 m\u1ed9t b\u1ea3ng ghi v\u1ebft n\u1ee9t, gi\u00fap vi\u1ec7c s\u1eed d\u1ee5ng thi\u1ebft b\u1ecb n\u00e0y tr\u1edf n\u00ean d\u1ec5 d\u00e0ng h\u01a1n. <a href=\"https:\/\/mountlaser.com\/vi\/about-us\/\">M\u00e1y \u0111o khe n\u1ee9t t\u01b0\u1eddng (Crack Gauge Monitor) d\u00f9ng \u0111\u1ec3 \u0111o k\u00edch th\u01b0\u1edbc t\u01b0\u1eddng.<\/a> M\u1ed9t gi\u1ea3i ph\u00e1p \u0111\u00e1ng tin c\u1eady cho vi\u1ec7c \u0111\u00e1nh gi\u00e1 c\u1ea5u tr\u00fac d\u00e0i h\u1ea1n.<\/p>","protected":false},"excerpt":{"rendered":"<ul>\n<li>\u0110o ch\u00ednh x\u00e1c \u0111\u1ed9 d\u1ecbch chuy\u1ec3n c\u1ee7a v\u1ebft n\u1ee9t t\u01b0\u1eddng b\u1eb1ng milim\u00e9t.<\/li>\n<li>Cho ph\u00e9p theo d\u00f5i v\u00e0 so s\u00e1nh s\u1ef1 thay \u0111\u1ed5i v\u1ebft n\u1ee9t trong th\u1eddi gian d\u00e0i.<\/li>\n<li>Cung c\u1ea5p c\u00e1c ch\u1ec9 s\u1ed1 tr\u1ef1c quan r\u00f5 r\u00e0ng v\u1edbi \u0111\u01b0\u1eddng k\u1ebb ngang.<\/li>\n<\/ul>","protected":false},"featured_media":5393,"comment_status":"open","ping_status":"closed","template":"","meta":[],"product_brand":[],"product_cat":[151,79],"product_tag":[],"class_list":{"0":"post-5878","1":"product","2":"type-product","3":"status-publish","4":"has-post-thumbnail","6":"product_cat-crack-monitor","7":"product_cat-surveying-accessory","9":"first","10":"instock","11":"shipping-taxable","12":"product-type-simple"},"_links":{"self":[{"href":"https:\/\/mountlaser.com\/vi\/wp-json\/wp\/v2\/product\/5878","targetHints":{"allow":["GET"]}}],"collection":[{"href":"https:\/\/mountlaser.com\/vi\/wp-json\/wp\/v2\/product"}],"about":[{"href":"https:\/\/mountlaser.com\/vi\/wp-json\/wp\/v2\/types\/product"}],"replies":[{"embeddable":true,"href":"https:\/\/mountlaser.com\/vi\/wp-json\/wp\/v2\/comments?post=5878"}],"wp:featuredmedia":[{"embeddable":true,"href":"https:\/\/mountlaser.com\/vi\/wp-json\/wp\/v2\/media\/5393"}],"wp:attachment":[{"href":"https:\/\/mountlaser.com\/vi\/wp-json\/wp\/v2\/media?parent=5878"}],"wp:term":[{"taxonomy":"product_brand","embeddable":true,"href":"https:\/\/mountlaser.com\/vi\/wp-json\/wp\/v2\/product_brand?post=5878"},{"taxonomy":"product_cat","embeddable":true,"href":"https:\/\/mountlaser.com\/vi\/wp-json\/wp\/v2\/product_cat?post=5878"},{"taxonomy":"product_tag","embeddable":true,"href":"https:\/\/mountlaser.com\/vi\/wp-json\/wp\/v2\/product_tag?post=5878"}],"curies":[{"name":"trang web","href":"https:\/\/api.w.org\/{rel}","templated":true}]}}