{"id":5877,"date":"2025-12-15T01:38:15","date_gmt":"2025-12-15T01:38:15","guid":{"rendered":"https:\/\/mountlaser.com\/?post_type=product&#038;p=5877"},"modified":"2025-12-15T01:38:15","modified_gmt":"2025-12-15T01:38:15","slug":"cm04-crack-monitor","status":"publish","type":"product","link":"https:\/\/mountlaser.com\/vi\/san-pham\/cm04-crack-monitor\/","title":{"rendered":"M\u00e0n h\u00ecnh CM04 Crack"},"content":{"rendered":"<p>C\u00e1i <a href=\"https:\/\/mountlaser.com\/vi\/\"><strong>M\u00e0n h\u00ecnh CM04 Crack<\/strong><\/a> l\u00e0 m\u1ed9t s\u1ea3n ph\u1ea9m chuy\u00ean nghi\u1ec7p <a href=\"https:\/\/mountlaser.com\/vi\/danh-muc-san-pham\/surveying-accessory\/\"><strong>M\u00e1y \u0111o \u0111\u1ed9 n\u1ee9t<\/strong><\/a> \u0110\u01b0\u1ee3c thi\u1ebft k\u1ebf \u0111\u1ec3 quan s\u00e1t ch\u00ednh x\u00e1c v\u00e0 l\u00e2u d\u00e0i s\u1ef1 chuy\u1ec3n \u0111\u1ed9ng c\u1ee7a c\u00e1c v\u1ebft n\u1ee9t k\u1ebft c\u1ea5u. \u0110\u01b0\u1ee3c ch\u1ebf t\u1ea1o nh\u01b0 m\u1ed9t thi\u1ebft b\u1ecb theo d\u00f5i v\u1ebft n\u1ee9t ti\u00eau chu\u1ea9n c\u1ee7a Mountlaser, thi\u1ebft b\u1ecb theo d\u00f5i v\u1ebft n\u1ee9t CM04 s\u1eed d\u1ee5ng hai t\u1ea5m ch\u1ed3ng l\u00ean nhau: m\u1ed9t t\u1ea5m trong su\u1ed1t v\u1edbi con tr\u1ecf h\u00ecnh ch\u1eef th\u1eadp m\u1ea3nh v\u00e0 m\u1ed9t t\u1ea5m th\u1ee9 hai \u0111\u01b0\u1ee3c hi\u1ec7u chu\u1ea9n theo milim\u00e9t, cho ph\u00e9p \u0111\u1ecdc tr\u1ef1c quan ch\u00ednh x\u00e1c.<\/p>\n<p><img fetchpriority=\"high\" decoding=\"async\" class=\"aligncenter wp-image-5385\" src=\"https:\/\/mountlaser.com\/wp-content\/uploads\/2025\/12\/CM043.webp\" alt=\"CM04 Crack Monitor\" width=\"500\" height=\"500\" srcset=\"https:\/\/mountlaser.com\/wp-content\/uploads\/2025\/12\/CM043.webp 1200w, https:\/\/mountlaser.com\/wp-content\/uploads\/2025\/12\/CM043-300x300.webp 300w, https:\/\/mountlaser.com\/wp-content\/uploads\/2025\/12\/CM043-1024x1024.webp 1024w, https:\/\/mountlaser.com\/wp-content\/uploads\/2025\/12\/CM043-150x150.webp 150w, https:\/\/mountlaser.com\/wp-content\/uploads\/2025\/12\/CM043-768x768.webp 768w, https:\/\/mountlaser.com\/wp-content\/uploads\/2025\/12\/CM043-12x12.webp 12w, https:\/\/mountlaser.com\/wp-content\/uploads\/2025\/12\/CM043-600x600.webp 600w, https:\/\/mountlaser.com\/wp-content\/uploads\/2025\/12\/CM043-800x800.webp 800w, https:\/\/mountlaser.com\/wp-content\/uploads\/2025\/12\/CM043-400x400.webp 400w\" sizes=\"(max-width: 500px) 100vw, 500px\" \/><\/p>\n<p>\u0110\u01b0\u1ee3c thi\u1ebft k\u1ebf \u0111\u1ec3 mang l\u1ea1i hi\u1ec7u su\u1ea5t gi\u00e1m s\u00e1t v\u1ebft n\u1ee9t \u0111\u00e1ng tin c\u1eady, thi\u1ebft b\u1ecb gi\u00e1m s\u00e1t v\u1ebft n\u1ee9t CM04 l\u00fd t\u01b0\u1edfng cho c\u00e1c t\u00f2a nh\u00e0, c\u1ea7u, \u0111\u01b0\u1eddng h\u1ea7m v\u00e0 c\u00e1c c\u00f4ng tr\u00ecnh b\u00ea t\u00f4ng. Vi\u1ec7c l\u1eafp \u0111\u1eb7t nhanh ch\u00f3ng v\u00e0 ch\u1eafc ch\u1eafn b\u1eb1ng c\u00e1c v\u00edt \u0111\u01b0\u1ee3c cung c\u1ea5p, v\u1edbi t\u00f9y ch\u1ecdn h\u1ed7 tr\u1ee3 keo d\u00e1n (kh\u00f4ng bao g\u1ed3m). M\u1ed7i<a href=\"https:\/\/mountlaser.com\/vi\/contact-us\/\"> M\u00e1y \u0111o \u0111\u1ed9 n\u1ee9t<\/a>\u00a0S\u1ea3n ph\u1ea9m bao g\u1ed3m h\u01b0\u1edbng d\u1eabn l\u1eafp \u0111\u1eb7t \u0111\u1ea7y \u0111\u1ee7 v\u00e0 b\u1ea3ng ghi ch\u00e9p v\u1ebft n\u1ee9t, bi\u1ebfn n\u00f3 th\u00e0nh gi\u1ea3i ph\u00e1p gi\u00e1m s\u00e1t v\u1ebft n\u1ee9t \u0111\u00e1ng tin c\u1eady \u0111\u1ec3 theo d\u00f5i k\u1ebft c\u1ea5u li\u00ean t\u1ee5c.<\/p>","protected":false},"excerpt":{"rendered":"<ul>\n<li>Theo d\u00f5i ch\u00ednh x\u00e1c s\u1ef1 chuy\u1ec3n \u0111\u1ed9ng c\u1ee7a v\u1ebft n\u1ee9t theo ph\u01b0\u01a1ng ngang v\u00e0 ph\u01b0\u01a1ng d\u1ecdc.<\/li>\n<li>Cung c\u1ea5p c\u00e1c v\u1ea1ch chia milim\u00e9t r\u00f5 r\u00e0ng \u0111\u1ec3 \u0111o ch\u00ednh x\u00e1c.<\/li>\n<li>H\u1ed7 tr\u1ee3 ph\u00e2n t\u00edch v\u00e0 ghi nh\u1eadn xu h\u01b0\u1edbng n\u1ee9t d\u00e0i h\u1ea1n.<\/li>\n<\/ul>","protected":false},"featured_media":5383,"comment_status":"open","ping_status":"closed","template":"","meta":[],"product_brand":[],"product_cat":[151,79],"product_tag":[],"class_list":{"0":"post-5877","1":"product","2":"type-product","3":"status-publish","4":"has-post-thumbnail","6":"product_cat-crack-monitor","7":"product_cat-surveying-accessory","9":"first","10":"instock","11":"shipping-taxable","12":"product-type-simple"},"_links":{"self":[{"href":"https:\/\/mountlaser.com\/vi\/wp-json\/wp\/v2\/product\/5877","targetHints":{"allow":["GET"]}}],"collection":[{"href":"https:\/\/mountlaser.com\/vi\/wp-json\/wp\/v2\/product"}],"about":[{"href":"https:\/\/mountlaser.com\/vi\/wp-json\/wp\/v2\/types\/product"}],"replies":[{"embeddable":true,"href":"https:\/\/mountlaser.com\/vi\/wp-json\/wp\/v2\/comments?post=5877"}],"wp:featuredmedia":[{"embeddable":true,"href":"https:\/\/mountlaser.com\/vi\/wp-json\/wp\/v2\/media\/5383"}],"wp:attachment":[{"href":"https:\/\/mountlaser.com\/vi\/wp-json\/wp\/v2\/media?parent=5877"}],"wp:term":[{"taxonomy":"product_brand","embeddable":true,"href":"https:\/\/mountlaser.com\/vi\/wp-json\/wp\/v2\/product_brand?post=5877"},{"taxonomy":"product_cat","embeddable":true,"href":"https:\/\/mountlaser.com\/vi\/wp-json\/wp\/v2\/product_cat?post=5877"},{"taxonomy":"product_tag","embeddable":true,"href":"https:\/\/mountlaser.com\/vi\/wp-json\/wp\/v2\/product_tag?post=5877"}],"curies":[{"name":"trang web","href":"https:\/\/api.w.org\/{rel}","templated":true}]}}