{"id":5875,"date":"2025-12-12T09:27:22","date_gmt":"2025-12-12T09:27:22","guid":{"rendered":"https:\/\/mountlaser.com\/?post_type=product&#038;p=5875"},"modified":"2025-12-12T09:27:22","modified_gmt":"2025-12-12T09:27:22","slug":"cm03-crack-monitor","status":"publish","type":"product","link":"https:\/\/mountlaser.com\/vi\/san-pham\/cm03-crack-monitor\/","title":{"rendered":"M\u00e0n h\u00ecnh CM03 Crack"},"content":{"rendered":"<p data-start=\"185\" data-end=\"585\">C\u00e1i <a href=\"https:\/\/mountlaser.com\/vi\/\"><strong data-start=\"189\" data-end=\"211\">M\u00e0n h\u00ecnh CM03 Crack<\/strong><\/a> \u0110\u00e2y l\u00e0 m\u1ed9t c\u00f4ng c\u1ee5 \u0111\u01b0\u1ee3c ch\u1ebf t\u1ea1o ch\u00ednh x\u00e1c, \u0111\u01b0\u1ee3c thi\u1ebft k\u1ebf d\u00e0nh cho c\u00e1c chuy\u00ean gia c\u1ea7n \u0111\u1ed9 ch\u00ednh x\u00e1c v\u00e0 \u0111\u1ed9 tin c\u1eady cao. <a href=\"https:\/\/mountlaser.com\/vi\/products\/\"><strong data-start=\"306\" data-end=\"340\">gi\u00e1m s\u00e1t b\u1eb1ng th\u01b0\u1edbc \u0111o v\u1ebft n\u1ee9t<\/strong><\/a> Trong c\u00e1c \u0111\u00e1nh gi\u00e1 k\u1ebft c\u1ea5u. V\u1edbi hai t\u1ea5m ch\u1ed3ng l\u00ean nhau\u2014m\u1ed9t t\u1ea5m trong su\u1ed1t c\u00f3 con tr\u1ecf h\u00ecnh ch\u1eef th\u1eadp m\u1ea3nh v\u00e0 m\u1ed9t t\u1ea5m kh\u00e1c \u0111\u01b0\u1ee3c in v\u1edbi v\u1ea1ch chia milim\u00e9t\u2014M\u00e1y theo d\u00f5i v\u1ebft n\u1ee9t CM03 cung c\u1ea5p c\u00e1c ch\u1ec9 s\u1ed1 r\u00f5 r\u00e0ng, nh\u1ea5t qu\u00e1n v\u1ec1 s\u1ef1 di chuy\u1ec3n c\u1ee7a v\u1ebft n\u1ee9t theo th\u1eddi gian.<\/p>\n<p><img fetchpriority=\"high\" decoding=\"async\" class=\"aligncenter wp-image-5376\" src=\"https:\/\/mountlaser.com\/wp-content\/uploads\/2025\/12\/\u4e3b\u56fe2-2.webp\" alt=\"CM03 Crack Monitor\" width=\"500\" height=\"500\" srcset=\"https:\/\/mountlaser.com\/wp-content\/uploads\/2025\/12\/\u4e3b\u56fe2-2.webp 1000w, https:\/\/mountlaser.com\/wp-content\/uploads\/2025\/12\/\u4e3b\u56fe2-2-300x300.webp 300w, https:\/\/mountlaser.com\/wp-content\/uploads\/2025\/12\/\u4e3b\u56fe2-2-150x150.webp 150w, https:\/\/mountlaser.com\/wp-content\/uploads\/2025\/12\/\u4e3b\u56fe2-2-768x768.webp 768w, https:\/\/mountlaser.com\/wp-content\/uploads\/2025\/12\/\u4e3b\u56fe2-2-12x12.webp 12w, https:\/\/mountlaser.com\/wp-content\/uploads\/2025\/12\/\u4e3b\u56fe2-2-600x600.webp 600w, https:\/\/mountlaser.com\/wp-content\/uploads\/2025\/12\/\u4e3b\u56fe2-2-800x800.webp 800w, https:\/\/mountlaser.com\/wp-content\/uploads\/2025\/12\/\u4e3b\u56fe2-2-400x400.webp 400w\" sizes=\"(max-width: 500px) 100vw, 500px\" \/><\/p>\n<p>L\u00e0 m\u1ed9t gi\u1ea3i ph\u00e1p \u0111\u00e1ng tin c\u1eady \u0111\u1ec3 gi\u00e1m s\u00e1t v\u1ebft n\u1ee9t b\u1eb1ng m\u00e1y \u0111o \u0111\u1ed9 d\u00e0y, s\u1ea3n ph\u1ea9m d\u1ec5 d\u00e0ng l\u1eafp \u0111\u1eb7t b\u1eb1ng c\u00e1c v\u00edt \u0111i k\u00e8m v\u00e0 c\u00f3 th\u1ec3 \u0111\u01b0\u1ee3c gia c\u1ed1 b\u1eb1ng keo d\u00e1n (kh\u00f4ng bao g\u1ed3m) khi c\u1ea7n thi\u1ebft. <a href=\"https:\/\/mountlaser.com\/vi\/contact-us\/\">M\u00e0n h\u00ecnh CM03 Crack<\/a> S\u1ea3n ph\u1ea9m c\u0169ng \u0111i k\u00e8m v\u1edbi h\u01b0\u1edbng d\u1eabn l\u1eafp \u0111\u1eb7t chi ti\u1ebft v\u00e0 b\u1ea3ng ghi nh\u1eadn v\u1ebft n\u1ee9t, \u0111\u1ea3m b\u1ea3o thi\u1ebft l\u1eadp ho\u00e0n ch\u1ec9nh v\u00e0 th\u00e2n thi\u1ec7n v\u1edbi ng\u01b0\u1eddi d\u00f9ng \u0111\u1ec3 gi\u00e1m s\u00e1t v\u1ebft n\u1ee9t l\u00e2u d\u00e0i trong c\u00e1c t\u00f2a nh\u00e0, c\u1ea7u v\u00e0 c\u00e1c c\u00f4ng tr\u00ecnh kh\u00e1c.<\/p>","protected":false},"excerpt":{"rendered":"<ul>\n<li>\u0110o \u0111\u1ed9 d\u1ecbch chuy\u1ec3n v\u1ebft n\u1ee9t theo ph\u01b0\u01a1ng ngang v\u00e0 ph\u01b0\u01a1ng d\u1ecdc<\/li>\n<li>Cung c\u1ea5p k\u1ebft qu\u1ea3 \u0111o tr\u1ef1c quan ch\u00ednh x\u00e1c \u0111\u1ebfn t\u1eebng milim\u00e9t.<\/li>\n<li>H\u1ed7 tr\u1ee3 vi\u1ec7c gi\u00e1m s\u00e1t s\u1ee9c kh\u1ecfe v\u00e0 an to\u00e0n c\u1ea5u tr\u00fac li\u00ean t\u1ee5c.<\/li>\n<\/ul>","protected":false},"featured_media":5375,"comment_status":"open","ping_status":"closed","template":"","meta":[],"product_brand":[],"product_cat":[151,79],"product_tag":[],"class_list":{"0":"post-5875","1":"product","2":"type-product","3":"status-publish","4":"has-post-thumbnail","6":"product_cat-crack-monitor","7":"product_cat-surveying-accessory","9":"first","10":"instock","11":"shipping-taxable","12":"product-type-simple"},"_links":{"self":[{"href":"https:\/\/mountlaser.com\/vi\/wp-json\/wp\/v2\/product\/5875","targetHints":{"allow":["GET"]}}],"collection":[{"href":"https:\/\/mountlaser.com\/vi\/wp-json\/wp\/v2\/product"}],"about":[{"href":"https:\/\/mountlaser.com\/vi\/wp-json\/wp\/v2\/types\/product"}],"replies":[{"embeddable":true,"href":"https:\/\/mountlaser.com\/vi\/wp-json\/wp\/v2\/comments?post=5875"}],"wp:featuredmedia":[{"embeddable":true,"href":"https:\/\/mountlaser.com\/vi\/wp-json\/wp\/v2\/media\/5375"}],"wp:attachment":[{"href":"https:\/\/mountlaser.com\/vi\/wp-json\/wp\/v2\/media?parent=5875"}],"wp:term":[{"taxonomy":"product_brand","embeddable":true,"href":"https:\/\/mountlaser.com\/vi\/wp-json\/wp\/v2\/product_brand?post=5875"},{"taxonomy":"product_cat","embeddable":true,"href":"https:\/\/mountlaser.com\/vi\/wp-json\/wp\/v2\/product_cat?post=5875"},{"taxonomy":"product_tag","embeddable":true,"href":"https:\/\/mountlaser.com\/vi\/wp-json\/wp\/v2\/product_tag?post=5875"}],"curies":[{"name":"trang web","href":"https:\/\/api.w.org\/{rel}","templated":true}]}}