{"id":5874,"date":"2025-12-12T08:54:30","date_gmt":"2025-12-12T08:54:30","guid":{"rendered":"https:\/\/mountlaser.com\/?post_type=product&#038;p=5874"},"modified":"2025-12-12T08:54:30","modified_gmt":"2025-12-12T08:54:30","slug":"cm02-crack-monitor","status":"publish","type":"product","link":"https:\/\/mountlaser.com\/vi\/san-pham\/cm02-crack-monitor\/","title":{"rendered":"M\u00e0n h\u00ecnh CM02 Crack"},"content":{"rendered":"<p data-start=\"200\" data-end=\"653\">C\u00e1i<a href=\"https:\/\/mountlaser.com\/vi\/\"> <strong data-start=\"204\" data-end=\"226\">M\u00e0n h\u00ecnh CM02 Crack<\/strong><\/a> \u0110\u00e2y l\u00e0 m\u1ed9t thi\u1ebft b\u1ecb \u0111o c\u00f3 \u0111\u1ed9 ch\u00ednh x\u00e1c cao, \u0111\u01b0\u1ee3c thi\u1ebft k\u1ebf \u0111\u1ec3 \u0111o l\u01b0\u1eddng chuy\u1ec3n \u0111\u1ed9ng k\u1ebft c\u1ea5u trong c\u00e1c t\u00f2a nh\u00e0 m\u1ed9t c\u00e1ch \u0111\u00e1ng tin c\u1eady, do \u0111\u00f3 n\u00f3 l\u00e0 m\u1ed9t c\u00f4ng c\u1ee5 thi\u1ebft y\u1ebfu. <a href=\"https:\/\/mountlaser.com\/vi\/danh-muc-san-pham\/surveying-accessory\/\"><strong data-start=\"349\" data-end=\"375\">gi\u00e1m s\u00e1t v\u1ebft n\u1ee9t t\u00f2a nh\u00e0<\/strong><\/a> D\u00e0nh cho k\u1ef9 s\u01b0 v\u00e0 thanh tra. \u0110\u01b0\u1ee3c thi\u1ebft k\u1ebf v\u1edbi hai t\u1ea5m ch\u1ed3ng l\u00ean nhau\u2014m\u1ed9t t\u1ea5m trong su\u1ed1t v\u1edbi con tr\u1ecf h\u00ecnh ch\u1eef th\u1eadp m\u1ea3nh v\u00e0 m\u1ed9t t\u1ea5m \u0111\u01b0\u1ee3c hi\u1ec7u ch\u1ec9nh theo milim\u00e9t\u2014M\u00e1y d\u00f2 v\u1ebft n\u1ee9t CM02 cho ph\u00e9p c\u00e1c chuy\u00ean gia ph\u00e1t hi\u1ec7n ngay c\u1ea3 nh\u1eefng d\u1ecbch chuy\u1ec3n nh\u1ecf nh\u1ea5t v\u1edbi \u0111\u1ed9 r\u00f5 n\u00e9t v\u00e0 ch\u00ednh x\u00e1c v\u01b0\u1ee3t tr\u1ed9i.<\/p>\n<p data-start=\"200\" data-end=\"653\"><img fetchpriority=\"high\" decoding=\"async\" class=\"aligncenter wp-image-5369\" src=\"https:\/\/mountlaser.com\/wp-content\/uploads\/2025\/12\/\u4e3b\u56fe3-1.webp\" alt=\"CM02 Crack Monitor\" width=\"500\" height=\"500\" srcset=\"https:\/\/mountlaser.com\/wp-content\/uploads\/2025\/12\/\u4e3b\u56fe3-1.webp 1000w, https:\/\/mountlaser.com\/wp-content\/uploads\/2025\/12\/\u4e3b\u56fe3-1-300x300.webp 300w, https:\/\/mountlaser.com\/wp-content\/uploads\/2025\/12\/\u4e3b\u56fe3-1-150x150.webp 150w, https:\/\/mountlaser.com\/wp-content\/uploads\/2025\/12\/\u4e3b\u56fe3-1-768x768.webp 768w, https:\/\/mountlaser.com\/wp-content\/uploads\/2025\/12\/\u4e3b\u56fe3-1-12x12.webp 12w, https:\/\/mountlaser.com\/wp-content\/uploads\/2025\/12\/\u4e3b\u56fe3-1-600x600.webp 600w, https:\/\/mountlaser.com\/wp-content\/uploads\/2025\/12\/\u4e3b\u56fe3-1-800x800.webp 800w, https:\/\/mountlaser.com\/wp-content\/uploads\/2025\/12\/\u4e3b\u56fe3-1-400x400.webp 400w\" sizes=\"(max-width: 500px) 100vw, 500px\" \/><\/p>\n<p data-start=\"655\" data-end=\"1145\">L\u00e0 m\u1ed9t thi\u1ebft b\u1ecb gi\u00e1m s\u00e1t v\u1ebft n\u1ee9t c\u00f4ng tr\u00ecnh b\u1ec1n b\u1ec9 v\u00e0 d\u1ec5 l\u1eafp \u0111\u1eb7t, n\u00f3 \u0111\u01b0\u1ee3c g\u1eafn ch\u1eafc ch\u1eafn b\u1eb1ng c\u00e1c v\u00edt \u0111i k\u00e8m v\u00e0 c\u00f3 th\u1ec3 \u0111\u01b0\u1ee3c k\u1ebft h\u1ee3p v\u1edbi keo d\u00e1n (kh\u00f4ng bao g\u1ed3m) \u0111\u1ec3 t\u0103ng th\u00eam \u0111\u1ed9 \u1ed5n \u0111\u1ecbnh. Thi\u1ebft b\u1ecb gi\u00e1m s\u00e1t v\u1ebft n\u1ee9t CM02 bao g\u1ed3m h\u01b0\u1edbng d\u1eabn l\u1eafp \u0111\u1eb7t chi ti\u1ebft v\u00e0 b\u1ea3ng ghi ch\u00e9p v\u1ebft n\u1ee9t, cung c\u1ea5p gi\u1ea3i ph\u00e1p gi\u00e1m s\u00e1t ho\u00e0n ch\u1ec9nh cho vi\u1ec7c \u0111\u00e1nh gi\u00e1 c\u1ea5u tr\u00fac li\u00ean t\u1ee5c. D\u00e0nh cho b\u1ea5t k\u1ef3 ai c\u1ea7n m\u1ed9t thi\u1ebft b\u1ecb gi\u00e1m s\u00e1t \u0111\u00e1ng tin c\u1eady... <a href=\"https:\/\/mountlaser.com\/vi\/about-us\/\">gi\u00e1m s\u00e1t v\u1ebft n\u1ee9t t\u00f2a nh\u00e0<\/a>, M\u1eabu s\u1ea3n ph\u1ea9m n\u00e0y mang l\u1ea1i hi\u1ec7u su\u1ea5t \u1ed5n \u0111\u1ecbnh trong c\u1ea3 m\u00f4i tr\u01b0\u1eddng trong nh\u00e0 v\u00e0 ngo\u00e0i tr\u1eddi.<\/p>","protected":false},"excerpt":{"rendered":"<ul>\n<li>Cung c\u1ea5p c\u00e1c ch\u1ec9 s\u1ed1 ch\u00ednh x\u00e1c \u0111\u1ebfn t\u1eebng milim\u00e9t.<\/li>\n<li>H\u1ed7 tr\u1ee3 gi\u00e1m s\u00e1t s\u1ee9c kh\u1ecfe c\u1ea5u tr\u00fac d\u00e0i h\u1ea1n.<\/li>\n<li>S\u1eed d\u1ee5ng c\u00e1c t\u1ea5m trong su\u1ed1t \u0111\u00e3 \u0111\u01b0\u1ee3c hi\u1ec7u chu\u1ea9n ch\u1ed3ng l\u00ean nhau \u0111\u1ec3 \u0111o l\u01b0\u1eddng ch\u00ednh x\u00e1c.<\/li>\n<li>L\u1eafp \u0111\u1eb7t b\u1eb1ng v\u00edt (\u0111\u00e3 bao g\u1ed3m) v\u00e0 keo d\u00e1n t\u00f9y ch\u1ecdn.<\/li>\n<li>Bao g\u1ed3m h\u01b0\u1edbng d\u1eabn c\u00e0i \u0111\u1eb7t \u0111\u1ea7y \u0111\u1ee7 v\u00e0 b\u1ea3ng ghi ch\u00e9p gi\u00e1m s\u00e1t.<\/li>\n<\/ul>","protected":false},"featured_media":5367,"comment_status":"open","ping_status":"closed","template":"","meta":[],"product_brand":[],"product_cat":[151,79],"product_tag":[],"class_list":{"0":"post-5874","1":"product","2":"type-product","3":"status-publish","4":"has-post-thumbnail","6":"product_cat-crack-monitor","7":"product_cat-surveying-accessory","9":"first","10":"instock","11":"shipping-taxable","12":"product-type-simple"},"_links":{"self":[{"href":"https:\/\/mountlaser.com\/vi\/wp-json\/wp\/v2\/product\/5874","targetHints":{"allow":["GET"]}}],"collection":[{"href":"https:\/\/mountlaser.com\/vi\/wp-json\/wp\/v2\/product"}],"about":[{"href":"https:\/\/mountlaser.com\/vi\/wp-json\/wp\/v2\/types\/product"}],"replies":[{"embeddable":true,"href":"https:\/\/mountlaser.com\/vi\/wp-json\/wp\/v2\/comments?post=5874"}],"wp:featuredmedia":[{"embeddable":true,"href":"https:\/\/mountlaser.com\/vi\/wp-json\/wp\/v2\/media\/5367"}],"wp:attachment":[{"href":"https:\/\/mountlaser.com\/vi\/wp-json\/wp\/v2\/media?parent=5874"}],"wp:term":[{"taxonomy":"product_brand","embeddable":true,"href":"https:\/\/mountlaser.com\/vi\/wp-json\/wp\/v2\/product_brand?post=5874"},{"taxonomy":"product_cat","embeddable":true,"href":"https:\/\/mountlaser.com\/vi\/wp-json\/wp\/v2\/product_cat?post=5874"},{"taxonomy":"product_tag","embeddable":true,"href":"https:\/\/mountlaser.com\/vi\/wp-json\/wp\/v2\/product_tag?post=5874"}],"curies":[{"name":"trang web","href":"https:\/\/api.w.org\/{rel}","templated":true}]}}