{"id":5872,"date":"2025-12-12T07:44:07","date_gmt":"2025-12-12T07:44:07","guid":{"rendered":"https:\/\/mountlaser.com\/?post_type=product&#038;p=5872"},"modified":"2025-12-12T07:44:08","modified_gmt":"2025-12-12T07:44:08","slug":"sm01-rd-surveying-marker","status":"publish","type":"product","link":"https:\/\/mountlaser.com\/vi\/san-pham\/sm01-rd-surveying-marker\/","title":{"rendered":"C\u1ed9t m\u1ed1c kh\u1ea3o s\u00e1t SM01-RD"},"content":{"rendered":"<p data-start=\"215\" data-end=\"735\">C\u00e1i <a href=\"https:\/\/mountlaser.com\/vi\/\"><strong data-start=\"219\" data-end=\"247\">C\u1ed9t m\u1ed1c kh\u1ea3o s\u00e1t SM01-RD<\/strong><\/a> \u0110\u00e2y l\u00e0 m\u1ed9t lo\u1ea1i m\u1ed1c \u0111\u00e1nh d\u1ea5u hi\u1ec7n tr\u01b0\u1eddng b\u1ec1n ch\u1eafc v\u00e0 d\u1ec5 nh\u00ecn, \u0111\u01b0\u1ee3c thi\u1ebft k\u1ebf \u0111\u1ec3 x\u00e1c \u0111\u1ecbnh ch\u00ednh x\u00e1c c\u00e1c \u0111i\u1ec3m tham chi\u1ebfu trong c\u00e1c \u1ee9ng d\u1ee5ng kh\u1ea3o s\u00e1t v\u00e0 x\u00e2y d\u1ef1ng. \u0110\u01b0\u1ee3c l\u00e0m t\u1eeb nh\u1ef1a \u0111\u00fac phun ch\u1ea5t l\u01b0\u1ee3ng cao, m\u1ed1c \u0111\u00e1nh d\u1ea5u kh\u1ea3o s\u00e1t SM01-RD c\u00f3 \u0111\u1ed9 b\u1ec1n v\u01b0\u1ee3t tr\u1ed9i v\u00e0 \u0111\u1ed9 tin c\u1eady l\u00e2u d\u00e0i, l\u00e0 l\u1ef1a ch\u1ecdn l\u00fd t\u01b0\u1edfng cho c\u00e1c chuy\u00ean gia c\u1ea7n \u0111\u00e1nh d\u1ea5u hi\u1ec7n tr\u01b0\u1eddng ch\u00ednh x\u00e1c. L\u00e0 m\u1ed9t trong nh\u1eefng lo\u1ea1i m\u1ed1c \u0111\u00e1ng tin c\u1eady nh\u1ea5t... <a href=\"https:\/\/mountlaser.com\/vi\/danh-muc-san-pham\/surveying-accessory\/\"><strong data-start=\"629\" data-end=\"664\">C\u00e1c m\u1ed1c ranh gi\u1edbi kh\u1ea3o s\u00e1t nh\u1ef1a<\/strong><\/a>, \u0110i\u1ec1u n\u00e0y \u0111\u1ea3m b\u1ea3o hi\u1ec7u su\u1ea5t \u1ed5n \u0111\u1ecbnh ngay c\u1ea3 trong m\u00f4i tr\u01b0\u1eddng ngo\u00e0i tr\u1eddi kh\u1eafc nghi\u1ec7t.<\/p>\n<p data-start=\"737\" data-end=\"1276\">V\u1edbi m\u00e0u \u0111\u1ecf t\u01b0\u01a1i v\u00e0 k\u00edch th\u01b0\u1edbc nh\u1ecf g\u1ecdn (D46 \u00d7 d10 \u00d7 H6 mm), c\u1ecdc \u0111\u00e1nh d\u1ea5u kh\u1ea3o s\u00e1t SM01-RD gi\u00fap nh\u1eadn di\u1ec7n nhanh ch\u00f3ng c\u00e1c \u0111\u01b0\u1eddng b\u1ed1 tr\u00ed, \u0111i\u1ec3m kh\u1ed1ng ch\u1ebf v\u00e0 ranh gi\u1edbi. C\u00e1c k\u1ef9 s\u01b0 kh\u1ea3o s\u00e1t th\u01b0\u1eddng xuy\u00ean s\u1eed d\u1ee5ng c\u1ecdc \u0111\u00e1nh d\u1ea5u ranh gi\u1edbi b\u1eb1ng nh\u1ef1a s\u1ebd \u0111\u00e1nh gi\u00e1 cao \u0111\u1ed9 b\u1ec1n, kh\u1ea3 n\u0103ng nh\u00ecn r\u00f5 v\u00e0 kh\u1ea3 n\u0103ng ch\u1ed1ng m\u00e0i m\u00f2n c\u1ee7a c\u1ecdc n\u00e0y. <a href=\"https:\/\/mountlaser.com\/vi\/contact-us\/\">C\u1ed9t m\u1ed1c kh\u1ea3o s\u00e1t SM01-RD <\/a>S\u1ea3n ph\u1ea9m n\u00e0y c\u0169ng ph\u00f9 h\u1ee3p cho c\u00e1c d\u1ef1 \u00e1n quy m\u00f4 l\u1edbn nh\u1edd s\u1ed1 l\u01b0\u1ee3ng \u0111\u1eb7t h\u00e0ng t\u1ed1i thi\u1ec3u c\u1ea1nh tranh l\u00e0 1000 chi\u1ebfc, tr\u1edf th\u00e0nh gi\u1ea3i ph\u00e1p ti\u1ebft ki\u1ec7m chi ph\u00ed trong s\u1ed1 c\u00e1c lo\u1ea1i c\u1ecdc \u0111\u00e1nh d\u1ea5u ranh gi\u1edbi b\u1eb1ng nh\u1ef1a chuy\u00ean nghi\u1ec7p.<\/p>\n<div>\n<table style=\"border-collapse: collapse; width: 801.02pt;\" border=\"0\" width=\"1068\" cellspacing=\"0\" cellpadding=\"0\">\n<tbody>\n<tr style=\"height: 14.25pt;\">\n<td class=\"et2\" style=\"height: 14.25pt; width: 127.50pt;\" width=\"170\" height=\"19\">CON S\u1ed0<\/td>\n<td class=\"et2\" style=\"width: 196.50pt;\" width=\"262\">M\u00c0U S\u1eaeC<\/td>\n<td class=\"et2\" style=\"width: 213.00pt;\" width=\"284\">K\u00cdCH TH\u01af\u1edaC D x dx H<\/td>\n<td class=\"et3\" style=\"width: 93.75pt;\" width=\"125\">S\u1ed1 l\u01b0\u1ee3ng \u0111\u1eb7t h\u00e0ng t\u1ed1i thi\u1ec3u (c\u00e1i)<\/td>\n<td class=\"et3\" style=\"width: 170.25pt;\" width=\"227\">H\u00ccNH \u1ea2NH<\/td>\n<\/tr>\n<tr style=\"height: 14.25pt;\">\n<td class=\"et4\" style=\"height: 14.25pt;\" height=\"19\">SM01-RD<\/td>\n<td class=\"et5\">M\u00c0U \u0110\u1ece<\/td>\n<td class=\"et6\">D46 \u00d7 d10 \u00d7 H6 mm<\/td>\n<td class=\"et7\" align=\"right\">1000<\/td>\n<td class=\"et7\"><img fetchpriority=\"high\" decoding=\"async\" class=\"aligncenter wp-image-5348\" src=\"https:\/\/mountlaser.com\/wp-content\/uploads\/2025\/12\/SM01-Surveying-Marker6-300x300.webp\" alt=\"SM01-RD Surveying Marker\" width=\"500\" height=\"500\" srcset=\"https:\/\/mountlaser.com\/wp-content\/uploads\/2025\/12\/SM01-Surveying-Marker6-300x300.webp 300w, https:\/\/mountlaser.com\/wp-content\/uploads\/2025\/12\/SM01-Surveying-Marker6-150x150.webp 150w, https:\/\/mountlaser.com\/wp-content\/uploads\/2025\/12\/SM01-Surveying-Marker6-768x768.webp 768w, https:\/\/mountlaser.com\/wp-content\/uploads\/2025\/12\/SM01-Surveying-Marker6-12x12.webp 12w, https:\/\/mountlaser.com\/wp-content\/uploads\/2025\/12\/SM01-Surveying-Marker6-600x600.webp 600w, https:\/\/mountlaser.com\/wp-content\/uploads\/2025\/12\/SM01-Surveying-Marker6-800x800.webp 800w, https:\/\/mountlaser.com\/wp-content\/uploads\/2025\/12\/SM01-Surveying-Marker6-400x400.webp 400w, https:\/\/mountlaser.com\/wp-content\/uploads\/2025\/12\/SM01-Surveying-Marker6.webp 1000w\" sizes=\"(max-width: 500px) 100vw, 500px\" \/><\/td>\n<\/tr>\n<\/tbody>\n<\/table>\n<\/div>","protected":false},"excerpt":{"rendered":"<ul>\n<li>Cung c\u1ea5p t\u1ea7m nh\u00ecn r\u00f5 r\u00e0ng, d\u1ec5 quan s\u00e1t.<\/li>\n<li>\u0110\u01b0\u1ee3c l\u00e0m t\u1eeb nh\u1ef1a \u0111\u00fac khu\u00f4n ch\u1eafc ch\u1eafn.<\/li>\n<li>M\u00e0u \u0111\u1ecf t\u01b0\u01a1i gi\u00fap d\u1ec5 nh\u1eadn bi\u1ebft.<\/li>\n<li>Thi\u1ebft k\u1ebf b\u1ec1n b\u1ec9, ch\u1ed1ng ch\u1ecbu th\u1eddi ti\u1ebft<\/li>\n<\/ul>","protected":false},"featured_media":5352,"comment_status":"open","ping_status":"closed","template":"","meta":[],"product_brand":[],"product_cat":[152,79],"product_tag":[],"class_list":{"0":"post-5872","1":"product","2":"type-product","3":"status-publish","4":"has-post-thumbnail","6":"product_cat-surveying-marker","7":"product_cat-surveying-accessory","9":"first","10":"instock","11":"shipping-taxable","12":"product-type-simple"},"_links":{"self":[{"href":"https:\/\/mountlaser.com\/vi\/wp-json\/wp\/v2\/product\/5872","targetHints":{"allow":["GET"]}}],"collection":[{"href":"https:\/\/mountlaser.com\/vi\/wp-json\/wp\/v2\/product"}],"about":[{"href":"https:\/\/mountlaser.com\/vi\/wp-json\/wp\/v2\/types\/product"}],"replies":[{"embeddable":true,"href":"https:\/\/mountlaser.com\/vi\/wp-json\/wp\/v2\/comments?post=5872"}],"wp:featuredmedia":[{"embeddable":true,"href":"https:\/\/mountlaser.com\/vi\/wp-json\/wp\/v2\/media\/5352"}],"wp:attachment":[{"href":"https:\/\/mountlaser.com\/vi\/wp-json\/wp\/v2\/media?parent=5872"}],"wp:term":[{"taxonomy":"product_brand","embeddable":true,"href":"https:\/\/mountlaser.com\/vi\/wp-json\/wp\/v2\/product_brand?post=5872"},{"taxonomy":"product_cat","embeddable":true,"href":"https:\/\/mountlaser.com\/vi\/wp-json\/wp\/v2\/product_cat?post=5872"},{"taxonomy":"product_tag","embeddable":true,"href":"https:\/\/mountlaser.com\/vi\/wp-json\/wp\/v2\/product_tag?post=5872"}],"curies":[{"name":"trang web","href":"https:\/\/api.w.org\/{rel}","templated":true}]}}