{"id":5871,"date":"2025-12-12T06:55:30","date_gmt":"2025-12-12T06:55:30","guid":{"rendered":"https:\/\/mountlaser.com\/?post_type=product&#038;p=5871"},"modified":"2025-12-12T07:27:36","modified_gmt":"2025-12-12T07:27:36","slug":"sm01-yl-surveying-marker","status":"publish","type":"product","link":"https:\/\/mountlaser.com\/vi\/san-pham\/sm01-yl-surveying-marker\/","title":{"rendered":"C\u1ed9t m\u1ed1c kh\u1ea3o s\u00e1t SM01-YL"},"content":{"rendered":"<p data-start=\"169\" data-end=\"642\">C\u00e1i <a href=\"https:\/\/mountlaser.com\/vi\/\"><strong data-start=\"173\" data-end=\"201\">C\u1ed9t m\u1ed1c kh\u1ea3o s\u00e1t SM01-YL<\/strong><\/a> \u0110\u00e2y l\u00e0 m\u1ed9t m\u1ed1c \u0111o \u0111\u1ea1c th\u1ef1c \u0111\u1ecba \u0111\u00e1ng tin c\u1eady v\u00e0 b\u1ec1n b\u1ec9, \u0111\u01b0\u1ee3c thi\u1ebft k\u1ebf \u0111\u1ec3 x\u00e1c \u0111\u1ecbnh c\u00e1c \u0111i\u1ec3m tham chi\u1ebfu ch\u00ednh x\u00e1c trong c\u00e1c nhi\u1ec7m v\u1ee5 kh\u1ea3o s\u00e1t chuy\u00ean nghi\u1ec7p. \u0110\u01b0\u1ee3c l\u00e0m t\u1eeb nh\u1ef1a \u0111\u00fac phun ch\u1ea5t l\u01b0\u1ee3ng cao, m\u1ed1c \u0111o \u0111\u1ea1c SM01-YL mang l\u1ea1i hi\u1ec7u su\u1ea5t l\u00e2u d\u00e0i ngay c\u1ea3 trong m\u00f4i tr\u01b0\u1eddng ngo\u00e0i tr\u1eddi kh\u1eafc nghi\u1ec7t. L\u00e0 m\u1ed9t v\u1eadt \u0111\u00e1nh d\u1ea5u c\u00f3 \u0111\u1ed9 hi\u1ec3n th\u1ecb cao, n\u00f3 r\u1ea5t d\u1ec5 nh\u1eadn bi\u1ebft. <a href=\"https:\/\/mountlaser.com\/vi\/danh-muc-san-pham\/surveying-accessory\/\"><strong data-start=\"493\" data-end=\"518\">d\u1ea5u kh\u1ea3o s\u00e1t b\u1eb1ng nh\u1ef1a<\/strong><\/a>, N\u00f3 gi\u00fap nh\u1eadn di\u1ec7n r\u00f5 r\u00e0ng c\u00e1c \u0111\u01b0\u1eddng b\u1ed1 tr\u00ed, \u0111i\u1ec3m ki\u1ec3m so\u00e1t v\u00e0 c\u00e1c m\u1ed1c ranh gi\u1edbi t\u1ea1i c\u00e1c c\u00f4ng tr\u01b0\u1eddng x\u00e2y d\u1ef1ng v\u00e0 kh\u1ea3o s\u00e1t.<\/p>\n<p data-start=\"644\" data-end=\"1006\">\u0110\u01b0\u1ee3c thi\u1ebft k\u1ebf \u0111\u1ec3 \u0111\u1ea1t \u0111\u1ed9 ch\u00ednh x\u00e1c v\u00e0 \u0111\u1ed9 tin c\u1eady cao, <a href=\"https:\/\/mountlaser.com\/vi\/contact-us\/\">C\u1ed9t m\u1ed1c kh\u1ea3o s\u00e1t SM01-YL<\/a> N\u1ed5i b\u1eadt trong s\u1ed1 c\u00e1c lo\u1ea1i m\u1ed1c \u0111o \u0111\u1ea1c b\u1eb1ng nh\u1ef1a hi\u1ec7n \u0111\u1ea1i, s\u1ea3n ph\u1ea9m n\u00e0y cung c\u1ea5p nhi\u1ec1u l\u1ef1a ch\u1ecdn m\u00e0u s\u1eafc t\u01b0\u01a1i s\u00e1ng, \u0111\u1ea3m b\u1ea3o d\u1ec5 d\u00e0ng nh\u1eadn bi\u1ebft t\u1eeb xa. C\u00e1c chuy\u00ean gia kh\u1ea3o s\u00e1t th\u01b0\u1eddng xuy\u00ean s\u1eed d\u1ee5ng m\u1ed1c \u0111o \u0111\u1ea1c b\u1eb1ng nh\u1ef1a cho c\u00e1c ho\u1ea1t \u0111\u1ed9ng hi\u1ec7n tr\u01b0\u1eddng h\u00e0ng ng\u00e0y s\u1ebd \u0111\u00e1nh gi\u00e1 cao \u0111\u1ed9 b\u1ec1n, kh\u1ea3 n\u0103ng ch\u1ed1ng ch\u1ecbu th\u1eddi ti\u1ebft v\u00e0 \u0111\u1ed9 ch\u00ednh x\u00e1c \u1ed5n \u0111\u1ecbnh c\u1ee7a s\u1ea3n ph\u1ea9m.<\/p>\n<div>\n<table style=\"border-collapse: collapse; width: 801.02pt;\" border=\"0\" width=\"1068\" cellspacing=\"0\" cellpadding=\"0\">\n<tbody>\n<tr style=\"height: 14.25pt;\">\n<td class=\"et2\" style=\"height: 14.25pt; width: 127.50pt;\" width=\"170\" height=\"19\">CON S\u1ed0<\/td>\n<td class=\"et2\" style=\"width: 196.50pt;\" width=\"262\">M\u00c0U S\u1eaeC<\/td>\n<td class=\"et2\" style=\"width: 213.00pt;\" width=\"284\">K\u00cdCH TH\u01af\u1edaC D x dx H<\/td>\n<td class=\"et3\" style=\"width: 93.75pt;\" width=\"125\">S\u1ed1 l\u01b0\u1ee3ng \u0111\u1eb7t h\u00e0ng t\u1ed1i thi\u1ec3u (c\u00e1i)<\/td>\n<td class=\"et3\" style=\"width: 170.25pt;\" width=\"227\">H\u00ccNH \u1ea2NH<\/td>\n<\/tr>\n<tr style=\"height: 14.25pt;\">\n<td class=\"et4\" style=\"height: 14.25pt;\" height=\"19\">SM01-YL<\/td>\n<td class=\"et5\">M\u00e0u v\u00e0ng<\/td>\n<td class=\"et6\">D46 \u00d7 d10 \u00d7 H6 mm<\/td>\n<td class=\"et7\" align=\"right\">1000<\/td>\n<td class=\"et7\"><img fetchpriority=\"high\" decoding=\"async\" class=\"alignnone wp-image-5350 size-medium\" src=\"https:\/\/mountlaser.com\/wp-content\/uploads\/2025\/12\/SM01-Surveying-Marker5-300x300.webp\" alt=\"SM01-YL Surveying Marker\" width=\"300\" height=\"300\" srcset=\"https:\/\/mountlaser.com\/wp-content\/uploads\/2025\/12\/SM01-Surveying-Marker5-300x300.webp 300w, https:\/\/mountlaser.com\/wp-content\/uploads\/2025\/12\/SM01-Surveying-Marker5-150x150.webp 150w, https:\/\/mountlaser.com\/wp-content\/uploads\/2025\/12\/SM01-Surveying-Marker5-768x768.webp 768w, https:\/\/mountlaser.com\/wp-content\/uploads\/2025\/12\/SM01-Surveying-Marker5-12x12.webp 12w, https:\/\/mountlaser.com\/wp-content\/uploads\/2025\/12\/SM01-Surveying-Marker5-600x600.webp 600w, https:\/\/mountlaser.com\/wp-content\/uploads\/2025\/12\/SM01-Surveying-Marker5-800x800.webp 800w, https:\/\/mountlaser.com\/wp-content\/uploads\/2025\/12\/SM01-Surveying-Marker5-400x400.webp 400w, https:\/\/mountlaser.com\/wp-content\/uploads\/2025\/12\/SM01-Surveying-Marker5.webp 1000w\" sizes=\"(max-width: 300px) 100vw, 300px\" \/><\/td>\n<\/tr>\n<\/tbody>\n<\/table>\n<\/div>","protected":false},"excerpt":{"rendered":"<ul>\n<li>Cung c\u1ea5p kh\u1ea3 n\u0103ng \u0111\u00e1nh d\u1ea5u ch\u00ednh x\u00e1c c\u00e1c \u0111i\u1ec3m ki\u1ec3m so\u00e1t, ranh gi\u1edbi v\u00e0 \u0111\u01b0\u1eddng b\u1ed1 tr\u00ed.<\/li>\n<li>\u0110\u01b0\u1ee3c ch\u1ebf t\u1ea1o t\u1eeb nh\u1ef1a \u0111\u00fac khu\u00f4n ch\u1ea5t l\u01b0\u1ee3ng cao, \u0111\u1ea3m b\u1ea3o \u0111\u1ed9 b\u1ec1n v\u01b0\u1ee3t tr\u1ed9i.<\/li>\n<li>C\u00f3 nhi\u1ec1u m\u00e0u s\u1eafc t\u01b0\u01a1i s\u00e1ng, d\u1ec5 nh\u1eadn bi\u1ebft tr\u00ean th\u1ef1c \u0111\u1ecba.<\/li>\n<li>L\u00fd t\u01b0\u1edfng cho c\u00e1c c\u00f4ng tr\u01b0\u1eddng x\u00e2y d\u1ef1ng, kh\u1ea3o s\u00e1t \u0111\u1ecba h\u00ecnh v\u00e0 \u0111\u00e1nh d\u1ea5u m\u1ed1c tham chi\u1ebfu d\u00e0i h\u1ea1n.<\/li>\n<li>Cung c\u1ea5p hi\u1ec7u su\u1ea5t \u0111\u00e1ng tin c\u1eady nh\u01b0 m\u1ed9t m\u1ed1c \u0111o \u0111\u1ea1c chuy\u00ean nghi\u1ec7p.<\/li>\n<\/ul>","protected":false},"featured_media":5352,"comment_status":"open","ping_status":"closed","template":"","meta":[],"product_brand":[],"product_cat":[152,79],"product_tag":[],"class_list":{"0":"post-5871","1":"product","2":"type-product","3":"status-publish","4":"has-post-thumbnail","6":"product_cat-surveying-marker","7":"product_cat-surveying-accessory","9":"first","10":"instock","11":"shipping-taxable","12":"product-type-simple"},"_links":{"self":[{"href":"https:\/\/mountlaser.com\/vi\/wp-json\/wp\/v2\/product\/5871","targetHints":{"allow":["GET"]}}],"collection":[{"href":"https:\/\/mountlaser.com\/vi\/wp-json\/wp\/v2\/product"}],"about":[{"href":"https:\/\/mountlaser.com\/vi\/wp-json\/wp\/v2\/types\/product"}],"replies":[{"embeddable":true,"href":"https:\/\/mountlaser.com\/vi\/wp-json\/wp\/v2\/comments?post=5871"}],"wp:featuredmedia":[{"embeddable":true,"href":"https:\/\/mountlaser.com\/vi\/wp-json\/wp\/v2\/media\/5352"}],"wp:attachment":[{"href":"https:\/\/mountlaser.com\/vi\/wp-json\/wp\/v2\/media?parent=5871"}],"wp:term":[{"taxonomy":"product_brand","embeddable":true,"href":"https:\/\/mountlaser.com\/vi\/wp-json\/wp\/v2\/product_brand?post=5871"},{"taxonomy":"product_cat","embeddable":true,"href":"https:\/\/mountlaser.com\/vi\/wp-json\/wp\/v2\/product_cat?post=5871"},{"taxonomy":"product_tag","embeddable":true,"href":"https:\/\/mountlaser.com\/vi\/wp-json\/wp\/v2\/product_tag?post=5871"}],"curies":[{"name":"trang web","href":"https:\/\/api.w.org\/{rel}","templated":true}]}}