{"id":5869,"date":"2025-12-12T05:45:46","date_gmt":"2025-12-12T05:45:46","guid":{"rendered":"https:\/\/mountlaser.com\/?post_type=product&#038;p=5869"},"modified":"2025-12-12T05:45:46","modified_gmt":"2025-12-12T05:45:46","slug":"al03-abney-level","status":"publish","type":"product","link":"https:\/\/mountlaser.com\/vi\/san-pham\/al03-abney-level\/","title":{"rendered":"AL03 M\u1ee9c \u0111\u1ed9 Abney"},"content":{"rendered":"<p>C\u00e1i <a href=\"https:\/\/mountlaser.com\/vi\/\"><strong>AL03 M\u1ee9c \u0111\u1ed9 Abney<\/strong><\/a> \u0110\u00e2y l\u00e0 m\u1ed9t d\u1ee5ng c\u1ee5 \u0111\u01b0\u1ee3c ch\u1ebf t\u1ea1o ch\u00ednh x\u00e1c, \u0111\u01b0\u1ee3c thi\u1ebft k\u1ebf d\u00e0nh cho c\u00e1c chuy\u00ean gia c\u1ea7n \u0111\u00e1nh gi\u00e1 \u0111\u1ed9 d\u1ed1c v\u00e0 \u0111\u1ed9 cao nhanh ch\u00f3ng v\u00e0 \u0111\u00e1ng tin c\u1eady t\u1ea1i hi\u1ec7n tr\u01b0\u1eddng. \u0110\u01b0\u1ee3c thi\u1ebft k\u1ebf v\u1edbi \u1ed1ng ng\u1eafm vu\u00f4ng v\u00e0 k\u00ednh vi\u1ec5n v\u1ecdng l\u1ea5y n\u00e9t b\u00ean trong, m\u00e1y th\u1ee7y chu\u1ea9n Abney AL03 cung c\u1ea5p c\u00e1c s\u1ed1 \u0111o ch\u00ednh x\u00e1c cao \u0111\u1ebfn 20&#039;\/2mm, tr\u1edf th\u00e0nh l\u1ef1a ch\u1ecdn \u0111\u00e1ng tin c\u1eady cho vi\u1ec7c \u0111\u00e1nh gi\u00e1 \u0111\u1ecba h\u00ecnh, b\u1ed1 tr\u00ed c\u00f4ng tr\u00ecnh v\u00e0 \u0111o \u0111\u1ea1c \u0111\u1ecba h\u00ecnh. L\u00e0 m\u1ed9t c\u00f4ng c\u1ee5 nh\u1ecf g\u1ecdn v\u00e0 b\u1ec1n b\u1ec9 \u0111\u01b0\u1ee3c s\u1eed d\u1ee5ng r\u1ed9ng r\u00e3i trong kh\u1ea3o s\u00e1t b\u1eb1ng m\u00e1y th\u1ee7y chu\u1ea9n c\u1ea7m tay, n\u00f3 cho ph\u00e9p c\u00e1c nh\u00e0 kh\u1ea3o s\u00e1t th\u1ef1c hi\u1ec7n ki\u1ec3m tra g\u00f3c, \u0111\u1ed9 d\u1ed1c v\u00e0 \u0111\u1ed9 cao m\u1ed9t c\u00e1ch t\u1ef1 tin v\u00e0 hi\u1ec7u qu\u1ea3.<\/p>\n<p>\u0110\u01b0\u1ee3c trang b\u1ecb c\u00e1c cung tr\u00f2n c\u00f3 th\u1ec3 thay th\u1ebf, thang \u0111o ch\u00ednh 1\u00b0 v\u1edbi th\u01b0\u1edbc vernier 10\u2032 v\u00e0 thang \u0111o \u0111\u1ed9 d\u1ed1c t\u00edch h\u1ee3p 1:1 v\u00e0 1:10, <a href=\"https:\/\/mountlaser.com\/vi\/danh-muc-san-pham\/surveying-accessory\/\">AL03 M\u1ee9c \u0111\u1ed9 Abney<\/a> D\u1ec5 d\u00e0ng th\u00edch \u1ee9ng v\u1edbi nhi\u1ec1u \u1ee9ng d\u1ee5ng th\u1ef1c \u0111\u1ecba. M\u1eb7t s\u1ed1 90 mm cung c\u1ea5p ph\u1ea1m vi \u0111o r\u00f5 r\u00e0ng t\u1eeb 0\u00b0 \u0111\u1ebfn 90\u00b0, h\u1ed7 tr\u1ee3 c\u1ea3 quan s\u00e1t g\u00f3c ti\u00eau chu\u1ea9n v\u00e0 g\u00f3c d\u1ed1c. \u0110\u01b0\u1ee3c thi\u1ebft k\u1ebf cho m\u00f4i tr\u01b0\u1eddng kh\u1ea3o s\u00e1t th\u1ef1c t\u1ebf, d\u1ee5ng c\u1ee5 n\u00e0y l\u00e0 ng\u01b0\u1eddi b\u1ea1n \u0111\u1ed3ng h\u00e0nh \u0111\u00e1ng tin c\u1eady cho c\u00f4ng vi\u1ec7c \u0111o \u0111\u1ea1c b\u1eb1ng m\u00e1y th\u1ee7y b\u00ecnh c\u1ea7m tay, v\u00e0 \u0111i k\u00e8m v\u1edbi h\u1ed9p \u0111\u1ef1ng c\u00f3 m\u00f3c \u0111eo ti\u1ec7n l\u1ee3i \u0111\u1ec3 d\u1ec5 d\u00e0ng v\u1eadn chuy\u1ec3n t\u1ea1i hi\u1ec7n tr\u01b0\u1eddng.<\/p>\n<p><img fetchpriority=\"high\" decoding=\"async\" class=\"aligncenter wp-image-5550\" src=\"https:\/\/mountlaser.com\/wp-content\/uploads\/2025\/12\/AL035.webp\" alt=\"AL03 Abney Level\" width=\"500\" height=\"500\" srcset=\"https:\/\/mountlaser.com\/wp-content\/uploads\/2025\/12\/AL035.webp 1000w, https:\/\/mountlaser.com\/wp-content\/uploads\/2025\/12\/AL035-300x300.webp 300w, https:\/\/mountlaser.com\/wp-content\/uploads\/2025\/12\/AL035-150x150.webp 150w, https:\/\/mountlaser.com\/wp-content\/uploads\/2025\/12\/AL035-768x768.webp 768w, https:\/\/mountlaser.com\/wp-content\/uploads\/2025\/12\/AL035-12x12.webp 12w, https:\/\/mountlaser.com\/wp-content\/uploads\/2025\/12\/AL035-600x600.webp 600w, https:\/\/mountlaser.com\/wp-content\/uploads\/2025\/12\/AL035-800x800.webp 800w, https:\/\/mountlaser.com\/wp-content\/uploads\/2025\/12\/AL035-400x400.webp 400w\" sizes=\"(max-width: 500px) 100vw, 500px\" \/><\/p>\n<p>\u0110\u01b0\u1ee3c thi\u1ebft k\u1ebf \u0111\u1ec3 \u0111\u00e1p \u1ee9ng t\u00ednh linh ho\u1ea1t, t\u00ednh di \u0111\u1ed9ng v\u00e0 \u0111\u1ed9 ch\u00ednh x\u00e1c \u0111\u00e1ng tin c\u1eady, th\u01b0\u1edbc th\u1ee7y AL03 Abney v\u1eabn l\u00e0 gi\u1ea3i ph\u00e1p \u0111\u01b0\u1ee3c c\u00e1c chuy\u00ean gia th\u01b0\u1eddng xuy\u00ean s\u1eed d\u1ee5ng. <a href=\"https:\/\/mountlaser.com\/vi\/about-us\/\"><strong>Abney \u0111o \u0111\u1ed9 cao b\u1eb1ng tay<\/strong><\/a> v\u00e0 c\u1ea7n m\u1ed9t c\u00f4ng c\u1ee5 ch\u00ednh x\u00e1c \u0111\u1ec3 \u0111o \u0111\u1ed9 d\u1ed1c, g\u00f3c \u0111\u1ed9 v\u00e0 s\u1ef1 thay \u0111\u1ed5i \u0111\u1ed9 cao.<\/p>","protected":false},"excerpt":{"rendered":"<ul>\n<li>\u0110o l\u01b0\u1eddng ch\u00ednh x\u00e1c \u0111\u1ed9 d\u1ed1c, g\u00f3c v\u00e0 s\u1ef1 thay \u0111\u1ed5i \u0111\u1ed9 cao.<\/li>\n<li>\u1ed0ng ng\u1eafm h\u00ecnh vu\u00f4ng v\u1edbi k\u00ednh vi\u1ec5n v\u1ecdng l\u1ea5y n\u00e9t b\u00ean trong (\u0111\u1ed9 ch\u00ednh x\u00e1c 20&#039;\/2mm)<\/li>\n<li>C\u00e1c cung \u0111o c\u00f3 th\u1ec3 thay th\u1ebf cho nhau \u0111\u1ec3 s\u1eed d\u1ee5ng linh ho\u1ea1t.<\/li>\n<li>Thang \u0111o 1\u00b0 v\u1edbi th\u01b0\u1edbc k\u1eb9p vernier 10\u00b0 \u0111\u1ec3 \u0111\u1ecdc ch\u00ednh x\u00e1c.<\/li>\n<li>Thang \u0111o \u0111\u1ed9 d\u1ed1c t\u00edch h\u1ee3p 1:1 v\u00e0 1:10<\/li>\n<li>M\u1eb7t \u0111\u1ed3ng h\u1ed3 90 mm, ph\u1ea1m vi \u0111o t\u1eeb 0\u00b0 \u0111\u1ebfn 90\u00b0.<\/li>\n<li>Bao g\u1ed3m t\u00fai \u0111eo th\u1eaft l\u01b0ng \u0111\u1ec3 d\u1ec5 d\u00e0ng mang theo khi ra ngo\u00e0i.<\/li>\n<li>L\u00fd t\u01b0\u1edfng cho c\u00e1c c\u00f4ng vi\u1ec7c \u0111o \u0111\u1ea1c b\u1eb1ng th\u01b0\u1edbc th\u1ee7y c\u1ea7m tay nhanh ch\u00f3ng v\u00e0 \u0111\u00e1ng tin c\u1eady.<\/li>\n<\/ul>","protected":false},"featured_media":5546,"comment_status":"open","ping_status":"closed","template":"","meta":[],"product_brand":[],"product_cat":[156,79],"product_tag":[],"class_list":{"0":"post-5869","1":"product","2":"type-product","3":"status-publish","4":"has-post-thumbnail","6":"product_cat-abney-level","7":"product_cat-surveying-accessory","9":"first","10":"instock","11":"shipping-taxable","12":"product-type-simple"},"_links":{"self":[{"href":"https:\/\/mountlaser.com\/vi\/wp-json\/wp\/v2\/product\/5869","targetHints":{"allow":["GET"]}}],"collection":[{"href":"https:\/\/mountlaser.com\/vi\/wp-json\/wp\/v2\/product"}],"about":[{"href":"https:\/\/mountlaser.com\/vi\/wp-json\/wp\/v2\/types\/product"}],"replies":[{"embeddable":true,"href":"https:\/\/mountlaser.com\/vi\/wp-json\/wp\/v2\/comments?post=5869"}],"wp:featuredmedia":[{"embeddable":true,"href":"https:\/\/mountlaser.com\/vi\/wp-json\/wp\/v2\/media\/5546"}],"wp:attachment":[{"href":"https:\/\/mountlaser.com\/vi\/wp-json\/wp\/v2\/media?parent=5869"}],"wp:term":[{"taxonomy":"product_brand","embeddable":true,"href":"https:\/\/mountlaser.com\/vi\/wp-json\/wp\/v2\/product_brand?post=5869"},{"taxonomy":"product_cat","embeddable":true,"href":"https:\/\/mountlaser.com\/vi\/wp-json\/wp\/v2\/product_cat?post=5869"},{"taxonomy":"product_tag","embeddable":true,"href":"https:\/\/mountlaser.com\/vi\/wp-json\/wp\/v2\/product_tag?post=5869"}],"curies":[{"name":"trang web","href":"https:\/\/api.w.org\/{rel}","templated":true}]}}