{"id":5867,"date":"2025-12-12T03:13:33","date_gmt":"2025-12-12T03:13:33","guid":{"rendered":"https:\/\/mountlaser.com\/?post_type=product&#038;p=5867"},"modified":"2025-12-12T03:13:33","modified_gmt":"2025-12-12T03:13:33","slug":"ps4a-pocket-stereo-viewer","status":"publish","type":"product","link":"https:\/\/mountlaser.com\/vi\/san-pham\/ps4a-pocket-stereo-viewer\/","title":{"rendered":"M\u00e1y xem \u00e2m thanh n\u1ed5i c\u1ea7m tay PS4A"},"content":{"rendered":"<p>C\u00e1i <a href=\"https:\/\/mountlaser.com\/vi\/\"><strong>M\u00e1y xem \u00e2m thanh n\u1ed5i c\u1ea7m tay PS4A<\/strong><\/a> \u0110\u00e2y l\u00e0 m\u1ed9t k\u00ednh soi l\u1eadp th\u1ec3 nh\u1ecf g\u1ecdn, s\u1eb5n s\u00e0ng s\u1eed d\u1ee5ng ngo\u00e0i hi\u1ec7n tr\u01b0\u1eddng, \u0111\u01b0\u1ee3c thi\u1ebft k\u1ebf d\u00e0nh cho c\u00e1c nh\u00e0 kh\u1ea3o s\u00e1t v\u00e0 chuy\u00ean gia l\u1eadp b\u1ea3n \u0111\u1ed3 chuy\u00ean nghi\u1ec7p, nh\u1eefng ng\u01b0\u1eddi c\u1ea7n kh\u1ea3 n\u0103ng di\u1ec5n gi\u1ea3i h\u00ecnh \u1ea3nh l\u1eadp th\u1ec3 r\u00f5 n\u00e9t. \u0110\u01b0\u1ee3c thi\u1ebft k\u1ebf v\u1edbi gi\u00e1 \u0111\u1ee1 b\u1eb1ng h\u1ee3p kim kim lo\u1ea1i \u0111\u00fac b\u1ec1n ch\u1eafc, k\u00ednh soi l\u1eadp th\u1ec3 b\u1ecf t\u00fai PS4A cung c\u1ea5p \u0111\u1ed9 ph\u00f3ng \u0111\u1ea1i 4X \u0111\u00e1ng tin c\u1eady, tr\u1edf th\u00e0nh m\u1ed9t l\u1ef1a ch\u1ecdn m\u1ea1nh m\u1ebd v\u00e0 di \u0111\u1ed9ng thay th\u1ebf cho c\u00e1c thi\u1ebft b\u1ecb soi l\u1eadp th\u1ec3 l\u1edbn h\u01a1n. Hi\u1ec7u su\u1ea5t quang h\u1ecdc v\u00e0 c\u1ea5u tr\u00fac ch\u1eafc ch\u1eafn c\u1ee7a n\u00f3 c\u0169ng l\u00e0m cho n\u00f3 tr\u1edf th\u00e0nh s\u1ef1 l\u1ef1a ch\u1ecdn tuy\u1ec7t v\u1eddi cho ng\u01b0\u1eddi d\u00f9ng c\u1ea7n m\u1ed9t thi\u1ebft b\u1ecb \u0111\u00e1ng tin c\u1eady. <a href=\"https:\/\/mountlaser.com\/vi\/danh-muc-san-pham\/surveying-accessory\/\"><strong>K\u00ednh xem \u1ea3nh l\u1eadp th\u1ec3 b\u1ecf t\u00fai 4X<\/strong><\/a> trong c\u1ea3 m\u00f4i tr\u01b0\u1eddng v\u0103n ph\u00f2ng v\u00e0 ngo\u00e0i tr\u1eddi.<\/p>\n<p>\u0110\u01b0\u1ee3c thi\u1ebft k\u1ebf \u0111\u1ec3 mang l\u1ea1i s\u1ef1 tho\u1ea3i m\u00e1i v\u00e0 \u00e2m thanh r\u00f5 r\u00e0ng, <a href=\"https:\/\/mountlaser.com\/vi\/about-us\/\">M\u00e1y xem \u00e2m thanh n\u1ed5i c\u1ea7m tay PS4A<\/a> S\u1ea3n ph\u1ea9m c\u00f3 kho\u1ea3ng c\u00e1ch gi\u1eefa hai \u0111\u1ed3ng t\u1eed c\u00f3 th\u1ec3 \u0111i\u1ec1u ch\u1ec9nh t\u1eeb 56 mm \u0111\u1ebfn 75 mm, cho ph\u00e9p ng\u01b0\u1eddi d\u00f9ng t\u00f9y ch\u1ec9nh \u0111\u1ed9 v\u1eeba v\u1eb7n cho c\u00e1c phi\u00ean xem k\u00e9o d\u00e0i. V\u1edbi tr\u01b0\u1eddng nh\u00ecn r\u1ed9ng r\u00e3i 125 mm \u00d7 125 mm, ng\u01b0\u1eddi d\u00f9ng c\u00f3 th\u1ec3 d\u1ec5 d\u00e0ng th\u1ef1c hi\u1ec7n ph\u00e2n t\u00edch \u1ea3nh n\u1ed5i chi ti\u1ebft m\u00e0 kh\u00f4ng b\u1ecb c\u1ed3ng k\u1ec1nh ho\u1eb7c h\u1ea1n ch\u1ebf nh\u01b0 c\u00e1c k\u00ednh soi n\u1ed5i truy\u1ec1n th\u1ed1ng. L\u00e0 m\u1ed9t k\u00ednh soi n\u1ed5i b\u1ecf t\u00fai 4X \u0111a n\u0103ng, s\u1ea3n ph\u1ea9m n\u00e0y n\u1ed5i b\u1eadt trong vi\u1ec7c \u0111\u00e1nh gi\u00e1 \u0111\u1ecba h\u00ecnh, \u0111o \u1ea3nh v\u00e0 di\u1ec5n gi\u1ea3i h\u00ecnh \u1ea3nh n\u1ed5i n\u00f3i chung.<\/p>\n<p><img fetchpriority=\"high\" decoding=\"async\" class=\"aligncenter wp-image-5562\" src=\"https:\/\/mountlaser.com\/wp-content\/uploads\/2025\/12\/\u4e3b\u56fe2-4.webp\" alt=\"PS4A Pocket Stereo Viewer\" width=\"500\" height=\"500\" srcset=\"https:\/\/mountlaser.com\/wp-content\/uploads\/2025\/12\/\u4e3b\u56fe2-4.webp 1000w, https:\/\/mountlaser.com\/wp-content\/uploads\/2025\/12\/\u4e3b\u56fe2-4-300x300.webp 300w, https:\/\/mountlaser.com\/wp-content\/uploads\/2025\/12\/\u4e3b\u56fe2-4-150x150.webp 150w, https:\/\/mountlaser.com\/wp-content\/uploads\/2025\/12\/\u4e3b\u56fe2-4-768x768.webp 768w, https:\/\/mountlaser.com\/wp-content\/uploads\/2025\/12\/\u4e3b\u56fe2-4-12x12.webp 12w, https:\/\/mountlaser.com\/wp-content\/uploads\/2025\/12\/\u4e3b\u56fe2-4-600x600.webp 600w, https:\/\/mountlaser.com\/wp-content\/uploads\/2025\/12\/\u4e3b\u56fe2-4-800x800.webp 800w, https:\/\/mountlaser.com\/wp-content\/uploads\/2025\/12\/\u4e3b\u56fe2-4-400x400.webp 400w\" sizes=\"(max-width: 500px) 100vw, 500px\" \/><\/p>\n<p>D\u00f9 b\u1ea1n \u0111ang th\u1ef1c hi\u1ec7n l\u1eadp b\u1ea3n \u0111\u1ed3 t\u1ea1i hi\u1ec7n tr\u01b0\u1eddng hay ph\u00e2n t\u00edch \u1ea3nh ch\u1ee5p t\u1eeb tr\u00ean kh\u00f4ng trong v\u0103n ph\u00f2ng, m\u00e1y xem \u1ea3nh n\u1ed5i c\u1ea7m tay PS4A \u0111\u1ec1u cung c\u1ea5p s\u1ef1 \u1ed5n \u0111\u1ecbnh, \u0111\u1ed9 r\u00f5 n\u00e9t v\u00e0 \u0111\u1ed9 ch\u00ednh x\u00e1c quang h\u1ecdc c\u1ea7n thi\u1ebft trong quy tr\u00ecnh kh\u1ea3o s\u00e1t hi\u1ec7n \u0111\u1ea1i. \u0110\u1ed9 ph\u00f3ng \u0111\u1ea1i quang h\u1ecdc 4X v\u00e0 khung m\u00e1y nh\u1ecf g\u1ecdn khi\u1ebfn n\u00f3 tr\u1edf th\u00e0nh thi\u1ebft b\u1ecb l\u00fd t\u01b0\u1edfng. <a href=\"https:\/\/mountlaser.com\/vi\/contact-us\/\">K\u00ednh xem \u1ea3nh l\u1eadp th\u1ec3 b\u1ecf t\u00fai 4X<\/a> D\u00e0nh cho c\u00e1c chuy\u00ean gia c\u1ea7n \u0111\u1ed9 ch\u00ednh x\u00e1c m\u00e0 kh\u00f4ng ph\u1ea3i hy sinh t\u00ednh di \u0111\u1ed9ng.<\/p>","protected":false},"excerpt":{"rendered":"<ul>\n<li>\u0110\u1ed9 ph\u00f3ng \u0111\u1ea1i 4X cho h\u00ecnh \u1ea3nh l\u1eadp th\u1ec3 r\u00f5 n\u00e9t.<\/li>\n<li>Kho\u1ea3ng c\u00e1ch gi\u1eefa hai \u0111\u1ed3ng t\u1eed c\u00f3 th\u1ec3 \u0111i\u1ec1u ch\u1ec9nh (56\u201375 mm) \u0111\u1ec3 s\u1eed d\u1ee5ng tho\u1ea3i m\u00e1i.<\/li>\n<li>Tr\u01b0\u1eddng nh\u00ecn 125 mm \u00d7 125 mm cho ph\u00e9p quan s\u00e1t l\u1eadp th\u1ec3 tr\u00ean di\u1ec7n r\u1ed9ng.<\/li>\n<li>C\u1ea5u tr\u00fac h\u1ee3p kim \u0111\u00fac kim lo\u1ea1i b\u1ec1n ch\u1eafc, \u0111\u1ea3m b\u1ea3o \u0111\u1ed9 tin c\u1eady khi s\u1eed d\u1ee5ng ngo\u00e0i tr\u1eddi.<\/li>\n<li>L\u00fd t\u01b0\u1edfng cho c\u00e1c \u1ee9ng d\u1ee5ng \u0111o \u1ea3nh, ph\u00e2n t\u00edch \u0111\u1ecba h\u00ecnh v\u00e0 kh\u1ea3o s\u00e1t.<\/li>\n<li>Ho\u1ea1t \u0111\u1ed9ng nh\u01b0 m\u1ed9t k\u00ednh xem \u1ea3nh l\u1eadp th\u1ec3 b\u1ecf t\u00fai 4X c\u1ef1c k\u1ef3 ti\u1ec7n d\u1ee5ng.<\/li>\n<\/ul>","protected":false},"featured_media":5564,"comment_status":"open","ping_status":"closed","template":"","meta":[],"product_brand":[],"product_cat":[158,79],"product_tag":[],"class_list":{"0":"post-5867","1":"product","2":"type-product","3":"status-publish","4":"has-post-thumbnail","6":"product_cat-pocket-stereo-viewer","7":"product_cat-surveying-accessory","9":"first","10":"instock","11":"shipping-taxable","12":"product-type-simple"},"_links":{"self":[{"href":"https:\/\/mountlaser.com\/vi\/wp-json\/wp\/v2\/product\/5867","targetHints":{"allow":["GET"]}}],"collection":[{"href":"https:\/\/mountlaser.com\/vi\/wp-json\/wp\/v2\/product"}],"about":[{"href":"https:\/\/mountlaser.com\/vi\/wp-json\/wp\/v2\/types\/product"}],"replies":[{"embeddable":true,"href":"https:\/\/mountlaser.com\/vi\/wp-json\/wp\/v2\/comments?post=5867"}],"wp:featuredmedia":[{"embeddable":true,"href":"https:\/\/mountlaser.com\/vi\/wp-json\/wp\/v2\/media\/5564"}],"wp:attachment":[{"href":"https:\/\/mountlaser.com\/vi\/wp-json\/wp\/v2\/media?parent=5867"}],"wp:term":[{"taxonomy":"product_brand","embeddable":true,"href":"https:\/\/mountlaser.com\/vi\/wp-json\/wp\/v2\/product_brand?post=5867"},{"taxonomy":"product_cat","embeddable":true,"href":"https:\/\/mountlaser.com\/vi\/wp-json\/wp\/v2\/product_cat?post=5867"},{"taxonomy":"product_tag","embeddable":true,"href":"https:\/\/mountlaser.com\/vi\/wp-json\/wp\/v2\/product_tag?post=5867"}],"curies":[{"name":"trang web","href":"https:\/\/api.w.org\/{rel}","templated":true}]}}