{"id":5858,"date":"2025-12-12T02:40:46","date_gmt":"2025-12-12T02:40:46","guid":{"rendered":"https:\/\/mountlaser.com\/?post_type=product&#038;p=5858"},"modified":"2025-12-12T02:40:46","modified_gmt":"2025-12-12T02:40:46","slug":"dql-8-geology-compass","status":"publish","type":"product","link":"https:\/\/mountlaser.com\/vi\/san-pham\/dql-8-geology-compass\/","title":{"rendered":"La b\u00e0n \u0111\u1ecba ch\u1ea5t DQL-8"},"content":{"rendered":"<p>C\u00e1i <a href=\"https:\/\/mountlaser.com\/vi\/\"><strong>La b\u00e0n \u0111\u1ecba ch\u1ea5t DQL-8<\/strong><\/a> \u0110\u00e2y l\u00e0 m\u1ed9t thi\u1ebft b\u1ecb \u0111o \u0111\u1ea1c ch\u00ednh x\u00e1c \u0111\u01b0\u1ee3c thi\u1ebft k\u1ebf cho \u0111\u1ecba ch\u1ea5t c\u1ea5u tr\u00fac, l\u1eadp b\u1ea3n \u0111\u1ed3 v\u00e0 kh\u1ea3o s\u00e1t k\u1ef9 thu\u1eadt. \u0110\u01b0\u1ee3c ch\u1ebf t\u1ea1o \u0111\u1ec3 ho\u1ea1t \u0111\u1ed9ng nh\u01b0 m\u1ed9t thi\u1ebft b\u1ecb ch\u1ea5t l\u01b0\u1ee3ng cao. <a href=\"https:\/\/mountlaser.com\/vi\/danh-muc-san-pham\/surveying-accessory\/\"><strong>la b\u00e0n Brunton, m\u00e1y \u0111o \u0111\u1ed9 nghi\u00eang<\/strong><\/a>, M\u00e1y \u0111o g\u00f3c DQL-8 cung c\u1ea5p \u0111\u1ed9 ch\u00ednh x\u00e1c \u0111\u00e1ng tin c\u1eady trong vi\u1ec7c \u0111o ph\u01b0\u01a1ng v\u1ecb, g\u00f3c nghi\u00eang, g\u00f3c ph\u01b0\u01a1ng h\u01b0\u1edbng v\u00e0 \u0111\u1ed9 d\u1ed1c. Cho d\u00f9 \u0111\u01b0\u1ee3c s\u1eed d\u1ee5ng cho nghi\u00ean c\u1ee9u h\u1ecdc thu\u1eadt hay th\u0103m d\u00f2 \u0111\u1ecba ch\u1ea5t chuy\u00ean nghi\u1ec7p, m\u1eabu m\u00e1y n\u00e0y \u0111\u1ec1u mang l\u1ea1i hi\u1ec7u su\u1ea5t \u0111\u00e1ng tin c\u1eady trong m\u00f4i tr\u01b0\u1eddng th\u1ef1c \u0111\u1ecba kh\u1eafc nghi\u1ec7t.<\/p>\n<p>La b\u00e0n \u0111\u1ecba ch\u1ea5t DQL-8 c\u00f3 th\u01b0\u1edbc th\u1ee7y d\u00e0i v\u1edbi \u0111\u1ed9 nh\u1ea1y 15&#039;\u00b13&#039;\/2mm v\u00e0 th\u01b0\u1edbc th\u1ee7y tr\u00f2n v\u1edbi \u0111\u1ed9 ch\u00ednh x\u00e1c 30&#039;\u00b18&#039;\/2mm, \u0111\u1ea3m b\u1ea3o c\u00e1c s\u1ed1 \u0111o \u1ed5n \u0111\u1ecbnh v\u00e0 ch\u00ednh x\u00e1c. M\u00e1y \u0111o \u0111\u1ed9 nghi\u00eang t\u00edch h\u1ee3p \u2013 \u0111\u01b0\u1ee3c ch\u1ebf t\u1ea1o v\u1edbi sai s\u1ed1 \u0111\u1ecdc \u22640,5\u00b0 \u2013 t\u0103ng c\u01b0\u1eddng kh\u1ea3 n\u0103ng s\u1eed d\u1ee5ng khi \u0111o g\u00f3c nghi\u00eang, bi\u1ebfn n\u00f3 th\u00e0nh m\u1ed9t l\u1ef1a ch\u1ecdn thay th\u1ebf tuy\u1ec7t v\u1eddi cho la b\u00e0n truy\u1ec1n th\u1ed1ng. <a href=\"https:\/\/mountlaser.com\/vi\/about-us\/\"><strong>la b\u00e0n Brunton, m\u00e1y \u0111o \u0111\u1ed9 nghi\u00eang<\/strong><\/a>. V\u1ea1ch chia \u0111\u1ed9 1\u00b0 tr\u00ean m\u1eb7t \u0111\u1ed3ng h\u1ed3 cung c\u1ea5p c\u00e1c v\u1ea1ch chia r\u00f5 r\u00e0ng \u0111\u1ec3 \u0111o c\u1ea5u tr\u00fac nhanh ch\u00f3ng v\u00e0 ch\u00ednh x\u00e1c.<\/p>\n<p><img fetchpriority=\"high\" decoding=\"async\" class=\"aligncenter wp-image-5863\" src=\"https:\/\/mountlaser.com\/wp-content\/uploads\/2025\/12\/DQL-8\uff085\uff09.webp\" alt=\"DQL-8 geology compass\" width=\"500\" height=\"500\" srcset=\"https:\/\/mountlaser.com\/wp-content\/uploads\/2025\/12\/DQL-8\uff085\uff09.webp 1000w, https:\/\/mountlaser.com\/wp-content\/uploads\/2025\/12\/DQL-8\uff085\uff09-300x300.webp 300w, https:\/\/mountlaser.com\/wp-content\/uploads\/2025\/12\/DQL-8\uff085\uff09-150x150.webp 150w, https:\/\/mountlaser.com\/wp-content\/uploads\/2025\/12\/DQL-8\uff085\uff09-768x768.webp 768w, https:\/\/mountlaser.com\/wp-content\/uploads\/2025\/12\/DQL-8\uff085\uff09-12x12.webp 12w, https:\/\/mountlaser.com\/wp-content\/uploads\/2025\/12\/DQL-8\uff085\uff09-600x600.webp 600w, https:\/\/mountlaser.com\/wp-content\/uploads\/2025\/12\/DQL-8\uff085\uff09-800x800.webp 800w, https:\/\/mountlaser.com\/wp-content\/uploads\/2025\/12\/DQL-8\uff085\uff09-400x400.webp 400w\" sizes=\"(max-width: 500px) 100vw, 500px\" \/><\/p>\n<p>C\u00f3 \u0111\u1ed9 b\u1ec1n cao v\u00e0 d\u1ec5 s\u1eed d\u1ee5ng, <a href=\"https:\/\/mountlaser.com\/vi\/contact-us\/\">La b\u00e0n \u0111\u1ecba ch\u1ea5t DQL-8<\/a> H\u1ed7 tr\u1ee3 c\u00e1c nh\u00e0 \u0111\u1ecba ch\u1ea5t c\u1ea7n m\u1ed9t c\u00f4ng c\u1ee5 ch\u1eafc ch\u1eafn, \u0111\u00e1ng tin c\u1eady cho vi\u1ec7c kh\u1ea3o s\u00e1t kho\u00e1ng s\u1ea3n, nghi\u00ean c\u1ee9u \u0111\u1ecbnh h\u01b0\u1edbng \u0111\u00e1 v\u00e0 c\u00f4ng t\u00e1c th\u1ef1c \u0111\u1ecba m\u00f4i tr\u01b0\u1eddng. L\u00e0 s\u1ef1 k\u1ebft h\u1ee3p gi\u1eefa la b\u00e0n \u0111\u1ecba ch\u1ea5t v\u00e0 la b\u00e0n \u0111o \u0111\u1ed9 nghi\u00eang Brunton, n\u00f3 mang l\u1ea1i hi\u1ec7u su\u1ea5t ch\u00ednh x\u00e1c v\u00e0 ch\u1ee9c n\u0103ng ti\u1ec7n l\u1ee3i trong c\u00f9ng m\u1ed9t thi\u1ebft b\u1ecb.<\/p>","protected":false},"excerpt":{"rendered":"<ul>\n<li>\u0110o g\u00f3c ph\u01b0\u01a1ng v\u1ecb, g\u00f3c nghi\u00eang, h\u01b0\u1edbng v\u00e0 \u0111\u1ed9 d\u1ed1c \u0111\u1ec3 ph\u00e2n t\u00edch \u0111\u1ecba ch\u1ea5t v\u00e0 c\u1ea5u tr\u00fac.<\/li>\n<li>Th\u01b0\u1edbc th\u1ee7y d\u00e0i (15&#039;\u00b13&#039;\/2mm) v\u00e0 th\u01b0\u1edbc th\u1ee7y tr\u00f2n (30&#039;\u00b18&#039;\/2mm) \u0111\u1ec3 c\u00e2n b\u1eb1ng \u1ed5n \u0111\u1ecbnh.<\/li>\n<li>Sai s\u1ed1 khi \u0111\u1ecdc k\u1ebft qu\u1ea3 \u0111o c\u1ee7a th\u01b0\u1edbc \u0111o \u0111\u1ed9 nghi\u00eang \u22640,5\u00b0 \u0111\u1ec3 \u0111o g\u00f3c ch\u00ednh x\u00e1c.<\/li>\n<li>Thang \u0111o 1\u00b0 tr\u00ean m\u1eb7t s\u1ed1 cho k\u1ebft qu\u1ea3 \u0111\u1ecdc r\u00f5 r\u00e0ng v\u00e0 ch\u00ednh x\u00e1c.<\/li>\n<li>C\u00f3 ch\u1ee9c n\u0103ng nh\u01b0 c\u1ea3 la b\u00e0n \u0111\u1ecba ch\u1ea5t v\u00e0 la b\u00e0n Brunton c\u00f3 ch\u1ee9c n\u0103ng \u0111o \u0111\u1ed9 nghi\u00eang.<\/li>\n<li>B\u1ec1n b\u1ec9, d\u1ec5 mang theo v\u00e0 l\u00fd t\u01b0\u1edfng cho c\u00e1c chuy\u00ean gia l\u00e0m vi\u1ec7c ngo\u00e0i hi\u1ec7n tr\u01b0\u1eddng.<\/li>\n<\/ul>","protected":false},"featured_media":5859,"comment_status":"open","ping_status":"closed","template":"","meta":[],"product_brand":[],"product_cat":[165,79],"product_tag":[],"class_list":{"0":"post-5858","1":"product","2":"type-product","3":"status-publish","4":"has-post-thumbnail","6":"product_cat-geology-compass","7":"product_cat-surveying-accessory","9":"first","10":"instock","11":"shipping-taxable","12":"product-type-simple"},"_links":{"self":[{"href":"https:\/\/mountlaser.com\/vi\/wp-json\/wp\/v2\/product\/5858","targetHints":{"allow":["GET"]}}],"collection":[{"href":"https:\/\/mountlaser.com\/vi\/wp-json\/wp\/v2\/product"}],"about":[{"href":"https:\/\/mountlaser.com\/vi\/wp-json\/wp\/v2\/types\/product"}],"replies":[{"embeddable":true,"href":"https:\/\/mountlaser.com\/vi\/wp-json\/wp\/v2\/comments?post=5858"}],"wp:featuredmedia":[{"embeddable":true,"href":"https:\/\/mountlaser.com\/vi\/wp-json\/wp\/v2\/media\/5859"}],"wp:attachment":[{"href":"https:\/\/mountlaser.com\/vi\/wp-json\/wp\/v2\/media?parent=5858"}],"wp:term":[{"taxonomy":"product_brand","embeddable":true,"href":"https:\/\/mountlaser.com\/vi\/wp-json\/wp\/v2\/product_brand?post=5858"},{"taxonomy":"product_cat","embeddable":true,"href":"https:\/\/mountlaser.com\/vi\/wp-json\/wp\/v2\/product_cat?post=5858"},{"taxonomy":"product_tag","embeddable":true,"href":"https:\/\/mountlaser.com\/vi\/wp-json\/wp\/v2\/product_tag?post=5858"}],"curies":[{"name":"trang web","href":"https:\/\/api.w.org\/{rel}","templated":true}]}}