{"id":5851,"date":"2025-12-12T01:30:53","date_gmt":"2025-12-12T01:30:53","guid":{"rendered":"https:\/\/mountlaser.com\/?post_type=product&#038;p=5851"},"modified":"2025-12-12T01:30:53","modified_gmt":"2025-12-12T01:30:53","slug":"tsfg02-tripod-floor-guide","status":"publish","type":"product","link":"https:\/\/mountlaser.com\/vi\/san-pham\/tsfg02-tripod-floor-guide\/","title":{"rendered":"Ch\u00e2n \u0111\u1ebf ba ch\u00e2n TSFG02"},"content":{"rendered":"<p data-start=\"145\" data-end=\"641\">C\u00e1i <a href=\"https:\/\/mountlaser.com\/vi\/\"><strong data-start=\"149\" data-end=\"178\">Ch\u00e2n \u0111\u1ebf ba ch\u00e2n TSFG02<\/strong><\/a> \u0110\u00e2y l\u00e0 ph\u1ee5 ki\u1ec7n \u1ed5n \u0111\u1ecbnh \u0111\u01b0\u1ee3c thi\u1ebft k\u1ebf ch\u00ednh x\u00e1c, gi\u00fap gi\u1eef cho ch\u00e2n m\u00e1y \u0111o \u0111\u1ea1c lu\u00f4n v\u1eefng ch\u1eafc v\u00e0 \u0111\u01b0\u1ee3c \u0111\u1eb7t \u0111\u00fang v\u1ecb tr\u00ed tr\u00ean c\u00e1c b\u1ec1 m\u1eb7t nh\u1eb5n ho\u1eb7c c\u1ee9ng. \u0110\u01b0\u1ee3c ch\u1ebf t\u1ea1o t\u1eeb nh\u00f4m b\u1ec1n ch\u1eafc, thanh d\u1eabn h\u01b0\u1edbng s\u00e0n cho ch\u00e2n m\u00e1y TSFG02 k\u00e9o d\u00e0i ch\u00e2n m\u00e1y l\u00ean \u0111\u1ebfn 23,6 inch, t\u1ea1o ra t\u01b0 th\u1ebf r\u1ed9ng h\u01a1n v\u00e0 ch\u1eafc ch\u1eafn h\u01a1n. L\u00e0 m\u1ed9t ph\u1ee5 ki\u1ec7n \u0111\u00e1ng tin c\u1eady, <a href=\"https:\/\/mountlaser.com\/vi\/danh-muc-san-pham\/surveying-accessory\/\"><strong data-start=\"473\" data-end=\"494\">B\u1ed9 \u1ed5n \u0111\u1ecbnh ch\u00e2n m\u00e1y<\/strong><\/a>, N\u00f3 bao g\u1ed3m c\u00e1c khe b\u1ed5 sung \u1edf v\u1ecb tr\u00ed 36 cm, 47 cm v\u00e0 58 cm, cho ph\u00e9p ng\u01b0\u1eddi kh\u1ea3o s\u00e1t nhanh ch\u00f3ng \u0111i\u1ec1u ch\u1ec9nh v\u00e0 kh\u00f3a thi\u1ebft l\u1eadp ch\u00e2n m\u00e1y c\u1ee7a h\u1ecd \u0111\u1ec3 c\u0103n ch\u1ec9nh ch\u00ednh x\u00e1c.<\/p>\n<p><img fetchpriority=\"high\" decoding=\"async\" class=\"aligncenter wp-image-5579\" src=\"https:\/\/mountlaser.com\/wp-content\/uploads\/2025\/12\/TSFG02.webp\" alt=\"TSFG02 Tripod Floor Guide\" width=\"500\" height=\"500\" srcset=\"https:\/\/mountlaser.com\/wp-content\/uploads\/2025\/12\/TSFG02.webp 1000w, https:\/\/mountlaser.com\/wp-content\/uploads\/2025\/12\/TSFG02-300x300.webp 300w, https:\/\/mountlaser.com\/wp-content\/uploads\/2025\/12\/TSFG02-150x150.webp 150w, https:\/\/mountlaser.com\/wp-content\/uploads\/2025\/12\/TSFG02-768x768.webp 768w, https:\/\/mountlaser.com\/wp-content\/uploads\/2025\/12\/TSFG02-12x12.webp 12w, https:\/\/mountlaser.com\/wp-content\/uploads\/2025\/12\/TSFG02-600x600.webp 600w, https:\/\/mountlaser.com\/wp-content\/uploads\/2025\/12\/TSFG02-800x800.webp 800w, https:\/\/mountlaser.com\/wp-content\/uploads\/2025\/12\/TSFG02-400x400.webp 400w\" sizes=\"(max-width: 500px) 100vw, 500px\" \/><\/p>\n<p>V\u1edbi c\u00e1c r\u00e3nh chuy\u00ean d\u1ee5ng v\u00e0 d\u00e2y \u0111ai cao su gi\u00fap c\u1ed1 \u0111\u1ecbnh ch\u1eafc ch\u1eafn c\u00e1c \u0111i\u1ec3m \u0111\u1eb7t ch\u00e2n m\u00e1y, b\u1ed9 \u1ed5n \u0111\u1ecbnh ch\u00e2n m\u00e1y n\u00e0y mang l\u1ea1i s\u1ef1 \u1ed5n \u0111\u1ecbnh nh\u1ea5t qu\u00e1n trong qu\u00e1 tr\u00ecnh v\u1eadn h\u00e0nh m\u00e1y to\u00e0n \u0111\u1ea1c, m\u00e1y c\u00e2n b\u1eb1ng laser ho\u1eb7c m\u00e1y qu\u00e9t. Cho d\u00f9 b\u1ea1n \u0111ang l\u00e0m vi\u1ec7c tr\u00ean s\u00e0n b\u00f3ng, b\u00ea t\u00f4ng hay c\u00f4ng tr\u01b0\u1eddng trong nh\u00e0, b\u1ed9 d\u1eabn h\u01b0\u1edbng s\u00e0n ch\u00e2n m\u00e1y TSFG02 \u0111\u1ea3m b\u1ea3o thi\u1ebft l\u1eadp nhanh h\u01a1n, gi\u1ea3m thi\u1ec3u tr\u01b0\u1ee3t v\u00e0 c\u1ea3i thi\u1ec7n \u0111\u1ed9 ch\u00ednh x\u00e1c \u0111o l\u01b0\u1eddng \u2014 khi\u1ebfn n\u00f3 tr\u1edf th\u00e0nh m\u1ed9t c\u00f4ng c\u1ee5 thi\u1ebft y\u1ebfu. <a href=\"https:\/\/mountlaser.com\/vi\/about-us\/\">B\u1ed9 \u1ed5n \u0111\u1ecbnh ch\u00e2n m\u00e1y<\/a> D\u00e0nh cho c\u00e1c nh\u00e0 kh\u1ea3o s\u00e1t chuy\u00ean nghi\u1ec7p.<\/p>","protected":false},"excerpt":{"rendered":"<ul>\n<li>C\u00f3 th\u1ec3 k\u00e9o d\u00e0i ch\u00e2n m\u00e1y l\u00ean \u0111\u1ebfn 23,6 inch \u0111\u1ec3 t\u0103ng \u0111\u1ed9 \u1ed5n \u0111\u1ecbnh.<\/li>\n<li>Nhi\u1ec1u v\u1ecb tr\u00ed khe c\u1eafm (36 cm \/ 47 cm \/ 58 cm) cho ph\u00e9p thi\u1ebft l\u1eadp linh ho\u1ea1t.<\/li>\n<li>C\u00e1c khe c\u1eafm d\u00e2y cao su gi\u00fap gi\u1eef ch\u1eb7t c\u00e1c \u0111i\u1ec3m g\u1eafn ch\u00e2n m\u00e1y \u1ea3nh t\u1ea1i ch\u1ed7.<\/li>\n<li>Ng\u0103n ch\u00e2n m\u00e1y di chuy\u1ec3n tr\u00ean c\u00e1c b\u1ec1 m\u1eb7t tr\u01a1n ho\u1eb7c c\u1ee9ng trong nh\u00e0.<\/li>\n<li>T\u0103ng \u0111\u1ed9 ch\u00ednh x\u00e1c trong qu\u00e1 tr\u00ecnh c\u0103n ch\u1ec9nh d\u1ee5ng c\u1ee5.<\/li>\n<\/ul>","protected":false},"featured_media":5579,"comment_status":"open","ping_status":"closed","template":"","meta":[],"product_brand":[],"product_cat":[160,79],"product_tag":[],"class_list":{"0":"post-5851","1":"product","2":"type-product","3":"status-publish","4":"has-post-thumbnail","6":"product_cat-tripod-floor-guide","7":"product_cat-surveying-accessory","9":"first","10":"instock","11":"shipping-taxable","12":"product-type-simple"},"_links":{"self":[{"href":"https:\/\/mountlaser.com\/vi\/wp-json\/wp\/v2\/product\/5851","targetHints":{"allow":["GET"]}}],"collection":[{"href":"https:\/\/mountlaser.com\/vi\/wp-json\/wp\/v2\/product"}],"about":[{"href":"https:\/\/mountlaser.com\/vi\/wp-json\/wp\/v2\/types\/product"}],"replies":[{"embeddable":true,"href":"https:\/\/mountlaser.com\/vi\/wp-json\/wp\/v2\/comments?post=5851"}],"wp:featuredmedia":[{"embeddable":true,"href":"https:\/\/mountlaser.com\/vi\/wp-json\/wp\/v2\/media\/5579"}],"wp:attachment":[{"href":"https:\/\/mountlaser.com\/vi\/wp-json\/wp\/v2\/media?parent=5851"}],"wp:term":[{"taxonomy":"product_brand","embeddable":true,"href":"https:\/\/mountlaser.com\/vi\/wp-json\/wp\/v2\/product_brand?post=5851"},{"taxonomy":"product_cat","embeddable":true,"href":"https:\/\/mountlaser.com\/vi\/wp-json\/wp\/v2\/product_cat?post=5851"},{"taxonomy":"product_tag","embeddable":true,"href":"https:\/\/mountlaser.com\/vi\/wp-json\/wp\/v2\/product_tag?post=5851"}],"curies":[{"name":"trang web","href":"https:\/\/api.w.org\/{rel}","templated":true}]}}