{"id":5843,"date":"2025-12-11T09:02:52","date_gmt":"2025-12-11T09:02:52","guid":{"rendered":"https:\/\/mountlaser.com\/?post_type=product&#038;p=5843"},"modified":"2025-12-11T09:02:52","modified_gmt":"2025-12-11T09:02:52","slug":"sc60012-soft-case","status":"publish","type":"product","link":"https:\/\/mountlaser.com\/vi\/san-pham\/sc60012-soft-case\/","title":{"rendered":"T\u00fai m\u1ec1m SC60012"},"content":{"rendered":"<p data-start=\"161\" data-end=\"621\">C\u00e1i <a href=\"https:\/\/mountlaser.com\/vi\/\"><strong data-start=\"165\" data-end=\"186\">T\u00fai m\u1ec1m SC60012<\/strong><\/a> \u0110\u00e2y l\u00e0 gi\u1ea3i ph\u00e1p b\u1ea3o v\u1ec7 b\u1ec1n b\u1ec9, ch\u1ecbu \u0111\u01b0\u1ee3c m\u1ecdi th\u1eddi ti\u1ebft, \u0111\u01b0\u1ee3c thi\u1ebft k\u1ebf \u0111\u1ec3 gi\u1eef an to\u00e0n cho c\u00e1c thi\u1ebft b\u1ecb \u0111o \u0111\u1ea1c c\u1ee7a b\u1ea1n trong nh\u1eefng m\u00f4i tr\u01b0\u1eddng kh\u1eafc nghi\u1ec7t nh\u1ea5t ngo\u00e0i hi\u1ec7n tr\u01b0\u1eddng. \u0110\u01b0\u1ee3c ch\u1ebf t\u1ea1o \u0111\u1eb7c bi\u1ec7t nh\u01b0 m\u1ed9t... <a href=\"https:\/\/mountlaser.com\/vi\/danh-muc-san-pham\/surveying-accessory\/\"><strong data-start=\"342\" data-end=\"365\">Ph\u1ea1m vi ph\u1ee7 s\u00f3ng c\u1ee7a m\u00e1y to\u00e0n \u0111\u1ea1c<\/strong><\/a>, N\u00f3 b\u1ea3o v\u1ec7 thi\u1ebft b\u1ecb kh\u1ecfi m\u01b0a, b\u1ee5i, gi\u00f3 v\u00e0 n\u1eafng\u2014\u0111\u1ea3m b\u1ea3o \u0111\u1ed9 tin c\u1eady l\u00e2u d\u00e0i v\u00e0 hi\u1ec7u su\u1ea5t \u1ed5n \u0111\u1ecbnh. V\u1edbi ch\u1ea5t li\u1ec7u m\u00e0u cam s\u00e1ng, d\u1ec5 nh\u00ecn th\u1ea5y, t\u00fai \u0111\u1ef1ng m\u1ec1m SC60012 t\u0103ng c\u01b0\u1eddng an to\u00e0n t\u1ea1i c\u00f4ng tr\u01b0\u1eddng \u0111\u1ed3ng th\u1eddi duy tr\u00ec v\u1ebb ngo\u00e0i chuy\u00ean nghi\u1ec7p.<\/p>\n<p><img fetchpriority=\"high\" decoding=\"async\" class=\"aligncenter wp-image-5844\" src=\"https:\/\/mountlaser.com\/wp-content\/uploads\/2025\/12\/SC-TS041.webp\" alt=\"SC60012 Soft case\" width=\"500\" height=\"500\" srcset=\"https:\/\/mountlaser.com\/wp-content\/uploads\/2025\/12\/SC-TS041.webp 1000w, https:\/\/mountlaser.com\/wp-content\/uploads\/2025\/12\/SC-TS041-300x300.webp 300w, https:\/\/mountlaser.com\/wp-content\/uploads\/2025\/12\/SC-TS041-150x150.webp 150w, https:\/\/mountlaser.com\/wp-content\/uploads\/2025\/12\/SC-TS041-768x768.webp 768w, https:\/\/mountlaser.com\/wp-content\/uploads\/2025\/12\/SC-TS041-12x12.webp 12w, https:\/\/mountlaser.com\/wp-content\/uploads\/2025\/12\/SC-TS041-600x600.webp 600w, https:\/\/mountlaser.com\/wp-content\/uploads\/2025\/12\/SC-TS041-800x800.webp 800w, https:\/\/mountlaser.com\/wp-content\/uploads\/2025\/12\/SC-TS041-400x400.webp 400w\" sizes=\"(max-width: 500px) 100vw, 500px\" \/><\/p>\n<p>\u0110\u01b0\u1ee3c thi\u1ebft k\u1ebf \u0111\u1ec3 d\u1ec5 d\u00e0ng ti\u1ebfp c\u1eadn, t\u1ea5m ph\u1ee7 m\u00e1y to\u00e0n \u0111\u1ea1c n\u00e0y cho ph\u00e9p ng\u01b0\u1eddi v\u1eadn h\u00e0nh ti\u1ebfp c\u1eadn v\u00e0 \u0111i\u1ec1u khi\u1ec3n c\u00e1c tr\u1ea1m robot m\u00e0 kh\u00f4ng c\u1ea7n ph\u1ea3i th\u00e1o l\u1edbp b\u1ea3o v\u1ec7. Ch\u1ea5t li\u1ec7u v\u1ea3i ch\u1ed1ng th\u1ea5m n\u01b0\u1edbc b\u1ec1n ch\u1eafc c\u00f3 kh\u1ea3 n\u0103ng ch\u1ed1ng tr\u1ea7y x\u01b0\u1edbc v\u00e0 va \u0111\u1eadp, k\u00e9o d\u00e0i tu\u1ed5i th\u1ecd c\u1ee7a thi\u1ebft b\u1ecb. T\u01b0\u01a1ng th\u00edch v\u1edbi c\u00e1c m\u1eabu Swiss TS12, TS15, TS16 v\u00e0 TRI S6\/S7, <a href=\"https:\/\/mountlaser.com\/vi\/about-us\/\">T\u00fai m\u1ec1m SC60012<\/a> \u0110\u00e2y l\u00e0 m\u1ed9t ph\u1ee5 ki\u1ec7n che ch\u1eafn m\u00e1y to\u00e0n \u0111\u1ea1c \u0111i\u1ec7n t\u1eed \u0111\u01a1n gi\u1ea3n nh\u01b0ng thi\u1ebft y\u1ebfu d\u00e0nh cho b\u1ea5t k\u1ef3 chuy\u00ean gia kh\u1ea3o s\u00e1t n\u00e0o.<\/p>","protected":false},"excerpt":{"rendered":"<ul>\n<li>B\u1ea3o v\u1ec7 to\u00e0n di\u1ec7n kh\u1ecfi m\u01b0a, b\u1ee5i, n\u1eafng v\u00e0 gi\u00f3 trong m\u1ecdi \u0111i\u1ec1u ki\u1ec7n th\u1eddi ti\u1ebft.<\/li>\n<li>Thi\u1ebft k\u1ebf d\u1ec5 ti\u1ebfp c\u1eadn cho ph\u00e9p s\u1eed d\u1ee5ng \u0111\u1ea7y \u0111\u1ee7 c\u00e1c ch\u1ee9c n\u0103ng \u0111i\u1ec1u khi\u1ec3n c\u1ee7a m\u00e1y to\u00e0n \u0111\u1ea1c robot.<\/li>\n<li>Ch\u1ea5t li\u1ec7u v\u1ea3i ch\u1ed1ng th\u1ea5m n\u01b0\u1edbc b\u1ec1n ch\u1eafc gi\u00fap ng\u0103n ng\u1eeba h\u01b0 h\u1ea1i do va \u0111\u1eadp v\u00e0 m\u00e0i m\u00f2n.<\/li>\n<li>M\u00e0u cam n\u1ed5i b\u1eadt gi\u00fap t\u0103ng c\u01b0\u1eddng an to\u00e0n t\u1ea1i c\u00f4ng tr\u01b0\u1eddng.<\/li>\n<li>T\u01b0\u01a1ng th\u00edch v\u1edbi Swiss TS12\/TS15\/TS16 v\u00e0 TRI S6\/S7<\/li>\n<\/ul>","protected":false},"featured_media":5848,"comment_status":"open","ping_status":"closed","template":"","meta":[],"product_brand":[],"product_cat":[164,79],"product_tag":[],"class_list":{"0":"post-5843","1":"product","2":"type-product","3":"status-publish","4":"has-post-thumbnail","6":"product_cat-soft-case","7":"product_cat-surveying-accessory","9":"first","10":"instock","11":"shipping-taxable","12":"product-type-simple"},"_links":{"self":[{"href":"https:\/\/mountlaser.com\/vi\/wp-json\/wp\/v2\/product\/5843","targetHints":{"allow":["GET"]}}],"collection":[{"href":"https:\/\/mountlaser.com\/vi\/wp-json\/wp\/v2\/product"}],"about":[{"href":"https:\/\/mountlaser.com\/vi\/wp-json\/wp\/v2\/types\/product"}],"replies":[{"embeddable":true,"href":"https:\/\/mountlaser.com\/vi\/wp-json\/wp\/v2\/comments?post=5843"}],"wp:featuredmedia":[{"embeddable":true,"href":"https:\/\/mountlaser.com\/vi\/wp-json\/wp\/v2\/media\/5848"}],"wp:attachment":[{"href":"https:\/\/mountlaser.com\/vi\/wp-json\/wp\/v2\/media?parent=5843"}],"wp:term":[{"taxonomy":"product_brand","embeddable":true,"href":"https:\/\/mountlaser.com\/vi\/wp-json\/wp\/v2\/product_brand?post=5843"},{"taxonomy":"product_cat","embeddable":true,"href":"https:\/\/mountlaser.com\/vi\/wp-json\/wp\/v2\/product_cat?post=5843"},{"taxonomy":"product_tag","embeddable":true,"href":"https:\/\/mountlaser.com\/vi\/wp-json\/wp\/v2\/product_tag?post=5843"}],"curies":[{"name":"trang web","href":"https:\/\/api.w.org\/{rel}","templated":true}]}}