{"id":5842,"date":"2025-12-11T08:18:33","date_gmt":"2025-12-11T08:18:33","guid":{"rendered":"https:\/\/mountlaser.com\/?post_type=product&#038;p=5842"},"modified":"2025-12-11T08:18:33","modified_gmt":"2025-12-11T08:18:33","slug":"pb01-36-brass-plumb-bob","status":"publish","type":"product","link":"https:\/\/mountlaser.com\/vi\/san-pham\/pb01-36-brass-plumb-bob\/","title":{"rendered":"PB01-36 Qu\u1ea3 c\u00e2n d\u00e2y d\u1ecdi b\u1eb1ng \u0111\u1ed3ng thau"},"content":{"rendered":"<p data-start=\"265\" data-end=\"744\">C\u00e1i <a href=\"https:\/\/mountlaser.com\/vi\/\"><strong data-start=\"269\" data-end=\"296\">PB01-36 Qu\u1ea3 c\u00e2n d\u00e2y d\u1ecdi b\u1eb1ng \u0111\u1ed3ng thau<\/strong><\/a> \u0110\u00e2y l\u00e0 m\u1ed9t d\u1ee5ng c\u1ee5 h\u1ea1ng n\u1eb7ng, \u0111\u01b0\u1ee3c gia c\u00f4ng ch\u00ednh x\u00e1c, \u0111\u01b0\u1ee3c thi\u1ebft k\u1ebf d\u00e0nh cho c\u00e1c chuy\u00ean gia \u0111\u00f2i h\u1ecfi \u0111\u1ed9 ch\u00ednh x\u00e1c tuy\u1ec7t \u0111\u1ed1i trong m\u1ecdi c\u00f4ng vi\u1ec7c. V\u1edbi tr\u1ecdng l\u01b0\u1ee3ng \u0111\u00e1ng k\u1ec3 v\u00e0 c\u1ea5u tr\u00fac c\u00e2n b\u1eb1ng ho\u00e0n h\u1ea3o, <a href=\"https:\/\/mountlaser.com\/vi\/danh-muc-san-pham\/surveying-accessory\/\"><strong data-start=\"477\" data-end=\"503\">Qu\u1ea3 c\u00e2n b\u1eb1ng \u0111\u1ed3ng thau 36 ounce<\/strong><\/a> S\u1ea3n ph\u1ea9m mang l\u1ea1i \u0111\u1ed9 \u1ed5n \u0111\u1ecbnh th\u1eb3ng \u0111\u1ee9ng v\u01b0\u1ee3t tr\u1ed9i, ngay c\u1ea3 trong \u0111i\u1ec1u ki\u1ec7n \u0111\u1ecba h\u00ecnh kh\u00f3 kh\u0103n. \u0110\u01b0\u1ee3c ho\u00e0n thi\u1ec7n b\u1eb1ng l\u1edbp s\u01a1n m\u00e0i b\u1ea3o v\u1ec7 b\u1ec1n b\u1ec9, qu\u1ea3 c\u00e2n b\u1eb1ng \u0111\u1ed3ng thau PB01-36 ch\u1ed1ng \u0103n m\u00f2n v\u00e0 duy tr\u00ec hi\u1ec7u su\u1ea5t ho\u1ea1t \u0111\u1ed9ng tr\u01a1n tru, \u0111\u00e1ng tin c\u1eady trong th\u1eddi gian d\u00e0i s\u1eed d\u1ee5ng ngo\u00e0i tr\u1eddi.<\/p>\n<p><img fetchpriority=\"high\" decoding=\"async\" class=\"aligncenter wp-image-5449\" src=\"https:\/\/mountlaser.com\/wp-content\/uploads\/2025\/12\/PB01.webp\" alt=\"PB01-36 Brass Plumb Bob\" width=\"500\" height=\"500\" srcset=\"https:\/\/mountlaser.com\/wp-content\/uploads\/2025\/12\/PB01.webp 1000w, https:\/\/mountlaser.com\/wp-content\/uploads\/2025\/12\/PB01-300x300.webp 300w, https:\/\/mountlaser.com\/wp-content\/uploads\/2025\/12\/PB01-150x150.webp 150w, https:\/\/mountlaser.com\/wp-content\/uploads\/2025\/12\/PB01-768x768.webp 768w, https:\/\/mountlaser.com\/wp-content\/uploads\/2025\/12\/PB01-12x12.webp 12w, https:\/\/mountlaser.com\/wp-content\/uploads\/2025\/12\/PB01-600x600.webp 600w, https:\/\/mountlaser.com\/wp-content\/uploads\/2025\/12\/PB01-800x800.webp 800w, https:\/\/mountlaser.com\/wp-content\/uploads\/2025\/12\/PB01-400x400.webp 400w\" sizes=\"(max-width: 500px) 100vw, 500px\" \/><\/p>\n<p>\u0110\u01b0\u1ee3c l\u00e0m t\u1eeb \u0111\u1ed3ng thau nguy\u00ean kh\u1ed1i v\u00e0 trang b\u1ecb \u0111\u1ea7u nh\u1ecdn b\u1eb1ng th\u00e9p t\u00f4i c\u1ee9ng, qu\u1ea3 c\u00e2n b\u1eb1ng \u0111\u1ed3ng thau 36 oz \u0111\u1ea3m b\u1ea3o v\u1ea1ch chia s\u1eafc n\u00e9t v\u00e0 kh\u1ea3 n\u0103ng ch\u1ed1ng m\u00e0i m\u00f2n tuy\u1ec7t v\u1eddi. Ren ASA ti\u00eau chu\u1ea9n t\u0103ng c\u01b0\u1eddng kh\u1ea3 n\u0103ng t\u01b0\u01a1ng th\u00edch v\u1edbi c\u00e1c lo\u1ea1i d\u00e2y v\u00e0 ph\u1ee5 ki\u1ec7n th\u00f4ng d\u1ee5ng, trong khi n\u1eafp v\u1eb7n ASA b\u1eb1ng th\u00e9p c\u00f3 ng\u0103n ch\u1ee9a b\u00ean trong \u0111\u1ec3 \u0111\u1ef1ng th\u00eam m\u1ed9t \u0111\u1ea7u nh\u1ecdn \u2013 t\u0103ng hi\u1ec7u qu\u1ea3 v\u00e0 s\u1ef1 ti\u1ec7n l\u1ee3i khi s\u1eed d\u1ee5ng. <a href=\"https:\/\/mountlaser.com\/vi\/contact-us\/\">PB01-36 Qu\u1ea3 c\u00e2n d\u00e2y d\u1ecdi b\u1eb1ng \u0111\u1ed3ng thau<\/a> trong qu\u00e1 tr\u00ecnh ho\u1ea1t \u0111\u1ed9ng h\u00e0ng ng\u00e0y.<\/p>","protected":false},"excerpt":{"rendered":"<ul>\n<li>Cung c\u1ea5p m\u1ed9t h\u1ec7 quy chi\u1ebfu th\u1eb3ng \u0111\u1ee9ng \u1ed5n \u0111\u1ecbnh v\u00e0 c\u00f3 \u0111\u1ed9 ch\u00ednh x\u00e1c cao.<\/li>\n<li>Th\u00e2n b\u1eb1ng \u0111\u1ed3ng thau nguy\u00ean kh\u1ed1i \u0111\u01b0\u1ee3c gia c\u00f4ng ch\u00ednh x\u00e1c \u0111\u1ea3m b\u1ea3o ph\u00e2n b\u1ed5 tr\u1ecdng l\u01b0\u1ee3ng t\u1ed1i \u01b0u.<\/li>\n<li>\u0110\u1ea7u m\u0169i th\u00e9p t\u00f4i c\u1ee9ng t\u1ea1o ra v\u1ebft \u0111\u00e1nh d\u1ea5u s\u1eafc b\u00e9n v\u00e0 \u0111\u00e1ng tin c\u1eady.<\/li>\n<li>Ren ti\u00eau chu\u1ea9n ASA \u0111\u1ea3m b\u1ea3o kh\u1ea3 n\u0103ng t\u01b0\u01a1ng th\u00edch r\u1ed9ng r\u00e3i v\u1edbi d\u00e2y c\u00e1p v\u00e0 ph\u1ee5 ki\u1ec7n.<\/li>\n<li>N\u1eafp v\u1eb7n th\u00e9p ASA c\u00f3 ng\u0103n ch\u1ee9a b\u00ean trong \u0111\u1ec3 \u0111\u1ef1ng \u0111\u1ea7u kim d\u1ef1 ph\u00f2ng.<\/li>\n<\/ul>","protected":false},"featured_media":5449,"comment_status":"open","ping_status":"closed","template":"","meta":[],"product_brand":[],"product_cat":[154,79],"product_tag":[],"class_list":{"0":"post-5842","1":"product","2":"type-product","3":"status-publish","4":"has-post-thumbnail","6":"product_cat-brass-plumb-bob","7":"product_cat-surveying-accessory","9":"first","10":"instock","11":"shipping-taxable","12":"product-type-simple"},"_links":{"self":[{"href":"https:\/\/mountlaser.com\/vi\/wp-json\/wp\/v2\/product\/5842","targetHints":{"allow":["GET"]}}],"collection":[{"href":"https:\/\/mountlaser.com\/vi\/wp-json\/wp\/v2\/product"}],"about":[{"href":"https:\/\/mountlaser.com\/vi\/wp-json\/wp\/v2\/types\/product"}],"replies":[{"embeddable":true,"href":"https:\/\/mountlaser.com\/vi\/wp-json\/wp\/v2\/comments?post=5842"}],"wp:featuredmedia":[{"embeddable":true,"href":"https:\/\/mountlaser.com\/vi\/wp-json\/wp\/v2\/media\/5449"}],"wp:attachment":[{"href":"https:\/\/mountlaser.com\/vi\/wp-json\/wp\/v2\/media?parent=5842"}],"wp:term":[{"taxonomy":"product_brand","embeddable":true,"href":"https:\/\/mountlaser.com\/vi\/wp-json\/wp\/v2\/product_brand?post=5842"},{"taxonomy":"product_cat","embeddable":true,"href":"https:\/\/mountlaser.com\/vi\/wp-json\/wp\/v2\/product_cat?post=5842"},{"taxonomy":"product_tag","embeddable":true,"href":"https:\/\/mountlaser.com\/vi\/wp-json\/wp\/v2\/product_tag?post=5842"}],"curies":[{"name":"trang web","href":"https:\/\/api.w.org\/{rel}","templated":true}]}}