{"id":5841,"date":"2025-12-11T08:09:14","date_gmt":"2025-12-11T08:09:14","guid":{"rendered":"https:\/\/mountlaser.com\/?post_type=product&#038;p=5841"},"modified":"2025-12-11T08:09:14","modified_gmt":"2025-12-11T08:09:14","slug":"pb01-32-brass-plumb-bob","status":"publish","type":"product","link":"https:\/\/mountlaser.com\/vi\/san-pham\/pb01-32-brass-plumb-bob\/","title":{"rendered":"PB01-32 Qu\u1ea3 c\u00e2n d\u00e2y d\u1ecdi b\u1eb1ng \u0111\u1ed3ng thau"},"content":{"rendered":"<p data-start=\"216\" data-end=\"684\">C\u00e1i <a href=\"https:\/\/mountlaser.com\/vi\/\"><strong data-start=\"220\" data-end=\"247\">PB01-32 Qu\u1ea3 c\u00e2n d\u00e2y d\u1ecdi b\u1eb1ng \u0111\u1ed3ng thau<\/strong><\/a> \u0110\u01b0\u1ee3c thi\u1ebft k\u1ebf d\u00e0nh cho c\u00e1c nh\u00e0 kh\u1ea3o s\u00e1t v\u00e0 chuy\u00ean gia x\u00e2y d\u1ef1ng, nh\u1eefng ng\u01b0\u1eddi y\u00eau c\u1ea7u \u0111\u1ed9 \u1ed5n \u0111\u1ecbnh v\u00e0 \u0111\u1ed9 ch\u00ednh x\u00e1c t\u1ed1i \u0111a trong c\u00e1c nhi\u1ec7m v\u1ee5 c\u0103n ch\u1ec9nh ph\u1ee9c t\u1ea1p. V\u1edbi th\u00e2n m\u00e1y \u0111\u01b0\u1ee3c gia c\u00f4ng ch\u00ednh x\u00e1c v\u00e0 tr\u1ecdng l\u01b0\u1ee3ng \u0111\u00e1ng k\u1ec3, <a href=\"https:\/\/mountlaser.com\/vi\/danh-muc-san-pham\/surveying-accessory\/\"><strong data-start=\"441\" data-end=\"467\">Qu\u1ea3 c\u00e2n b\u1eb1ng \u0111\u1ed3ng thau 32 ounce<\/strong><\/a> S\u1ea3n ph\u1ea9m mang l\u1ea1i \u0111\u1ed9 \u1ed5n \u0111\u1ecbnh th\u1eb3ng \u0111\u1ee9ng v\u01b0\u1ee3t tr\u1ed9i ngay c\u1ea3 trong m\u00f4i tr\u01b0\u1eddng c\u00f4ng tr\u01b0\u1eddng nhi\u1ec1u gi\u00f3 ho\u1eb7c \u1ed3n \u00e0o. \u0110\u01b0\u1ee3c ho\u00e0n thi\u1ec7n b\u1eb1ng l\u1edbp s\u01a1n m\u00e0i b\u1ec1n ch\u1eafc, qu\u1ea3 c\u00e2n b\u1eb1ng \u0111\u1ed3ng thau PB01-32 duy tr\u00ec hi\u1ec7u su\u1ea5t l\u00e2u d\u00e0i v\u00e0 kh\u1ea3 n\u0103ng ch\u1ed1ng \u0103n m\u00f2n.<\/p>\n<p><img fetchpriority=\"high\" decoding=\"async\" class=\"aligncenter wp-image-5449\" src=\"https:\/\/mountlaser.com\/wp-content\/uploads\/2025\/12\/PB01.webp\" alt=\"PB01-32 Brass Plumb Bob\" width=\"500\" height=\"500\" srcset=\"https:\/\/mountlaser.com\/wp-content\/uploads\/2025\/12\/PB01.webp 1000w, https:\/\/mountlaser.com\/wp-content\/uploads\/2025\/12\/PB01-300x300.webp 300w, https:\/\/mountlaser.com\/wp-content\/uploads\/2025\/12\/PB01-150x150.webp 150w, https:\/\/mountlaser.com\/wp-content\/uploads\/2025\/12\/PB01-768x768.webp 768w, https:\/\/mountlaser.com\/wp-content\/uploads\/2025\/12\/PB01-12x12.webp 12w, https:\/\/mountlaser.com\/wp-content\/uploads\/2025\/12\/PB01-600x600.webp 600w, https:\/\/mountlaser.com\/wp-content\/uploads\/2025\/12\/PB01-800x800.webp 800w, https:\/\/mountlaser.com\/wp-content\/uploads\/2025\/12\/PB01-400x400.webp 400w\" sizes=\"(max-width: 500px) 100vw, 500px\" \/><\/p>\n<p>\u0110\u01b0\u1ee3c ch\u1ebf t\u00e1c t\u1eeb \u0111\u1ed3ng thau nguy\u00ean kh\u1ed1i v\u00e0 trang b\u1ecb \u0111\u1ea7u nh\u1ecdn b\u1eb1ng th\u00e9p t\u00f4i c\u1ee9ng, qu\u1ea3 c\u00e2n b\u1eb1ng \u0111\u1ed3ng thau 32 oz n\u00e0y \u0111\u1ea3m b\u1ea3o \u0111\u1ed9 s\u1eafc n\u00e9t, \u0111\u1ed9 ch\u00ednh x\u00e1c khi \u0111\u00e1nh d\u1ea5u v\u00e0 kh\u1ea3 n\u0103ng ch\u1ed1ng m\u00e0i m\u00f2n tuy\u1ec7t v\u1eddi. Ren ASA ti\u00eau chu\u1ea9n mang l\u1ea1i kh\u1ea3 n\u0103ng t\u01b0\u01a1ng th\u00edch r\u1ed9ng r\u00e3i, trong khi n\u1eafp v\u1eb7n ASA b\u1eb1ng th\u00e9p c\u00f3 ng\u0103n ch\u1ee9a b\u00ean trong \u0111\u1ec3 \u0111\u1ef1ng th\u00eam m\u1ed9t \u0111\u1ea7u nh\u1ecdn\u2014gi\u00fap vi\u1ec7c s\u1eed d\u1ee5ng d\u1ec5 d\u00e0ng h\u01a1n. <a href=\"https:\/\/mountlaser.com\/vi\/about-us\/\">PB01-32 Qu\u1ea3 c\u00e2n d\u00e2y d\u1ecdi b\u1eb1ng \u0111\u1ed3ng thau<\/a> M\u1ed9t c\u00f4ng c\u1ee5 \u0111\u00e1ng tin c\u1eady, lu\u00f4n s\u1eb5n s\u00e0ng cho m\u1ee5c \u0111\u00edch s\u1eed d\u1ee5ng chuy\u00ean nghi\u1ec7p.<\/p>","protected":false},"excerpt":{"rendered":"<ul>\n<li>Cung c\u1ea5p m\u1ed9t h\u1ec7 quy chi\u1ebfu th\u1eb3ng \u0111\u1ee9ng \u1ed5n \u0111\u1ecbnh v\u00e0 c\u00f3 \u0111\u1ed9 ch\u00ednh x\u00e1c cao.<\/li>\n<li>Th\u00e2n b\u1eb1ng \u0111\u1ed3ng thau nguy\u00ean kh\u1ed1i \u0111\u01b0\u1ee3c gia c\u00f4ng ch\u00ednh x\u00e1c \u0111\u1ea3m b\u1ea3o ph\u00e2n b\u1ed5 tr\u1ecdng l\u01b0\u1ee3ng t\u1ed1i \u01b0u.<\/li>\n<li>\u0110\u1ea7u m\u0169i th\u00e9p t\u00f4i c\u1ee9ng t\u1ea1o ra v\u1ebft \u0111\u00e1nh d\u1ea5u s\u1eafc b\u00e9n v\u00e0 \u0111\u00e1ng tin c\u1eady.<\/li>\n<li>Ren ti\u00eau chu\u1ea9n ASA \u0111\u1ea3m b\u1ea3o kh\u1ea3 n\u0103ng t\u01b0\u01a1ng th\u00edch r\u1ed9ng r\u00e3i v\u1edbi d\u00e2y c\u00e1p v\u00e0 ph\u1ee5 ki\u1ec7n.<\/li>\n<li>N\u1eafp v\u1eb7n th\u00e9p ASA c\u00f3 ng\u0103n ch\u1ee9a b\u00ean trong \u0111\u1ec3 \u0111\u1ef1ng \u0111\u1ea7u kim d\u1ef1 ph\u00f2ng.<\/li>\n<\/ul>","protected":false},"featured_media":5449,"comment_status":"open","ping_status":"closed","template":"","meta":[],"product_brand":[],"product_cat":[154,79],"product_tag":[],"class_list":{"0":"post-5841","1":"product","2":"type-product","3":"status-publish","4":"has-post-thumbnail","6":"product_cat-brass-plumb-bob","7":"product_cat-surveying-accessory","9":"first","10":"instock","11":"shipping-taxable","12":"product-type-simple"},"_links":{"self":[{"href":"https:\/\/mountlaser.com\/vi\/wp-json\/wp\/v2\/product\/5841","targetHints":{"allow":["GET"]}}],"collection":[{"href":"https:\/\/mountlaser.com\/vi\/wp-json\/wp\/v2\/product"}],"about":[{"href":"https:\/\/mountlaser.com\/vi\/wp-json\/wp\/v2\/types\/product"}],"replies":[{"embeddable":true,"href":"https:\/\/mountlaser.com\/vi\/wp-json\/wp\/v2\/comments?post=5841"}],"wp:featuredmedia":[{"embeddable":true,"href":"https:\/\/mountlaser.com\/vi\/wp-json\/wp\/v2\/media\/5449"}],"wp:attachment":[{"href":"https:\/\/mountlaser.com\/vi\/wp-json\/wp\/v2\/media?parent=5841"}],"wp:term":[{"taxonomy":"product_brand","embeddable":true,"href":"https:\/\/mountlaser.com\/vi\/wp-json\/wp\/v2\/product_brand?post=5841"},{"taxonomy":"product_cat","embeddable":true,"href":"https:\/\/mountlaser.com\/vi\/wp-json\/wp\/v2\/product_cat?post=5841"},{"taxonomy":"product_tag","embeddable":true,"href":"https:\/\/mountlaser.com\/vi\/wp-json\/wp\/v2\/product_tag?post=5841"}],"curies":[{"name":"trang web","href":"https:\/\/api.w.org\/{rel}","templated":true}]}}