{"id":5840,"date":"2025-12-11T07:27:09","date_gmt":"2025-12-11T07:27:09","guid":{"rendered":"https:\/\/mountlaser.com\/?post_type=product&#038;p=5840"},"modified":"2025-12-11T07:27:09","modified_gmt":"2025-12-11T07:27:09","slug":"pb01-24-brass-plumb-bob","status":"publish","type":"product","link":"https:\/\/mountlaser.com\/vi\/san-pham\/pb01-24-brass-plumb-bob\/","title":{"rendered":"PB01-24 Qu\u1ea3 c\u00e2n d\u00e2y d\u1ecdi b\u1eb1ng \u0111\u1ed3ng thau"},"content":{"rendered":"<p data-start=\"256\" data-end=\"736\">C\u00e1i <a href=\"https:\/\/mountlaser.com\/vi\/\"><strong data-start=\"260\" data-end=\"287\">PB01-24 Qu\u1ea3 c\u00e2n d\u00e2y d\u1ecdi b\u1eb1ng \u0111\u1ed3ng thau<\/strong><\/a> \u0110\u01b0\u1ee3c ch\u1ebf t\u1ea1o d\u00e0nh cho c\u00e1c chuy\u00ean gia \u0111\u00f2i h\u1ecfi s\u1ef1 \u1ed5n \u0111\u1ecbnh t\u1ed1i \u0111a v\u00e0 \u0111\u1ed9 ch\u00ednh x\u00e1c tuy\u1ec7t \u0111\u1ed1i trong c\u00f4ng vi\u1ec7c. \u0110\u01b0\u1ee3c l\u00e0m t\u1eeb \u0111\u1ed3ng thau nguy\u00ean kh\u1ed1i v\u00e0 gia c\u00f4ng ch\u00ednh x\u00e1c \u0111\u1ec3 \u0111\u1ea1t \u0111\u01b0\u1ee3c s\u1ef1 c\u00e2n b\u1eb1ng ho\u00e0n h\u1ea3o, s\u1ea3n ph\u1ea9m n\u00e0y <a href=\"https:\/\/mountlaser.com\/vi\/danh-muc-san-pham\/surveying-accessory\/\"><strong data-start=\"460\" data-end=\"486\">Qu\u1ea3 c\u00e2n b\u1eb1ng \u0111\u1ed3ng thau 24 ounce<\/strong><\/a> Cung c\u1ea5p \u0111i\u1ec3m tham chi\u1ebfu th\u1eb3ng \u0111\u1ee9ng \u0111\u00e1ng tin c\u1eady ngay c\u1ea3 trong \u0111i\u1ec1u ki\u1ec7n c\u00f4ng tr\u01b0\u1eddng kh\u00f3 kh\u0103n. \u0110\u01b0\u1ee3c ho\u00e0n thi\u1ec7n b\u1eb1ng l\u1edbp s\u01a1n m\u00e0i b\u1ea3o v\u1ec7, qu\u1ea3 c\u00e2n b\u1eb1ng \u0111\u1ed3ng thau PB01-24 c\u00f3 \u0111\u1ed9 b\u1ec1n l\u00e2u d\u00e0i v\u00e0 gi\u1eef \u0111\u01b0\u1ee3c v\u1ebb ngo\u00e0i tinh t\u1ebf ngay c\u1ea3 khi s\u1eed d\u1ee5ng li\u00ean t\u1ee5c.<\/p>\n<p><img fetchpriority=\"high\" decoding=\"async\" class=\"aligncenter wp-image-5449\" src=\"https:\/\/mountlaser.com\/wp-content\/uploads\/2025\/12\/PB01.webp\" alt=\"PB01-24 Brass Plumb Bob\" width=\"500\" height=\"500\" srcset=\"https:\/\/mountlaser.com\/wp-content\/uploads\/2025\/12\/PB01.webp 1000w, https:\/\/mountlaser.com\/wp-content\/uploads\/2025\/12\/PB01-300x300.webp 300w, https:\/\/mountlaser.com\/wp-content\/uploads\/2025\/12\/PB01-150x150.webp 150w, https:\/\/mountlaser.com\/wp-content\/uploads\/2025\/12\/PB01-768x768.webp 768w, https:\/\/mountlaser.com\/wp-content\/uploads\/2025\/12\/PB01-12x12.webp 12w, https:\/\/mountlaser.com\/wp-content\/uploads\/2025\/12\/PB01-600x600.webp 600w, https:\/\/mountlaser.com\/wp-content\/uploads\/2025\/12\/PB01-800x800.webp 800w, https:\/\/mountlaser.com\/wp-content\/uploads\/2025\/12\/PB01-400x400.webp 400w\" sizes=\"(max-width: 500px) 100vw, 500px\" \/><\/p>\n<p>\u0110\u01b0\u1ee3c thi\u1ebft k\u1ebf v\u1edbi \u0111\u1ea7u m\u0169i b\u1eb1ng th\u00e9p t\u00f4i c\u1ee9ng, <a href=\"https:\/\/mountlaser.com\/vi\/contact-us\/\">Qu\u1ea3 c\u00e2n b\u1eb1ng \u0111\u1ed3ng thau 24 ounce<\/a> D\u1ee5ng c\u1ee5 n\u00e0y t\u1ea1o ra c\u00e1c v\u1ea1ch k\u1ebb r\u00f5 r\u00e0ng, ch\u00ednh x\u00e1c cho vi\u1ec7c b\u1ed1 tr\u00ed v\u00e0 c\u0103n ch\u1ec9nh. Ren ASA ti\u00eau chu\u1ea9n cho ph\u00e9p t\u01b0\u01a1ng th\u00edch ph\u1ed5 bi\u1ebfn, trong khi n\u1eafp v\u00edt ASA b\u1eb1ng th\u00e9p cung c\u1ea5p kh\u00f4ng gian l\u01b0u tr\u1eef b\u00ean trong cho m\u1ed9t \u0111\u1ea7u nh\u1ecdn d\u1ef1 ph\u00f2ng\u2014\u0111\u1ea3m b\u1ea3o d\u00e2y d\u1ecdi b\u1eb1ng \u0111\u1ed3ng thau PB01-24 lu\u00f4n s\u1eb5n s\u00e0ng s\u1eed d\u1ee5ng ngo\u00e0i hi\u1ec7n tr\u01b0\u1eddng. \u0110\u1ed1i v\u1edbi c\u00e1c nh\u00e0 kh\u1ea3o s\u00e1t, nh\u00e0 x\u00e2y d\u1ef1ng v\u00e0 c\u00e1c chuy\u00ean gia c\u0103n ch\u1ec9nh, c\u00f4ng c\u1ee5 n\u00e0y k\u1ebft h\u1ee3p tr\u1ecdng l\u01b0\u1ee3ng l\u00fd t\u01b0\u1edfng, c\u1ea5u tr\u00fac ch\u1eafc ch\u1eafn v\u00e0 hi\u1ec7u su\u1ea5t ch\u00ednh x\u00e1c.<\/p>","protected":false},"excerpt":{"rendered":"<ul>\n<li>Cung c\u1ea5p m\u1ed9t h\u1ec7 quy chi\u1ebfu th\u1eb3ng \u0111\u1ee9ng \u1ed5n \u0111\u1ecbnh v\u00e0 c\u00f3 \u0111\u1ed9 ch\u00ednh x\u00e1c cao.<\/li>\n<li>Th\u00e2n b\u1eb1ng \u0111\u1ed3ng thau nguy\u00ean kh\u1ed1i \u0111\u01b0\u1ee3c gia c\u00f4ng ch\u00ednh x\u00e1c \u0111\u1ea3m b\u1ea3o ph\u00e2n b\u1ed5 tr\u1ecdng l\u01b0\u1ee3ng t\u1ed1i \u01b0u.<\/li>\n<li>\u0110\u1ea7u m\u0169i th\u00e9p t\u00f4i c\u1ee9ng t\u1ea1o ra v\u1ebft \u0111\u00e1nh d\u1ea5u s\u1eafc b\u00e9n v\u00e0 \u0111\u00e1ng tin c\u1eady.<\/li>\n<li>Ren ti\u00eau chu\u1ea9n ASA \u0111\u1ea3m b\u1ea3o kh\u1ea3 n\u0103ng t\u01b0\u01a1ng th\u00edch r\u1ed9ng r\u00e3i v\u1edbi d\u00e2y c\u00e1p v\u00e0 ph\u1ee5 ki\u1ec7n.<\/li>\n<li>N\u1eafp v\u1eb7n th\u00e9p ASA c\u00f3 ng\u0103n ch\u1ee9a b\u00ean trong \u0111\u1ec3 \u0111\u1ef1ng \u0111\u1ea7u kim d\u1ef1 ph\u00f2ng.<\/li>\n<\/ul>","protected":false},"featured_media":5449,"comment_status":"open","ping_status":"closed","template":"","meta":[],"product_brand":[],"product_cat":[154,79],"product_tag":[],"class_list":{"0":"post-5840","1":"product","2":"type-product","3":"status-publish","4":"has-post-thumbnail","6":"product_cat-brass-plumb-bob","7":"product_cat-surveying-accessory","9":"first","10":"instock","11":"shipping-taxable","12":"product-type-simple"},"_links":{"self":[{"href":"https:\/\/mountlaser.com\/vi\/wp-json\/wp\/v2\/product\/5840","targetHints":{"allow":["GET"]}}],"collection":[{"href":"https:\/\/mountlaser.com\/vi\/wp-json\/wp\/v2\/product"}],"about":[{"href":"https:\/\/mountlaser.com\/vi\/wp-json\/wp\/v2\/types\/product"}],"replies":[{"embeddable":true,"href":"https:\/\/mountlaser.com\/vi\/wp-json\/wp\/v2\/comments?post=5840"}],"wp:featuredmedia":[{"embeddable":true,"href":"https:\/\/mountlaser.com\/vi\/wp-json\/wp\/v2\/media\/5449"}],"wp:attachment":[{"href":"https:\/\/mountlaser.com\/vi\/wp-json\/wp\/v2\/media?parent=5840"}],"wp:term":[{"taxonomy":"product_brand","embeddable":true,"href":"https:\/\/mountlaser.com\/vi\/wp-json\/wp\/v2\/product_brand?post=5840"},{"taxonomy":"product_cat","embeddable":true,"href":"https:\/\/mountlaser.com\/vi\/wp-json\/wp\/v2\/product_cat?post=5840"},{"taxonomy":"product_tag","embeddable":true,"href":"https:\/\/mountlaser.com\/vi\/wp-json\/wp\/v2\/product_tag?post=5840"}],"curies":[{"name":"trang web","href":"https:\/\/api.w.org\/{rel}","templated":true}]}}