{"id":5838,"date":"2025-12-11T06:37:34","date_gmt":"2025-12-11T06:37:34","guid":{"rendered":"https:\/\/mountlaser.com\/?post_type=product&#038;p=5838"},"modified":"2025-12-11T06:37:34","modified_gmt":"2025-12-11T06:37:34","slug":"pb01-16-brass-plumb-bob","status":"publish","type":"product","link":"https:\/\/mountlaser.com\/vi\/san-pham\/pb01-16-brass-plumb-bob\/","title":{"rendered":"PB01-16 Qu\u1ea3 c\u00e2n d\u00e2y d\u1ecdi b\u1eb1ng \u0111\u1ed3ng thau"},"content":{"rendered":"<p data-start=\"264\" data-end=\"707\">C\u00e1i <a href=\"https:\/\/mountlaser.com\/vi\/\"><strong data-start=\"268\" data-end=\"295\">PB01-16 Qu\u1ea3 c\u00e2n d\u00e2y d\u1ecdi b\u1eb1ng \u0111\u1ed3ng thau<\/strong><\/a> \u0110\u01b0\u1ee3c ch\u1ebf t\u1ea1o d\u00e0nh cho c\u00e1c chuy\u00ean gia \u0111\u00f2i h\u1ecfi \u0111\u1ed9 ch\u00ednh x\u00e1c tuy\u1ec7t \u0111\u1ed1i v\u00e0 \u0111\u1ed9 b\u1ec1n l\u00e2u d\u00e0i. \u0110\u01b0\u1ee3c gia c\u00f4ng ch\u00ednh x\u00e1c t\u1eeb \u0111\u1ed3ng thau nguy\u00ean kh\u1ed1i v\u00e0 thi\u1ebft k\u1ebf \u0111\u1ec3 \u0111\u1ea1t \u0111\u01b0\u1ee3c s\u1ef1 c\u00e2n b\u1eb1ng ho\u00e0n h\u1ea3o, s\u1ea3n ph\u1ea9m n\u00e0y... <a href=\"https:\/\/mountlaser.com\/vi\/danh-muc-san-pham\/surveying-accessory\/\"><strong data-start=\"461\" data-end=\"487\">Qu\u1ea3 c\u00e2n b\u1eb1ng \u0111\u1ed3ng thau 16 ounce<\/strong><\/a> Cung c\u1ea5p kh\u1ea3 n\u0103ng c\u0103n ch\u1ec9nh th\u1eb3ng \u0111\u1ee9ng c\u1ef1c k\u1ef3 \u1ed5n \u0111\u1ecbnh trong m\u1ecdi \u0111i\u1ec1u ki\u1ec7n l\u00e0m vi\u1ec7c. \u0110\u01b0\u1ee3c b\u1ea3o v\u1ec7 b\u1eb1ng l\u1edbp s\u01a1n m\u00e0i b\u1ec1n ch\u1eafc, qu\u1ea3 c\u00e2n b\u1eb1ng \u0111\u1ed3ng thau PB01-16 duy tr\u00ec hi\u1ec7u su\u1ea5t v\u00e0 v\u1ebb ngo\u00e0i ngay c\u1ea3 sau th\u1eddi gian d\u00e0i s\u1eed d\u1ee5ng ngo\u00e0i tr\u1eddi.<\/p>\n<p><img fetchpriority=\"high\" decoding=\"async\" class=\"aligncenter wp-image-5449\" src=\"https:\/\/mountlaser.com\/wp-content\/uploads\/2025\/12\/PB01.webp\" alt=\"PB01-16 Brass Plumb Bob\" width=\"500\" height=\"500\" srcset=\"https:\/\/mountlaser.com\/wp-content\/uploads\/2025\/12\/PB01.webp 1000w, https:\/\/mountlaser.com\/wp-content\/uploads\/2025\/12\/PB01-300x300.webp 300w, https:\/\/mountlaser.com\/wp-content\/uploads\/2025\/12\/PB01-150x150.webp 150w, https:\/\/mountlaser.com\/wp-content\/uploads\/2025\/12\/PB01-768x768.webp 768w, https:\/\/mountlaser.com\/wp-content\/uploads\/2025\/12\/PB01-12x12.webp 12w, https:\/\/mountlaser.com\/wp-content\/uploads\/2025\/12\/PB01-600x600.webp 600w, https:\/\/mountlaser.com\/wp-content\/uploads\/2025\/12\/PB01-800x800.webp 800w, https:\/\/mountlaser.com\/wp-content\/uploads\/2025\/12\/PB01-400x400.webp 400w\" sizes=\"(max-width: 500px) 100vw, 500px\" \/><\/p>\n<p>\u0110\u01b0\u1ee3c trang b\u1ecb \u0111\u1ea7u nh\u1ecdn b\u1eb1ng th\u00e9p t\u00f4i c\u1ee9ng, qu\u1ea3 c\u00e2n b\u1eb1ng \u0111\u1ed3ng thau 16 oz \u0111\u1ea3m b\u1ea3o \u0111\u00e1nh d\u1ea5u s\u1eafc n\u00e9t, ch\u00ednh x\u00e1c cho c\u00e1c c\u00f4ng vi\u1ec7c b\u1ed1 tr\u00ed, c\u0103n ch\u1ec9nh v\u00e0 x\u00e2y d\u1ef1ng. Ren ASA ti\u00eau chu\u1ea9n \u0111\u1ea3m b\u1ea3o kh\u1ea3 n\u0103ng t\u01b0\u01a1ng th\u00edch v\u1edbi nhi\u1ec1u lo\u1ea1i d\u00e2y v\u00e0 ph\u1ee5 ki\u1ec7n. N\u1eafp v\u1eb7n ASA b\u1eb1ng th\u00e9p c\u0169ng c\u00f3 ng\u0103n ch\u1ee9a b\u00ean trong \u0111\u1ec3 \u0111\u1ef1ng th\u00eam m\u1ed9t \u0111\u1ea7u nh\u1ecdn, gi\u00fap vi\u1ec7c s\u1eed d\u1ee5ng d\u1ec5 d\u00e0ng h\u01a1n. <a href=\"https:\/\/mountlaser.com\/vi\/about-us\/\">PB01-16 Qu\u1ea3 c\u00e2n d\u00e2y d\u1ecdi b\u1eb1ng \u0111\u1ed3ng thau<\/a> M\u1ed9t c\u00f4ng c\u1ee5 \u0111a n\u0103ng, \u0111\u00e1ng tin c\u1eady v\u00e0 hi\u1ec7u qu\u1ea3 cao cho c\u00e1c \u1ee9ng d\u1ee5ng chuy\u00ean nghi\u1ec7p h\u00e0ng ng\u00e0y.<\/p>","protected":false},"excerpt":{"rendered":"<ul>\n<li>Cung c\u1ea5p \u0111i\u1ec3m tham chi\u1ebfu th\u1eb3ng \u0111\u1ee9ng \u1ed5n \u0111\u1ecbnh v\u00e0 ch\u00ednh x\u00e1c cho vi\u1ec7c b\u1ed1 tr\u00ed v\u00e0 c\u0103n ch\u1ec9nh.<\/li>\n<li>Th\u00e2n m\u00e1y b\u1eb1ng \u0111\u1ed3ng thau nguy\u00ean kh\u1ed1i v\u1edbi tr\u1ecdng l\u01b0\u1ee3ng \u0111\u01b0\u1ee3c ph\u00e2n b\u1ed5 ho\u00e0n h\u1ea3o \u0111\u1ea3m b\u1ea3o hi\u1ec7u su\u1ea5t \u1ed5n \u0111\u1ecbnh.<\/li>\n<li>\u0110\u1ea7u m\u0169i th\u00e9p t\u00f4i c\u1ee9ng gi\u00fap \u0111\u00e1nh d\u1ea5u s\u1ea1ch s\u1ebd v\u00e0 ch\u00ednh x\u00e1c.<\/li>\n<li>Ren ti\u00eau chu\u1ea9n ASA t\u01b0\u01a1ng th\u00edch v\u1edbi c\u00e1c lo\u1ea1i d\u00e2y v\u00e0 ph\u1ee5 ki\u1ec7n th\u00f4ng d\u1ee5ng.<\/li>\n<li>N\u1eafp v\u1eb7n th\u00e9p ASA v\u1edbi ng\u0103n ch\u1ee9a \u0111\u1ea7u m\u0169i b\u00ean trong gi\u00fap t\u0103ng t\u00ednh ti\u1ec7n d\u1ee5ng v\u00e0 \u0111\u1ed9 b\u1ec1n c\u1ee7a d\u1ee5ng c\u1ee5.<\/li>\n<\/ul>","protected":false},"featured_media":5449,"comment_status":"open","ping_status":"closed","template":"","meta":[],"product_brand":[],"product_cat":[154,79],"product_tag":[],"class_list":{"0":"post-5838","1":"product","2":"type-product","3":"status-publish","4":"has-post-thumbnail","6":"product_cat-brass-plumb-bob","7":"product_cat-surveying-accessory","9":"first","10":"instock","11":"shipping-taxable","12":"product-type-simple"},"_links":{"self":[{"href":"https:\/\/mountlaser.com\/vi\/wp-json\/wp\/v2\/product\/5838","targetHints":{"allow":["GET"]}}],"collection":[{"href":"https:\/\/mountlaser.com\/vi\/wp-json\/wp\/v2\/product"}],"about":[{"href":"https:\/\/mountlaser.com\/vi\/wp-json\/wp\/v2\/types\/product"}],"replies":[{"embeddable":true,"href":"https:\/\/mountlaser.com\/vi\/wp-json\/wp\/v2\/comments?post=5838"}],"wp:featuredmedia":[{"embeddable":true,"href":"https:\/\/mountlaser.com\/vi\/wp-json\/wp\/v2\/media\/5449"}],"wp:attachment":[{"href":"https:\/\/mountlaser.com\/vi\/wp-json\/wp\/v2\/media?parent=5838"}],"wp:term":[{"taxonomy":"product_brand","embeddable":true,"href":"https:\/\/mountlaser.com\/vi\/wp-json\/wp\/v2\/product_brand?post=5838"},{"taxonomy":"product_cat","embeddable":true,"href":"https:\/\/mountlaser.com\/vi\/wp-json\/wp\/v2\/product_cat?post=5838"},{"taxonomy":"product_tag","embeddable":true,"href":"https:\/\/mountlaser.com\/vi\/wp-json\/wp\/v2\/product_tag?post=5838"}],"curies":[{"name":"trang web","href":"https:\/\/api.w.org\/{rel}","templated":true}]}}