{"id":5837,"date":"2025-12-11T06:16:23","date_gmt":"2025-12-11T06:16:23","guid":{"rendered":"https:\/\/mountlaser.com\/?post_type=product&#038;p=5837"},"modified":"2025-12-11T06:16:23","modified_gmt":"2025-12-11T06:16:23","slug":"pb01-14-brass-plumb-bob","status":"publish","type":"product","link":"https:\/\/mountlaser.com\/vi\/san-pham\/pb01-14-brass-plumb-bob\/","title":{"rendered":"PB01-14 Qu\u1ea3 c\u00e2n d\u00e2y d\u1ecdi b\u1eb1ng \u0111\u1ed3ng thau"},"content":{"rendered":"<p data-start=\"271\" data-end=\"707\">C\u00e1i <a href=\"https:\/\/mountlaser.com\/vi\/\"><strong data-start=\"275\" data-end=\"302\">PB01-14 Qu\u1ea3 c\u00e2n d\u00e2y d\u1ecdi b\u1eb1ng \u0111\u1ed3ng thau<\/strong><\/a> \u0110\u00e2y l\u00e0 m\u1ed9t d\u1ee5ng c\u1ee5 \u0111\u01b0\u1ee3c gia c\u00f4ng ch\u00ednh x\u00e1c, ch\u1ebf t\u1ea1o d\u00e0nh cho c\u00e1c chuy\u00ean gia \u0111\u00f2i h\u1ecfi \u0111\u1ed9 ch\u00ednh x\u00e1c theo ph\u01b0\u01a1ng th\u1eb3ng \u0111\u1ee9ng \u0111\u00e1ng tin c\u1eady trong m\u1ecdi c\u00f4ng vi\u1ec7c. \u0110\u01b0\u1ee3c ch\u1ebf t\u1ea1o t\u1eeb \u0111\u1ed3ng thau nguy\u00ean kh\u1ed1i v\u00e0 \u0111\u01b0\u1ee3c thi\u1ebft k\u1ebf \u0111\u1ec3 \u0111\u1ea1t \u0111\u01b0\u1ee3c s\u1ef1 c\u00e2n b\u1eb1ng ho\u00e0n h\u1ea3o, d\u1ee5ng c\u1ee5 n\u00e0y... <a href=\"https:\/\/mountlaser.com\/vi\/danh-muc-san-pham\/surveying-accessory\/\"><strong data-start=\"476\" data-end=\"502\">Qu\u1ea3 c\u00e2n b\u1eb1ng \u0111\u1ed3ng thau 14 ounce<\/strong><\/a> \u0110\u1ea3m b\u1ea3o \u0111\u1ed9 th\u1eb3ng h\u00e0ng \u1ed5n \u0111\u1ecbnh v\u00e0 \u0111\u00e1ng tin c\u1eady ngay c\u1ea3 trong m\u00f4i tr\u01b0\u1eddng l\u00e0m vi\u1ec7c kh\u1eafc nghi\u1ec7t. L\u1edbp s\u01a1n ph\u1ee7 b\u1ea3o v\u1ec7 gi\u00fap qu\u1ea3 c\u00e2n b\u1eb1ng \u0111\u1ed3ng thau PB01-14 duy tr\u00ec hi\u1ec7u su\u1ea5t v\u00e0 v\u1ebb ngo\u00e0i trong th\u1eddi gian s\u1eed d\u1ee5ng l\u00e2u d\u00e0i.<\/p>\n<p data-start=\"271\" data-end=\"707\"><img fetchpriority=\"high\" decoding=\"async\" class=\"aligncenter wp-image-5449\" src=\"https:\/\/mountlaser.com\/wp-content\/uploads\/2025\/12\/PB01.webp\" alt=\"PB01-14 Brass Plumb Bob\" width=\"500\" height=\"500\" srcset=\"https:\/\/mountlaser.com\/wp-content\/uploads\/2025\/12\/PB01.webp 1000w, https:\/\/mountlaser.com\/wp-content\/uploads\/2025\/12\/PB01-300x300.webp 300w, https:\/\/mountlaser.com\/wp-content\/uploads\/2025\/12\/PB01-150x150.webp 150w, https:\/\/mountlaser.com\/wp-content\/uploads\/2025\/12\/PB01-768x768.webp 768w, https:\/\/mountlaser.com\/wp-content\/uploads\/2025\/12\/PB01-12x12.webp 12w, https:\/\/mountlaser.com\/wp-content\/uploads\/2025\/12\/PB01-600x600.webp 600w, https:\/\/mountlaser.com\/wp-content\/uploads\/2025\/12\/PB01-800x800.webp 800w, https:\/\/mountlaser.com\/wp-content\/uploads\/2025\/12\/PB01-400x400.webp 400w\" sizes=\"(max-width: 500px) 100vw, 500px\" \/><\/p>\n<p data-start=\"709\" data-end=\"1118\">\u0110\u01b0\u1ee3c thi\u1ebft k\u1ebf v\u1edbi \u0111\u1ea7u nh\u1ecdn b\u1eb1ng th\u00e9p t\u00f4i c\u1ee9ng, qu\u1ea3 c\u00e2n b\u1eb1ng \u0111\u1ed3ng thau 14 oz cung c\u1ea5p kh\u1ea3 n\u0103ng \u0111\u00e1nh d\u1ea5u s\u1eafc n\u00e9t, ch\u00ednh x\u00e1c cho c\u00e1c c\u00f4ng vi\u1ec7c b\u1ed1 tr\u00ed v\u00e0 x\u00e2y d\u1ef1ng. Ren ASA ti\u00eau chu\u1ea9n \u0111\u1ea3m b\u1ea3o kh\u1ea3 n\u0103ng t\u01b0\u01a1ng th\u00edch ho\u00e0n to\u00e0n v\u1edbi c\u00e1c d\u00e2y v\u00e0 ph\u1ee5 ki\u1ec7n c\u00e2n b\u1eb1ng th\u00f4ng d\u1ee5ng, trong khi n\u1eafp v\u1eb7n ASA b\u1eb1ng th\u00e9p c\u00f3 ng\u0103n ch\u1ee9a b\u00ean trong \u0111\u1ec3 \u0111\u1ef1ng th\u00eam m\u1ed9t \u0111\u1ea7u nh\u1ecdn\u2014gi\u00fap vi\u1ec7c s\u1eed d\u1ee5ng d\u1ec5 d\u00e0ng h\u01a1n. <a href=\"https:\/\/mountlaser.com\/vi\/about-us\/\">PB01-14 Qu\u1ea3 c\u00e2n d\u00e2y d\u1ecdi b\u1eb1ng \u0111\u1ed3ng thau<\/a> V\u1eeba b\u1ec1n b\u1ec9 v\u1eeba thi\u1ebft th\u1ef1c cho c\u00f4ng vi\u1ec7c chuy\u00ean nghi\u1ec7p h\u00e0ng ng\u00e0y.<\/p>","protected":false},"excerpt":{"rendered":"<ul>\n<li>Cung c\u1ea5p \u0111i\u1ec3m tham chi\u1ebfu th\u1eb3ng \u0111\u1ee9ng ch\u00ednh x\u00e1c v\u00e0 \u1ed5n \u0111\u1ecbnh cho vi\u1ec7c b\u1ed1 tr\u00ed v\u00e0 c\u0103n ch\u1ec9nh.<\/li>\n<li>C\u1ea5u t\u1ea1o b\u1eb1ng \u0111\u1ed3ng thau nguy\u00ean kh\u1ed1i v\u1edbi s\u1ef1 ph\u00e2n b\u1ed5 tr\u1ecdng l\u01b0\u1ee3ng ho\u00e0n h\u1ea3o \u0111\u1ea3m b\u1ea3o hi\u1ec7u su\u1ea5t \u1ed5n \u0111\u1ecbnh.<\/li>\n<li>\u0110\u1ea7u m\u0169i th\u00e9p t\u00f4i c\u1ee9ng gi\u00fap \u0111\u00e1nh d\u1ea5u s\u1eafc b\u00e9n v\u00e0 ch\u00ednh x\u00e1c.<\/li>\n<li>Ren ti\u00eau chu\u1ea9n ASA \u0111\u1ea3m b\u1ea3o kh\u1ea3 n\u0103ng t\u01b0\u01a1ng th\u00edch v\u1edbi c\u00e1c lo\u1ea1i d\u00e2y c\u00e1p v\u00e0 ph\u1ee5 ki\u1ec7n th\u00f4ng d\u1ee5ng.<\/li>\n<li>N\u1eafp v\u1eb7n ASA b\u1eb1ng th\u00e9p v\u1edbi ng\u0103n ch\u1ee9a \u0111\u1ed3 t\u00edch h\u1ee3p gi\u00fap t\u0103ng \u0111\u1ed9 b\u1ec1n v\u00e0 t\u00ednh ti\u1ec7n l\u1ee3i.<\/li>\n<\/ul>","protected":false},"featured_media":5449,"comment_status":"open","ping_status":"closed","template":"","meta":[],"product_brand":[],"product_cat":[154,79],"product_tag":[],"class_list":{"0":"post-5837","1":"product","2":"type-product","3":"status-publish","4":"has-post-thumbnail","6":"product_cat-brass-plumb-bob","7":"product_cat-surveying-accessory","9":"first","10":"instock","11":"shipping-taxable","12":"product-type-simple"},"_links":{"self":[{"href":"https:\/\/mountlaser.com\/vi\/wp-json\/wp\/v2\/product\/5837","targetHints":{"allow":["GET"]}}],"collection":[{"href":"https:\/\/mountlaser.com\/vi\/wp-json\/wp\/v2\/product"}],"about":[{"href":"https:\/\/mountlaser.com\/vi\/wp-json\/wp\/v2\/types\/product"}],"replies":[{"embeddable":true,"href":"https:\/\/mountlaser.com\/vi\/wp-json\/wp\/v2\/comments?post=5837"}],"wp:featuredmedia":[{"embeddable":true,"href":"https:\/\/mountlaser.com\/vi\/wp-json\/wp\/v2\/media\/5449"}],"wp:attachment":[{"href":"https:\/\/mountlaser.com\/vi\/wp-json\/wp\/v2\/media?parent=5837"}],"wp:term":[{"taxonomy":"product_brand","embeddable":true,"href":"https:\/\/mountlaser.com\/vi\/wp-json\/wp\/v2\/product_brand?post=5837"},{"taxonomy":"product_cat","embeddable":true,"href":"https:\/\/mountlaser.com\/vi\/wp-json\/wp\/v2\/product_cat?post=5837"},{"taxonomy":"product_tag","embeddable":true,"href":"https:\/\/mountlaser.com\/vi\/wp-json\/wp\/v2\/product_tag?post=5837"}],"curies":[{"name":"trang web","href":"https:\/\/api.w.org\/{rel}","templated":true}]}}