{"id":5836,"date":"2025-12-11T06:04:10","date_gmt":"2025-12-11T06:04:10","guid":{"rendered":"https:\/\/mountlaser.com\/?post_type=product&#038;p=5836"},"modified":"2025-12-11T06:10:21","modified_gmt":"2025-12-11T06:10:21","slug":"pb01-12-brass-plumb-bob","status":"publish","type":"product","link":"https:\/\/mountlaser.com\/vi\/san-pham\/pb01-12-brass-plumb-bob\/","title":{"rendered":"PB01-12 Qu\u1ea3 c\u00e2n d\u00e2y d\u1ecdi b\u1eb1ng \u0111\u1ed3ng thau"},"content":{"rendered":"<p data-start=\"286\" data-end=\"717\">C\u00e1i <a href=\"https:\/\/mountlaser.com\/vi\/\"><strong data-start=\"290\" data-end=\"317\">PB01-12 Qu\u1ea3 c\u00e2n d\u00e2y d\u1ecdi b\u1eb1ng \u0111\u1ed3ng thau<\/strong><\/a> \u0110\u01b0\u1ee3c thi\u1ebft k\u1ebf d\u00e0nh cho c\u00e1c chuy\u00ean gia \u0111\u00f2i h\u1ecfi \u0111\u1ed9 ch\u00ednh x\u00e1c tuy\u1ec7t \u0111\u1ed1i trong m\u1ecdi c\u00f4ng vi\u1ec7c c\u0103n ch\u1ec9nh. \u0110\u01b0\u1ee3c ch\u1ebf t\u00e1c t\u1eeb \u0111\u1ed3ng thau nguy\u00ean kh\u1ed1i v\u00e0 gia c\u00f4ng ch\u00ednh x\u00e1c \u0111\u1ec3 \u0111\u1ea1t \u0111\u01b0\u1ee3c s\u1ef1 c\u00e2n b\u1eb1ng ho\u00e0n h\u1ea3o, s\u1ea3n ph\u1ea9m n\u00e0y... <a href=\"https:\/\/mountlaser.com\/vi\/danh-muc-san-pham\/surveying-accessory\/\"><strong data-start=\"478\" data-end=\"504\">Qu\u1ea3 c\u00e2n b\u1eb1ng \u0111\u1ed3ng thau 12 ounce<\/strong><\/a> \u0110\u1ea3m b\u1ea3o \u0111\u1ed9 ch\u00ednh x\u00e1c cao ngay c\u1ea3 trong \u0111i\u1ec1u ki\u1ec7n c\u00f4ng tr\u01b0\u1eddng kh\u1eafc nghi\u1ec7t. L\u1edbp s\u01a1n ph\u1ee7 b\u1ea3o v\u1ec7 t\u0103ng c\u01b0\u1eddng \u0111\u1ed9 b\u1ec1n, cho ph\u00e9p d\u00e2y d\u1ecdi b\u1eb1ng \u0111\u1ed3ng thau PB01-12 ho\u1ea1t \u0111\u1ed9ng \u1ed5n \u0111\u1ecbnh trong th\u1eddi gian d\u00e0i s\u1eed d\u1ee5ng ngo\u00e0i hi\u1ec7n tr\u01b0\u1eddng.<\/p>\n<p><img fetchpriority=\"high\" decoding=\"async\" class=\"aligncenter wp-image-5449\" src=\"https:\/\/mountlaser.com\/wp-content\/uploads\/2025\/12\/PB01.webp\" alt=\"PB01-12 Brass Plumb Bob\" width=\"500\" height=\"500\" srcset=\"https:\/\/mountlaser.com\/wp-content\/uploads\/2025\/12\/PB01.webp 1000w, https:\/\/mountlaser.com\/wp-content\/uploads\/2025\/12\/PB01-300x300.webp 300w, https:\/\/mountlaser.com\/wp-content\/uploads\/2025\/12\/PB01-150x150.webp 150w, https:\/\/mountlaser.com\/wp-content\/uploads\/2025\/12\/PB01-768x768.webp 768w, https:\/\/mountlaser.com\/wp-content\/uploads\/2025\/12\/PB01-12x12.webp 12w, https:\/\/mountlaser.com\/wp-content\/uploads\/2025\/12\/PB01-600x600.webp 600w, https:\/\/mountlaser.com\/wp-content\/uploads\/2025\/12\/PB01-800x800.webp 800w, https:\/\/mountlaser.com\/wp-content\/uploads\/2025\/12\/PB01-400x400.webp 400w\" sizes=\"(max-width: 500px) 100vw, 500px\" \/><\/p>\n<p>V\u1edbi \u0111\u1ea7u nh\u1ecdn b\u1eb1ng th\u00e9p t\u00f4i c\u1ee9ng \u0111\u01b0\u1ee3c thi\u1ebft k\u1ebf \u0111\u1ec3 \u0111\u00e1nh d\u1ea5u s\u1eafc n\u00e9t v\u00e0 \u0111\u00e1ng tin c\u1eady, qu\u1ea3 c\u00e2n b\u1eb1ng \u0111\u1ed3ng thau 12 oz mang l\u1ea1i \u0111\u1ed9 ch\u00ednh x\u00e1c m\u00e0 b\u1ea1n c\u00f3 th\u1ec3 tin t\u01b0\u1edfng. Ren ti\u00eau chu\u1ea9n ASA \u0111\u1ea3m b\u1ea3o kh\u1ea3 n\u0103ng t\u01b0\u01a1ng th\u00edch v\u1edbi c\u00e1c lo\u1ea1i d\u00e2y v\u00e0 ph\u1ee5 ki\u1ec7n c\u00e2n b\u1eb1ng th\u00f4ng d\u1ee5ng. N\u1eafp v\u1eb7n b\u1eb1ng th\u00e9p ASA t\u0103ng th\u00eam \u0111\u1ed9 ch\u1eafc ch\u1eafn v\u00e0 c\u00f3 ng\u0103n ch\u1ee9a \u0111\u1ea7u nh\u1ecdn d\u1ef1 ph\u00f2ng\u2014gi\u00fap vi\u1ec7c s\u1eed d\u1ee5ng tr\u1edf n\u00ean d\u1ec5 d\u00e0ng h\u01a1n. <a href=\"https:\/\/mountlaser.com\/vi\/about-us\/\">PB01-12 Qu\u1ea3 c\u00e2n d\u00e2y d\u1ecdi b\u1eb1ng \u0111\u1ed3ng thau<\/a> V\u1eeba thi\u1ebft th\u1ef1c, v\u1eeba s\u1eb5n s\u00e0ng s\u1eed d\u1ee5ng ngo\u00e0i th\u1ef1c \u0111\u1ecba.<\/p>","protected":false},"excerpt":{"rendered":"<ul>\n<li>Cung c\u1ea5p \u0111i\u1ec3m tham chi\u1ebfu th\u1eb3ng \u0111\u1ee9ng ch\u00ednh x\u00e1c v\u00e0 \u1ed5n \u0111\u1ecbnh cho vi\u1ec7c b\u1ed1 tr\u00ed v\u00e0 c\u0103n ch\u1ec9nh.<\/li>\n<li>Th\u00e2n b\u1eb1ng \u0111\u1ed3ng thau \u0111\u01b0\u1ee3c gia c\u00f4ng ch\u00ednh x\u00e1c \u0111\u1ea3m b\u1ea3o ph\u00e2n b\u1ed5 tr\u1ecdng l\u01b0\u1ee3ng l\u00fd t\u01b0\u1edfng.<\/li>\n<li>\u0110\u1ea7u m\u0169i th\u00e9p t\u00f4i c\u1ee9ng t\u1ea1o ra nh\u1eefng \u0111\u01b0\u1eddng k\u1ebb s\u1eafc n\u00e9t v\u00e0 ch\u00ednh x\u00e1c.<\/li>\n<li>Thi\u1ebft k\u1ebf ren ASA cho ph\u00e9p t\u01b0\u01a1ng th\u00edch v\u1edbi c\u00e1c lo\u1ea1i d\u00e2y c\u00e1p v\u00e0 ph\u1ee5 ki\u1ec7n ti\u00eau chu\u1ea9n.<\/li>\n<li>N\u1eafp v\u1eb7n b\u1eb1ng th\u00e9p mang l\u1ea1i kh\u1ea3 n\u0103ng b\u1ea3o v\u1ec7 b\u1ec1n b\u1ec9 v\u00e0 l\u00e0 n\u01a1i l\u01b0u tr\u1eef c\u00e1c \u0111i\u1ec3m c\u1ed9ng th\u00eam.<\/li>\n<\/ul>","protected":false},"featured_media":5449,"comment_status":"open","ping_status":"closed","template":"","meta":[],"product_brand":[],"product_cat":[154,79],"product_tag":[],"class_list":{"0":"post-5836","1":"product","2":"type-product","3":"status-publish","4":"has-post-thumbnail","6":"product_cat-brass-plumb-bob","7":"product_cat-surveying-accessory","9":"first","10":"instock","11":"shipping-taxable","12":"product-type-simple"},"_links":{"self":[{"href":"https:\/\/mountlaser.com\/vi\/wp-json\/wp\/v2\/product\/5836","targetHints":{"allow":["GET"]}}],"collection":[{"href":"https:\/\/mountlaser.com\/vi\/wp-json\/wp\/v2\/product"}],"about":[{"href":"https:\/\/mountlaser.com\/vi\/wp-json\/wp\/v2\/types\/product"}],"replies":[{"embeddable":true,"href":"https:\/\/mountlaser.com\/vi\/wp-json\/wp\/v2\/comments?post=5836"}],"wp:featuredmedia":[{"embeddable":true,"href":"https:\/\/mountlaser.com\/vi\/wp-json\/wp\/v2\/media\/5449"}],"wp:attachment":[{"href":"https:\/\/mountlaser.com\/vi\/wp-json\/wp\/v2\/media?parent=5836"}],"wp:term":[{"taxonomy":"product_brand","embeddable":true,"href":"https:\/\/mountlaser.com\/vi\/wp-json\/wp\/v2\/product_brand?post=5836"},{"taxonomy":"product_cat","embeddable":true,"href":"https:\/\/mountlaser.com\/vi\/wp-json\/wp\/v2\/product_cat?post=5836"},{"taxonomy":"product_tag","embeddable":true,"href":"https:\/\/mountlaser.com\/vi\/wp-json\/wp\/v2\/product_tag?post=5836"}],"curies":[{"name":"trang web","href":"https:\/\/api.w.org\/{rel}","templated":true}]}}