{"id":5835,"date":"2025-12-11T05:25:32","date_gmt":"2025-12-11T05:25:32","guid":{"rendered":"https:\/\/mountlaser.com\/?post_type=product&#038;p=5835"},"modified":"2025-12-11T05:25:32","modified_gmt":"2025-12-11T05:25:32","slug":"pb01-10-brass-plumb-bob","status":"publish","type":"product","link":"https:\/\/mountlaser.com\/vi\/san-pham\/pb01-10-brass-plumb-bob\/","title":{"rendered":"PB01-10 Qu\u1ea3 c\u00e2n d\u00e2y d\u1ecdi b\u1eb1ng \u0111\u1ed3ng thau"},"content":{"rendered":"<p data-start=\"248\" data-end=\"749\">C\u00e1i <a href=\"https:\/\/mountlaser.com\/vi\/\"><strong data-start=\"252\" data-end=\"279\">PB01-10 Qu\u1ea3 c\u00e2n d\u00e2y d\u1ecdi b\u1eb1ng \u0111\u1ed3ng thau<\/strong><\/a> \u0110\u00e2y l\u00e0 m\u1ed9t d\u1ee5ng c\u1ee5 cao c\u1ea5p, \u0111\u01b0\u1ee3c gia c\u00f4ng ch\u00ednh x\u00e1c d\u00e0nh cho c\u00e1c nh\u00e0 kh\u1ea3o s\u00e1t, nh\u00e0 x\u00e2y d\u1ef1ng v\u00e0 c\u00e1c chuy\u00ean gia b\u1ed1 tr\u00ed m\u1eb7t b\u1eb1ng, nh\u1eefng ng\u01b0\u1eddi \u0111\u00f2i h\u1ecfi \u0111\u1ed9 ch\u00ednh x\u00e1c v\u01b0\u1ee3t tr\u1ed9i. \u0110\u01b0\u1ee3c l\u00e0m t\u1eeb \u0111\u1ed3ng thau nguy\u00ean kh\u1ed1i v\u00e0 ho\u00e0n thi\u1ec7n b\u1eb1ng l\u1edbp s\u01a1n m\u00e0i b\u1ea3o v\u1ec7, d\u1ee5ng c\u1ee5 n\u00e0y... <a href=\"https:\/\/mountlaser.com\/vi\/danh-muc-san-pham\/surveying-accessory\/\"><strong data-start=\"484\" data-end=\"510\">Qu\u1ea3 c\u00e2n b\u1eb1ng \u0111\u1ed3ng thau 10 ounce<\/strong><\/a> S\u1ea3n ph\u1ea9m mang l\u1ea1i s\u1ef1 \u1ed5n \u0111\u1ecbnh l\u00e2u d\u00e0i v\u00e0 kh\u1ea3 n\u0103ng ch\u1ed1ng m\u00e0i m\u00f2n trong m\u00f4i tr\u01b0\u1eddng l\u00e0m vi\u1ec7c kh\u1eafc nghi\u1ec7t. \u0110\u01b0\u1ee3c thi\u1ebft k\u1ebf v\u1edbi s\u1ef1 ph\u00e2n b\u1ed5 tr\u1ecdng l\u01b0\u1ee3ng ho\u00e0n h\u1ea3o, d\u00e2y d\u1ecdi b\u1eb1ng \u0111\u1ed3ng thau PB01-10 \u0111\u1ea3m b\u1ea3o \u0111\u01b0\u1eddng tham chi\u1ebfu th\u1eb3ng \u0111\u1ee9ng tuy\u1ec7t \u0111\u1ed1i cho c\u00e1c nhi\u1ec7m v\u1ee5 c\u0103n ch\u1ec9nh \u0111\u00e1ng tin c\u1eady.<\/p>\n<p data-start=\"248\" data-end=\"749\"><img fetchpriority=\"high\" decoding=\"async\" class=\"aligncenter wp-image-5449\" src=\"https:\/\/mountlaser.com\/wp-content\/uploads\/2025\/12\/PB01.webp\" alt=\"PB01-10 Brass Plumb Bob\" width=\"500\" height=\"500\" srcset=\"https:\/\/mountlaser.com\/wp-content\/uploads\/2025\/12\/PB01.webp 1000w, https:\/\/mountlaser.com\/wp-content\/uploads\/2025\/12\/PB01-300x300.webp 300w, https:\/\/mountlaser.com\/wp-content\/uploads\/2025\/12\/PB01-150x150.webp 150w, https:\/\/mountlaser.com\/wp-content\/uploads\/2025\/12\/PB01-768x768.webp 768w, https:\/\/mountlaser.com\/wp-content\/uploads\/2025\/12\/PB01-12x12.webp 12w, https:\/\/mountlaser.com\/wp-content\/uploads\/2025\/12\/PB01-600x600.webp 600w, https:\/\/mountlaser.com\/wp-content\/uploads\/2025\/12\/PB01-800x800.webp 800w, https:\/\/mountlaser.com\/wp-content\/uploads\/2025\/12\/PB01-400x400.webp 400w\" sizes=\"(max-width: 500px) 100vw, 500px\" \/><\/p>\n<p data-start=\"751\" data-end=\"1150\">Qu\u1ea3 c\u00e2n b\u1eb1ng b\u1eb1ng \u0111\u1ed3ng thau ch\u1eafc ch\u1eafn 10 oz n\u00e0y c\u00f3 \u0111\u1ea7u nh\u1ecdn b\u1eb1ng th\u00e9p t\u00f4i c\u1ee9ng gi\u00fap \u0111\u00e1nh d\u1ea5u s\u1eafc n\u00e9t v\u00e0 \u0111\u00e1ng tin c\u1eady, trong khi ren ti\u00eau chu\u1ea9n ASA \u0111\u1ea3m b\u1ea3o t\u01b0\u01a1ng th\u00edch v\u1edbi c\u00e1c d\u00e2y v\u00e0 ph\u1ee5 ki\u1ec7n c\u00e2n b\u1eb1ng th\u00f4ng d\u1ee5ng. N\u1eafp v\u1eb7n ASA b\u1eb1ng th\u00e9p t\u0103ng \u0111\u1ed9 b\u1ec1n v\u00e0 c\u00f3 ng\u0103n b\u00ean trong \u0111\u1ec3 c\u1ea5t gi\u1eef \u0111\u1ea7u nh\u1ecdn d\u1ef1 ph\u00f2ng\u2014gi\u00fap vi\u1ec7c s\u1eed d\u1ee5ng d\u1ec5 d\u00e0ng h\u01a1n. <a href=\"https:\/\/mountlaser.com\/vi\/about-us\/\">PB01-10 Qu\u1ea3 c\u00e2n d\u00e2y d\u1ecdi b\u1eb1ng \u0111\u1ed3ng thau<\/a> M\u1ed9t c\u00f4ng c\u1ee5 ti\u1ec7n l\u1ee3i v\u00e0 s\u1eb5n s\u00e0ng s\u1eed d\u1ee5ng t\u1ea1i hi\u1ec7n tr\u01b0\u1eddng d\u00e0nh cho c\u00e1c chuy\u00ean gia kh\u1ea3o s\u00e1t.<\/p>","protected":false},"excerpt":{"rendered":"<ul>\n<li>Cung c\u1ea5p \u0111i\u1ec3m tham chi\u1ebfu d\u1ecdc ch\u00ednh x\u00e1c cho vi\u1ec7c b\u1ed1 tr\u00ed v\u00e0 c\u0103n ch\u1ec9nh.<\/li>\n<li>\u0110\u1ea3m b\u1ea3o \u0111\u1ed9 ch\u00ednh x\u00e1c th\u1eb3ng \u0111\u1ee9ng \u1ed5n \u0111\u1ecbnh v\u00e0 nh\u1ea5t qu\u00e1n nh\u1edd c\u1ea5u tr\u00fac b\u1eb1ng \u0111\u1ed3ng thau c\u00e2n b\u1eb1ng.<\/li>\n<li>\u0110\u1ea7u m\u0169i th\u00e9p t\u00f4i c\u1ee9ng gi\u00fap \u0111\u00e1nh d\u1ea5u s\u1ea1ch s\u1ebd v\u00e0 ch\u00ednh x\u00e1c.<\/li>\n<li>T\u01b0\u01a1ng th\u00edch v\u1edbi d\u00e2y c\u00e1p v\u00e0 ph\u1ee5 ki\u1ec7n ren ASA.<\/li>\n<li>Ng\u0103n ch\u1ee9a \u0111\u1ed3 b\u00ean trong gi\u00fap d\u1ec5 d\u00e0ng ti\u1ebfp c\u1eadn c\u00e1c \u0111i\u1ec3m thay th\u1ebf.<\/li>\n<\/ul>","protected":false},"featured_media":5449,"comment_status":"open","ping_status":"closed","template":"","meta":[],"product_brand":[],"product_cat":[154,79],"product_tag":[],"class_list":{"0":"post-5835","1":"product","2":"type-product","3":"status-publish","4":"has-post-thumbnail","6":"product_cat-brass-plumb-bob","7":"product_cat-surveying-accessory","9":"first","10":"instock","11":"shipping-taxable","12":"product-type-simple"},"_links":{"self":[{"href":"https:\/\/mountlaser.com\/vi\/wp-json\/wp\/v2\/product\/5835","targetHints":{"allow":["GET"]}}],"collection":[{"href":"https:\/\/mountlaser.com\/vi\/wp-json\/wp\/v2\/product"}],"about":[{"href":"https:\/\/mountlaser.com\/vi\/wp-json\/wp\/v2\/types\/product"}],"replies":[{"embeddable":true,"href":"https:\/\/mountlaser.com\/vi\/wp-json\/wp\/v2\/comments?post=5835"}],"wp:featuredmedia":[{"embeddable":true,"href":"https:\/\/mountlaser.com\/vi\/wp-json\/wp\/v2\/media\/5449"}],"wp:attachment":[{"href":"https:\/\/mountlaser.com\/vi\/wp-json\/wp\/v2\/media?parent=5835"}],"wp:term":[{"taxonomy":"product_brand","embeddable":true,"href":"https:\/\/mountlaser.com\/vi\/wp-json\/wp\/v2\/product_brand?post=5835"},{"taxonomy":"product_cat","embeddable":true,"href":"https:\/\/mountlaser.com\/vi\/wp-json\/wp\/v2\/product_cat?post=5835"},{"taxonomy":"product_tag","embeddable":true,"href":"https:\/\/mountlaser.com\/vi\/wp-json\/wp\/v2\/product_tag?post=5835"}],"curies":[{"name":"trang web","href":"https:\/\/api.w.org\/{rel}","templated":true}]}}