{"id":5834,"date":"2025-12-11T02:42:42","date_gmt":"2025-12-11T02:42:42","guid":{"rendered":"https:\/\/mountlaser.com\/?post_type=product&#038;p=5834"},"modified":"2025-12-11T09:17:17","modified_gmt":"2025-12-11T09:17:17","slug":"hdtdo1-tripod-floor-guide","status":"publish","type":"product","link":"https:\/\/mountlaser.com\/vi\/san-pham\/hdtdo1-tripod-floor-guide\/","title":{"rendered":"Gi\u00e1 \u0111\u1ee1 ch\u00e2n m\u00e1y HDTDO1"},"content":{"rendered":"<p data-start=\"177\" data-end=\"669\">C\u00e1i <a href=\"https:\/\/mountlaser.com\/vi\/\"><strong data-start=\"181\" data-end=\"204\">Gi\u00e1 \u0111\u1ee1 ch\u00e2n m\u00e1y HDTDO1 <\/strong><\/a>\u00a0l\u00e0 m\u1ed9t gi\u1ea3i ph\u00e1p di \u0111\u1ed9ng m\u1ea1nh m\u1ebd v\u00e0 \u0111\u00e1ng tin c\u1eady, \u0111\u01b0\u1ee3c thi\u1ebft k\u1ebf \u0111\u1eb7c bi\u1ec7t cho c\u00e1c thi\u1ebft l\u1eadp kh\u1ea3o s\u00e1t chuy\u00ean nghi\u1ec7p. \u0110\u01b0\u1ee3c x\u00e2y d\u1ef1ng nh\u01b0 m\u1ed9t gi\u1ea3i ph\u00e1p th\u1ef1c s\u1ef1... <a href=\"https:\/\/mountlaser.com\/vi\/danh-muc-san-pham\/surveying-accessory\/\"><strong data-start=\"323\" data-end=\"350\">Ch\u00e2n \u0111\u1ebf ba ch\u00e2n ch\u1ecbu l\u1ef1c cao<\/strong><\/a>, S\u1ea3n ph\u1ea9m n\u00e0y c\u00f3 c\u00e1c thanh h\u1ed9p b\u1eb1ng th\u00e9p kh\u00f4ng g\u1ec9 gia c\u01b0\u1eddng k\u00edch th\u01b0\u1edbc 25 \u00d7 25 mm, \u0111\u1ea3m b\u1ea3o \u0111\u1ed9 b\u1ec1n l\u00e2u d\u00e0i v\u00e0 h\u1ed7 tr\u1ee3 \u1ed5n \u0111\u1ecbnh trong qu\u00e1 tr\u00ecnh s\u1eed d\u1ee5ng trong nh\u00e0. Cho d\u00f9 b\u1ea1n \u0111ang di chuy\u1ec3n m\u00e1y to\u00e0n \u0111\u1ea1c, m\u00e1y qu\u00e9t laser hay c\u00e1c d\u1ee5ng c\u1ee5 ch\u00ednh x\u00e1c kh\u00e1c, thanh d\u1eabn h\u01b0\u1edbng s\u00e0n HDTDO1 Tripod Floor Guide \u0111\u1ec1u mang l\u1ea1i chuy\u1ec3n \u0111\u1ed9ng m\u01b0\u1ee3t m\u00e0, \u0111\u01b0\u1ee3c ki\u1ec3m so\u00e1t v\u1edbi \u0111\u1ed9 b\u1ec1n v\u01b0\u1ee3t tr\u1ed9i.<\/p>\n<p data-start=\"177\" data-end=\"669\"><img fetchpriority=\"high\" decoding=\"async\" class=\"aligncenter wp-image-5581\" src=\"https:\/\/mountlaser.com\/wp-content\/uploads\/2025\/12\/TD011.webp\" alt=\"HDTDO1 Tripod Floor Guide\" width=\"500\" height=\"500\" srcset=\"https:\/\/mountlaser.com\/wp-content\/uploads\/2025\/12\/TD011.webp 1000w, https:\/\/mountlaser.com\/wp-content\/uploads\/2025\/12\/TD011-300x300.webp 300w, https:\/\/mountlaser.com\/wp-content\/uploads\/2025\/12\/TD011-150x150.webp 150w, https:\/\/mountlaser.com\/wp-content\/uploads\/2025\/12\/TD011-768x768.webp 768w, https:\/\/mountlaser.com\/wp-content\/uploads\/2025\/12\/TD011-12x12.webp 12w, https:\/\/mountlaser.com\/wp-content\/uploads\/2025\/12\/TD011-600x600.webp 600w, https:\/\/mountlaser.com\/wp-content\/uploads\/2025\/12\/TD011-800x800.webp 800w, https:\/\/mountlaser.com\/wp-content\/uploads\/2025\/12\/TD011-400x400.webp 400w\" sizes=\"(max-width: 500px) 100vw, 500px\" \/><\/p>\n<p data-start=\"671\" data-end=\"1260\">Gi\u00e1 \u0111\u1ee1 ba ch\u00e2n ch\u1ecbu l\u1ef1c cao n\u00e0y \u0111\u01b0\u1ee3c trang b\u1ecb b\u00e1nh xe cao su 75 mm gi\u00fap di chuy\u1ec3n d\u1ec5 d\u00e0ng v\u00e0 \u0111\u1ecbnh v\u1ecb ch\u00ednh x\u00e1c, trong khi phanh \u0111\u1ed7 t\u00edch h\u1ee3p gi\u00fap duy tr\u00ec s\u1ef1 \u1ed5n \u0111\u1ecbnh khi l\u00e0m vi\u1ec7c tr\u00ean c\u00e1c \u0111i\u1ec3m \u0111o nh\u1ea1y c\u1ea3m. D\u00e2y \u0111ai kh\u00f3a tr\u00ean xe \u0111\u1ea9y gi\u00fap c\u1ed1 \u0111\u1ecbnh ch\u1eafc ch\u1eafn ch\u00e2n gi\u00e1 ba ch\u00e2n, \u0111\u1ea3m b\u1ea3o m\u1ed9t n\u1ec1n t\u1ea3ng an to\u00e0n v\u00e0 ch\u1eafc ch\u1eafn trong qu\u00e1 tr\u00ecnh v\u1eadn chuy\u1ec3n ho\u1eb7c thi\u1ebft l\u1eadp. \u0110\u01b0\u1ee3c thi\u1ebft k\u1ebf \u0111\u1ec3 thu\u1eadn ti\u1ec7n, <a href=\"https:\/\/mountlaser.com\/vi\/contact-us\/\">Gi\u00e1 \u0111\u1ee1 ch\u00e2n m\u00e1y HDTDO1<\/a>\u00a0C\u00f3 th\u1ec3 g\u1eadp g\u1ecdn ho\u00e0n to\u00e0n \u0111\u1ec3 c\u1ea5t gi\u1eef ti\u1ec7n l\u1ee3i, ch\u1ec9 n\u1eb7ng 3,0 kg v\u1edbi k\u00edch th\u01b0\u1edbc khi g\u1eadp l\u1ea1i l\u00e0 66 \u00d7 19 \u00d7 17 cm \u2014 ho\u00e0n h\u1ea3o cho c\u00e1c nh\u00e0 kh\u1ea3o s\u00e1t c\u1ea7n t\u00ednh di \u0111\u1ed9ng m\u00e0 kh\u00f4ng \u1ea3nh h\u01b0\u1edfng \u0111\u1ebfn \u0111\u1ed9 ch\u00ednh x\u00e1c.<\/p>","protected":false},"excerpt":{"rendered":"<ul>\n<li>Cung c\u1ea5p kh\u1ea3 n\u0103ng v\u1eadn chuy\u1ec3n tr\u01a1n tru v\u00e0 c\u00f3 ki\u1ec3m so\u00e1t c\u00e1c thi\u1ebft b\u1ecb \u0111o \u0111\u1ea1c \u0111\u00e3 \u0111\u01b0\u1ee3c l\u1eafp \u0111\u1eb7t.<\/li>\n<li>C\u1ed1 \u0111\u1ecbnh ch\u00e2n m\u00e1y \u1ea3nh b\u1eb1ng d\u00e2y \u0111ai kh\u00f3a \u0111\u1ec3 tr\u00e1nh b\u1ecb x\u00ea d\u1ecbch trong qu\u00e1 tr\u00ecnh s\u1eed d\u1ee5ng.<\/li>\n<li>Cho ph\u00e9p \u0111\u1ecbnh v\u1ecb l\u1ea1i nhanh ch\u00f3ng cho c\u00e1c nhi\u1ec7m v\u1ee5 kh\u1ea3o s\u00e1t trong nh\u00e0.<\/li>\n<li>\u0110\u1ea3m b\u1ea3o s\u1ef1 \u1ed5n \u0111\u1ecbnh nh\u1edd b\u00e1nh xe cao su v\u00e0 phanh tay.<\/li>\n<\/ul>","protected":false},"featured_media":5584,"comment_status":"open","ping_status":"closed","template":"","meta":[],"product_brand":[],"product_cat":[160,79],"product_tag":[],"class_list":{"0":"post-5834","1":"product","2":"type-product","3":"status-publish","4":"has-post-thumbnail","6":"product_cat-tripod-floor-guide","7":"product_cat-surveying-accessory","9":"first","10":"instock","11":"shipping-taxable","12":"product-type-simple"},"_links":{"self":[{"href":"https:\/\/mountlaser.com\/vi\/wp-json\/wp\/v2\/product\/5834","targetHints":{"allow":["GET"]}}],"collection":[{"href":"https:\/\/mountlaser.com\/vi\/wp-json\/wp\/v2\/product"}],"about":[{"href":"https:\/\/mountlaser.com\/vi\/wp-json\/wp\/v2\/types\/product"}],"replies":[{"embeddable":true,"href":"https:\/\/mountlaser.com\/vi\/wp-json\/wp\/v2\/comments?post=5834"}],"wp:featuredmedia":[{"embeddable":true,"href":"https:\/\/mountlaser.com\/vi\/wp-json\/wp\/v2\/media\/5584"}],"wp:attachment":[{"href":"https:\/\/mountlaser.com\/vi\/wp-json\/wp\/v2\/media?parent=5834"}],"wp:term":[{"taxonomy":"product_brand","embeddable":true,"href":"https:\/\/mountlaser.com\/vi\/wp-json\/wp\/v2\/product_brand?post=5834"},{"taxonomy":"product_cat","embeddable":true,"href":"https:\/\/mountlaser.com\/vi\/wp-json\/wp\/v2\/product_cat?post=5834"},{"taxonomy":"product_tag","embeddable":true,"href":"https:\/\/mountlaser.com\/vi\/wp-json\/wp\/v2\/product_tag?post=5834"}],"curies":[{"name":"trang web","href":"https:\/\/api.w.org\/{rel}","templated":true}]}}