{"id":5821,"date":"2025-12-10T09:32:46","date_gmt":"2025-12-10T09:32:46","guid":{"rendered":"https:\/\/mountlaser.com\/?post_type=product&#038;p=5821"},"modified":"2025-12-11T09:24:48","modified_gmt":"2025-12-11T09:24:48","slug":"ldt-402-series-theodolite","status":"publish","type":"product","link":"https:\/\/mountlaser.com\/vi\/san-pham\/ldt-402-series-theodolite\/","title":{"rendered":"M\u00e1y kinh v\u0129 LDT-402 Series"},"content":{"rendered":"<p>D\u00f2ng s\u1ea3n ph\u1ea9m LDT-402 th\u1ec3 hi\u1ec7n m\u1ed9t b\u01b0\u1edbc ti\u1ebfn \u0111\u00e1ng k\u1ec3 trong vi\u1ec7c \u0111o g\u00f3c ch\u00ednh x\u00e1c, k\u1ebft h\u1ee3p c\u1ea5u tr\u00fac ch\u1eafc ch\u1eafn v\u1edbi c\u00e1c t\u00ednh n\u0103ng k\u1ef9 thu\u1eadt s\u1ed1 th\u00f4ng minh.<br \/>\nC\u00e1i n\u00e0y <a href=\"https:\/\/mountlaser.com\/vi\/\"><strong>M\u00e1y kinh v\u0129 \u0111i\u1ec7n t\u1eed th\u00f4ng minh<\/strong><\/a> Ph\u1ea7n m\u1ec1m n\u00e0y \u0111\u01b0\u1ee3c thi\u1ebft k\u1ebf d\u00e0nh cho c\u00e1c nh\u00e0 kh\u1ea3o s\u00e1t v\u00e0 chuy\u00ean gia x\u00e2y d\u1ef1ng c\u1ea7n thu th\u1eadp d\u1eef li\u1ec7u \u0111\u00e1ng tin c\u1eady, ch\u00ednh x\u00e1c v\u00e0 hi\u1ec7u qu\u1ea3 t\u1ea1i hi\u1ec7n tr\u01b0\u1eddng.<\/p>\n<p>M\u00e1y kinh v\u0129 \u0111i\u1ec7n t\u1eed th\u00f4ng minh n\u00e0y t\u00edch h\u1ee3p b\u1ed9 thu th\u1eadp d\u1eef li\u1ec7u, lo\u1ea1i b\u1ecf nhu c\u1ea7u s\u1eed d\u1ee5ng c\u00e1c thi\u1ebft b\u1ecb ghi d\u1eef li\u1ec7u b\u00ean ngo\u00e0i v\u00e0 t\u1ed1i \u01b0u h\u00f3a quy tr\u00ecnh l\u00e0m vi\u1ec7c c\u1ee7a b\u1ea1n.<\/p>\n<p>M\u00e1y kinh v\u0129 \u0111i\u1ec7n t\u1eed LDT-402A bao g\u1ed3m b\u1ed1n lo\u1ea1i sau:<\/p>\n<p>M\u00e1y kinh v\u0129 \u0111i\u1ec7n t\u1eed LDT-402AOL<br \/>\nM\u00e1y kinh v\u0129, ph\u00eda d\u01b0\u1edbi: Quang h\u1ecdc, ph\u00eda tr\u00ean: Laser (tia \u0111\u1ecf), v\u1ecf m\u00e0u x\u00e1m.<\/p>\n<p>M\u00e1y kinh v\u0129 \u0111i\u1ec7n t\u1eed LDT-402ALO<br \/>\nM\u00e1y kinh v\u0129, ph\u00eda d\u01b0\u1edbi: Laser (tia \u0111\u1ecf), ph\u00eda tr\u00ean: Quang h\u1ecdc, v\u1ecf m\u00e0u x\u00e1m.<\/p>\n<p>M\u00e1y kinh v\u0129 \u0111i\u1ec7n t\u1eed LDT-402ALL<br \/>\nM\u00e1y kinh v\u0129, ph\u00eda d\u01b0\u1edbi: Tia laser (tia \u0111\u1ecf), ph\u00eda tr\u00ean: Tia laser (tia \u0111\u1ecf), m\u00e0u v\u1ecf x\u00e1m.<\/p>\n<p>M\u00e1y kinh v\u0129 \u0111i\u1ec7n t\u1eed LDT-402AOO<br \/>\nM\u00e1y kinh v\u0129, M\u1eb7t d\u01b0\u1edbi: Quang h\u1ecdc, M\u1eb7t tr\u00ean: Quang h\u1ecdc, M\u00e0u v\u1ecf x\u00e1m<\/p>\n<p>M\u00e1y kinh v\u0129 \u0111i\u1ec7n t\u1eed LDT-402E bao g\u1ed3m b\u1ed1n lo\u1ea1i sau:<\/p>\n<p>M\u00e1y kinh v\u0129 \u0111i\u1ec7n t\u1eed LDT-402EOL<br \/>\nM\u00e1y kinh v\u0129, ph\u00eda d\u01b0\u1edbi: Quang h\u1ecdc, ph\u00eda tr\u00ean: Laser (tia \u0111\u1ecf), v\u1ecf m\u00e0u xanh l\u00e1 c\u00e2y.<\/p>\n<p>M\u00e1y kinh v\u0129 \u0111i\u1ec7n t\u1eed LDT-402ELO<br \/>\nM\u00e1y kinh v\u0129, ph\u00eda d\u01b0\u1edbi: Tia laser (tia \u0111\u1ecf), ph\u00eda tr\u00ean: H\u1ec7 quang h\u1ecdc, v\u1ecf m\u00e0u xanh l\u00e1 c\u00e2y.<\/p>\n<p>M\u00e1y kinh v\u0129 \u0111i\u1ec7n t\u1eed LDT-402ELL<br \/>\nM\u00e1y kinh v\u0129, ph\u00eda d\u01b0\u1edbi: Tia laser (tia \u0111\u1ecf), ph\u00eda tr\u00ean: Tia laser (tia \u0111\u1ecf), m\u00e0u v\u1ecf xanh l\u00e1 c\u00e2y.<\/p>\n<p>M\u00e1y kinh v\u0129 \u0111i\u1ec7n t\u1eed LDT-402EOO<br \/>\nM\u00e1y kinh v\u0129, M\u1eb7t d\u01b0\u1edbi: Quang h\u1ecdc, M\u1eb7t tr\u00ean: Quang h\u1ecdc, M\u00e0u v\u1ecf xanh l\u00e1 c\u00e2y<\/p>\n<p><img fetchpriority=\"high\" decoding=\"async\" class=\"aligncenter wp-image-5831\" src=\"https:\/\/mountlaser.com\/wp-content\/uploads\/2025\/12\/LDT-402AL2.webp\" alt=\"Smart Electronic Theodolite\" width=\"500\" height=\"500\" srcset=\"https:\/\/mountlaser.com\/wp-content\/uploads\/2025\/12\/LDT-402AL2.webp 1000w, https:\/\/mountlaser.com\/wp-content\/uploads\/2025\/12\/LDT-402AL2-300x300.webp 300w, https:\/\/mountlaser.com\/wp-content\/uploads\/2025\/12\/LDT-402AL2-150x150.webp 150w, https:\/\/mountlaser.com\/wp-content\/uploads\/2025\/12\/LDT-402AL2-768x768.webp 768w, https:\/\/mountlaser.com\/wp-content\/uploads\/2025\/12\/LDT-402AL2-12x12.webp 12w, https:\/\/mountlaser.com\/wp-content\/uploads\/2025\/12\/LDT-402AL2-600x600.webp 600w, https:\/\/mountlaser.com\/wp-content\/uploads\/2025\/12\/LDT-402AL2-800x800.webp 800w, https:\/\/mountlaser.com\/wp-content\/uploads\/2025\/12\/LDT-402AL2-400x400.webp 400w\" sizes=\"(max-width: 500px) 100vw, 500px\" \/><\/p>\n<p><strong><a href=\"https:\/\/mountlaser.com\/vi\/\">M\u00e1y kinh v\u0129 LDT-402 Series<\/a> Th\u00f4ng s\u1ed1 k\u1ef9 thu\u1eadt<\/strong><\/p>\n<table style=\"border-collapse: collapse; width: 854px; height: 980px;\" border=\"0\" width=\"619\" cellspacing=\"0\" cellpadding=\"0\">\n<tbody>\n<tr style=\"height: 13.50pt;\">\n<td class=\"et2\" style=\"height: 13.50pt; width: 230.25pt;\" colspan=\"2\" width=\"307\" height=\"18\">M\u00e3 s\u1ed1 s\u1ea3n ph\u1ea9m.<\/td>\n<td class=\"et3\" style=\"width: 117.00pt;\" width=\"156\">LDT-402E\/402A<\/td>\n<td class=\"et3\" style=\"width: 117.00pt;\" width=\"156\">LDT-402EL\/402AL<\/td>\n<\/tr>\n<tr style=\"height: 13.50pt;\">\n<td class=\"et3\" style=\"height: 13.50pt;\" height=\"18\">Tribrach<\/td>\n<td class=\"et3\">Ng\u01b0\u1eddi m\u1eabu<\/td>\n<td class=\"et3\">C\u00f3 th\u1ec3 th\u00e1o r\u1eddi<\/td>\n<td class=\"et3\">C\u00f3 th\u1ec3 th\u00e1o r\u1eddi<\/td>\n<\/tr>\n<tr style=\"height: 13.50pt;\">\n<td class=\"et2\" style=\"height: 108.00pt;\" rowspan=\"8\" height=\"144\">K\u00ednh thi\u00ean v\u0103n<\/td>\n<td class=\"et3\">H\u00ecnh \u1ea3nh<\/td>\n<td class=\"et3\">D\u1ef1ng l\u00ean<\/td>\n<td class=\"et3\">D\u1ef1ng l\u00ean<\/td>\n<\/tr>\n<tr style=\"height: 13.50pt;\">\n<td class=\"et3\">\u0110\u1ed9 ph\u00f3ng \u0111\u1ea1i<\/td>\n<td class=\"et3\">30 l\u1ea7n<\/td>\n<td class=\"et3\">30 l\u1ea7n<\/td>\n<\/tr>\n<tr style=\"height: 13.50pt;\">\n<td class=\"et3\">Kh\u1ea9u \u0111\u1ed9 v\u1eadt k\u00ednh<\/td>\n<td class=\"et3\">45mm<\/td>\n<td class=\"et3\">45mm<\/td>\n<\/tr>\n<tr style=\"height: 13.50pt;\">\n<td class=\"et3\">Ngh\u1ecb quy\u1ebft<\/td>\n<td class=\"et3\">3\u2033<\/td>\n<td class=\"et3\">3\u2033<\/td>\n<\/tr>\n<tr style=\"height: 13.50pt;\">\n<td class=\"et3\">FOV<\/td>\n<td class=\"et3\">1\u00b030\u2032<\/td>\n<td class=\"et3\">1\u00b030\u2032<\/td>\n<\/tr>\n<tr style=\"height: 13.50pt;\">\n<td class=\"et3\">Ti\u00eau \u0111i\u1ec3m t\u1ed1i thi\u1ec3u<\/td>\n<td class=\"et3\">1,3m<\/td>\n<td class=\"et3\">1,5m<\/td>\n<\/tr>\n<tr style=\"height: 13.50pt;\">\n<td class=\"et3\">H\u1eb1ng s\u1ed1 nh\u00e2n\/c\u1ed9ng<\/td>\n<td class=\"et3\">100\/ 0<\/td>\n<td class=\"et3\">100\/ 0<\/td>\n<\/tr>\n<tr style=\"height: 13.50pt;\">\n<td class=\"et3\">Chi\u1ec1u d\u00e0i<\/td>\n<td class=\"et3\">156mm<\/td>\n<td class=\"et3\">156mm<\/td>\n<\/tr>\n<tr style=\"height: 13.50pt;\">\n<td class=\"et2\" style=\"height: 67.50pt;\" rowspan=\"5\" height=\"90\">\u0110o g\u00f3c<\/td>\n<td class=\"et3\">Ch\u1ebf \u0111\u1ed9 \u0111o<\/td>\n<td class=\"et3\">B\u1ed9 m\u00e3 h\u00f3a tuy\u1ec7t \u0111\u1ed1i<\/td>\n<td class=\"et3\">B\u1ed9 m\u00e3 h\u00f3a tuy\u1ec7t \u0111\u1ed1i<\/td>\n<\/tr>\n<tr style=\"height: 13.50pt;\">\n<td class=\"et3\">Y\u00eau c\u1ea7u \u0111\u1ecdc t\u1ed1i thi\u1ec3u<\/td>\n<td class=\"et3\">1\u2033\/ 5\u2033<\/td>\n<td class=\"et3\">1\u2033\/ 5\u2033<\/td>\n<\/tr>\n<tr style=\"height: 13.50pt;\">\n<td class=\"et3\">\u0110\u1ed9 ch\u00ednh x\u00e1c khi \u0111\u1ecdc<\/td>\n<td class=\"et3\">2\u2033<\/td>\n<td class=\"et3\">2\u2033<\/td>\n<\/tr>\n<tr style=\"height: 13.50pt;\">\n<td class=\"et3\">\u0110\u01b0\u1eddng k\u00ednh h\u00ecnh tr\u00f2n<\/td>\n<td class=\"et3\">71mm<\/td>\n<td class=\"et3\">71mm<\/td>\n<\/tr>\n<tr style=\"height: 13.50pt;\">\n<td class=\"et3\">\u0110\u01a1n v\u1ecb g\u00f3c<\/td>\n<td class=\"et3\">360\u00b0\/ 400 g\u00f3c\/ 6400 tri\u1ec7u<\/td>\n<td class=\"et3\">360\u00b0\/ 400 g\u00f3c\/ 6400 tri\u1ec7u<\/td>\n<\/tr>\n<tr style=\"height: 13.50pt;\">\n<td class=\"et2\" style=\"height: 27.00pt;\" rowspan=\"2\" height=\"36\">B\u1ed9 b\u00f9<\/td>\n<td class=\"et3\">C\u1ea3m bi\u1ebfn \u0111\u1ed9 nghi\u00eang<\/td>\n<td class=\"et3\">\u0110\u00fang<\/td>\n<td class=\"et3\">\u0110\u00fang<\/td>\n<\/tr>\n<tr style=\"height: 13.50pt;\">\n<td class=\"et3\">Ph\u1ea1m vi<\/td>\n<td class=\"et3\">\u00b13\u2032<\/td>\n<td class=\"et3\">\u00b13\u2032<\/td>\n<\/tr>\n<tr style=\"height: 13.50pt;\">\n<td class=\"et2\" style=\"height: 54.00pt;\" rowspan=\"4\" height=\"72\">Laser Plummet<\/td>\n<td class=\"et3\">B\u01b0\u1edbc s\u00f3ng<\/td>\n<td class=\"et3\">Ch\u00f9m tia \u0111\u1ecf 635nm<\/td>\n<td class=\"et3\">Ch\u00f9m tia \u0111\u1ecf 635nm<\/td>\n<\/tr>\n<tr style=\"height: 13.50pt;\">\n<td class=\"et3\">Quy\u1ec1n l\u1ef1c<\/td>\n<td class=\"et3\">1mw<\/td>\n<td class=\"et3\">1mw<\/td>\n<\/tr>\n<tr style=\"height: 13.50pt;\">\n<td class=\"et3\">\u0110\u1ed9 ch\u00ednh x\u00e1c (1,5m)<\/td>\n<td class=\"et3\">\u00b11mm<\/td>\n<td class=\"et3\">\u00b11mm<\/td>\n<\/tr>\n<tr style=\"height: 13.50pt;\">\n<td class=\"et3\">Laser Grade<\/td>\n<td class=\"et3\"><span class=\"font1\">L\u1edbp h\u1ecdc<\/span><span class=\"font5\">\u2161<\/span><\/td>\n<td class=\"et3\"><span class=\"font1\">L\u1edbp h\u1ecdc<\/span><span class=\"font5\">\u2161<\/span><\/td>\n<\/tr>\n<tr style=\"height: 13.50pt;\">\n<td class=\"et2\" style=\"height: 40.50pt;\" rowspan=\"3\" height=\"54\">D\u1ecdi quang h\u1ecdc (T\u00f9y ch\u1ecdn)<\/td>\n<td class=\"et3\">\u0110\u1ed9 ph\u00f3ng \u0111\u1ea1i<\/td>\n<td class=\"et3\">3 l\u1ea7n<\/td>\n<td class=\"et3\">3 l\u1ea7n<\/td>\n<\/tr>\n<tr style=\"height: 13.50pt;\">\n<td class=\"et3\">G\u00f3c nh\u00ecn<\/td>\n<td class=\"et3\">5\u00b0<\/td>\n<td class=\"et3\">5\u00b0<\/td>\n<\/tr>\n<tr style=\"height: 13.50pt;\">\n<td class=\"et3\">Ph\u1ea1m vi l\u1ea5y n\u00e9t<\/td>\n<td class=\"et3\"><span class=\"font1\">0,5m\u2014<\/span><span class=\"font5\">\u221e<\/span><\/td>\n<td class=\"et3\"><span class=\"font1\">0,5m\u2014<\/span><span class=\"font5\">\u221e<\/span><\/td>\n<\/tr>\n<tr style=\"height: 13.50pt;\">\n<td class=\"et2\" style=\"height: 67.50pt;\" rowspan=\"5\" height=\"90\">Con tr\u1ecf laser<\/td>\n<td class=\"et3\">B\u01b0\u1edbc s\u00f3ng<\/td>\n<td class=\"et3\">\/<\/td>\n<td class=\"et3\">M\u00e0u \u0111\u1ecf 635nm<\/td>\n<\/tr>\n<tr style=\"height: 13.50pt;\">\n<td class=\"et3\">Quy\u1ec1n l\u1ef1c<\/td>\n<td class=\"et3\">\/<\/td>\n<td class=\"et3\">1mW<\/td>\n<\/tr>\n<tr style=\"height: 13.50pt;\">\n<td class=\"et3\">Ph\u1ea1m vi \u0111o b\u1eb1ng laser (Ban ng\u00e0y)<\/td>\n<td class=\"et3\">\/<\/td>\n<td class=\"et3\">200m<\/td>\n<\/tr>\n<tr style=\"height: 13.50pt;\">\n<td class=\"et3\">\u0110\u1ed9 ch\u00ednh x\u00e1c \u0111\u1ed3ng tr\u1ee5c c\u1ee7a laser<\/td>\n<td class=\"et3\">\/<\/td>\n<td class=\"et4\"><span class=\"font2\">\u2264<\/span><span class=\"font1\">5\u2033<\/span><\/td>\n<\/tr>\n<tr style=\"height: 13.50pt;\">\n<td class=\"et3\">\u0110\u01b0\u1eddng k\u00ednh \u0111i\u1ec3m laser<\/td>\n<td class=\"et3\">\/<\/td>\n<td class=\"et5\"><span class=\"font3\">\u2264<\/span><span class=\"font6\">2mm\/100m<\/span><\/td>\n<\/tr>\n<tr style=\"height: 13.50pt;\">\n<td class=\"et2\" style=\"height: 27.00pt;\" rowspan=\"2\" height=\"36\">L\u1ecd<\/td>\n<td class=\"et3\">L\u1ecd \u0111\u1ef1ng m\u1eabu<\/td>\n<td class=\"et3\">30\u2033\/ 2mm<\/td>\n<td class=\"et3\">30\u2033\/ 2mm<\/td>\n<\/tr>\n<tr style=\"height: 13.50pt;\">\n<td class=\"et3\">L\u1ecd tr\u00f2n<\/td>\n<td class=\"et3\">8&#039;\/ 2mm<\/td>\n<td class=\"et3\">8&#039;\/ 2mm<\/td>\n<\/tr>\n<tr style=\"height: 13.50pt;\">\n<td class=\"et3\" style=\"height: 13.50pt;\" height=\"18\">Tr\u01b0ng b\u00e0y<\/td>\n<td class=\"et3\">Hai m\u1eb7t<\/td>\n<td class=\"et3\">\u0110\u00e8n n\u1ec1n LED<\/td>\n<td class=\"et3\">\u0110\u00e8n n\u1ec1n LED<\/td>\n<\/tr>\n<tr style=\"height: 13.50pt;\">\n<td class=\"et2\" style=\"height: 27.00pt;\" rowspan=\"2\" height=\"36\">Quy\u1ec1n l\u1ef1c<\/td>\n<td class=\"et3\">Ngu\u1ed3n n\u0103ng l\u01b0\u1ee3ng<\/td>\n<td class=\"et6\">Pin Ni-MH 4.8V 1500 mAh<\/td>\n<td class=\"et6\">Pin Ni-MH 4.8V 1500 mAh<\/td>\n<\/tr>\n<tr style=\"height: 13.50pt;\">\n<td class=\"et3\">Nhi\u1ec7t \u0111\u1ed9 l\u00e0m vi\u1ec7c<\/td>\n<td class=\"et3\"><span class=\"font1\">-20<\/span><span class=\"font2\">\u2103\uff5e<\/span><span class=\"font1\">+50<\/span><span class=\"font2\">\u2103<\/span><\/td>\n<td class=\"et3\"><span class=\"font1\">-20<\/span><span class=\"font2\">\u2103\uff5e<\/span><span class=\"font1\">+50<\/span><span class=\"font2\">\u2103<\/span><\/td>\n<\/tr>\n<tr style=\"height: 13.50pt;\">\n<td class=\"et2\" style=\"height: 27.00pt;\" rowspan=\"2\" height=\"36\">\u0110\u1ea7u ra<\/td>\n<td class=\"et3\">D\u1eef li\u1ec7u \u0111\u1ea7u ra<\/td>\n<td class=\"et3\">\/<\/td>\n<td class=\"et3\">RS232C<\/td>\n<\/tr>\n<tr style=\"height: 13.50pt;\">\n<td class=\"et3\">B\u1ed9 nh\u1edb (\u0111i\u1ec3m)<\/td>\n<td class=\"et3\">\/<\/td>\n<td class=\"et7\">1000<\/td>\n<\/tr>\n<\/tbody>\n<\/table>","protected":false},"excerpt":{"rendered":"<ul>\n<li>B\u1ec1n b\u1ec9 &amp; \u0110\u00e1ng tin c\u1eady: V\u1edbi x\u1ebfp h\u1ea1ng IP54, m\u00e1y kinh v\u0129 \u0111\u01b0\u1ee3c b\u1ea3o v\u1ec7 kh\u1ecfi b\u1ee5i v\u00e0 n\u01b0\u1edbc b\u1eafn, th\u00edch h\u1ee3p s\u1eed d\u1ee5ng t\u1ea1i c\u00e1c c\u00f4ng tr\u01b0\u1eddng \u0111ang ho\u1ea1t \u0111\u1ed9ng.<\/li>\n<li>Nhanh ch\u00f3ng v\u00e0 hi\u1ec7u qu\u1ea3: Thi\u1ebft b\u1ecb \u0111\u1ea1t th\u1eddi gian \u0111o trong v\u00f2ng 5 gi\u00e2y, gi\u00fap n\u00e2ng cao \u0111\u00e1ng k\u1ec3 n\u0103ng su\u1ea5t l\u00e0m vi\u1ec7c t\u1ea1i ch\u1ed7.<\/li>\n<\/ul>","protected":false},"featured_media":5822,"comment_status":"open","ping_status":"closed","template":"","meta":[],"product_brand":[],"product_cat":[144,95],"product_tag":[],"class_list":{"0":"post-5821","1":"product","2":"type-product","3":"status-publish","4":"has-post-thumbnail","6":"product_cat-theodoliteagent-sales","7":"product_cat-agent-sales","9":"first","10":"instock","11":"shipping-taxable","12":"product-type-simple"},"_links":{"self":[{"href":"https:\/\/mountlaser.com\/vi\/wp-json\/wp\/v2\/product\/5821","targetHints":{"allow":["GET"]}}],"collection":[{"href":"https:\/\/mountlaser.com\/vi\/wp-json\/wp\/v2\/product"}],"about":[{"href":"https:\/\/mountlaser.com\/vi\/wp-json\/wp\/v2\/types\/product"}],"replies":[{"embeddable":true,"href":"https:\/\/mountlaser.com\/vi\/wp-json\/wp\/v2\/comments?post=5821"}],"wp:featuredmedia":[{"embeddable":true,"href":"https:\/\/mountlaser.com\/vi\/wp-json\/wp\/v2\/media\/5822"}],"wp:attachment":[{"href":"https:\/\/mountlaser.com\/vi\/wp-json\/wp\/v2\/media?parent=5821"}],"wp:term":[{"taxonomy":"product_brand","embeddable":true,"href":"https:\/\/mountlaser.com\/vi\/wp-json\/wp\/v2\/product_brand?post=5821"},{"taxonomy":"product_cat","embeddable":true,"href":"https:\/\/mountlaser.com\/vi\/wp-json\/wp\/v2\/product_cat?post=5821"},{"taxonomy":"product_tag","embeddable":true,"href":"https:\/\/mountlaser.com\/vi\/wp-json\/wp\/v2\/product_tag?post=5821"}],"curies":[{"name":"trang web","href":"https:\/\/api.w.org\/{rel}","templated":true}]}}