{"id":5805,"date":"2025-12-10T08:39:38","date_gmt":"2025-12-10T08:39:38","guid":{"rendered":"https:\/\/mountlaser.com\/?post_type=product&#038;p=5805"},"modified":"2025-12-10T09:26:29","modified_gmt":"2025-12-10T09:26:29","slug":"sc-mr01-soft-case","status":"publish","type":"product","link":"https:\/\/mountlaser.com\/vi\/san-pham\/sc-mr01-soft-case\/","title":{"rendered":"Bao da m\u1ec1m SC-MR01"},"content":{"rendered":"<p>C\u00e1i <a href=\"https:\/\/mountlaser.com\/vi\/\"><strong>Bao da m\u1ec1m SC-MR01<\/strong><\/a> SC-MR01 l\u00e0 gi\u1ea3i ph\u00e1p b\u1ea3o v\u1ec7 cao c\u1ea5p \u0111\u01b0\u1ee3c thi\u1ebft k\u1ebf \u0111\u1eb7c bi\u1ec7t cho c\u00f4ng t\u00e1c kh\u1ea3o s\u00e1t th\u1ef1c \u0111\u1ecba GNSS hi\u1ec7n \u0111\u1ea1i, mang l\u1ea1i \u0111\u1ed9 b\u1ec1n v\u01b0\u1ee3t tr\u1ed9i v\u00e0 s\u1ef1 ti\u1ec7n l\u1ee3i cho m\u00f4i tr\u01b0\u1eddng kh\u1ea3o s\u00e1t kh\u1eafc nghi\u1ec7t. \u0110\u01b0\u1ee3c ch\u1ebf t\u1ea1o v\u1edbi khung b\u00ean trong c\u1ee9ng c\u00e1p, h\u1ed9p \u0111\u1ef1ng m\u1ec1m SC-MR01 cung c\u1ea5p kh\u1ea3 n\u0103ng b\u1ea3o v\u1ec7 v\u01b0\u1ee3t tr\u1ed9i cho c\u00e1c b\u1ed9 thu TRI Modular, \u0111\u1ea3m b\u1ea3o v\u1eadn chuy\u1ec3n an to\u00e0n v\u00e0 hi\u1ec7u su\u1ea5t \u0111\u00e1ng tin c\u1eady t\u1ea1i hi\u1ec7n tr\u01b0\u1eddng. L\u00e0 m\u1ed9t chuy\u00ean gia <a href=\"https:\/\/mountlaser.com\/vi\/danh-muc-san-pham\/surveying-accessory\/\"><strong>Ba l\u00f4 \u0111\u1ef1ng thi\u1ebft b\u1ecb GNSS cho m\u00e1y thu Trimble<\/strong><\/a>, S\u1ea3n ph\u1ea9m n\u00e0y k\u1ebft h\u1ee3p ch\u1ea5t li\u1ec7u b\u1ec1n ch\u1eafc v\u1edbi thi\u1ebft k\u1ebf ki\u1ec3u ba l\u00f4 ti\u1ec7n d\u1ee5ng, gi\u00fap ng\u01b0\u1eddi d\u00f9ng r\u1ea3nh tay v\u00e0 d\u1ec5 d\u00e0ng l\u1ea5y \u0111\u1ed3.<\/p>\n<p>V\u1edbi thi\u1ebft k\u1ebf ch\u1ee7 y\u1ebfu l\u00e0 m\u00e0u v\u00e0ng, d\u00e2y \u0111eo vai m\u00e0u \u0111en v\u00e0 \u0111\u00e1y \u0111\u01b0\u1ee3c gia c\u1ed1 m\u00e0u \u0111en, ba l\u00f4 GNSS d\u00e0nh cho m\u00e1y thu Trimble mang l\u1ea1i kh\u1ea3 n\u0103ng quan s\u00e1t tuy\u1ec7t v\u1eddi v\u00e0 \u0111\u1ed9 b\u1ec1n cao khi s\u1eed d\u1ee5ng h\u00e0ng ng\u00e0y. Thi\u1ebft k\u1ebf c\u00f4ng th\u00e1i h\u1ecdc gi\u00fap ph\u00e2n b\u1ed5 tr\u1ecdng l\u01b0\u1ee3ng \u0111\u1ec1u, t\u1ea1o c\u1ea3m gi\u00e1c tho\u1ea3i m\u00e1i khi mang trong su\u1ed1t c\u00e1c ho\u1ea1t \u0111\u1ed9ng ngo\u00e0i tr\u1eddi k\u00e9o d\u00e0i. T\u00fai \u0111\u1ef1ng m\u1ec1m SC-MR01 c\u0169ng cung c\u1ea5p kh\u00f4ng gian l\u01b0u tr\u1eef b\u00ean trong \u0111\u01b0\u1ee3c s\u1eafp x\u1ebfp h\u1ee3p l\u00fd, \u0111\u1ea3m b\u1ea3o m\u00e1y thu TRI Modular c\u1ee7a b\u1ea1n lu\u00f4n \u0111\u01b0\u1ee3c an to\u00e0n v\u00e0 \u0111\u1eb7t \u0111\u00fang v\u1ecb tr\u00ed trong qu\u00e1 tr\u00ecnh v\u1eadn chuy\u1ec3n.<\/p>\n<p><img fetchpriority=\"high\" decoding=\"async\" class=\"aligncenter wp-image-5811\" src=\"https:\/\/mountlaser.com\/wp-content\/uploads\/2025\/12\/SC-MR016.webp\" alt=\"SC-MR01 Soft case\" width=\"500\" height=\"500\" srcset=\"https:\/\/mountlaser.com\/wp-content\/uploads\/2025\/12\/SC-MR016.webp 1000w, https:\/\/mountlaser.com\/wp-content\/uploads\/2025\/12\/SC-MR016-300x300.webp 300w, https:\/\/mountlaser.com\/wp-content\/uploads\/2025\/12\/SC-MR016-150x150.webp 150w, https:\/\/mountlaser.com\/wp-content\/uploads\/2025\/12\/SC-MR016-768x768.webp 768w, https:\/\/mountlaser.com\/wp-content\/uploads\/2025\/12\/SC-MR016-12x12.webp 12w, https:\/\/mountlaser.com\/wp-content\/uploads\/2025\/12\/SC-MR016-600x600.webp 600w, https:\/\/mountlaser.com\/wp-content\/uploads\/2025\/12\/SC-MR016-800x800.webp 800w, https:\/\/mountlaser.com\/wp-content\/uploads\/2025\/12\/SC-MR016-400x400.webp 400w\" sizes=\"(max-width: 500px) 100vw, 500px\" \/><\/p>\n<p>L\u00e0 m\u1ed9t chi\u1ebfc ba l\u00f4 \u0111\u1ef1ng thi\u1ebft b\u1ecb GNSS \u0111\u00e1ng tin c\u1eady d\u00e0nh cho m\u00e1y thu Trimble, chi\u1ebfc t\u00fai n\u00e0y l\u00fd t\u01b0\u1edfng cho nh\u1eefng ng\u01b0\u1eddi kh\u1ea3o s\u00e1t c\u1ea7n s\u1ef1 b\u1ea3o v\u1ec7 \u0111\u00e1ng tin c\u1eady k\u1ebft h\u1ee3p v\u1edbi t\u00ednh di \u0111\u1ed9ng, c\u1ea5u tr\u00fac ch\u1eafc ch\u1eafn v\u00e0 hi\u1ec7u su\u1ea5t chuy\u00ean nghi\u1ec7p. <a href=\"https:\/\/mountlaser.com\/vi\/contact-us\/\">Bao da m\u1ec1m SC-MR01<\/a> \u0110\u1ea3m b\u1ea3o thi\u1ebft b\u1ecb c\u1ee7a b\u1ea1n lu\u00f4n \u0111\u01b0\u1ee3c an to\u00e0n, ng\u0103n n\u1eafp v\u00e0 s\u1eb5n s\u00e0ng s\u1eed d\u1ee5ng b\u1ea5t c\u1ee9 khi n\u00e0o c\u1ea7n.<\/p>","protected":false},"excerpt":{"rendered":"<ul>\n<li>T\u0103ng c\u01b0\u1eddng kh\u1ea3 n\u0103ng b\u1ea3o v\u1ec7: Khung b\u00ean trong c\u1ee9ng c\u00e1p cung c\u1ea5p kh\u1ea3 n\u0103ng b\u1ea3o v\u1ec7 t\u1ed1i \u0111a cho c\u00e1c b\u1ed9 thu TRI Modular.<\/li>\n<li>Thi\u1ebft k\u1ebf n\u1ed5i b\u1eadt: Th\u00e2n m\u00e0u v\u00e0ng v\u1edbi d\u00e2y \u0111eo m\u00e0u \u0111en gi\u00fap t\u0103ng c\u01b0\u1eddng an to\u00e0n khi s\u1eed d\u1ee5ng v\u00e0 d\u1ec5 d\u00e0ng nh\u1eadn di\u1ec7n.<\/li>\n<li>T\u00ednh ti\u1ec7n l\u1ee3i cao: H\u1ec7 th\u1ed1ng \u0111eo ki\u1ec3u ba l\u00f4 gi\u00fap v\u1eadn chuy\u1ec3n tho\u1ea3i m\u00e1i m\u00e0 kh\u00f4ng c\u1ea7n d\u00f9ng tay.<\/li>\n<li>L\u01b0u tr\u1eef an to\u00e0n: B\u1ed1 c\u1ee5c b\u00ean trong \u0111\u01b0\u1ee3c t\u1ed1i \u01b0u h\u00f3a gi\u00fap b\u1ed9 thu t\u00edn hi\u1ec7u \u1ed5n \u0111\u1ecbnh v\u00e0 \u0111\u01b0\u1ee3c b\u1ea3o v\u1ec7.<\/li>\n<li>\u0110\u1ed9 b\u1ec1n v\u01b0\u1ee3t tr\u1ed9i: \u0110\u00e1y \u0111\u01b0\u1ee3c gia c\u1ed1 v\u00e0 v\u1eadt li\u1ec7u ch\u1eafc ch\u1eafn ch\u1ecbu \u0111\u01b0\u1ee3c c\u00e1c \u0111i\u1ec1u ki\u1ec7n kh\u1eafc nghi\u1ec7t ngo\u00e0i tr\u1eddi.<\/li>\n<\/ul>","protected":false},"featured_media":5806,"comment_status":"open","ping_status":"closed","template":"","meta":[],"product_brand":[],"product_cat":[164,79],"product_tag":[],"class_list":{"0":"post-5805","1":"product","2":"type-product","3":"status-publish","4":"has-post-thumbnail","6":"product_cat-soft-case","7":"product_cat-surveying-accessory","9":"first","10":"instock","11":"shipping-taxable","12":"product-type-simple"},"_links":{"self":[{"href":"https:\/\/mountlaser.com\/vi\/wp-json\/wp\/v2\/product\/5805","targetHints":{"allow":["GET"]}}],"collection":[{"href":"https:\/\/mountlaser.com\/vi\/wp-json\/wp\/v2\/product"}],"about":[{"href":"https:\/\/mountlaser.com\/vi\/wp-json\/wp\/v2\/types\/product"}],"replies":[{"embeddable":true,"href":"https:\/\/mountlaser.com\/vi\/wp-json\/wp\/v2\/comments?post=5805"}],"wp:featuredmedia":[{"embeddable":true,"href":"https:\/\/mountlaser.com\/vi\/wp-json\/wp\/v2\/media\/5806"}],"wp:attachment":[{"href":"https:\/\/mountlaser.com\/vi\/wp-json\/wp\/v2\/media?parent=5805"}],"wp:term":[{"taxonomy":"product_brand","embeddable":true,"href":"https:\/\/mountlaser.com\/vi\/wp-json\/wp\/v2\/product_brand?post=5805"},{"taxonomy":"product_cat","embeddable":true,"href":"https:\/\/mountlaser.com\/vi\/wp-json\/wp\/v2\/product_cat?post=5805"},{"taxonomy":"product_tag","embeddable":true,"href":"https:\/\/mountlaser.com\/vi\/wp-json\/wp\/v2\/product_tag?post=5805"}],"curies":[{"name":"trang web","href":"https:\/\/api.w.org\/{rel}","templated":true}]}}