{"id":5792,"date":"2025-12-10T07:18:56","date_gmt":"2025-12-10T07:18:56","guid":{"rendered":"https:\/\/mountlaser.com\/?post_type=product&#038;p=5792"},"modified":"2025-12-10T09:26:55","modified_gmt":"2025-12-10T09:26:55","slug":"sc-gn-series-soft-case","status":"publish","type":"product","link":"https:\/\/mountlaser.com\/vi\/san-pham\/sc-gn-series-soft-case\/","title":{"rendered":"T\u00fai m\u1ec1m d\u00f2ng SC-GN"},"content":{"rendered":"<p>C\u00e1i <a href=\"https:\/\/mountlaser.com\/vi\/\"><strong>T\u00fai m\u1ec1m d\u00f2ng SC-GN<\/strong><\/a> \u0110\u00e2y l\u00e0 gi\u1ea3i ph\u00e1p v\u1eadn chuy\u1ec3n b\u1ec1n b\u1ec9 v\u00e0 \u0111\u00e1ng tin c\u1eady \u0111\u01b0\u1ee3c thi\u1ebft k\u1ebf \u0111\u1eb7c bi\u1ec7t cho thi\u1ebft b\u1ecb kh\u1ea3o s\u00e1t GPS. \u0110\u01b0\u1ee3c thi\u1ebft k\u1ebf d\u00e0nh cho c\u00e1c chuy\u00ean gia l\u00e0m vi\u1ec7c ngo\u00e0i hi\u1ec7n tr\u01b0\u1eddng, t\u00fai b\u1ea3o v\u1ec7 n\u00e0y \u0111\u1ea3m b\u1ea3o v\u1eadn chuy\u1ec3n an to\u00e0n v\u00e0 s\u1eafp x\u1ebfp hi\u1ec7u qu\u1ea3 c\u00e1c thi\u1ebft b\u1ecb nh\u1ea1y c\u1ea3m. C\u1ea3 hai m\u1eabu trong d\u00f2ng t\u00fai m\u1ec1m SC-GN \u0111\u1ec1u k\u1ebft h\u1ee3p c\u1ea5u tr\u00fac ch\u1eafc ch\u1eafn v\u1edbi c\u00e1c t\u00ednh n\u0103ng l\u01b0u tr\u1eef thi\u1ebft th\u1ef1c, l\u00fd t\u01b0\u1edfng cho m\u00f4i tr\u01b0\u1eddng l\u00e0m vi\u1ec7c kh\u1eafc nghi\u1ec7t. Cho d\u00f9 \u0111\u01b0\u1ee3c s\u1eed d\u1ee5ng nh\u01b0 m\u1ed9t... <a href=\"https:\/\/mountlaser.com\/vi\/danh-muc-san-pham\/surveying-accessory\/\"><strong>T\u00fai kh\u1ea3o s\u00e1t GPS<\/strong><\/a> Cho d\u00f9 l\u00e0 v\u1ecf b\u1ea3o v\u1ec7 th\u00f4ng th\u01b0\u1eddng d\u00f9ng trong \u0111i\u1ec1u ki\u1ec7n d\u00e3 ngo\u1ea1i, d\u00f2ng s\u1ea3n ph\u1ea9m n\u00e0y \u0111\u1ec1u mang l\u1ea1i hi\u1ec7u su\u1ea5t \u1ed5n \u0111\u1ecbnh v\u00e0 \u0111\u1ed9 b\u1ec1n l\u00e2u d\u00e0i.<\/p>\n<figure id=\"attachment_5799\" aria-describedby=\"caption-attachment-5799\" style=\"width: 500px\" class=\"wp-caption aligncenter\"><img fetchpriority=\"high\" decoding=\"async\" class=\"wp-image-5799\" src=\"https:\/\/mountlaser.com\/wp-content\/uploads\/2025\/12\/SC-GN027.webp\" alt=\"SC-GN Series Soft case\" width=\"500\" height=\"500\" srcset=\"https:\/\/mountlaser.com\/wp-content\/uploads\/2025\/12\/SC-GN027.webp 1000w, https:\/\/mountlaser.com\/wp-content\/uploads\/2025\/12\/SC-GN027-300x300.webp 300w, https:\/\/mountlaser.com\/wp-content\/uploads\/2025\/12\/SC-GN027-150x150.webp 150w, https:\/\/mountlaser.com\/wp-content\/uploads\/2025\/12\/SC-GN027-768x768.webp 768w, https:\/\/mountlaser.com\/wp-content\/uploads\/2025\/12\/SC-GN027-12x12.webp 12w, https:\/\/mountlaser.com\/wp-content\/uploads\/2025\/12\/SC-GN027-600x600.webp 600w, https:\/\/mountlaser.com\/wp-content\/uploads\/2025\/12\/SC-GN027-800x800.webp 800w, https:\/\/mountlaser.com\/wp-content\/uploads\/2025\/12\/SC-GN027-400x400.webp 400w\" sizes=\"(max-width: 500px) 100vw, 500px\" \/><figcaption id=\"caption-attachment-5799\" class=\"wp-caption-text\">T\u00fai m\u1ec1m d\u00f2ng SC-GN02<\/figcaption><\/figure>\n<figure id=\"attachment_5803\" aria-describedby=\"caption-attachment-5803\" style=\"width: 500px\" class=\"wp-caption aligncenter\"><img decoding=\"async\" class=\"wp-image-5803\" src=\"https:\/\/mountlaser.com\/wp-content\/uploads\/2025\/12\/SC-GN044.webp\" alt=\"SC-GN Series Soft case\" width=\"500\" height=\"500\" srcset=\"https:\/\/mountlaser.com\/wp-content\/uploads\/2025\/12\/SC-GN044.webp 1000w, https:\/\/mountlaser.com\/wp-content\/uploads\/2025\/12\/SC-GN044-300x300.webp 300w, https:\/\/mountlaser.com\/wp-content\/uploads\/2025\/12\/SC-GN044-150x150.webp 150w, https:\/\/mountlaser.com\/wp-content\/uploads\/2025\/12\/SC-GN044-768x768.webp 768w, https:\/\/mountlaser.com\/wp-content\/uploads\/2025\/12\/SC-GN044-12x12.webp 12w, https:\/\/mountlaser.com\/wp-content\/uploads\/2025\/12\/SC-GN044-600x600.webp 600w, https:\/\/mountlaser.com\/wp-content\/uploads\/2025\/12\/SC-GN044-800x800.webp 800w, https:\/\/mountlaser.com\/wp-content\/uploads\/2025\/12\/SC-GN044-400x400.webp 400w\" sizes=\"(max-width: 500px) 100vw, 500px\" \/><figcaption id=\"caption-attachment-5803\" class=\"wp-caption-text\">T\u00fai m\u1ec1m d\u00f2ng SC-GN04<\/figcaption><\/figure>\n<p>C\u00e1i <a href=\"https:\/\/mountlaser.com\/vi\/contact-us\/\">T\u00fai m\u1ec1m d\u00f2ng SC-GN<\/a> C\u00f3 hai ki\u1ec3u d\u00e1ng kh\u00e1c bi\u1ec7t. T\u00fai kh\u1ea3o s\u00e1t GPS ki\u1ec3u Nh\u1eadt SC-GN02 c\u00f3 m\u00e0u \u0111\u1ecf b\u00ean ngo\u00e0i v\u00e0 l\u1edbp l\u00f3t m\u00e0u \u0111en b\u00ean trong, mang \u0111\u1ebfn b\u1ed1 c\u1ee5c g\u1ecdn g\u00e0ng v\u00e0 ng\u0103n n\u1eafp cho c\u00e1c th\u00e0nh ph\u1ea7n GPS c\u1ea7n thi\u1ebft. T\u00fai kh\u1ea3o s\u00e1t GPS ki\u1ec3u M\u1ef9 hi\u1ec7u TRI SC-GN04 c\u00f3 m\u00e0u v\u00e0ng v\u00e0 \u0111en b\u00ean ngo\u00e0i, l\u1edbp l\u00f3t m\u00e0u x\u00e1m v\u00e0 bao g\u1ed3m m\u1ed9t t\u00fai kh\u00f3a k\u00e9o ph\u00eda tr\u01b0\u1edbc v\u00e0 m\u1ed9t t\u00fai kh\u00f3a k\u00e9o b\u00ean h\u00f4ng, cung c\u1ea5p th\u00eam kh\u00f4ng gian cho d\u1ee5ng c\u1ee5, pin, c\u00e1p v\u00e0 ph\u1ee5 ki\u1ec7n hi\u1ec7n tr\u01b0\u1eddng. C\u1ea3 hai thi\u1ebft k\u1ebf \u0111\u1ec1u c\u00f3 n\u1eafp l\u1eadt m\u1edf ph\u00eda tr\u00ean \u0111\u1ec3 d\u1ec5 d\u00e0ng truy c\u1eadp nhanh ch\u00f3ng trong qu\u00e1 tr\u00ecnh l\u00e0m vi\u1ec7c ngo\u00e0i hi\u1ec7n tr\u01b0\u1eddng.<\/p>","protected":false},"excerpt":{"rendered":"<ul>\n<li>Thi\u1ebft k\u1ebf chuy\u00ean d\u1ee5ng gi\u00fap b\u1ea3o v\u1ec7 v\u00e0 v\u1eadn chuy\u1ec3n c\u00e1c thi\u1ebft b\u1ecb \u0111o \u0111\u1ea1c GPS m\u1ed9t c\u00e1ch an to\u00e0n.<\/li>\n<li>C\u00f3 hai l\u1ef1a ch\u1ecdn ki\u1ec3u d\u00e1ng: SC-GN02 Ki\u1ec3u Nh\u1eadt B\u1ea3n \u2013 b\u00ean ngo\u00e0i m\u00e0u \u0111\u1ecf, b\u00ean trong m\u00e0u \u0111en, SC-GN04 Ki\u1ec3u M\u1ef9 TRI Brand \u2013 b\u00ean ngo\u00e0i m\u00e0u v\u00e0ng v\u00e0 \u0111en, b\u00ean trong m\u00e0u x\u00e1m v\u1edbi c\u00e1c ng\u0103n kh\u00f3a k\u00e9o ph\u00eda tr\u01b0\u1edbc v\u00e0 b\u00ean h\u00f4ng.<\/li>\n<li>C\u1ea5u tr\u00fac b\u1ec1n ch\u1eafc, ph\u00f9 h\u1ee3p cho vi\u1ec7c s\u1eed d\u1ee5ng th\u01b0\u1eddng xuy\u00ean ngo\u00e0i tr\u1eddi.<\/li>\n<li>N\u1eafp l\u1eadt m\u1edf ph\u00eda tr\u00ean gi\u00fap d\u1ec5 d\u00e0ng ti\u1ebfp c\u1eadn thi\u1ebft b\u1ecb.<\/li>\n<li>\u0110\u01b0\u1ee3c thi\u1ebft k\u1ebf \u0111\u1ec3 s\u1eafp x\u1ebfp \u0111\u1ed3 \u0111\u1ea1c, v\u1edbi c\u00e1c ng\u0103n b\u1ed5 sung (SC-GN04) \u0111\u1ec3 \u0111\u1ef1ng ph\u1ee5 ki\u1ec7n v\u00e0 d\u1ee5ng c\u1ee5 d\u00e3 ngo\u1ea1i.<\/li>\n<\/ul>","protected":false},"featured_media":5803,"comment_status":"open","ping_status":"closed","template":"","meta":[],"product_brand":[],"product_cat":[164,79],"product_tag":[],"class_list":{"0":"post-5792","1":"product","2":"type-product","3":"status-publish","4":"has-post-thumbnail","6":"product_cat-soft-case","7":"product_cat-surveying-accessory","9":"first","10":"instock","11":"shipping-taxable","12":"product-type-simple"},"_links":{"self":[{"href":"https:\/\/mountlaser.com\/vi\/wp-json\/wp\/v2\/product\/5792","targetHints":{"allow":["GET"]}}],"collection":[{"href":"https:\/\/mountlaser.com\/vi\/wp-json\/wp\/v2\/product"}],"about":[{"href":"https:\/\/mountlaser.com\/vi\/wp-json\/wp\/v2\/types\/product"}],"replies":[{"embeddable":true,"href":"https:\/\/mountlaser.com\/vi\/wp-json\/wp\/v2\/comments?post=5792"}],"wp:featuredmedia":[{"embeddable":true,"href":"https:\/\/mountlaser.com\/vi\/wp-json\/wp\/v2\/media\/5803"}],"wp:attachment":[{"href":"https:\/\/mountlaser.com\/vi\/wp-json\/wp\/v2\/media?parent=5792"}],"wp:term":[{"taxonomy":"product_brand","embeddable":true,"href":"https:\/\/mountlaser.com\/vi\/wp-json\/wp\/v2\/product_brand?post=5792"},{"taxonomy":"product_cat","embeddable":true,"href":"https:\/\/mountlaser.com\/vi\/wp-json\/wp\/v2\/product_cat?post=5792"},{"taxonomy":"product_tag","embeddable":true,"href":"https:\/\/mountlaser.com\/vi\/wp-json\/wp\/v2\/product_tag?post=5792"}],"curies":[{"name":"trang web","href":"https:\/\/api.w.org\/{rel}","templated":true}]}}