{"id":5768,"date":"2025-12-10T06:40:23","date_gmt":"2025-12-10T06:40:23","guid":{"rendered":"https:\/\/mountlaser.com\/?post_type=product&#038;p=5768"},"modified":"2025-12-10T09:27:21","modified_gmt":"2025-12-10T09:27:21","slug":"sc-pa-ps-series-soft-case","status":"publish","type":"product","link":"https:\/\/mountlaser.com\/vi\/san-pham\/sc-pa-ps-series-soft-case\/","title":{"rendered":"T\u00fai m\u1ec1m d\u00f2ng SC-PA\/PS"},"content":{"rendered":"<p>C\u00e1i <a href=\"https:\/\/mountlaser.com\/vi\/\"><strong>T\u00fai \u0111\u1ef1ng m\u1ec1m d\u00f2ng SC-PA\/PS<\/strong><\/a> \u0110\u01b0\u1ee3c thi\u1ebft k\u1ebf \u0111\u1eb7c bi\u1ec7t \u0111\u1ec3 cung c\u1ea5p kh\u1ea3 n\u0103ng b\u1ea3o v\u1ec7 \u0111\u00e1ng tin c\u1eady v\u00e0 l\u01b0u tr\u1eef c\u00f3 t\u1ed5 ch\u1ee9c cho nhi\u1ec1u c\u1ee5m l\u0103ng k\u00ednh kh\u00e1c nhau \u0111\u01b0\u1ee3c s\u1eed d\u1ee5ng trong c\u00e1c \u1ee9ng d\u1ee5ng kh\u1ea3o s\u00e1t. \u0110\u01b0\u1ee3c ch\u1ebf t\u1ea1o b\u1eb1ng v\u1eadt li\u1ec7u b\u1ec1n v\u00e0 l\u1edbp \u0111\u1ec7m m\u00fat b\u00ean trong, m\u1ed7i m\u1eabu trong d\u00f2ng t\u00fai m\u1ec1m SC-PA\/PS \u0111\u1ea3m b\u1ea3o kh\u1ea3 n\u0103ng \u0111\u1ec7m an to\u00e0n trong qu\u00e1 tr\u00ecnh v\u1eadn chuy\u1ec3n v\u00e0 s\u1eed d\u1ee5ng ngo\u00e0i hi\u1ec7n tr\u01b0\u1eddng. Cho d\u00f9 b\u1ea3o v\u1ec7 to\u00e0n b\u1ed9 c\u1ee5m l\u0103ng k\u00ednh hay ch\u1ec9 m\u1ed9t t\u1ea5m l\u0103ng k\u00ednh, nh\u1eefng t\u00fai m\u1ec1m \u0111\u1ef1ng l\u0103ng k\u00ednh n\u00e0y \u0111\u1ec1u mang l\u1ea1i hi\u1ec7u su\u1ea5t \u0111\u00e1ng tin c\u1eady v\u00e0 \u0111\u1ed9 b\u1ec1n l\u00e2u d\u00e0i.<\/p>\n<p>D\u00f2ng s\u1ea3n ph\u1ea9m n\u00e0y bao g\u1ed3m nhi\u1ec1u t\u00f9y ch\u1ecdn m\u00e3 m\u00e0u \u0111\u1ec3 \u0111\u01a1n gi\u1ea3n h\u00f3a vi\u1ec7c nh\u1eadn d\u1ea1ng ngo\u00e0i th\u1ef1c \u0111\u1ecba. V\u1ecf m\u1ec1m SC-PA05 d\u00e0nh cho l\u0103ng k\u00ednh c\u00f3 m\u00e0u \u0111\u1ecf b\u00ean ngo\u00e0i, trong khi SC-PA06 <a href=\"https:\/\/mountlaser.com\/vi\/danh-muc-san-pham\/surveying-accessory\/\"><strong>Bao da m\u1ec1m cho k\u00ednh l\u00fap<\/strong><\/a> S\u1ea3n ph\u1ea9m c\u00f3 m\u00e0u v\u00e0ng v\u00e0 \u0111\u01b0\u1ee3c thi\u1ebft k\u1ebf ri\u00eang cho c\u00e1c t\u1ea5m l\u0103ng k\u00ednh l\u1edbn. \u0110\u1ec3 b\u1ea3o v\u1ec7 b\u1ed9 l\u0103ng k\u00ednh, c\u00e1c m\u1eabu SC-PS01 m\u00e0u v\u00e0ng (ch\u1ea5t l\u01b0\u1ee3ng th\u00f4ng th\u01b0\u1eddng) v\u00e0 SC-PS02 (ch\u1ea5t l\u01b0\u1ee3ng n\u00e2ng cao) c\u00f3 thi\u1ebft k\u1ebf n\u1eafp m\u1edf ph\u00eda tr\u00ean gi\u00fap truy c\u1eadp nhanh ch\u00f3ng v\u00e0 d\u1ec5 d\u00e0ng. T\u1ea5t c\u1ea3 <a href=\"https:\/\/mountlaser.com\/vi\/contact-us\/\">T\u00fai \u0111\u1ef1ng m\u1ec1m d\u00f2ng SC-PA\/PS<\/a> C\u00e1c m\u1eabu n\u00e0y t\u00edch h\u1ee3p l\u1edbp m\u00fat d\u00e0y b\u00ean trong gi\u00fap h\u1ea5p th\u1ee5 s\u1ed1c v\u00e0 ng\u0103n ng\u1eeba tr\u1ea7y x\u01b0\u1edbc, l\u00fd t\u01b0\u1edfng cho nh\u1eefng ng\u01b0\u1eddi kh\u1ea3o s\u00e1t c\u1ea7n gi\u1ea3i ph\u00e1p l\u01b0u tr\u1eef \u0111\u00e1ng tin c\u1eady, nh\u1eb9 v\u00e0 thi\u1ebft th\u1ef1c.<\/p>\n<div>\n<table style=\"border-collapse: collapse; width: 537.02pt;\" border=\"0\" width=\"716\" cellspacing=\"0\" cellpadding=\"0\">\n<tbody>\n<tr style=\"height: 14.25pt;\">\n<td class=\"et2\" style=\"height: 14.25pt; width: 127.50pt;\" width=\"170\" height=\"19\">M\u00e3 s\u1ed1 s\u1ea3n ph\u1ea9m.<\/td>\n<td class=\"et2\" style=\"width: 196.50pt;\" width=\"262\">GHI CH\u00da<\/td>\n<td class=\"et2\" style=\"width: 213.00pt;\" width=\"284\">H\u00ccNH \u1ea2NH<\/td>\n<\/tr>\n<tr style=\"height: 14.25pt;\">\n<td class=\"et3\" style=\"height: 14.25pt;\" height=\"19\">SC-PA05<\/td>\n<td class=\"et4\">H\u1ed9p \u0111\u1ef1ng m\u1ec1m cho c\u1ee5m l\u0103ng k\u00ednh c\u00f3 m\u00fat x\u1ed1p.<\/td>\n<td class=\"et5\"><img fetchpriority=\"high\" decoding=\"async\" class=\"alignnone wp-image-5774 size-medium\" src=\"https:\/\/mountlaser.com\/wp-content\/uploads\/2025\/12\/SC-PA056-300x300.webp\" alt=\"SC-PA\/PS Series soft case\" width=\"300\" height=\"300\" srcset=\"https:\/\/mountlaser.com\/wp-content\/uploads\/2025\/12\/SC-PA056-300x300.webp 300w, https:\/\/mountlaser.com\/wp-content\/uploads\/2025\/12\/SC-PA056-150x150.webp 150w, https:\/\/mountlaser.com\/wp-content\/uploads\/2025\/12\/SC-PA056-768x768.webp 768w, https:\/\/mountlaser.com\/wp-content\/uploads\/2025\/12\/SC-PA056-12x12.webp 12w, https:\/\/mountlaser.com\/wp-content\/uploads\/2025\/12\/SC-PA056-600x600.webp 600w, https:\/\/mountlaser.com\/wp-content\/uploads\/2025\/12\/SC-PA056-800x800.webp 800w, https:\/\/mountlaser.com\/wp-content\/uploads\/2025\/12\/SC-PA056-400x400.webp 400w, https:\/\/mountlaser.com\/wp-content\/uploads\/2025\/12\/SC-PA056.webp 1000w\" sizes=\"(max-width: 300px) 100vw, 300px\" \/><\/td>\n<\/tr>\n<tr style=\"height: 14.25pt;\">\n<td class=\"et3\" style=\"height: 14.25pt;\" height=\"19\">SC-PA06<\/td>\n<td class=\"et4\">Bao m\u1ec1m \u0111\u1ef1ng t\u1ea5m k\u00ednh l\u1edbn Prism c\u00f3 m\u00fat x\u1ed1p.<\/td>\n<td class=\"et5\"><img decoding=\"async\" class=\"alignnone wp-image-5780 size-medium\" src=\"https:\/\/mountlaser.com\/wp-content\/uploads\/2025\/12\/SC-PA066-300x300.webp\" alt=\"SC-PA\/PS Series soft case\" width=\"300\" height=\"300\" srcset=\"https:\/\/mountlaser.com\/wp-content\/uploads\/2025\/12\/SC-PA066-300x300.webp 300w, https:\/\/mountlaser.com\/wp-content\/uploads\/2025\/12\/SC-PA066-150x150.webp 150w, https:\/\/mountlaser.com\/wp-content\/uploads\/2025\/12\/SC-PA066-768x768.webp 768w, https:\/\/mountlaser.com\/wp-content\/uploads\/2025\/12\/SC-PA066-12x12.webp 12w, https:\/\/mountlaser.com\/wp-content\/uploads\/2025\/12\/SC-PA066-600x600.webp 600w, https:\/\/mountlaser.com\/wp-content\/uploads\/2025\/12\/SC-PA066-800x800.webp 800w, https:\/\/mountlaser.com\/wp-content\/uploads\/2025\/12\/SC-PA066-400x400.webp 400w, https:\/\/mountlaser.com\/wp-content\/uploads\/2025\/12\/SC-PA066.webp 1000w\" sizes=\"(max-width: 300px) 100vw, 300px\" \/><\/td>\n<\/tr>\n<tr style=\"height: 14.25pt;\">\n<td class=\"et3\" style=\"height: 14.25pt;\" height=\"19\">SC-PS01<\/td>\n<td class=\"et4\">T\u00fai \u0111\u1ef1ng m\u1ec1m cho b\u1ed9 l\u0103ng k\u00ednh ch\u1ea5t l\u01b0\u1ee3ng th\u00f4ng th\u01b0\u1eddng<\/td>\n<td class=\"et5\"><img decoding=\"async\" class=\"alignnone wp-image-5785 size-medium\" src=\"https:\/\/mountlaser.com\/wp-content\/uploads\/2025\/12\/SC-PS015-300x300.webp\" alt=\"SC-PA\/PS Series soft case\" width=\"300\" height=\"300\" srcset=\"https:\/\/mountlaser.com\/wp-content\/uploads\/2025\/12\/SC-PS015-300x300.webp 300w, https:\/\/mountlaser.com\/wp-content\/uploads\/2025\/12\/SC-PS015-150x150.webp 150w, https:\/\/mountlaser.com\/wp-content\/uploads\/2025\/12\/SC-PS015-768x768.webp 768w, https:\/\/mountlaser.com\/wp-content\/uploads\/2025\/12\/SC-PS015-12x12.webp 12w, https:\/\/mountlaser.com\/wp-content\/uploads\/2025\/12\/SC-PS015-600x600.webp 600w, https:\/\/mountlaser.com\/wp-content\/uploads\/2025\/12\/SC-PS015-800x800.webp 800w, https:\/\/mountlaser.com\/wp-content\/uploads\/2025\/12\/SC-PS015-400x400.webp 400w, https:\/\/mountlaser.com\/wp-content\/uploads\/2025\/12\/SC-PS015.webp 1000w\" sizes=\"(max-width: 300px) 100vw, 300px\" \/><\/td>\n<\/tr>\n<tr style=\"height: 14.25pt;\">\n<td class=\"et3\" style=\"height: 14.25pt;\" height=\"19\">SC-PS02<\/td>\n<td class=\"et4\">Bao da m\u1ec1m \u0111\u1ef1ng b\u1ed9 l\u0103ng k\u00ednh ch\u1ea5t l\u01b0\u1ee3ng t\u1ed1t h\u01a1n<\/td>\n<td class=\"et5\"><img loading=\"lazy\" decoding=\"async\" class=\"alignnone wp-image-5791 size-medium\" src=\"https:\/\/mountlaser.com\/wp-content\/uploads\/2025\/12\/SC-PS026-300x300.webp\" alt=\"SC-PA\/PS Series soft case\" width=\"300\" height=\"300\" srcset=\"https:\/\/mountlaser.com\/wp-content\/uploads\/2025\/12\/SC-PS026-300x300.webp 300w, https:\/\/mountlaser.com\/wp-content\/uploads\/2025\/12\/SC-PS026-150x150.webp 150w, https:\/\/mountlaser.com\/wp-content\/uploads\/2025\/12\/SC-PS026-768x768.webp 768w, https:\/\/mountlaser.com\/wp-content\/uploads\/2025\/12\/SC-PS026-12x12.webp 12w, https:\/\/mountlaser.com\/wp-content\/uploads\/2025\/12\/SC-PS026-600x600.webp 600w, https:\/\/mountlaser.com\/wp-content\/uploads\/2025\/12\/SC-PS026-800x800.webp 800w, https:\/\/mountlaser.com\/wp-content\/uploads\/2025\/12\/SC-PS026-400x400.webp 400w, https:\/\/mountlaser.com\/wp-content\/uploads\/2025\/12\/SC-PS026.webp 1000w\" sizes=\"(max-width: 300px) 100vw, 300px\" \/><\/td>\n<\/tr>\n<\/tbody>\n<\/table>\n<\/div>","protected":false},"excerpt":{"rendered":"<ul>\n<li>L\u1edbp m\u00fat x\u1ed1p gi\u1ea3m ch\u1ea5n b\u00ean trong gi\u00fap b\u1ea3o v\u1ec7 an to\u00e0n c\u00e1c c\u1ee5m l\u0103ng k\u00ednh.<\/li>\n<li>L\u1edbp v\u1ecf ngo\u00e0i b\u1ec1n ch\u1eafc, \u0111\u01b0\u1ee3c m\u00e3 h\u00f3a m\u00e0u s\u1eafc: m\u00e0u \u0111\u1ecf cho SC-PA05, m\u00e0u v\u00e0ng cho SC-PA06 \/ SC-PS01 \/ SC-PS02.<\/li>\n<li>Thi\u1ebft k\u1ebf n\u1eafp m\u1edf ph\u00eda tr\u00ean gi\u00fap d\u1ec5 d\u00e0ng ti\u1ebfp c\u1eadn v\u00e0 thao t\u00e1c nhanh ch\u00f3ng.<\/li>\n<li>Nhi\u1ec1u t\u00f9y ch\u1ecdn thi\u1ebft k\u1ebf ph\u00f9 h\u1ee3p cho c\u00e1c c\u1ee5m l\u0103ng k\u00ednh \u0111\u01a1n, t\u1ea5m l\u0103ng k\u00ednh l\u1edbn ho\u1eb7c b\u1ed9 l\u0103ng k\u00ednh.<\/li>\n<li>Nh\u1eb9 v\u00e0 s\u1eb5n s\u00e0ng s\u1eed d\u1ee5ng ngo\u00e0i tr\u1eddi, mang l\u1ea1i s\u1ef1 ti\u1ec7n l\u1ee3i khi v\u1eadn chuy\u1ec3n v\u00e0 kh\u1ea3 n\u0103ng b\u1ea3o v\u1ec7 chuy\u00ean nghi\u1ec7p.<\/li>\n<\/ul>","protected":false},"featured_media":5774,"comment_status":"open","ping_status":"closed","template":"","meta":[],"product_brand":[],"product_cat":[164,79],"product_tag":[],"class_list":{"0":"post-5768","1":"product","2":"type-product","3":"status-publish","4":"has-post-thumbnail","6":"product_cat-soft-case","7":"product_cat-surveying-accessory","9":"first","10":"instock","11":"shipping-taxable","12":"product-type-simple"},"_links":{"self":[{"href":"https:\/\/mountlaser.com\/vi\/wp-json\/wp\/v2\/product\/5768","targetHints":{"allow":["GET"]}}],"collection":[{"href":"https:\/\/mountlaser.com\/vi\/wp-json\/wp\/v2\/product"}],"about":[{"href":"https:\/\/mountlaser.com\/vi\/wp-json\/wp\/v2\/types\/product"}],"replies":[{"embeddable":true,"href":"https:\/\/mountlaser.com\/vi\/wp-json\/wp\/v2\/comments?post=5768"}],"wp:featuredmedia":[{"embeddable":true,"href":"https:\/\/mountlaser.com\/vi\/wp-json\/wp\/v2\/media\/5774"}],"wp:attachment":[{"href":"https:\/\/mountlaser.com\/vi\/wp-json\/wp\/v2\/media?parent=5768"}],"wp:term":[{"taxonomy":"product_brand","embeddable":true,"href":"https:\/\/mountlaser.com\/vi\/wp-json\/wp\/v2\/product_brand?post=5768"},{"taxonomy":"product_cat","embeddable":true,"href":"https:\/\/mountlaser.com\/vi\/wp-json\/wp\/v2\/product_cat?post=5768"},{"taxonomy":"product_tag","embeddable":true,"href":"https:\/\/mountlaser.com\/vi\/wp-json\/wp\/v2\/product_tag?post=5768"}],"curies":[{"name":"trang web","href":"https:\/\/api.w.org\/{rel}","templated":true}]}}