{"id":5754,"date":"2025-12-10T05:33:23","date_gmt":"2025-12-10T05:33:23","guid":{"rendered":"https:\/\/mountlaser.com\/?post_type=product&#038;p=5754"},"modified":"2025-12-15T07:46:10","modified_gmt":"2025-12-15T07:46:10","slug":"sc-ta01-soft-case","status":"publish","type":"product","link":"https:\/\/mountlaser.com\/vi\/san-pham\/sc-ta01-soft-case\/","title":{"rendered":"Bao da m\u1ec1m SC-TA01"},"content":{"rendered":"<p>C\u00e1i <a href=\"https:\/\/mountlaser.com\/vi\/\"><strong data-start=\"163\" data-end=\"187\">Bao da m\u1ec1m SC-TA01<\/strong><\/a> \u0110\u01b0\u1ee3c thi\u1ebft k\u1ebf \u0111\u1eb7c bi\u1ec7t \u0111\u1ec3 cung c\u1ea5p kh\u1ea3 n\u0103ng b\u1ea3o v\u1ec7 \u0111\u00e1ng tin c\u1eady v\u00e0 v\u1eadn chuy\u1ec3n d\u1ec5 d\u00e0ng cho c\u00e1c ph\u1ee5 ki\u1ec7n kh\u1ea3o s\u00e1t ch\u00ednh x\u00e1c. \u0110\u01b0\u1ee3c ch\u1ebf t\u1ea1o d\u00e0nh cho c\u00e1c chuy\u00ean gia, nh\u1eefng s\u1ea3n ph\u1ea9m n\u00e0y <a href=\"https:\/\/mountlaser.com\/vi\/products\/\"><strong data-start=\"331\" data-end=\"369\">Bao \u0111\u1ef1ng m\u1ec1m cho ch\u00e2n m\u00e1y v\u00e0 b\u1ed9 chuy\u1ec3n \u0111\u1ed5i<\/strong><\/a> C\u00e1c gi\u1ea3i ph\u00e1p n\u00e0y cung c\u1ea5p kh\u1ea3 n\u0103ng \u0111\u1ec7m tuy\u1ec7t v\u1eddi v\u00e0 c\u1ea5u tr\u00fac b\u1ec1n ch\u1eafc \u0111\u1ec3 b\u1ea3o v\u1ec7 thi\u1ebft b\u1ecb c\u1ee7a b\u1ea1n ngo\u00e0i hi\u1ec7n tr\u01b0\u1eddng. C\u1ea3 hai m\u1eabu t\u00fai m\u1ec1m SC-TA01 \u0111\u1ec1u \u0111\u01b0\u1ee3c ch\u1ebf t\u1ea1o v\u1edbi l\u1edbp v\u1ecf ngo\u00e0i m\u00e0u v\u00e0ng t\u01b0\u01a1i s\u00e1ng \u0111\u1ec3 d\u1ec5 nh\u1eadn bi\u1ebft v\u00e0 c\u00f3 n\u1eafp m\u1edf ph\u00eda tr\u00ean ti\u1ec7n l\u1ee3i \u0111\u1ec3 truy c\u1eadp nhanh ch\u00f3ng.<\/p>\n<p><img fetchpriority=\"high\" decoding=\"async\" class=\"aligncenter wp-image-5761\" src=\"https:\/\/mountlaser.com\/wp-content\/uploads\/2025\/12\/SC-TA017.webp\" alt=\"SC-TA01 soft case\" width=\"500\" height=\"500\" srcset=\"https:\/\/mountlaser.com\/wp-content\/uploads\/2025\/12\/SC-TA017.webp 1000w, https:\/\/mountlaser.com\/wp-content\/uploads\/2025\/12\/SC-TA017-300x300.webp 300w, https:\/\/mountlaser.com\/wp-content\/uploads\/2025\/12\/SC-TA017-150x150.webp 150w, https:\/\/mountlaser.com\/wp-content\/uploads\/2025\/12\/SC-TA017-768x768.webp 768w, https:\/\/mountlaser.com\/wp-content\/uploads\/2025\/12\/SC-TA017-12x12.webp 12w, https:\/\/mountlaser.com\/wp-content\/uploads\/2025\/12\/SC-TA017-600x600.webp 600w, https:\/\/mountlaser.com\/wp-content\/uploads\/2025\/12\/SC-TA017-800x800.webp 800w, https:\/\/mountlaser.com\/wp-content\/uploads\/2025\/12\/SC-TA017-400x400.webp 400w\" sizes=\"(max-width: 500px) 100vw, 500px\" \/><\/p>\n<p>D\u00f9 \u0111\u01b0\u1ee3c s\u1eed d\u1ee5ng h\u00e0ng ng\u00e0y trong m\u00f4i tr\u01b0\u1eddng kh\u1eafc nghi\u1ec7t hay \u0111\u01b0\u1ee3c c\u1ea5t gi\u1eef an to\u00e0n trong v\u0103n ph\u00f2ng, nh\u1eefng s\u1ea3n ph\u1ea9m n\u00e0y \u0111\u1ec1u r\u1ea5t \u0111a d\u1ea1ng. <a href=\"https:\/\/mountlaser.com\/vi\/contact-us\/\">Bao \u0111\u1ef1ng m\u1ec1m cho ch\u00e2n m\u00e1y v\u00e0 b\u1ed9 chuy\u1ec3n \u0111\u1ed5i<\/a> C\u00e1c t\u00f9y ch\u1ecdn n\u00e0y \u0111\u1ea3m b\u1ea3o c\u00f4ng c\u1ee5 c\u1ee7a b\u1ea1n lu\u00f4n \u0111\u01b0\u1ee3c b\u1ea3o m\u1eadt, s\u1eafp x\u1ebfp g\u1ecdn g\u00e0ng v\u00e0 s\u1eb5n s\u00e0ng cho c\u00f4ng vi\u1ec7c.<\/p>","protected":false},"excerpt":{"rendered":"<ul>\n<li>B\u1ea3o v\u1ec7 chuy\u00ean d\u1ee5ng: V\u1ecf m\u1ec1m \u0111\u01b0\u1ee3c thi\u1ebft k\u1ebf ri\u00eang cho ch\u00e2n m\u00e1y v\u00e0 b\u1ed9 chuy\u1ec3n \u0111\u1ed5i, \u0111\u1ea3m b\u1ea3o v\u1eeba kh\u00edt v\u00e0 b\u1ea3o v\u1ec7 t\u1ed1i \u01b0u.<\/li>\n<li>SC-TA01: Thi\u1ebft k\u1ebf h\u00ecnh tr\u00f2n<\/li>\n<li>M\u00e0u v\u00e0ng b\u1ec1n ch\u1eafc b\u00ean ngo\u00e0i: Ch\u1ea5t li\u1ec7u b\u00ean ngo\u00e0i c\u00f3 \u0111\u1ed9 hi\u1ec3n th\u1ecb cao, d\u1ec5 d\u00e0ng nh\u1eadn bi\u1ebft t\u1ea1i c\u00e1c c\u00f4ng tr\u01b0\u1eddng \u0111\u00f4ng \u0111\u00fac.<\/li>\n<li>Thi\u1ebft k\u1ebf n\u1eafp m\u1edf ph\u00eda tr\u00ean: N\u1eafp m\u1edf nhanh gi\u00fap l\u1ea5y d\u1ee5ng c\u1ee5 d\u1ec5 d\u00e0ng khi \u0111ang l\u00e0m vi\u1ec7c ngo\u00e0i hi\u1ec7n tr\u01b0\u1eddng.<\/li>\n<li>Nh\u1ecf g\u1ecdn v\u00e0 nh\u1eb9: D\u1ec5 d\u00e0ng mang theo, l\u00fd t\u01b0\u1edfng cho c\u00e1c ho\u1ea1t \u0111\u1ed9ng kh\u1ea3o s\u00e1t h\u00e0ng ng\u00e0y.<\/li>\n<li>Kh\u1ea3 n\u0103ng gi\u1ea3m ch\u1ea5n: L\u1edbp \u0111\u1ec7m m\u1ec1m b\u00ean trong b\u1ea3o v\u1ec7 thi\u1ebft b\u1ecb nh\u1ea1y c\u1ea3m kh\u1ecfi va \u0111\u1eadp v\u00e0 tr\u1ea7y x\u01b0\u1edbc.<\/li>\n<\/ul>","protected":false},"featured_media":5758,"comment_status":"open","ping_status":"closed","template":"","meta":[],"product_brand":[],"product_cat":[164,79],"product_tag":[],"class_list":{"0":"post-5754","1":"product","2":"type-product","3":"status-publish","4":"has-post-thumbnail","6":"product_cat-soft-case","7":"product_cat-surveying-accessory","9":"first","10":"instock","11":"shipping-taxable","12":"product-type-simple"},"_links":{"self":[{"href":"https:\/\/mountlaser.com\/vi\/wp-json\/wp\/v2\/product\/5754","targetHints":{"allow":["GET"]}}],"collection":[{"href":"https:\/\/mountlaser.com\/vi\/wp-json\/wp\/v2\/product"}],"about":[{"href":"https:\/\/mountlaser.com\/vi\/wp-json\/wp\/v2\/types\/product"}],"replies":[{"embeddable":true,"href":"https:\/\/mountlaser.com\/vi\/wp-json\/wp\/v2\/comments?post=5754"}],"wp:featuredmedia":[{"embeddable":true,"href":"https:\/\/mountlaser.com\/vi\/wp-json\/wp\/v2\/media\/5758"}],"wp:attachment":[{"href":"https:\/\/mountlaser.com\/vi\/wp-json\/wp\/v2\/media?parent=5754"}],"wp:term":[{"taxonomy":"product_brand","embeddable":true,"href":"https:\/\/mountlaser.com\/vi\/wp-json\/wp\/v2\/product_brand?post=5754"},{"taxonomy":"product_cat","embeddable":true,"href":"https:\/\/mountlaser.com\/vi\/wp-json\/wp\/v2\/product_cat?post=5754"},{"taxonomy":"product_tag","embeddable":true,"href":"https:\/\/mountlaser.com\/vi\/wp-json\/wp\/v2\/product_tag?post=5754"}],"curies":[{"name":"trang web","href":"https:\/\/api.w.org\/{rel}","templated":true}]}}