{"id":5710,"date":"2025-12-10T05:10:33","date_gmt":"2025-12-10T05:10:33","guid":{"rendered":"https:\/\/mountlaser.com\/?post_type=product&#038;p=5710"},"modified":"2025-12-10T05:10:33","modified_gmt":"2025-12-10T05:10:33","slug":"hc-ts-series-hard-case","status":"publish","type":"product","link":"https:\/\/mountlaser.com\/vi\/san-pham\/hc-ts-series-hard-case\/","title":{"rendered":"H\u1ed9p \u0111\u1ef1ng c\u1ee9ng d\u00f2ng HC-TS"},"content":{"rendered":"<p>C\u00e1i <a href=\"https:\/\/mountlaser.com\/vi\/\"><strong>H\u1ed9p \u0111\u1ef1ng c\u1ee9ng d\u00f2ng HC-TS<\/strong><\/a> \u0110\u01b0\u1ee3c thi\u1ebft k\u1ebf \u0111\u1ec3 cung c\u1ea5p kh\u1ea3 n\u0103ng b\u1ea3o v\u1ec7 t\u1ed1i \u0111a cho nhi\u1ec1u lo\u1ea1i m\u00e1y to\u00e0n \u0111\u1ea1c, khi\u1ebfn n\u00f3 tr\u1edf th\u00e0nh m\u1ed9t trong nh\u1eefng s\u1ea3n ph\u1ea9m \u0111\u00e1ng tin c\u1eady nh\u1ea5t. <a href=\"https:\/\/mountlaser.com\/vi\/danh-muc-san-pham\/surveying-accessory\/\"><strong>H\u1ed9p \u0111\u1ef1ng c\u1ee9ng cho m\u00e1y to\u00e0n \u0111\u1ea1c<\/strong><\/a> c\u00e1c gi\u1ea3i ph\u00e1p tr\u00ean th\u1ecb tr\u01b0\u1eddng. \u0110\u01b0\u1ee3c thi\u1ebft k\u1ebf v\u1edbi k\u1ebft c\u1ea5u ch\u1eafc ch\u1eafn v\u00e0 c\u00e1c ng\u0103n b\u00ean trong \u0111\u01b0\u1ee3c t\u00f9y ch\u1ec9nh, h\u1ed9p \u0111\u1ef1ng c\u1ee9ng d\u00f2ng HC-TS \u0111\u1ea3m b\u1ea3o c\u00e1c d\u1ee5ng c\u1ee5 \u0111o \u0111\u1ea1c nh\u1ea1y c\u1ea3m \u0111\u01b0\u1ee3c an to\u00e0n trong qu\u00e1 tr\u00ecnh v\u1eadn chuy\u1ec3n v\u00e0 b\u1ea3o qu\u1ea3n. Cho d\u00f9 \u0111\u01b0\u1ee3c s\u1eed d\u1ee5ng cho c\u00e1c thi\u1ebft b\u1ecb c\u1ee7a Nh\u1eadt B\u1ea3n, Th\u1ee5y S\u0129 hay c\u00e1c th\u01b0\u01a1ng hi\u1ec7u Nam M\u1ef9, h\u1ed9p \u0111\u1ef1ng m\u00e1y to\u00e0n \u0111\u1ea1c \u0111a n\u0103ng n\u00e0y mang l\u1ea1i hi\u1ec7u su\u1ea5t \u0111\u00e1ng tin c\u1eady trong c\u00e1c \u0111i\u1ec1u ki\u1ec7n kh\u1eafc nghi\u1ec7t ngo\u00e0i hi\u1ec7n tr\u01b0\u1eddng.<\/p>\n<table width=\"716\">\n<tbody>\n<tr>\n<td width=\"170\">M\u00e3 s\u1ed1 s\u1ea3n ph\u1ea9m.<\/td>\n<td width=\"262\">GHI CH\u00da<\/td>\n<td width=\"284\">H\u00ccNH \u1ea2NH<\/td>\n<\/tr>\n<tr>\n<td>HC-TS01RD<\/td>\n<td>\u0110\u1ed1i v\u1edbi m\u00e1y to\u00e0n \u0111\u1ea1c \u0111i\u1ec7n t\u1eed, m\u00e0u \u0111\u1ecf.<\/td>\n<td><img fetchpriority=\"high\" decoding=\"async\" class=\"alignnone wp-image-5714\" src=\"https:\/\/mountlaser.com\/wp-content\/uploads\/2025\/12\/HC-TS014.webp\" alt=\"HC-TS series hard case\" width=\"500\" height=\"500\" srcset=\"https:\/\/mountlaser.com\/wp-content\/uploads\/2025\/12\/HC-TS014.webp 1000w, https:\/\/mountlaser.com\/wp-content\/uploads\/2025\/12\/HC-TS014-300x300.webp 300w, https:\/\/mountlaser.com\/wp-content\/uploads\/2025\/12\/HC-TS014-150x150.webp 150w, https:\/\/mountlaser.com\/wp-content\/uploads\/2025\/12\/HC-TS014-768x768.webp 768w, https:\/\/mountlaser.com\/wp-content\/uploads\/2025\/12\/HC-TS014-12x12.webp 12w, https:\/\/mountlaser.com\/wp-content\/uploads\/2025\/12\/HC-TS014-600x600.webp 600w, https:\/\/mountlaser.com\/wp-content\/uploads\/2025\/12\/HC-TS014-800x800.webp 800w, https:\/\/mountlaser.com\/wp-content\/uploads\/2025\/12\/HC-TS014-400x400.webp 400w\" sizes=\"(max-width: 500px) 100vw, 500px\" \/><\/td>\n<\/tr>\n<tr>\n<td>HC-TS02<\/td>\n<td>D\u00e0nh cho m\u00e1y to\u00e0n \u0111\u1ea1c \u0111i\u1ec7n t\u1eed hi\u1ec7u NIK c\u1ee7a Nh\u1eadt B\u1ea3n.<\/td>\n<td><img decoding=\"async\" class=\"alignnone wp-image-5679 size-medium\" src=\"https:\/\/mountlaser.com\/wp-content\/uploads\/2025\/12\/HC-PS01RD6-300x300.webp\" alt=\"HC-TS series hard case\" width=\"300\" height=\"300\" srcset=\"https:\/\/mountlaser.com\/wp-content\/uploads\/2025\/12\/HC-PS01RD6-300x300.webp 300w, https:\/\/mountlaser.com\/wp-content\/uploads\/2025\/12\/HC-PS01RD6-150x150.webp 150w, https:\/\/mountlaser.com\/wp-content\/uploads\/2025\/12\/HC-PS01RD6-768x768.webp 768w, https:\/\/mountlaser.com\/wp-content\/uploads\/2025\/12\/HC-PS01RD6-12x12.webp 12w, https:\/\/mountlaser.com\/wp-content\/uploads\/2025\/12\/HC-PS01RD6-600x600.webp 600w, https:\/\/mountlaser.com\/wp-content\/uploads\/2025\/12\/HC-PS01RD6-800x800.webp 800w, https:\/\/mountlaser.com\/wp-content\/uploads\/2025\/12\/HC-PS01RD6-400x400.webp 400w, https:\/\/mountlaser.com\/wp-content\/uploads\/2025\/12\/HC-PS01RD6.webp 1000w\" sizes=\"(max-width: 300px) 100vw, 300px\" \/><\/td>\n<\/tr>\n<tr>\n<td>HC-TS05<\/td>\n<td>\u0110\u1ed1i v\u1edbi m\u00e1y to\u00e0n \u0111\u1ea1c ph\u00eda Nam<\/td>\n<td><img decoding=\"async\" class=\"alignnone wp-image-5733 size-medium\" src=\"https:\/\/mountlaser.com\/wp-content\/uploads\/2025\/12\/HC-TS055-300x300.webp\" alt=\"HC-TS series hard case\" width=\"300\" height=\"300\" srcset=\"https:\/\/mountlaser.com\/wp-content\/uploads\/2025\/12\/HC-TS055-300x300.webp 300w, https:\/\/mountlaser.com\/wp-content\/uploads\/2025\/12\/HC-TS055-150x150.webp 150w, https:\/\/mountlaser.com\/wp-content\/uploads\/2025\/12\/HC-TS055-768x768.webp 768w, https:\/\/mountlaser.com\/wp-content\/uploads\/2025\/12\/HC-TS055-12x12.webp 12w, https:\/\/mountlaser.com\/wp-content\/uploads\/2025\/12\/HC-TS055-600x600.webp 600w, https:\/\/mountlaser.com\/wp-content\/uploads\/2025\/12\/HC-TS055-800x800.webp 800w, https:\/\/mountlaser.com\/wp-content\/uploads\/2025\/12\/HC-TS055-400x400.webp 400w, https:\/\/mountlaser.com\/wp-content\/uploads\/2025\/12\/HC-TS055.webp 1000w\" sizes=\"(max-width: 300px) 100vw, 300px\" \/><\/td>\n<\/tr>\n<tr>\n<td>HC-TS03<\/td>\n<td>D\u00e0nh cho th\u01b0\u01a1ng hi\u1ec7u h\u00e0ng \u0111\u1ea7u Nh\u1eadt B\u1ea3n GTS102\/332<\/td>\n<td><img loading=\"lazy\" decoding=\"async\" class=\"alignnone wp-image-5721 size-medium\" src=\"https:\/\/mountlaser.com\/wp-content\/uploads\/2025\/12\/HC-TS035-300x300.webp\" alt=\"HC-TS series hard case\" width=\"300\" height=\"300\" srcset=\"https:\/\/mountlaser.com\/wp-content\/uploads\/2025\/12\/HC-TS035-300x300.webp 300w, https:\/\/mountlaser.com\/wp-content\/uploads\/2025\/12\/HC-TS035-150x150.webp 150w, https:\/\/mountlaser.com\/wp-content\/uploads\/2025\/12\/HC-TS035-768x768.webp 768w, https:\/\/mountlaser.com\/wp-content\/uploads\/2025\/12\/HC-TS035-12x12.webp 12w, https:\/\/mountlaser.com\/wp-content\/uploads\/2025\/12\/HC-TS035-600x600.webp 600w, https:\/\/mountlaser.com\/wp-content\/uploads\/2025\/12\/HC-TS035-800x800.webp 800w, https:\/\/mountlaser.com\/wp-content\/uploads\/2025\/12\/HC-TS035-400x400.webp 400w, https:\/\/mountlaser.com\/wp-content\/uploads\/2025\/12\/HC-TS035.webp 1000w\" sizes=\"(max-width: 300px) 100vw, 300px\" \/><\/td>\n<\/tr>\n<tr>\n<td>HC-TS04<\/td>\n<td>D\u00e0nh cho c\u00e1c d\u00f2ng xe h\u00e0ng \u0111\u1ea7u Nh\u1eadt B\u1ea3n nh\u01b0 GM\/ES\/GTS200<\/td>\n<td><img loading=\"lazy\" decoding=\"async\" class=\"alignnone wp-image-5726 size-medium\" src=\"https:\/\/mountlaser.com\/wp-content\/uploads\/2025\/12\/HC-TS044-300x300.webp\" alt=\"HC-TS series hard case\" width=\"300\" height=\"300\" srcset=\"https:\/\/mountlaser.com\/wp-content\/uploads\/2025\/12\/HC-TS044-300x300.webp 300w, https:\/\/mountlaser.com\/wp-content\/uploads\/2025\/12\/HC-TS044-150x150.webp 150w, https:\/\/mountlaser.com\/wp-content\/uploads\/2025\/12\/HC-TS044-768x768.webp 768w, https:\/\/mountlaser.com\/wp-content\/uploads\/2025\/12\/HC-TS044-12x12.webp 12w, https:\/\/mountlaser.com\/wp-content\/uploads\/2025\/12\/HC-TS044-600x600.webp 600w, https:\/\/mountlaser.com\/wp-content\/uploads\/2025\/12\/HC-TS044-800x800.webp 800w, https:\/\/mountlaser.com\/wp-content\/uploads\/2025\/12\/HC-TS044-400x400.webp 400w, https:\/\/mountlaser.com\/wp-content\/uploads\/2025\/12\/HC-TS044.webp 1000w\" sizes=\"(max-width: 300px) 100vw, 300px\" \/><\/td>\n<\/tr>\n<tr>\n<td>HC-TS07<\/td>\n<td>D\u00e0nh cho m\u00e1y to\u00e0n \u0111\u1ea1c \u0111i\u1ec7n t\u1eed Th\u1ee5y S\u0129 TS03\/07 TZ05\/07\/08\/12<\/td>\n<td><img loading=\"lazy\" decoding=\"async\" class=\"alignnone wp-image-5747 size-medium\" src=\"https:\/\/mountlaser.com\/wp-content\/uploads\/2025\/12\/HC-TS076-300x300.webp\" alt=\"HC-TS series hard case\" width=\"300\" height=\"300\" srcset=\"https:\/\/mountlaser.com\/wp-content\/uploads\/2025\/12\/HC-TS076-300x300.webp 300w, https:\/\/mountlaser.com\/wp-content\/uploads\/2025\/12\/HC-TS076-150x150.webp 150w, https:\/\/mountlaser.com\/wp-content\/uploads\/2025\/12\/HC-TS076-768x768.webp 768w, https:\/\/mountlaser.com\/wp-content\/uploads\/2025\/12\/HC-TS076-12x12.webp 12w, https:\/\/mountlaser.com\/wp-content\/uploads\/2025\/12\/HC-TS076-600x600.webp 600w, https:\/\/mountlaser.com\/wp-content\/uploads\/2025\/12\/HC-TS076-800x800.webp 800w, https:\/\/mountlaser.com\/wp-content\/uploads\/2025\/12\/HC-TS076-400x400.webp 400w, https:\/\/mountlaser.com\/wp-content\/uploads\/2025\/12\/HC-TS076.webp 1000w\" sizes=\"(max-width: 300px) 100vw, 300px\" \/><\/td>\n<\/tr>\n<tr>\n<td>HC-TS15<\/td>\n<td width=\"262\">D\u00e0nh cho m\u00e1y to\u00e0n \u0111\u1ea1c \u0111i\u1ec7n t\u1eed Th\u1ee5y S\u0129 TS15\/16<\/td>\n<td><img loading=\"lazy\" decoding=\"async\" class=\"alignnone wp-image-5752 size-medium\" src=\"https:\/\/mountlaser.com\/wp-content\/uploads\/2025\/12\/HC-TS155-300x300.webp\" alt=\"HC-TS series hard case\" width=\"300\" height=\"300\" srcset=\"https:\/\/mountlaser.com\/wp-content\/uploads\/2025\/12\/HC-TS155-300x300.webp 300w, https:\/\/mountlaser.com\/wp-content\/uploads\/2025\/12\/HC-TS155-150x150.webp 150w, https:\/\/mountlaser.com\/wp-content\/uploads\/2025\/12\/HC-TS155-768x768.webp 768w, https:\/\/mountlaser.com\/wp-content\/uploads\/2025\/12\/HC-TS155-12x12.webp 12w, https:\/\/mountlaser.com\/wp-content\/uploads\/2025\/12\/HC-TS155-600x600.webp 600w, https:\/\/mountlaser.com\/wp-content\/uploads\/2025\/12\/HC-TS155-800x800.webp 800w, https:\/\/mountlaser.com\/wp-content\/uploads\/2025\/12\/HC-TS155-400x400.webp 400w, https:\/\/mountlaser.com\/wp-content\/uploads\/2025\/12\/HC-TS155.webp 1000w\" sizes=\"(max-width: 300px) 100vw, 300px\" \/><\/td>\n<\/tr>\n<tr>\n<td>HC-TS06<\/td>\n<td>D\u00e0nh cho m\u00e1y to\u00e0n \u0111\u1ea1c \u0111i\u1ec7n t\u1eed Th\u1ee5y S\u0129 TS02\/06\/09<\/td>\n<td><img loading=\"lazy\" decoding=\"async\" class=\"alignnone wp-image-5739 size-medium\" src=\"https:\/\/mountlaser.com\/wp-content\/uploads\/2025\/12\/HC-TS065-300x300.webp\" alt=\"HC-TS series hard case\" width=\"300\" height=\"300\" srcset=\"https:\/\/mountlaser.com\/wp-content\/uploads\/2025\/12\/HC-TS065-300x300.webp 300w, https:\/\/mountlaser.com\/wp-content\/uploads\/2025\/12\/HC-TS065-150x150.webp 150w, https:\/\/mountlaser.com\/wp-content\/uploads\/2025\/12\/HC-TS065-768x768.webp 768w, https:\/\/mountlaser.com\/wp-content\/uploads\/2025\/12\/HC-TS065-12x12.webp 12w, https:\/\/mountlaser.com\/wp-content\/uploads\/2025\/12\/HC-TS065-600x600.webp 600w, https:\/\/mountlaser.com\/wp-content\/uploads\/2025\/12\/HC-TS065-800x800.webp 800w, https:\/\/mountlaser.com\/wp-content\/uploads\/2025\/12\/HC-TS065-400x400.webp 400w, https:\/\/mountlaser.com\/wp-content\/uploads\/2025\/12\/HC-TS065.webp 1000w\" sizes=\"(max-width: 300px) 100vw, 300px\" \/><\/td>\n<\/tr>\n<\/tbody>\n<\/table>","protected":false},"excerpt":{"rendered":"<ul>\n<li>Kh\u1ea3 n\u0103ng b\u1ea3o v\u1ec7 b\u1ec1n b\u1ec9: L\u1edbp v\u1ecf ngo\u00e0i c\u1ee9ng c\u00e1p mang l\u1ea1i kh\u1ea3 n\u0103ng ch\u1ed1ng s\u1ed1c v\u00e0 va \u0111\u1eadp v\u01b0\u1ee3t tr\u1ed9i.<\/li>\n<li>N\u1ed9i th\u1ea5t \u0111\u01b0\u1ee3c thi\u1ebft k\u1ebf ri\u00eang cho t\u1eebng lo\u1ea1i m\u00e1y: Khu\u00f4n \u0111\u00fac t\u00f9y ch\u1ec9nh \u0111\u1ea3m b\u1ea3o s\u1ef1 v\u1eeba kh\u00edt ch\u1eafc ch\u1eafn cho t\u1eebng m\u1eabu m\u00e1y to\u00e0n \u0111\u1ea1c.<\/li>\n<li>V\u1eadn chuy\u1ec3n \u0111\u00e1ng tin c\u1eady: Tay c\u1ea7m ch\u1eafc ch\u1eafn v\u00e0 c\u01a1 ch\u1ebf kh\u00f3a an to\u00e0n \u0111\u1ea3m b\u1ea3o v\u1eadn chuy\u1ec3n an to\u00e0n tr\u00ean th\u1ef1c \u0111\u1ecba.<\/li>\n<li>C\u00e1c t\u00f9y ch\u1ecdn d\u00e0nh ri\u00eang cho t\u1eebng m\u1eabu m\u00e1y: Nhi\u1ec1u ki\u1ec3u thi\u1ebft k\u1ebf v\u1ecf m\u00e1y kh\u00e1c nhau \u0111\u01b0\u1ee3c thi\u1ebft k\u1ebf ri\u00eang cho c\u00e1c th\u01b0\u01a1ng hi\u1ec7u m\u00e1y \u0111o tr\u1eafc \u0111\u1ecba to\u00e0n c\u1ea7u.<\/li>\n<\/ul>","protected":false},"featured_media":5733,"comment_status":"open","ping_status":"closed","template":"","meta":[],"product_brand":[],"product_cat":[163,79],"product_tag":[],"class_list":{"0":"post-5710","1":"product","2":"type-product","3":"status-publish","4":"has-post-thumbnail","6":"product_cat-hard-case","7":"product_cat-surveying-accessory","9":"first","10":"instock","11":"shipping-taxable","12":"product-type-simple"},"_links":{"self":[{"href":"https:\/\/mountlaser.com\/vi\/wp-json\/wp\/v2\/product\/5710","targetHints":{"allow":["GET"]}}],"collection":[{"href":"https:\/\/mountlaser.com\/vi\/wp-json\/wp\/v2\/product"}],"about":[{"href":"https:\/\/mountlaser.com\/vi\/wp-json\/wp\/v2\/types\/product"}],"replies":[{"embeddable":true,"href":"https:\/\/mountlaser.com\/vi\/wp-json\/wp\/v2\/comments?post=5710"}],"wp:featuredmedia":[{"embeddable":true,"href":"https:\/\/mountlaser.com\/vi\/wp-json\/wp\/v2\/media\/5733"}],"wp:attachment":[{"href":"https:\/\/mountlaser.com\/vi\/wp-json\/wp\/v2\/media?parent=5710"}],"wp:term":[{"taxonomy":"product_brand","embeddable":true,"href":"https:\/\/mountlaser.com\/vi\/wp-json\/wp\/v2\/product_brand?post=5710"},{"taxonomy":"product_cat","embeddable":true,"href":"https:\/\/mountlaser.com\/vi\/wp-json\/wp\/v2\/product_cat?post=5710"},{"taxonomy":"product_tag","embeddable":true,"href":"https:\/\/mountlaser.com\/vi\/wp-json\/wp\/v2\/product_tag?post=5710"}],"curies":[{"name":"trang web","href":"https:\/\/api.w.org\/{rel}","templated":true}]}}