{"id":5702,"date":"2025-12-10T02:49:02","date_gmt":"2025-12-10T02:49:02","guid":{"rendered":"https:\/\/mountlaser.com\/?post_type=product&#038;p=5702"},"modified":"2025-12-10T02:49:02","modified_gmt":"2025-12-10T02:49:02","slug":"hc-th01-hard-case","status":"publish","type":"product","link":"https:\/\/mountlaser.com\/vi\/san-pham\/hc-th01-hard-case\/","title":{"rendered":"H\u1ed9p \u0111\u1ef1ng c\u1ee9ng HC-TH01"},"content":{"rendered":"<p>C\u00e1i <a href=\"https:\/\/mountlaser.com\/vi\/\"><strong>H\u1ed9p \u0111\u1ef1ng c\u1ee9ng HC-TH01<\/strong><\/a> \u0110\u00e2y l\u00e0 gi\u1ea3i ph\u00e1p l\u01b0u tr\u1eef b\u1ec1n ch\u1eafc v\u00e0 b\u1ea3o v\u1ec7 \u0111\u01b0\u1ee3c thi\u1ebft k\u1ebf \u0111\u1eb7c bi\u1ec7t \u0111\u1ec3 b\u1ea3o v\u1ec7 c\u00e1c d\u1ee5ng c\u1ee5 \u0111o \u0111\u1ea1c ch\u00ednh x\u00e1c. \u0110\u01b0\u1ee3c ch\u1ebf t\u1ea1o \u0111\u1ec3 \u0111\u1ea3m b\u1ea3o \u0111\u1ed9 tin c\u1eady trong \u0111i\u1ec1u ki\u1ec7n th\u1ef1c \u0111\u1ecba, h\u1ed9p \u0111\u1ef1ng m\u00e1y kinh v\u0129 c\u1ee9ng c\u00e1p n\u00e0y cung c\u1ea5p kh\u1ea3 n\u0103ng ch\u1ed1ng s\u1ed1c m\u1ea1nh m\u1ebd v\u00e0 l\u1edbp \u0111\u1ec7m b\u00ean trong ch\u1eafc ch\u1eafn \u0111\u1ec3 gi\u1eef cho m\u00e1y kinh v\u0129 c\u1ee7a b\u1ea1n an to\u00e0n trong qu\u00e1 tr\u00ecnh v\u1eadn chuy\u1ec3n v\u00e0 s\u1eed d\u1ee5ng h\u00e0ng ng\u00e0y.<\/p>\n<p><img fetchpriority=\"high\" decoding=\"async\" class=\"aligncenter wp-image-5708\" src=\"https:\/\/mountlaser.com\/wp-content\/uploads\/2025\/12\/HC-TH016.webp\" alt=\"HC-TH01 Hard case\" width=\"500\" height=\"500\" srcset=\"https:\/\/mountlaser.com\/wp-content\/uploads\/2025\/12\/HC-TH016.webp 1000w, https:\/\/mountlaser.com\/wp-content\/uploads\/2025\/12\/HC-TH016-300x300.webp 300w, https:\/\/mountlaser.com\/wp-content\/uploads\/2025\/12\/HC-TH016-150x150.webp 150w, https:\/\/mountlaser.com\/wp-content\/uploads\/2025\/12\/HC-TH016-768x768.webp 768w, https:\/\/mountlaser.com\/wp-content\/uploads\/2025\/12\/HC-TH016-12x12.webp 12w, https:\/\/mountlaser.com\/wp-content\/uploads\/2025\/12\/HC-TH016-600x600.webp 600w, https:\/\/mountlaser.com\/wp-content\/uploads\/2025\/12\/HC-TH016-800x800.webp 800w, https:\/\/mountlaser.com\/wp-content\/uploads\/2025\/12\/HC-TH016-400x400.webp 400w\" sizes=\"(max-width: 500px) 100vw, 500px\" \/><\/p>\n<p>\u0110\u01b0\u1ee3c ch\u1ebf t\u1ea1o v\u1edbi l\u1edbp s\u01a1n m\u00e0u \u0111\u1ecf n\u1ed5i b\u1eadt, h\u1ed9p \u0111\u1ef1ng c\u1ee9ng HC-TH01 d\u1ec5 d\u00e0ng nh\u1eadn bi\u1ebft t\u1ea1i c\u00e1c c\u00f4ng tr\u01b0\u1eddng \u0111\u00f4ng \u0111\u00fac v\u00e0 c\u00f3 \u0111\u1ed9 b\u1ec1n l\u00e2u d\u00e0i trong m\u00f4i tr\u01b0\u1eddng kh\u1eafc nghi\u1ec7t. Cho d\u00f9 \u0111\u01b0\u1ee3c s\u1eed d\u1ee5ng trong x\u00e2y d\u1ef1ng, kh\u1ea3o s\u00e1t \u0111\u1ecba h\u00ecnh hay c\u00e1c \u1ee9ng d\u1ee5ng k\u1ef9 thu\u1eadt, h\u1ed9p \u0111\u1ef1ng n\u00e0y \u0111\u1ec1u r\u1ea5t h\u1eefu \u00edch. <a href=\"https:\/\/mountlaser.com\/vi\/products\/\"><strong>H\u1ed9p \u0111\u1ef1ng c\u1ee9ng cho m\u00e1y kinh v\u0129<\/strong><\/a> \u0110\u1ea3m b\u1ea3o c\u00e1c thi\u1ebft b\u1ecb quang h\u1ecdc nh\u1ea1y c\u1ea3m \u0111\u01b0\u1ee3c b\u1ea3o v\u1ec7 ho\u00e0n to\u00e0n kh\u1ecfi b\u1ee5i, h\u01a1i \u1ea9m v\u00e0 va \u0111\u1eadp.<\/p>","protected":false},"excerpt":{"rendered":"<ul>\n<li>H\u1ed9p \u0111\u1ef1ng c\u1ee9ng HC-TH01 \u0111\u01b0\u1ee3c thi\u1ebft k\u1ebf \u0111\u1eb7c bi\u1ec7t \u0111\u1ec3 \u0111\u1ef1ng m\u00e1y kinh v\u0129, \u0111\u1ea3m b\u1ea3o v\u1eeba kh\u00edt v\u00e0 ch\u1eafc ch\u1eafn.<\/li>\n<li>L\u1edbp v\u1ecf ngo\u00e0i c\u01b0\u1eddng \u0111\u1ed9 cao mang l\u1ea1i kh\u1ea3 n\u0103ng b\u1ea3o v\u1ec7 t\u1ed1i \u0111a tr\u01b0\u1edbc c\u00e1c \u0111i\u1ec1u ki\u1ec7n kh\u1eafc nghi\u1ec7t ngo\u00e0i tr\u1eddi.<\/li>\n<li>L\u1edbp \u0111\u1ec7m b\u00ean trong ch\u1ed1ng s\u1ed1c gi\u00fap ng\u0103n ng\u1eeba h\u01b0 h\u1ecfng do rung \u0111\u1ed9ng.<\/li>\n<li>M\u00e0u \u0111\u1ecf t\u01b0\u01a1i gi\u00fap t\u0103ng kh\u1ea3 n\u0103ng hi\u1ec3n th\u1ecb v\u00e0 d\u1ec5 d\u00e0ng nh\u1eadn bi\u1ebft t\u1ea1i hi\u1ec7n tr\u01b0\u1eddng.<\/li>\n<li>C\u01a1 ch\u1ebf kh\u00f3a ch\u1eafc ch\u1eafn \u0111\u1ea3m b\u1ea3o v\u1eadn chuy\u1ec3n an to\u00e0n v\u00e0 \u0111\u00e1ng tin c\u1eady.<\/li>\n<\/ul>","protected":false},"featured_media":5706,"comment_status":"open","ping_status":"closed","template":"","meta":[],"product_brand":[],"product_cat":[163,79],"product_tag":[],"class_list":{"0":"post-5702","1":"product","2":"type-product","3":"status-publish","4":"has-post-thumbnail","6":"product_cat-hard-case","7":"product_cat-surveying-accessory","9":"first","10":"instock","11":"shipping-taxable","12":"product-type-simple"},"_links":{"self":[{"href":"https:\/\/mountlaser.com\/vi\/wp-json\/wp\/v2\/product\/5702","targetHints":{"allow":["GET"]}}],"collection":[{"href":"https:\/\/mountlaser.com\/vi\/wp-json\/wp\/v2\/product"}],"about":[{"href":"https:\/\/mountlaser.com\/vi\/wp-json\/wp\/v2\/types\/product"}],"replies":[{"embeddable":true,"href":"https:\/\/mountlaser.com\/vi\/wp-json\/wp\/v2\/comments?post=5702"}],"wp:featuredmedia":[{"embeddable":true,"href":"https:\/\/mountlaser.com\/vi\/wp-json\/wp\/v2\/media\/5706"}],"wp:attachment":[{"href":"https:\/\/mountlaser.com\/vi\/wp-json\/wp\/v2\/media?parent=5702"}],"wp:term":[{"taxonomy":"product_brand","embeddable":true,"href":"https:\/\/mountlaser.com\/vi\/wp-json\/wp\/v2\/product_brand?post=5702"},{"taxonomy":"product_cat","embeddable":true,"href":"https:\/\/mountlaser.com\/vi\/wp-json\/wp\/v2\/product_cat?post=5702"},{"taxonomy":"product_tag","embeddable":true,"href":"https:\/\/mountlaser.com\/vi\/wp-json\/wp\/v2\/product_tag?post=5702"}],"curies":[{"name":"trang web","href":"https:\/\/api.w.org\/{rel}","templated":true}]}}