{"id":5673,"date":"2025-12-10T02:12:59","date_gmt":"2025-12-10T02:12:59","guid":{"rendered":"https:\/\/mountlaser.com\/?post_type=product&#038;p=5673"},"modified":"2025-12-10T09:25:22","modified_gmt":"2025-12-10T09:25:22","slug":"hc-ps-series-hard-case","status":"publish","type":"product","link":"https:\/\/mountlaser.com\/vi\/san-pham\/hc-ps-series-hard-case\/","title":{"rendered":"H\u1ed9p \u0111\u1ef1ng c\u1ee9ng d\u00f2ng HC-PS"},"content":{"rendered":"<p>C\u00e1i <a href=\"https:\/\/mountlaser.com\/vi\/\"><strong>H\u1ed9p \u0111\u1ef1ng c\u1ee9ng d\u00f2ng HC-PS<\/strong><\/a> \u0110\u00e2y l\u00e0 gi\u1ea3i ph\u00e1p l\u01b0u tr\u1eef b\u1ec1n b\u1ec9 v\u00e0 \u0111\u00e1ng tin c\u1eady, \u0111\u01b0\u1ee3c thi\u1ebft k\u1ebf \u0111\u1eb7c bi\u1ec7t \u0111\u1ec3 b\u1ea3o v\u1ec7 c\u00e1c b\u1ed9 l\u0103ng k\u00ednh chuy\u00ean nghi\u1ec7p \u0111\u01b0\u1ee3c s\u1eed d\u1ee5ng trong c\u00e1c \u1ee9ng d\u1ee5ng kh\u1ea3o s\u00e1t. \u0110\u01b0\u1ee3c thi\u1ebft k\u1ebf \u0111\u1ec3 \u0111\u1ea3m b\u1ea3o an to\u00e0n v\u00e0 s\u1eafp x\u1ebfp t\u1ed1i \u0111a, nh\u1eefng b\u1ed9 l\u0103ng k\u00ednh n\u00e0y... <a href=\"https:\/\/mountlaser.com\/vi\/danh-muc-san-pham\/surveying-accessory\/\"><strong>H\u1ed9p \u0111\u1ef1ng c\u1ee9ng cho b\u1ed9 l\u0103ng k\u00ednh<\/strong><\/a> Cung c\u1ea5p kh\u1ea3 n\u0103ng b\u1ea3o v\u1ec7 b\u00ean ngo\u00e0i m\u1ea1nh m\u1ebd, b\u1ed1 tr\u00ed b\u00ean trong an to\u00e0n v\u00e0 hi\u1ec7u su\u1ea5t ho\u1ea1t \u0111\u1ed9ng l\u00e2u d\u00e0i ngo\u00e0i th\u1ef1c \u0111\u1ecba.<\/p>\n<p>H\u1ed9p \u0111\u1ef1ng c\u1ee9ng d\u00f2ng HC-PS c\u00f3 nhi\u1ec1u c\u1ea5u h\u00ecnh kh\u00e1c nhau \u0111\u1ec3 ph\u00f9 h\u1ee3p v\u1edbi c\u00e1c thi\u1ebft l\u1eadp l\u0103ng k\u00ednh kh\u00e1c nhau.<br \/>\nHC-PS01 c\u00f3 thi\u1ebft k\u1ebf l\u0103ng k\u00ednh \u0111\u01a1n v\u00e0 c\u00f3 hai t\u00f9y ch\u1ecdn m\u00e0u \u0111\u1ecf ho\u1eb7c v\u00e0ng, trong khi HC-PS02 v\u00e0 HC-PS03 cung c\u1ea5p thi\u1ebft k\u1ebf l\u0103ng k\u00ednh k\u00e9p m\u00e0u \u0111\u1ecf d\u00e0nh cho ng\u01b0\u1eddi d\u00f9ng c\u1ea7n dung l\u01b0\u1ee3ng l\u01b0u tr\u1eef l\u1edbn h\u01a1n. B\u1ea5t k\u1ec3 ki\u1ec3u d\u00e1ng n\u00e0o, m\u1ed7i chi\u1ebfc h\u1ed9p \u0111\u1ec1u \u0111\u1ea3m b\u1ea3o b\u1ea3o v\u1ec7 \u1ed5n \u0111\u1ecbnh cho c\u00e1c linh ki\u1ec7n quang h\u1ecdc qu\u00fd gi\u00e1.<\/p>\n<p>\u0110\u01b0\u1ee3c ch\u1ebf t\u1ea1o b\u1eb1ng v\u1eadt li\u1ec7u ch\u1eafc ch\u1eafn v\u00e0 c\u00f3 k\u1ebft c\u1ea5u \u0111\u01b0\u1ee3c gia c\u1ed1, nh\u1eefng c\u00f4ng tr\u00ecnh n\u00e0y <a href=\"https:\/\/mountlaser.com\/vi\/about-us\/\">H\u1ed9p \u0111\u1ef1ng c\u1ee9ng cho b\u1ed9 l\u0103ng k\u00ednh<\/a> B\u1ea3o v\u1ec7 thi\u1ebft b\u1ecb kh\u1ecfi va \u0111\u1eadp, b\u1ee5i b\u1ea9n v\u00e0 h\u01a1i \u1ea9m trong qu\u00e1 tr\u00ecnh v\u1eadn chuy\u1ec3n ho\u1eb7c s\u1eed d\u1ee5ng ngo\u00e0i hi\u1ec7n tr\u01b0\u1eddng. N\u1ed9i th\u1ea5t \u0111\u01b0\u1ee3c \u0111\u00fac khu\u00f4n gi\u00fap gi\u1eef t\u1ea5t c\u1ea3 c\u00e1c b\u1ed9 ph\u1eadn \u0111\u01b0\u1ee3c c\u1ed1 \u0111\u1ecbnh ch\u1eafc ch\u1eafn, gi\u1ea3m nguy c\u01a1 h\u01b0 h\u1ecfng v\u00e0 bi\u1ebfn h\u1ed9p \u0111\u1ef1ng c\u1ee9ng HC-PS Series tr\u1edf th\u00e0nh ph\u1ee5 ki\u1ec7n thi\u1ebft y\u1ebfu cho c\u00e1c nh\u00e0 kh\u1ea3o s\u00e1t \u0111ang t\u00ecm ki\u1ebfm ph\u01b0\u01a1ng ti\u1ec7n v\u1eadn chuy\u1ec3n thi\u1ebft b\u1ecb \u0111\u00e1ng tin c\u1eady.<\/p>\n<div>\n<table style=\"border-collapse: collapse; width: 371.27pt;\" border=\"0\" width=\"495\" cellspacing=\"0\" cellpadding=\"0\">\n<tbody>\n<tr style=\"height: 14.25pt;\">\n<td class=\"et2\" style=\"height: 14.25pt; width: 127.50pt;\" width=\"170\" height=\"19\">CON S\u1ed0<\/td>\n<td class=\"et3\" style=\"width: 92.25pt;\" width=\"123\">M\u00c0U S\u1eaeC<\/td>\n<td class=\"et3\" style=\"width: 151.50pt;\" width=\"202\">H\u00ccNH \u1ea2NH<\/td>\n<\/tr>\n<tr style=\"height: 14.25pt;\">\n<td class=\"et4\" style=\"height: 14.25pt;\" height=\"19\">HC-PS01RD<\/td>\n<td class=\"et5\">M\u00e0u \u0111\u1ecf<\/td>\n<td class=\"et6\"><img fetchpriority=\"high\" decoding=\"async\" class=\"alignnone wp-image-5678\" src=\"https:\/\/mountlaser.com\/wp-content\/uploads\/2025\/12\/HC-PS01RD5.webp\" alt=\"HC-PS Series hard case\" width=\"500\" height=\"500\" srcset=\"https:\/\/mountlaser.com\/wp-content\/uploads\/2025\/12\/HC-PS01RD5.webp 1000w, https:\/\/mountlaser.com\/wp-content\/uploads\/2025\/12\/HC-PS01RD5-300x300.webp 300w, https:\/\/mountlaser.com\/wp-content\/uploads\/2025\/12\/HC-PS01RD5-150x150.webp 150w, https:\/\/mountlaser.com\/wp-content\/uploads\/2025\/12\/HC-PS01RD5-768x768.webp 768w, https:\/\/mountlaser.com\/wp-content\/uploads\/2025\/12\/HC-PS01RD5-12x12.webp 12w, https:\/\/mountlaser.com\/wp-content\/uploads\/2025\/12\/HC-PS01RD5-600x600.webp 600w, https:\/\/mountlaser.com\/wp-content\/uploads\/2025\/12\/HC-PS01RD5-800x800.webp 800w, https:\/\/mountlaser.com\/wp-content\/uploads\/2025\/12\/HC-PS01RD5-400x400.webp 400w\" sizes=\"(max-width: 500px) 100vw, 500px\" \/><\/td>\n<\/tr>\n<tr style=\"height: 14.25pt;\">\n<td class=\"et4\" style=\"height: 14.25pt;\" height=\"19\">HC-PS01YL<\/td>\n<td class=\"et7\">M\u00e0u v\u00e0ng<\/td>\n<td class=\"et6\"><img decoding=\"async\" class=\"alignnone wp-image-5686\" src=\"https:\/\/mountlaser.com\/wp-content\/uploads\/2025\/12\/HC-PS01YL6.webp\" alt=\"HC-PS Series hard case\" width=\"500\" height=\"500\" srcset=\"https:\/\/mountlaser.com\/wp-content\/uploads\/2025\/12\/HC-PS01YL6.webp 1000w, https:\/\/mountlaser.com\/wp-content\/uploads\/2025\/12\/HC-PS01YL6-300x300.webp 300w, https:\/\/mountlaser.com\/wp-content\/uploads\/2025\/12\/HC-PS01YL6-150x150.webp 150w, https:\/\/mountlaser.com\/wp-content\/uploads\/2025\/12\/HC-PS01YL6-768x768.webp 768w, https:\/\/mountlaser.com\/wp-content\/uploads\/2025\/12\/HC-PS01YL6-12x12.webp 12w, https:\/\/mountlaser.com\/wp-content\/uploads\/2025\/12\/HC-PS01YL6-600x600.webp 600w, https:\/\/mountlaser.com\/wp-content\/uploads\/2025\/12\/HC-PS01YL6-800x800.webp 800w, https:\/\/mountlaser.com\/wp-content\/uploads\/2025\/12\/HC-PS01YL6-400x400.webp 400w\" sizes=\"(max-width: 500px) 100vw, 500px\" \/><\/td>\n<\/tr>\n<tr style=\"height: 14.25pt;\">\n<td class=\"et4\" style=\"height: 14.25pt;\" height=\"19\">HC-PS02RD<\/td>\n<td class=\"et5\">M\u00e0u \u0111\u1ecf<\/td>\n<td class=\"et6\"><img decoding=\"async\" class=\"alignnone wp-image-5693\" src=\"https:\/\/mountlaser.com\/wp-content\/uploads\/2025\/12\/HC-PS026.webp\" alt=\"HC-PS Series hard case\" width=\"500\" height=\"500\" srcset=\"https:\/\/mountlaser.com\/wp-content\/uploads\/2025\/12\/HC-PS026.webp 1000w, https:\/\/mountlaser.com\/wp-content\/uploads\/2025\/12\/HC-PS026-300x300.webp 300w, https:\/\/mountlaser.com\/wp-content\/uploads\/2025\/12\/HC-PS026-150x150.webp 150w, https:\/\/mountlaser.com\/wp-content\/uploads\/2025\/12\/HC-PS026-768x768.webp 768w, https:\/\/mountlaser.com\/wp-content\/uploads\/2025\/12\/HC-PS026-12x12.webp 12w, https:\/\/mountlaser.com\/wp-content\/uploads\/2025\/12\/HC-PS026-600x600.webp 600w, https:\/\/mountlaser.com\/wp-content\/uploads\/2025\/12\/HC-PS026-800x800.webp 800w, https:\/\/mountlaser.com\/wp-content\/uploads\/2025\/12\/HC-PS026-400x400.webp 400w\" sizes=\"(max-width: 500px) 100vw, 500px\" \/><\/td>\n<\/tr>\n<tr style=\"height: 14.25pt;\">\n<td class=\"et4\" style=\"height: 14.25pt;\" height=\"19\">HC-PS03RD<\/td>\n<td class=\"et5\">M\u00e0u \u0111\u1ecf<\/td>\n<td class=\"et6\"><img loading=\"lazy\" decoding=\"async\" class=\"alignnone wp-image-5700\" src=\"https:\/\/mountlaser.com\/wp-content\/uploads\/2025\/12\/HC-PS036.webp\" alt=\"HC-PS Series hard case\" width=\"500\" height=\"500\" srcset=\"https:\/\/mountlaser.com\/wp-content\/uploads\/2025\/12\/HC-PS036.webp 1000w, https:\/\/mountlaser.com\/wp-content\/uploads\/2025\/12\/HC-PS036-300x300.webp 300w, https:\/\/mountlaser.com\/wp-content\/uploads\/2025\/12\/HC-PS036-150x150.webp 150w, https:\/\/mountlaser.com\/wp-content\/uploads\/2025\/12\/HC-PS036-768x768.webp 768w, https:\/\/mountlaser.com\/wp-content\/uploads\/2025\/12\/HC-PS036-12x12.webp 12w, https:\/\/mountlaser.com\/wp-content\/uploads\/2025\/12\/HC-PS036-600x600.webp 600w, https:\/\/mountlaser.com\/wp-content\/uploads\/2025\/12\/HC-PS036-800x800.webp 800w, https:\/\/mountlaser.com\/wp-content\/uploads\/2025\/12\/HC-PS036-400x400.webp 400w\" sizes=\"(max-width: 500px) 100vw, 500px\" \/><\/td>\n<\/tr>\n<\/tbody>\n<\/table>\n<\/div>","protected":false},"excerpt":{"rendered":"<ul>\n<li>B\u1ea3o v\u1ec7 b\u1ed9 l\u0103ng k\u00ednh kh\u1ecfi va \u0111\u1eadp, b\u1ee5i b\u1ea9n v\u00e0 h\u01a1i \u1ea9m.<\/li>\n<li>C\u00e1c ng\u0103n \u0111\u00fac b\u00ean trong gi\u00fap c\u1ed1 \u0111\u1ecbnh linh ki\u1ec7n m\u1ed9t c\u00e1ch an to\u00e0n.<\/li>\n<li>C\u00f3 s\u1eb5n c\u1ea5u h\u00ecnh \u0111\u01a1n v\u00e0 \u0111\u00f4i \u0111\u1ec3 \u0111\u00e1p \u1ee9ng c\u00e1c nhu c\u1ea7u l\u01b0u tr\u1eef kh\u00e1c nhau.<\/li>\n<li>C\u00e1c t\u00f9y ch\u1ecdn m\u00e0u s\u1eafc gi\u00fap d\u1ec5 d\u00e0ng nh\u1eadn bi\u1ebft h\u01a1n ngo\u00e0i th\u1ef1c \u0111\u1ecba.<\/li>\n<\/ul>","protected":false},"featured_media":5674,"comment_status":"open","ping_status":"closed","template":"","meta":[],"product_brand":[],"product_cat":[163,79],"product_tag":[],"class_list":{"0":"post-5673","1":"product","2":"type-product","3":"status-publish","4":"has-post-thumbnail","6":"product_cat-hard-case","7":"product_cat-surveying-accessory","9":"first","10":"instock","11":"shipping-taxable","12":"product-type-simple"},"_links":{"self":[{"href":"https:\/\/mountlaser.com\/vi\/wp-json\/wp\/v2\/product\/5673","targetHints":{"allow":["GET"]}}],"collection":[{"href":"https:\/\/mountlaser.com\/vi\/wp-json\/wp\/v2\/product"}],"about":[{"href":"https:\/\/mountlaser.com\/vi\/wp-json\/wp\/v2\/types\/product"}],"replies":[{"embeddable":true,"href":"https:\/\/mountlaser.com\/vi\/wp-json\/wp\/v2\/comments?post=5673"}],"wp:featuredmedia":[{"embeddable":true,"href":"https:\/\/mountlaser.com\/vi\/wp-json\/wp\/v2\/media\/5674"}],"wp:attachment":[{"href":"https:\/\/mountlaser.com\/vi\/wp-json\/wp\/v2\/media?parent=5673"}],"wp:term":[{"taxonomy":"product_brand","embeddable":true,"href":"https:\/\/mountlaser.com\/vi\/wp-json\/wp\/v2\/product_brand?post=5673"},{"taxonomy":"product_cat","embeddable":true,"href":"https:\/\/mountlaser.com\/vi\/wp-json\/wp\/v2\/product_cat?post=5673"},{"taxonomy":"product_tag","embeddable":true,"href":"https:\/\/mountlaser.com\/vi\/wp-json\/wp\/v2\/product_tag?post=5673"}],"curies":[{"name":"trang web","href":"https:\/\/api.w.org\/{rel}","templated":true}]}}