{"id":5631,"date":"2025-12-09T09:14:29","date_gmt":"2025-12-09T09:14:29","guid":{"rendered":"https:\/\/mountlaser.com\/?post_type=product&#038;p=5631"},"modified":"2025-12-09T09:14:29","modified_gmt":"2025-12-09T09:14:29","slug":"dt-series-theodolite","status":"publish","type":"product","link":"https:\/\/mountlaser.com\/vi\/san-pham\/dt-series-theodolite\/","title":{"rendered":"M\u00e1y kinh v\u0129 d\u00f2ng DT"},"content":{"rendered":"<p>N\u00e2ng t\u1ea7m c\u00e1c d\u1ef1 \u00e1n kh\u1ea3o s\u00e1t v\u00e0 \u0111o \u0111\u1ea1c c\u1ee7a b\u1ea1n v\u1edbi m\u00e1y kinh v\u0129 d\u00f2ng DT c\u1ee7a Mount Laser, \u0111\u01b0\u1ee3c thi\u1ebft k\u1ebf \u0111\u1ec3 \u0111\u1ea1t \u0111\u1ed9 ch\u00ednh x\u00e1c cao, \u0111\u1ed9 b\u1ec1n v\u01b0\u1ee3t tr\u1ed9i v\u00e0 d\u1ec5 s\u1eed d\u1ee5ng.<\/p>\n<p>C\u00e1i n\u00e0y <a href=\"https:\/\/mountlaser.com\/vi\/\">M\u00e1y kinh v\u0129 d\u00f2ng DT<\/a> bao g\u1ed3m c\u1ea3 phi\u00ean b\u1ea3n n\u00e2ng cao <a href=\"https:\/\/mountlaser.com\/vi\/\"><strong>M\u00e1y kinh v\u0129 \u0111i\u1ec7n t\u1eed DT-01<\/strong><\/a> v\u00e0 m\u00e1y kinh v\u0129 \u0111i\u1ec7n t\u1eed DT-02, c\u1ea3 hai \u0111\u1ec1u \u0111\u01b0\u1ee3c thi\u1ebft k\u1ebf \u0111\u1ec3 \u0111\u00e1p \u1ee9ng nhu c\u1ea7u c\u1ee7a c\u00e1c chuy\u00ean gia trong l\u0129nh v\u1ef1c x\u00e2y d\u1ef1ng, k\u1ef9 thu\u1eadt v\u00e0 kh\u1ea3o s\u00e1t \u0111\u1ecba h\u00ecnh. Cho d\u00f9 b\u1ea1n \u0111ang \u0111o g\u00f3c, c\u0103n ch\u1ec9nh c\u1ea5u tr\u00fac hay th\u1ef1c hi\u1ec7n kh\u1ea3o s\u00e1t \u0111\u1ecba h\u00ecnh, nh\u1eefng m\u00e1y kinh v\u0129 \u0111i\u1ec7n t\u1eed n\u00e0y \u0111\u1ec1u mang l\u1ea1i hi\u1ec7u su\u1ea5t \u0111\u00e1ng tin c\u1eady trong nhi\u1ec1u \u0111i\u1ec1u ki\u1ec7n hi\u1ec7n tr\u01b0\u1eddng kh\u00e1c nhau.<\/p>\n<p>M\u00e1y kinh v\u0129 \u0111i\u1ec7n t\u1eed d\u00f2ng DT \u0111\u01b0\u1ee3c chia th\u00e0nh hai lo\u1ea1i: m\u00e1y kinh v\u0129 \u0111i\u1ec7n t\u1eed DT-01 v\u00e0 m\u00e1y kinh v\u0129 \u0111i\u1ec7n t\u1eed DT-02.<\/p>\n<p>D\u00f2ng m\u00e1y kinh v\u0129 k\u1ef9 thu\u1eadt s\u1ed1 DT-01 bao g\u1ed3m b\u1ed1n lo\u1ea1i sau:<\/p>\n<p>M\u00e1y kinh v\u0129 \u0111i\u1ec7n t\u1eed DT-01LO<br \/>\nM\u00e1y kinh v\u0129, ch\u00e2n \u0111\u1ebf ba ch\u00e2n kh\u00f4ng th\u00e1o r\u1eddi, ph\u00eda d\u01b0\u1edbi: Laser (tia \u0111\u1ecf), ph\u00eda tr\u00ean: Quang h\u1ecdc.<\/p>\n<p>M\u00e1y kinh v\u0129 \u0111i\u1ec7n t\u1eed DT-01LL<br \/>\nM\u00e1y kinh v\u0129, ch\u00e2n \u0111\u1ebf ba ch\u00e2n kh\u00f4ng th\u00e1o r\u1eddi, ph\u00eda d\u01b0\u1edbi: Tia laser (tia \u0111\u1ecf), ph\u00eda tr\u00ean: Tia laser (tia \u0111\u1ecf)<\/p>\n<p>M\u00e1y kinh v\u0129 \u0111i\u1ec7n t\u1eed DT-01OO<br \/>\nM\u00e1y kinh v\u0129, ch\u00e2n \u0111\u1ebf ba ch\u00e2n kh\u00f4ng th\u00e1o r\u1eddi, \u0111\u00e1y: quang h\u1ecdc, \u0111\u1ec9nh: quang h\u1ecdc<\/p>\n<p>M\u00e1y kinh v\u0129 \u0111i\u1ec7n t\u1eed DT-01OL<br \/>\nM\u00e1y kinh v\u0129, ch\u00e2n \u0111\u1ebf ba ch\u00e2n kh\u00f4ng th\u00e1o r\u1eddi, ph\u00eda d\u01b0\u1edbi: Quang h\u1ecdc, ph\u00eda tr\u00ean: Laser (tia \u0111\u1ecf)<\/p>\n<p>D\u00f2ng m\u00e1y kinh v\u0129 k\u1ef9 thu\u1eadt s\u1ed1 DT-02 bao g\u1ed3m b\u1ed1n lo\u1ea1i sau:<\/p>\n<p>M\u00e1y kinh v\u0129 \u0111i\u1ec7n t\u1eed DT-02LL<br \/>\nCh\u00e2n \u0111\u1ebf ba ch\u00e2n c\u00f3 th\u1ec3 th\u00e1o r\u1eddi, ph\u00eda d\u01b0\u1edbi: Laser (tia \u0111\u1ecf), ph\u00eda tr\u00ean: Laser (tia \u0111\u1ecf)<\/p>\n<p>M\u00e1y kinh v\u0129 \u0111i\u1ec7n t\u1eed DT-02LO<br \/>\nM\u00e1y kinh v\u0129, ch\u00e2n \u0111\u1ebf ba ch\u00e2n c\u00f3 th\u1ec3 th\u00e1o r\u1eddi, ph\u00eda d\u01b0\u1edbi: Laser (tia \u0111\u1ecf), ph\u00eda tr\u00ean: Quang h\u1ecdc.<\/p>\n<p>M\u00e1y kinh v\u0129 \u0111i\u1ec7n t\u1eed DT-02OL<br \/>\nM\u00e1y kinh v\u0129, ch\u00e2n \u0111\u1ebf ba ch\u00e2n c\u00f3 th\u1ec3 th\u00e1o r\u1eddi, ph\u00eda d\u01b0\u1edbi: Quang h\u1ecdc, ph\u00eda tr\u00ean: Laser (tia \u0111\u1ecf)<\/p>\n<p>M\u00e1y kinh v\u0129 \u0111i\u1ec7n t\u1eed DT-02OO<br \/>\nM\u00e1y kinh v\u0129, ch\u00e2n \u0111\u1ebf ba ch\u00e2n c\u00f3 th\u1ec3 th\u00e1o r\u1eddi, \u0111\u00e1y: quang h\u1ecdc, \u0111\u1ec9nh: quang h\u1ecdc<\/p>\n<p><img fetchpriority=\"high\" decoding=\"async\" class=\"aligncenter wp-image-5632\" src=\"https:\/\/mountlaser.com\/wp-content\/uploads\/2025\/12\/dt-01.webp\" alt=\"DT-01 Electronic Theodolite\" width=\"500\" height=\"500\" srcset=\"https:\/\/mountlaser.com\/wp-content\/uploads\/2025\/12\/dt-01.webp 800w, https:\/\/mountlaser.com\/wp-content\/uploads\/2025\/12\/dt-01-300x300.webp 300w, https:\/\/mountlaser.com\/wp-content\/uploads\/2025\/12\/dt-01-150x150.webp 150w, https:\/\/mountlaser.com\/wp-content\/uploads\/2025\/12\/dt-01-768x768.webp 768w, https:\/\/mountlaser.com\/wp-content\/uploads\/2025\/12\/dt-01-12x12.webp 12w, https:\/\/mountlaser.com\/wp-content\/uploads\/2025\/12\/dt-01-600x600.webp 600w, https:\/\/mountlaser.com\/wp-content\/uploads\/2025\/12\/dt-01-400x400.webp 400w\" sizes=\"(max-width: 500px) 100vw, 500px\" \/><\/p>\n<p>&nbsp;<\/p>\n<p><strong>Th\u00f4ng s\u1ed1 k\u1ef9 thu\u1eadt c\u1ee7a m\u00e1y kinh v\u0129 d\u00f2ng DT<\/strong><\/p>\n<table style=\"border-collapse: collapse; width: 884px; height: 926px;\" border=\"0\" width=\"619\" cellspacing=\"0\" cellpadding=\"0\">\n<tbody>\n<tr style=\"height: 13.50pt;\">\n<td class=\"et2\" style=\"height: 13.50pt; width: 230.25pt;\" colspan=\"2\" width=\"307\" height=\"18\">M\u00e3 s\u1ed1 s\u1ea3n ph\u1ea9m.<\/td>\n<td class=\"et3\" style=\"width: 117.00pt;\" width=\"156\">DT-01<\/td>\n<td class=\"et3\" style=\"width: 117.00pt;\" width=\"156\">DT-02<\/td>\n<\/tr>\n<tr style=\"height: 13.50pt;\">\n<td class=\"et3\" style=\"height: 13.50pt;\" height=\"18\">Tribrach<\/td>\n<td class=\"et3\">Ng\u01b0\u1eddi m\u1eabu<\/td>\n<td class=\"et4\">Kh\u00f4ng th\u1ec3 th\u00e1o r\u1eddi<\/td>\n<td class=\"et3\">C\u00f3 th\u1ec3 th\u00e1o r\u1eddi<\/td>\n<\/tr>\n<tr style=\"height: 13.50pt;\">\n<td class=\"et2\" style=\"height: 108.00pt;\" rowspan=\"8\" height=\"144\">K\u00ednh thi\u00ean v\u0103n<\/td>\n<td class=\"et3\">H\u00ecnh \u1ea3nh<\/td>\n<td class=\"et3\">D\u1ef1ng l\u00ean<\/td>\n<td class=\"et3\">D\u1ef1ng l\u00ean<\/td>\n<\/tr>\n<tr style=\"height: 13.50pt;\">\n<td class=\"et3\">\u0110\u1ed9 ph\u00f3ng \u0111\u1ea1i<\/td>\n<td class=\"et3\">30 l\u1ea7n<\/td>\n<td class=\"et3\">30 l\u1ea7n<\/td>\n<\/tr>\n<tr style=\"height: 13.50pt;\">\n<td class=\"et3\">Kh\u1ea9u \u0111\u1ed9 v\u1eadt k\u00ednh<\/td>\n<td class=\"et3\">45mm<\/td>\n<td class=\"et3\">45mm<\/td>\n<\/tr>\n<tr style=\"height: 13.50pt;\">\n<td class=\"et3\">Ngh\u1ecb quy\u1ebft<\/td>\n<td class=\"et3\">3\u2033<\/td>\n<td class=\"et3\">3\u2033<\/td>\n<\/tr>\n<tr style=\"height: 13.50pt;\">\n<td class=\"et3\">FOV<\/td>\n<td class=\"et3\">1\u00b030\u2032<\/td>\n<td class=\"et3\">1\u00b030\u2032<\/td>\n<\/tr>\n<tr style=\"height: 13.50pt;\">\n<td class=\"et3\">Ti\u00eau \u0111i\u1ec3m t\u1ed1i thi\u1ec3u<\/td>\n<td class=\"et3\">1m<\/td>\n<td class=\"et3\">1m<\/td>\n<\/tr>\n<tr style=\"height: 13.50pt;\">\n<td class=\"et3\">H\u1eb1ng s\u1ed1 nh\u00e2n\/c\u1ed9ng<\/td>\n<td class=\"et3\">100\/ 0<\/td>\n<td class=\"et3\">100\/ 0<\/td>\n<\/tr>\n<tr style=\"height: 13.50pt;\">\n<td class=\"et3\">Chi\u1ec1u d\u00e0i<\/td>\n<td class=\"et3\">170mm<\/td>\n<td class=\"et3\">170mm<\/td>\n<\/tr>\n<tr style=\"height: 13.50pt;\">\n<td class=\"et2\" style=\"height: 67.50pt;\" rowspan=\"5\" height=\"90\">\u0110o g\u00f3c<\/td>\n<td class=\"et3\">Ch\u1ebf \u0111\u1ed9 \u0111o<\/td>\n<td class=\"et3\">B\u1ed9 m\u00e3 h\u00f3a tuy\u1ec7t \u0111\u1ed1i<\/td>\n<td class=\"et3\">B\u1ed9 m\u00e3 h\u00f3a tuy\u1ec7t \u0111\u1ed1i<\/td>\n<\/tr>\n<tr style=\"height: 13.50pt;\">\n<td class=\"et3\">Y\u00eau c\u1ea7u \u0111\u1ecdc t\u1ed1i thi\u1ec3u<\/td>\n<td class=\"et3\">1\u2033\/ 5\u2033<\/td>\n<td class=\"et3\">1\u2033\/ 5\u2033<\/td>\n<\/tr>\n<tr style=\"height: 13.50pt;\">\n<td class=\"et3\">\u0110\u1ed9 ch\u00ednh x\u00e1c khi \u0111\u1ecdc<\/td>\n<td class=\"et3\">2\u2033<\/td>\n<td class=\"et3\">2\u2033<\/td>\n<\/tr>\n<tr style=\"height: 13.50pt;\">\n<td class=\"et3\">\u0110\u01b0\u1eddng k\u00ednh h\u00ecnh tr\u00f2n<\/td>\n<td class=\"et3\">78mm<\/td>\n<td class=\"et3\">78mm<\/td>\n<\/tr>\n<tr style=\"height: 13.50pt;\">\n<td class=\"et3\">\u0110\u01a1n v\u1ecb g\u00f3c<\/td>\n<td class=\"et3\">360\u00b0\/ 400 g\u00f3c\/ 6400 tri\u1ec7u<\/td>\n<td class=\"et3\">360\u00b0\/ 400 g\u00f3c\/ 6400 tri\u1ec7u<\/td>\n<\/tr>\n<tr style=\"height: 13.50pt;\">\n<td class=\"et2\" style=\"height: 27.00pt;\" rowspan=\"2\" height=\"36\">B\u1ed9 b\u00f9<\/td>\n<td class=\"et3\">C\u1ea3m bi\u1ebfn \u0111\u1ed9 nghi\u00eang<\/td>\n<td class=\"et3\">\u0110\u00fang<\/td>\n<td class=\"et3\">\u0110\u00fang<\/td>\n<\/tr>\n<tr style=\"height: 13.50pt;\">\n<td class=\"et3\">Ph\u1ea1m vi<\/td>\n<td class=\"et3\">\u00b13\u2032<\/td>\n<td class=\"et3\">\u00b13\u2032<\/td>\n<\/tr>\n<tr style=\"height: 13.50pt;\">\n<td class=\"et2\" style=\"height: 54.00pt;\" rowspan=\"4\" height=\"72\">Laser Plummet<\/td>\n<td class=\"et3\">B\u01b0\u1edbc s\u00f3ng<\/td>\n<td class=\"et3\">Ch\u00f9m tia \u0111\u1ecf 635nm<\/td>\n<td class=\"et3\">Ch\u00f9m tia \u0111\u1ecf 635nm<\/td>\n<\/tr>\n<tr style=\"height: 13.50pt;\">\n<td class=\"et3\">Quy\u1ec1n l\u1ef1c<\/td>\n<td class=\"et3\">1mw<\/td>\n<td class=\"et3\">1mw<\/td>\n<\/tr>\n<tr style=\"height: 13.50pt;\">\n<td class=\"et3\">\u0110\u1ed9 ch\u00ednh x\u00e1c (1,5m)<\/td>\n<td class=\"et3\">1mm<\/td>\n<td class=\"et3\">1mm<\/td>\n<\/tr>\n<tr style=\"height: 13.50pt;\">\n<td class=\"et3\">Laser Grade<\/td>\n<td class=\"et3\"><span class=\"font1\">L\u1edbp h\u1ecdc<\/span><span class=\"font6\">\u2161<\/span><\/td>\n<td class=\"et3\"><span class=\"font1\">L\u1edbp h\u1ecdc<\/span><span class=\"font6\">\u2161<\/span><\/td>\n<\/tr>\n<tr style=\"height: 13.50pt;\">\n<td class=\"et2\" style=\"height: 40.50pt;\" rowspan=\"3\" height=\"54\">D\u1ecdi quang h\u1ecdc (T\u00f9y ch\u1ecdn)<\/td>\n<td class=\"et3\">\u0110\u1ed9 ph\u00f3ng \u0111\u1ea1i<\/td>\n<td class=\"et3\">3 l\u1ea7n<\/td>\n<td class=\"et3\">3 l\u1ea7n<\/td>\n<\/tr>\n<tr style=\"height: 13.50pt;\">\n<td class=\"et3\">G\u00f3c nh\u00ecn<\/td>\n<td class=\"et3\">5\u00b0<\/td>\n<td class=\"et3\">5\u00b0<\/td>\n<\/tr>\n<tr style=\"height: 13.50pt;\">\n<td class=\"et3\">Ph\u1ea1m vi l\u1ea5y n\u00e9t<\/td>\n<td class=\"et3\"><span class=\"font1\">0,5m\u2014<\/span><span class=\"font6\">\u221e<\/span><\/td>\n<td class=\"et3\"><span class=\"font1\">0,5m\u2014<\/span><span class=\"font6\">\u221e<\/span><\/td>\n<\/tr>\n<tr style=\"height: 13.50pt;\">\n<td class=\"et2\" style=\"height: 67.50pt;\" rowspan=\"5\" height=\"90\">Con tr\u1ecf laser<\/td>\n<td class=\"et3\">B\u01b0\u1edbc s\u00f3ng<\/td>\n<td class=\"et3\">M\u00e0u \u0111\u1ecf 635nm<\/td>\n<td class=\"et3\">M\u00e0u \u0111\u1ecf 635nm<\/td>\n<\/tr>\n<tr style=\"height: 13.50pt;\">\n<td class=\"et3\">Quy\u1ec1n l\u1ef1c<\/td>\n<td class=\"et3\">5mw<\/td>\n<td class=\"et3\">5mw<\/td>\n<\/tr>\n<tr style=\"height: 13.50pt;\">\n<td class=\"et3\">Ph\u1ea1m vi \u0111o b\u1eb1ng laser (Ban ng\u00e0y)<\/td>\n<td class=\"et3\">200m<\/td>\n<td class=\"et3\">200m<\/td>\n<\/tr>\n<tr style=\"height: 13.50pt;\">\n<td class=\"et3\">\u0110\u1ed9 ch\u00ednh x\u00e1c \u0111\u1ed3ng tr\u1ee5c c\u1ee7a laser<\/td>\n<td class=\"et5\"><span class=\"font3\">\u2264<\/span><span class=\"font7\">5\u2033<\/span><\/td>\n<td class=\"et5\"><span class=\"font3\">\u2264<\/span><span class=\"font7\">5\u2033<\/span><\/td>\n<\/tr>\n<tr style=\"height: 13.50pt;\">\n<td class=\"et3\">\u0110\u01b0\u1eddng k\u00ednh \u0111i\u1ec3m laser<\/td>\n<td class=\"et6\"><span class=\"font4\">\u2264<\/span><span class=\"font8\">2mm\/100m<\/span><\/td>\n<td class=\"et6\"><span class=\"font4\">\u2264<\/span><span class=\"font8\">2mm\/100m<\/span><\/td>\n<\/tr>\n<tr style=\"height: 13.50pt;\">\n<td class=\"et2\" style=\"height: 27.00pt;\" rowspan=\"2\" height=\"36\">L\u1ecd<\/td>\n<td class=\"et3\">L\u1ecd \u0111\u1ef1ng m\u1eabu<\/td>\n<td class=\"et3\">30\u2033\/ 2mm<\/td>\n<td class=\"et3\">30\u2033\/ 2mm<\/td>\n<\/tr>\n<tr style=\"height: 13.50pt;\">\n<td class=\"et3\">L\u1ecd tr\u00f2n<\/td>\n<td class=\"et3\">8&#039;\/ 2mm<\/td>\n<td class=\"et3\">8&#039;\/ 2mm<\/td>\n<\/tr>\n<tr style=\"height: 13.50pt;\">\n<td class=\"et3\" style=\"height: 13.50pt;\" height=\"18\">Tr\u01b0ng b\u00e0y<\/td>\n<td class=\"et3\">Hai m\u1eb7t<\/td>\n<td class=\"et3\">\u0110\u00e8n n\u1ec1n LED<\/td>\n<td class=\"et3\">\u0110\u00e8n n\u1ec1n LED<\/td>\n<\/tr>\n<tr style=\"height: 13.50pt;\">\n<td class=\"et2\" style=\"height: 27.00pt;\" rowspan=\"2\" height=\"36\">Quy\u1ec1n l\u1ef1c<\/td>\n<td class=\"et3\">Ngu\u1ed3n n\u0103ng l\u01b0\u1ee3ng<\/td>\n<td class=\"et7\">Pin Li-ion 3.7V 1800mAh<\/td>\n<td class=\"et7\">Pin Li-ion 3.7V 1800mAh<\/td>\n<\/tr>\n<tr style=\"height: 13.50pt;\">\n<td class=\"et3\">Nhi\u1ec7t \u0111\u1ed9 l\u00e0m vi\u1ec7c<\/td>\n<td class=\"et3\"><span class=\"font1\">-20<\/span><span class=\"font9\">\u2103\uff5e<\/span><span class=\"font1\">+50<\/span><span class=\"font9\">\u2103<\/span><\/td>\n<td class=\"et3\"><span class=\"font1\">-20<\/span><span class=\"font9\">\u2103\uff5e<\/span><span class=\"font1\">+50<\/span><span class=\"font9\">\u2103<\/span><\/td>\n<\/tr>\n<\/tbody>\n<\/table>","protected":false},"excerpt":{"rendered":"<ul>\n<li>\u0110\u01b0\u1ee3c ch\u1ebf t\u1ea1o t\u1eeb v\u1eadt li\u1ec7u b\u1ec1n ch\u1eafc, ch\u00fang c\u00f3 kh\u1ea3 n\u0103ng ch\u1ed1ng b\u1ee5i, ch\u1ed1ng \u1ea9m v\u00e0 ch\u1ed1ng va \u0111\u1eadp, \u0111\u1ea3m b\u1ea3o tu\u1ed5i th\u1ecd cao trong m\u00f4i tr\u01b0\u1eddng kh\u1eafc nghi\u1ec7t.<\/li>\n<li>M\u00e1y kinh v\u0129 \u0111i\u1ec7n t\u1eed DT-02 c\u00f3 th\u1eddi l\u01b0\u1ee3ng pin \u0111\u01b0\u1ee3c c\u1ea3i thi\u1ec7n gi\u00fap s\u1eed d\u1ee5ng l\u00e2u d\u00e0i h\u01a1n.<\/li>\n<li>Trong khi \u0111\u00f3, m\u00e1y kinh v\u0129 \u0111i\u1ec7n t\u1eed DT-01 t\u1eadp trung v\u00e0o t\u00ednh di \u0111\u1ed9ng v\u00e0 gi\u00e1 c\u1ea3 ph\u1ea3i ch\u0103ng.<\/li>\n<\/ul>","protected":false},"featured_media":5633,"comment_status":"open","ping_status":"closed","template":"","meta":[],"product_brand":[],"product_cat":[144,95],"product_tag":[],"class_list":{"0":"post-5631","1":"product","2":"type-product","3":"status-publish","4":"has-post-thumbnail","6":"product_cat-theodoliteagent-sales","7":"product_cat-agent-sales","9":"first","10":"instock","11":"shipping-taxable","12":"product-type-simple"},"_links":{"self":[{"href":"https:\/\/mountlaser.com\/vi\/wp-json\/wp\/v2\/product\/5631","targetHints":{"allow":["GET"]}}],"collection":[{"href":"https:\/\/mountlaser.com\/vi\/wp-json\/wp\/v2\/product"}],"about":[{"href":"https:\/\/mountlaser.com\/vi\/wp-json\/wp\/v2\/types\/product"}],"replies":[{"embeddable":true,"href":"https:\/\/mountlaser.com\/vi\/wp-json\/wp\/v2\/comments?post=5631"}],"wp:featuredmedia":[{"embeddable":true,"href":"https:\/\/mountlaser.com\/vi\/wp-json\/wp\/v2\/media\/5633"}],"wp:attachment":[{"href":"https:\/\/mountlaser.com\/vi\/wp-json\/wp\/v2\/media?parent=5631"}],"wp:term":[{"taxonomy":"product_brand","embeddable":true,"href":"https:\/\/mountlaser.com\/vi\/wp-json\/wp\/v2\/product_brand?post=5631"},{"taxonomy":"product_cat","embeddable":true,"href":"https:\/\/mountlaser.com\/vi\/wp-json\/wp\/v2\/product_cat?post=5631"},{"taxonomy":"product_tag","embeddable":true,"href":"https:\/\/mountlaser.com\/vi\/wp-json\/wp\/v2\/product_tag?post=5631"}],"curies":[{"name":"trang web","href":"https:\/\/api.w.org\/{rel}","templated":true}]}}