{"id":5623,"date":"2025-12-09T05:35:53","date_gmt":"2025-12-09T05:35:53","guid":{"rendered":"https:\/\/mountlaser.com\/?post_type=product&#038;p=5623"},"modified":"2025-12-09T05:35:53","modified_gmt":"2025-12-09T05:35:53","slug":"iwb01-survey-monitoring-wall-bracket","status":"publish","type":"product","link":"https:\/\/mountlaser.com\/vi\/san-pham\/iwb01-survey-monitoring-wall-bracket\/","title":{"rendered":"Gi\u00e1 \u0111\u1ee1 treo t\u01b0\u1eddng gi\u00e1m s\u00e1t kh\u1ea3o s\u00e1t IWB01"},"content":{"rendered":"<p>C\u00e1i <a href=\"https:\/\/mountlaser.com\/vi\/\"><strong>T\u1ea5m g\u1eafn t\u01b0\u1eddng gi\u00e1m s\u00e1t \u0111\u01b0\u1eddng h\u1ea7m IWB01<\/strong><\/a> \u0110\u00e2y l\u00e0 gi\u1ea3i ph\u00e1p c\u00f3 \u0111\u1ed9 ch\u00ednh x\u00e1c cao, \u0111\u01b0\u1ee3c thi\u1ebft k\u1ebf \u0111\u1ec3 theo d\u00f5i bi\u1ebfn d\u1ea1ng d\u00e0i h\u1ea1n v\u00e0 gi\u00e1m s\u00e1t c\u1ea5u tr\u00fac. L\u00e0 m\u1ed9t ph\u1ea7n c\u1ee7a gi\u1ea3i ph\u00e1p chuy\u00ean nghi\u1ec7p <a href=\"https:\/\/mountlaser.com\/vi\/danh-muc-san-pham\/surveying-accessory\/\"><strong>Gi\u00e1 \u0111\u1ee1 g\u1eafn t\u01b0\u1eddng gi\u00e1m s\u00e1t kh\u1ea3o s\u00e1t<\/strong><\/a> H\u1ec7 th\u1ed1ng n\u00e0y mang l\u1ea1i \u0111\u1ed9 \u1ed5n \u0111\u1ecbnh v\u00e0 \u0111\u1ed9 ch\u00ednh x\u00e1c v\u01b0\u1ee3t tr\u1ed9i cho c\u00e1c \u1ee9ng d\u1ee5ng gi\u00e1m s\u00e1t \u0111\u01b0\u1eddng h\u1ea7m, c\u1ea7u v\u00e0 c\u00f4ng tr\u00ecnh x\u00e2y d\u1ef1ng. \u0110\u01b0\u1ee3c ch\u1ebf t\u1ea1o v\u1edbi t\u1ea5m \u0111\u1ebf th\u00e9p ch\u1eafc ch\u1eafn v\u00e0 b\u00e0n nh\u00f4m d\u1ea1ng m\u00f4-\u0111un, t\u1ea5m g\u1eafn t\u01b0\u1eddng gi\u00e1m s\u00e1t \u0111\u01b0\u1eddng h\u1ea7m IWB01 \u0111\u1ea3m b\u1ea3o hi\u1ec7u su\u1ea5t \u0111\u1ecbnh t\u00e2m nh\u1ea5t qu\u00e1n v\u1edbi \u0111\u1ed9 ch\u00ednh x\u00e1c t\u1ed1t h\u01a1n 0,25 mm \u2014 \u0111i\u1ec1u c\u1ef1c k\u1ef3 quan tr\u1ecdng \u0111\u1ed1i v\u1edbi m\u00f4i tr\u01b0\u1eddng gi\u00e1m s\u00e1t \u0111\u00f2i h\u1ecfi cao.<\/p>\n<p><img fetchpriority=\"high\" decoding=\"async\" class=\"aligncenter wp-image-5622\" src=\"https:\/\/mountlaser.com\/wp-content\/uploads\/2025\/12\/IWB016.webp\" alt=\"IWB01 Tunnel Monitoring Wall Plate\" width=\"500\" height=\"500\" srcset=\"https:\/\/mountlaser.com\/wp-content\/uploads\/2025\/12\/IWB016.webp 1000w, https:\/\/mountlaser.com\/wp-content\/uploads\/2025\/12\/IWB016-300x300.webp 300w, https:\/\/mountlaser.com\/wp-content\/uploads\/2025\/12\/IWB016-150x150.webp 150w, https:\/\/mountlaser.com\/wp-content\/uploads\/2025\/12\/IWB016-768x768.webp 768w, https:\/\/mountlaser.com\/wp-content\/uploads\/2025\/12\/IWB016-12x12.webp 12w, https:\/\/mountlaser.com\/wp-content\/uploads\/2025\/12\/IWB016-600x600.webp 600w, https:\/\/mountlaser.com\/wp-content\/uploads\/2025\/12\/IWB016-800x800.webp 800w, https:\/\/mountlaser.com\/wp-content\/uploads\/2025\/12\/IWB016-400x400.webp 400w\" sizes=\"(max-width: 500px) 100vw, 500px\" \/><\/p>\n<p>\u0110\u01b0\u1ee3c thi\u1ebft k\u1ebf cho c\u00e1c \u0111i\u1ec1u ki\u1ec7n kh\u1eafc nghi\u1ec7t ngo\u00e0i hi\u1ec7n tr\u01b0\u1eddng, Gi\u00e1 \u0111\u1ee1 g\u1eafn t\u01b0\u1eddng gi\u00e1m s\u00e1t kh\u1ea3o s\u00e1t c\u00f3 l\u1edbp ph\u1ee7 s\u01a1n t\u0129nh \u0111i\u1ec7n m\u00e0u v\u00e0ng gi\u00fap t\u0103ng c\u01b0\u1eddng kh\u1ea3 n\u0103ng ch\u1ed1ng \u0103n m\u00f2n v\u00e0 \u0111\u1ed9 hi\u1ec3n th\u1ecb, th\u00edch h\u1ee3p cho m\u00f4i tr\u01b0\u1eddng d\u01b0\u1edbi l\u00f2ng \u0111\u1ea5t v\u00e0 thi\u1ebfu s\u00e1ng. B\u00e0n nh\u00f4m c\u00f3 th\u1ec3 th\u00e1o r\u1eddi cho ph\u00e9p l\u1eafp \u0111\u1eb7t, \u0111i\u1ec1u ch\u1ec9nh v\u00e0 b\u1ea3o tr\u00ec \u0111\u1ecbnh k\u1ef3 nhanh ch\u00f3ng, \u0111\u1ea3m b\u1ea3o k\u1ef9 thu\u1eadt vi\u00ean c\u00f3 th\u1ec3 d\u1ec5 d\u00e0ng ti\u1ebfp c\u1eadn v\u00e0 \u0111\u1ecbnh v\u1ecb l\u1ea1i c\u00e1c thi\u1ebft b\u1ecb gi\u00e1m s\u00e1t. Trong c\u00e1c d\u1ef1 \u00e1n c\u01a1 s\u1edf h\u1ea1 t\u1ea7ng quy m\u00f4 l\u1edbn, <a href=\"https:\/\/mountlaser.com\/vi\/about-us\/\">T\u1ea5m g\u1eafn t\u01b0\u1eddng gi\u00e1m s\u00e1t \u0111\u01b0\u1eddng h\u1ea7m IWB01<\/a> N\u1ed5i b\u1eadt nh\u01b0 m\u1ed9t gi\u1ea3i ph\u00e1p l\u1eafp \u0111\u1eb7t \u0111\u00e1ng tin c\u1eady v\u00e0 b\u1ec1n b\u1ec9.<\/p>","protected":false},"excerpt":{"rendered":"<ul>\n<li>\u0110\u1ecbnh t\u00e2m \u0111\u1ed9 ch\u00ednh x\u00e1c cao: T\u1ed1t h\u01a1n 0,25 mm cho c\u00e1c s\u1ed1 li\u1ec7u kh\u1ea3o s\u00e1t v\u00e0 gi\u00e1m s\u00e1t \u0111\u00e1ng tin c\u1eady.<\/li>\n<li>C\u1ea5u tr\u00fac b\u1ec1n ch\u1eafc: T\u1ea5m l\u01b0ng b\u1eb1ng th\u00e9p v\u00e0 m\u1eb7t b\u00e0n b\u1eb1ng nh\u00f4m ch\u1ecbu \u0111\u01b0\u1ee3c m\u00f4i tr\u01b0\u1eddng \u0111\u01b0\u1eddng h\u1ea7m v\u00e0 k\u1ebft c\u1ea5u kh\u1eafc nghi\u1ec7t.<\/li>\n<li>H\u1ec7 th\u1ed1ng m\u00f4-\u0111un: B\u00e0n c\u00f3 th\u1ec3 th\u00e1o r\u1eddi gi\u00fap l\u1eafp \u0111\u1eb7t, thay th\u1ebf d\u1ee5ng c\u1ee5 v\u00e0 b\u1ea3o tr\u00ec nhanh h\u01a1n.<\/li>\n<li>\u0110\u1ed9 hi\u1ec3n th\u1ecb cao: L\u1edbp ph\u1ee7 b\u1ed9t m\u00e0u v\u00e0ng gi\u00fap t\u0103ng c\u01b0\u1eddng kh\u1ea3 n\u0103ng hi\u1ec3n th\u1ecb v\u00e0 ch\u1ed1ng \u0103n m\u00f2n.<\/li>\n<li>H\u1ed7 tr\u1ee3 c\u00e1c thi\u1ebft b\u1ecb \u0111o \u0111\u1ea1c: T\u01b0\u01a1ng th\u00edch v\u1edbi nhi\u1ec1u h\u1ec7 th\u1ed1ng gi\u00e1m s\u00e1t \u0111\u01b0\u1eddng h\u1ea7m v\u00e0 bi\u1ebfn d\u1ea1ng.<\/li>\n<\/ul>","protected":false},"featured_media":5620,"comment_status":"open","ping_status":"closed","template":"","meta":[],"product_brand":[],"product_cat":[79,162],"product_tag":[],"class_list":{"0":"post-5623","1":"product","2":"type-product","3":"status-publish","4":"has-post-thumbnail","6":"product_cat-surveying-accessory","7":"product_cat-wall-mount-bracket","9":"first","10":"instock","11":"shipping-taxable","12":"product-type-simple"},"_links":{"self":[{"href":"https:\/\/mountlaser.com\/vi\/wp-json\/wp\/v2\/product\/5623","targetHints":{"allow":["GET"]}}],"collection":[{"href":"https:\/\/mountlaser.com\/vi\/wp-json\/wp\/v2\/product"}],"about":[{"href":"https:\/\/mountlaser.com\/vi\/wp-json\/wp\/v2\/types\/product"}],"replies":[{"embeddable":true,"href":"https:\/\/mountlaser.com\/vi\/wp-json\/wp\/v2\/comments?post=5623"}],"wp:featuredmedia":[{"embeddable":true,"href":"https:\/\/mountlaser.com\/vi\/wp-json\/wp\/v2\/media\/5620"}],"wp:attachment":[{"href":"https:\/\/mountlaser.com\/vi\/wp-json\/wp\/v2\/media?parent=5623"}],"wp:term":[{"taxonomy":"product_brand","embeddable":true,"href":"https:\/\/mountlaser.com\/vi\/wp-json\/wp\/v2\/product_brand?post=5623"},{"taxonomy":"product_cat","embeddable":true,"href":"https:\/\/mountlaser.com\/vi\/wp-json\/wp\/v2\/product_cat?post=5623"},{"taxonomy":"product_tag","embeddable":true,"href":"https:\/\/mountlaser.com\/vi\/wp-json\/wp\/v2\/product_tag?post=5623"}],"curies":[{"name":"trang web","href":"https:\/\/api.w.org\/{rel}","templated":true}]}}