{"id":5589,"date":"2025-12-10T01:31:40","date_gmt":"2025-12-10T01:31:40","guid":{"rendered":"https:\/\/mountlaser.com\/?post_type=product&#038;p=5589"},"modified":"2025-12-10T02:13:26","modified_gmt":"2025-12-10T02:13:26","slug":"hc-al01-series-hard-case","status":"publish","type":"product","link":"https:\/\/mountlaser.com\/vi\/san-pham\/hc-al01-series-hard-case\/","title":{"rendered":"H\u1ed9p \u0111\u1ef1ng c\u1ee9ng d\u00f2ng HC-AL01"},"content":{"rendered":"<p>C\u00e1i <a href=\"https:\/\/mountlaser.com\/vi\/\"><strong>H\u1ed9p \u0111\u1ef1ng c\u1ee9ng HC-AL01<\/strong><\/a> \u0110\u00e2y l\u00e0 gi\u1ea3i ph\u00e1p b\u1ea3o v\u1ec7 b\u1ec1n b\u1ec9 v\u00e0 \u0111a n\u0103ng \u0111\u01b0\u1ee3c thi\u1ebft k\u1ebf \u0111\u1eb7c bi\u1ec7t cho m\u00e1y th\u1ee7y b\u00ecnh t\u1ef1 \u0111\u1ed9ng v\u00e0 c\u00e1c d\u1ee5ng c\u1ee5 \u0111o \u0111\u1ea1c ch\u00ednh x\u00e1c t\u01b0\u01a1ng t\u1ef1. \u0110\u01b0\u1ee3c thi\u1ebft k\u1ebf \u0111\u1ec3 ho\u1ea1t \u0111\u1ed9ng \u0111\u00e1ng tin c\u1eady trong \u0111i\u1ec1u ki\u1ec7n th\u1ef1c \u0111\u1ecba, nh\u1eefng s\u1ea3n ph\u1ea9m n\u00e0y... <a href=\"https:\/\/mountlaser.com\/vi\/danh-muc-san-pham\/surveying-accessory\/\"><strong>H\u1ed9p \u0111\u1ef1ng c\u1ee9ng cho m\u00e1y c\u00e2n b\u1eb1ng t\u1ef1 \u0111\u1ed9ng<\/strong><\/a> Cung c\u1ea5p kh\u1ea3 n\u0103ng b\u1ea3o v\u1ec7 b\u00ean ngo\u00e0i ch\u1eafc ch\u1eafn \u0111\u1ed3ng th\u1eddi \u0111\u1ea3m b\u1ea3o thi\u1ebft b\u1ecb c\u1ee7a b\u1ea1n \u0111\u01b0\u1ee3c an to\u00e0n trong qu\u00e1 tr\u00ecnh v\u1eadn chuy\u1ec3n v\u00e0 l\u01b0u tr\u1eef. M\u1ed7i s\u1ea3n ph\u1ea9m \u0111\u1ec1u mang l\u1ea1i kh\u1ea3 n\u0103ng b\u1ea3o v\u1ec7 b\u00ean ngo\u00e0i m\u1ea1nh m\u1ebd, \u0111\u1ea3m b\u1ea3o thi\u1ebft b\u1ecb c\u1ee7a b\u1ea1n lu\u00f4n \u0111\u01b0\u1ee3c an to\u00e0n trong qu\u00e1 tr\u00ecnh v\u1eadn chuy\u1ec3n v\u00e0 l\u01b0u tr\u1eef. <!--StartFragment --><span class=\"cf0\">H\u1ed9p \u0111\u1ef1ng c\u1ee9ng HC-AL01<\/span><!--EndFragment --> S\u1ea3n ph\u1ea9m c\u00f3 m\u00e0u \u0111\u1ecf ho\u1eb7c v\u00e0ng \u0111\u1ec3 d\u1ec5 nh\u1eadn bi\u1ebft, v\u00e0 ng\u01b0\u1eddi d\u00f9ng c\u00f3 th\u1ec3 l\u1ef1a ch\u1ecdn c\u1ea5u h\u00ecnh kh\u00f3a \u0111\u01a1n ho\u1eb7c kh\u00f3a k\u00e9p t\u00f9y theo nhu c\u1ea7u b\u1ea3o m\u1eadt c\u1ee7a m\u00ecnh.<\/p>\n<p>\u0110\u01b0\u1ee3c ch\u1ebf t\u1ea1o t\u1eeb v\u1eadt li\u1ec7u ch\u1ed1ng va \u0111\u1eadp, h\u1ed9p \u0111\u1ef1ng c\u1ee9ng d\u00e0nh cho m\u00e1y th\u1ee7y b\u00ecnh t\u1ef1 \u0111\u1ed9ng b\u1ea3o v\u1ec7 d\u1ee5ng c\u1ee5 kh\u1ecfi va ch\u1ea1m, b\u1ee5i b\u1ea9n v\u00e0 \u0111i\u1ec1u ki\u1ec7n kh\u1eafc nghi\u1ec7t t\u1ea1i c\u00f4ng tr\u01b0\u1eddng. D\u00f2ng HC-AL01 bao g\u1ed3m hai t\u00f9y ch\u1ecdn ch\u00ednh\u2014HC-AL01RD v\u00e0 HC-AL01YL\u2014c\u1ea3 hai \u0111\u1ec1u c\u00f3 h\u1ec7 th\u1ed1ng kh\u00f3a \u0111\u01a1n, trong khi d\u00f2ng HC-AL02 (HC-AL02RD v\u00e0 HC-AL02YL) cung c\u1ea5p kh\u1ea3 n\u0103ng b\u1ea3o v\u1ec7 n\u00e2ng cao v\u1edbi c\u01a1 ch\u1ebf kh\u00f3a k\u00e9p. B\u1ea5t k\u1ec3 ki\u1ec3u m\u00e1y n\u00e0o, m\u1ed7i <!--StartFragment --><a href=\"https:\/\/mountlaser.com\/vi\/contact-us\/\"><span class=\"cf0\">H\u1ed9p \u0111\u1ef1ng c\u1ee9ng HC-AL01<\/span><\/a><!--EndFragment -->\u00a0Cung c\u1ea5p hi\u1ec7u n\u0103ng \u0111\u00e1ng tin c\u1eady v\u00e0 kh\u1ea3 n\u0103ng t\u01b0\u01a1ng th\u00edch ph\u1ed5 qu\u00e1t cho c\u00e1c nh\u00e0 kh\u1ea3o s\u00e1t chuy\u00ean nghi\u1ec7p.<\/p>\n<div>\n<table style=\"border-collapse: collapse; width: 491.27pt;\" border=\"0\" width=\"655\" cellspacing=\"0\" cellpadding=\"0\">\n<tbody>\n<tr style=\"height: 14.25pt;\">\n<td class=\"et2\" style=\"height: 14.25pt; width: 127.50pt;\" width=\"170\" height=\"19\">CON S\u1ed0<\/td>\n<td class=\"et3\" style=\"width: 135.00pt;\" width=\"180\">KHO\u0301A<\/td>\n<td class=\"et3\" style=\"width: 84.00pt;\" width=\"112\">M\u00c0U S\u1eaeC<\/td>\n<td class=\"et4\" style=\"width: 144.75pt;\" width=\"193\">H\u00ccNH \u1ea2NH<\/td>\n<\/tr>\n<tr style=\"height: 14.25pt;\">\n<td class=\"et5\" style=\"height: 14.25pt;\" height=\"19\">HC-AL01RD<\/td>\n<td class=\"et5\">Kh\u00f3a \u0111\u01a1n<\/td>\n<td class=\"et5\">M\u00e0u \u0111\u1ecf<\/td>\n<td class=\"et6\"><img fetchpriority=\"high\" decoding=\"async\" class=\"alignnone wp-image-5649\" src=\"https:\/\/mountlaser.com\/wp-content\/uploads\/2025\/12\/HC-AL01RD4.webp\" alt=\"HC-AL01 Hard case\" width=\"500\" height=\"500\" srcset=\"https:\/\/mountlaser.com\/wp-content\/uploads\/2025\/12\/HC-AL01RD4.webp 1000w, https:\/\/mountlaser.com\/wp-content\/uploads\/2025\/12\/HC-AL01RD4-300x300.webp 300w, https:\/\/mountlaser.com\/wp-content\/uploads\/2025\/12\/HC-AL01RD4-150x150.webp 150w, https:\/\/mountlaser.com\/wp-content\/uploads\/2025\/12\/HC-AL01RD4-768x768.webp 768w, https:\/\/mountlaser.com\/wp-content\/uploads\/2025\/12\/HC-AL01RD4-12x12.webp 12w, https:\/\/mountlaser.com\/wp-content\/uploads\/2025\/12\/HC-AL01RD4-600x600.webp 600w, https:\/\/mountlaser.com\/wp-content\/uploads\/2025\/12\/HC-AL01RD4-800x800.webp 800w, https:\/\/mountlaser.com\/wp-content\/uploads\/2025\/12\/HC-AL01RD4-400x400.webp 400w\" sizes=\"(max-width: 500px) 100vw, 500px\" \/><\/td>\n<\/tr>\n<tr style=\"height: 14.25pt;\">\n<td class=\"et5\" style=\"height: 14.25pt;\" height=\"19\">HC-AL01YL<\/td>\n<td class=\"et5\">Kh\u00f3a \u0111\u01a1n<\/td>\n<td class=\"et5\">M\u00e0u v\u00e0ng<\/td>\n<td class=\"et6\"><img decoding=\"async\" class=\"alignnone wp-image-5657\" src=\"https:\/\/mountlaser.com\/wp-content\/uploads\/2025\/12\/HC-AL01YL5.webp\" alt=\"HC-AL01 Hard case\" width=\"500\" height=\"500\" srcset=\"https:\/\/mountlaser.com\/wp-content\/uploads\/2025\/12\/HC-AL01YL5.webp 1000w, https:\/\/mountlaser.com\/wp-content\/uploads\/2025\/12\/HC-AL01YL5-300x300.webp 300w, https:\/\/mountlaser.com\/wp-content\/uploads\/2025\/12\/HC-AL01YL5-150x150.webp 150w, https:\/\/mountlaser.com\/wp-content\/uploads\/2025\/12\/HC-AL01YL5-768x768.webp 768w, https:\/\/mountlaser.com\/wp-content\/uploads\/2025\/12\/HC-AL01YL5-12x12.webp 12w, https:\/\/mountlaser.com\/wp-content\/uploads\/2025\/12\/HC-AL01YL5-600x600.webp 600w, https:\/\/mountlaser.com\/wp-content\/uploads\/2025\/12\/HC-AL01YL5-800x800.webp 800w, https:\/\/mountlaser.com\/wp-content\/uploads\/2025\/12\/HC-AL01YL5-400x400.webp 400w\" sizes=\"(max-width: 500px) 100vw, 500px\" \/><\/td>\n<\/tr>\n<tr style=\"height: 14.25pt;\">\n<td class=\"et5\" style=\"height: 14.25pt;\" height=\"19\">HC-AL02RD<\/td>\n<td class=\"et5\">Kh\u00f3a k\u00e9p<\/td>\n<td class=\"et5\">M\u00e0u \u0111\u1ecf<\/td>\n<td class=\"et6\"><img decoding=\"async\" class=\"alignnone wp-image-5663\" src=\"https:\/\/mountlaser.com\/wp-content\/uploads\/2025\/12\/HC-AL02RD5.webp\" alt=\"HC-AL01 Hard case\" width=\"500\" height=\"500\" srcset=\"https:\/\/mountlaser.com\/wp-content\/uploads\/2025\/12\/HC-AL02RD5.webp 1000w, https:\/\/mountlaser.com\/wp-content\/uploads\/2025\/12\/HC-AL02RD5-300x300.webp 300w, https:\/\/mountlaser.com\/wp-content\/uploads\/2025\/12\/HC-AL02RD5-150x150.webp 150w, https:\/\/mountlaser.com\/wp-content\/uploads\/2025\/12\/HC-AL02RD5-768x768.webp 768w, https:\/\/mountlaser.com\/wp-content\/uploads\/2025\/12\/HC-AL02RD5-12x12.webp 12w, https:\/\/mountlaser.com\/wp-content\/uploads\/2025\/12\/HC-AL02RD5-600x600.webp 600w, https:\/\/mountlaser.com\/wp-content\/uploads\/2025\/12\/HC-AL02RD5-800x800.webp 800w, https:\/\/mountlaser.com\/wp-content\/uploads\/2025\/12\/HC-AL02RD5-400x400.webp 400w\" sizes=\"(max-width: 500px) 100vw, 500px\" \/><\/td>\n<\/tr>\n<tr style=\"height: 14.25pt;\">\n<td class=\"et5\" style=\"height: 14.25pt;\" height=\"19\">HC-AL02YL<\/td>\n<td class=\"et5\">Kh\u00f3a k\u00e9p<\/td>\n<td class=\"et5\">M\u00e0u v\u00e0ng<\/td>\n<td class=\"et6\"><img loading=\"lazy\" decoding=\"async\" class=\"alignnone wp-image-5669\" src=\"https:\/\/mountlaser.com\/wp-content\/uploads\/2025\/12\/HC-AL02YL4.webp\" alt=\"HC-AL01 Hard case\" width=\"500\" height=\"500\" srcset=\"https:\/\/mountlaser.com\/wp-content\/uploads\/2025\/12\/HC-AL02YL4.webp 1000w, https:\/\/mountlaser.com\/wp-content\/uploads\/2025\/12\/HC-AL02YL4-300x300.webp 300w, https:\/\/mountlaser.com\/wp-content\/uploads\/2025\/12\/HC-AL02YL4-150x150.webp 150w, https:\/\/mountlaser.com\/wp-content\/uploads\/2025\/12\/HC-AL02YL4-768x768.webp 768w, https:\/\/mountlaser.com\/wp-content\/uploads\/2025\/12\/HC-AL02YL4-12x12.webp 12w, https:\/\/mountlaser.com\/wp-content\/uploads\/2025\/12\/HC-AL02YL4-600x600.webp 600w, https:\/\/mountlaser.com\/wp-content\/uploads\/2025\/12\/HC-AL02YL4-800x800.webp 800w, https:\/\/mountlaser.com\/wp-content\/uploads\/2025\/12\/HC-AL02YL4-400x400.webp 400w\" sizes=\"(max-width: 500px) 100vw, 500px\" \/><\/td>\n<\/tr>\n<\/tbody>\n<\/table>\n<\/div>","protected":false},"excerpt":{"rendered":"<ul>\n<li>B\u1ea3o v\u1ec7 th\u01b0\u1edbc \u0111o \u0111\u1ed9 nghi\u00eang t\u1ef1 \u0111\u1ed9ng kh\u1ecfi va \u0111\u1eadp, b\u1ee5i b\u1ea9n, \u0111\u1ed9 \u1ea9m v\u00e0 c\u00e1c \u0111i\u1ec1u ki\u1ec7n ngo\u00e0i tr\u1eddi.<\/li>\n<li>Thi\u1ebft k\u1ebf n\u1ed9i th\u1ea5t \u0111a n\u0103ng ph\u00f9 h\u1ee3p v\u1edbi nhi\u1ec1u lo\u1ea1i m\u00e1y c\u00e2n b\u1eb1ng t\u1ef1 \u0111\u1ed9ng kh\u00e1c nhau.<\/li>\n<li>H\u1ec7 th\u1ed1ng kh\u00f3a (\u0111\u01a1n ho\u1eb7c k\u00e9p) \u0111\u1ea3m b\u1ea3o \u0111\u00f3ng k\u00edn an to\u00e0n trong qu\u00e1 tr\u00ecnh v\u1eadn chuy\u1ec3n.<\/li>\n<li>C\u00e1c t\u00f9y ch\u1ecdn m\u00e0u s\u1eafc n\u1ed5i b\u1eadt gi\u00fap t\u0103ng kh\u1ea3 n\u0103ng nh\u1eadn di\u1ec7n thi\u1ebft b\u1ecb v\u00e0 gi\u1ea3m thi\u1ec3u th\u1ea5t l\u1ea1c.<\/li>\n<\/ul>","protected":false},"featured_media":5646,"comment_status":"open","ping_status":"closed","template":"","meta":[],"product_brand":[],"product_cat":[163,79],"product_tag":[],"class_list":{"0":"post-5589","1":"product","2":"type-product","3":"status-publish","4":"has-post-thumbnail","6":"product_cat-hard-case","7":"product_cat-surveying-accessory","9":"first","10":"instock","11":"shipping-taxable","12":"product-type-simple"},"_links":{"self":[{"href":"https:\/\/mountlaser.com\/vi\/wp-json\/wp\/v2\/product\/5589","targetHints":{"allow":["GET"]}}],"collection":[{"href":"https:\/\/mountlaser.com\/vi\/wp-json\/wp\/v2\/product"}],"about":[{"href":"https:\/\/mountlaser.com\/vi\/wp-json\/wp\/v2\/types\/product"}],"replies":[{"embeddable":true,"href":"https:\/\/mountlaser.com\/vi\/wp-json\/wp\/v2\/comments?post=5589"}],"wp:featuredmedia":[{"embeddable":true,"href":"https:\/\/mountlaser.com\/vi\/wp-json\/wp\/v2\/media\/5646"}],"wp:attachment":[{"href":"https:\/\/mountlaser.com\/vi\/wp-json\/wp\/v2\/media?parent=5589"}],"wp:term":[{"taxonomy":"product_brand","embeddable":true,"href":"https:\/\/mountlaser.com\/vi\/wp-json\/wp\/v2\/product_brand?post=5589"},{"taxonomy":"product_cat","embeddable":true,"href":"https:\/\/mountlaser.com\/vi\/wp-json\/wp\/v2\/product_cat?post=5589"},{"taxonomy":"product_tag","embeddable":true,"href":"https:\/\/mountlaser.com\/vi\/wp-json\/wp\/v2\/product_tag?post=5589"}],"curies":[{"name":"trang web","href":"https:\/\/api.w.org\/{rel}","templated":true}]}}