{"id":5577,"date":"2025-12-09T01:46:19","date_gmt":"2025-12-09T01:46:19","guid":{"rendered":"https:\/\/mountlaser.com\/?post_type=product&#038;p=5577"},"modified":"2025-12-12T01:32:14","modified_gmt":"2025-12-12T01:32:14","slug":"tsfg01-tripod-floor-guide","status":"publish","type":"product","link":"https:\/\/mountlaser.com\/vi\/san-pham\/tsfg01-tripod-floor-guide\/","title":{"rendered":"Ch\u00e2n \u0111\u1ebf ba ch\u00e2n TSFG01"},"content":{"rendered":"<p>C\u00e1i <a href=\"https:\/\/mountlaser.com\/vi\/\"><strong>Ch\u00e2n \u0111\u1ebf ba ch\u00e2n TSFG01<\/strong><\/a> \u0110\u00e2y l\u00e0 m\u1ed9t ph\u1ee5 ki\u1ec7n \u0111\u01b0\u1ee3c thi\u1ebft k\u1ebf ch\u00ednh x\u00e1c nh\u1eb1m mang l\u1ea1i s\u1ef1 \u1ed5n \u0111\u1ecbnh t\u1ed1i \u0111a cho ch\u00e2n m\u00e1y tr\u00ean c\u00e1c b\u1ec1 m\u1eb7t tr\u01a1n, b\u00f3ng ho\u1eb7c b\u00ea t\u00f4ng. L\u00e0 m\u1ed9t ph\u1ee5 ki\u1ec7n c\u00f3 \u0111\u1ed9 tin c\u1eady cao,<a href=\"https:\/\/mountlaser.com\/vi\/danh-muc-san-pham\/surveying-accessory\/\"><strong> ch\u00e2n \u0111\u1ebf \u1ed5n \u0111\u1ecbnh, d\u1eabn h\u01b0\u1edbng s\u00e0n<\/strong><\/a>, N\u00f3 gi\u00fap c\u00e1c k\u1ef9 s\u01b0 kh\u1ea3o s\u00e1t thi\u1ebft l\u1eadp v\u1ecb tr\u00ed nhanh h\u01a1n v\u00e0 t\u1ef1 tin h\u01a1n, \u0111\u1ea3m b\u1ea3o \u0111\u1ed9 ch\u00ednh x\u00e1c nh\u1ea5t qu\u00e1n trong m\u00f4i tr\u01b0\u1eddng th\u1ef1c \u0111\u1ecba kh\u1eafc nghi\u1ec7t.<\/p>\n<p>\u0110\u01b0\u1ee3c ch\u1ebf t\u1ea1o t\u1eeb th\u00e9p c\u01b0\u1eddng \u0111\u1ed9 cao, <a href=\"https:\/\/mountlaser.com\/vi\/contact-us\/\">Ch\u00e2n \u0111\u1ebf ba ch\u00e2n TSFG01<\/a> S\u1ea3n ph\u1ea9m c\u00f3 \u0111\u1ed9 b\u1ec1n v\u01b0\u1ee3t tr\u1ed9i v\u00e0 cho ph\u00e9p k\u00e9o d\u00e0i ch\u00e2n m\u00e1y l\u00ean \u0111\u1ebfn 15,7\u2033 (40 cm) t\u1eeb t\u00e2m, t\u1ea1o n\u00ean m\u1ed9t \u0111\u1ebf v\u1eefng ch\u1eafc v\u00e0 an to\u00e0n tr\u00ean \u0111\u1ecba h\u00ecnh b\u1eb1ng ph\u1eb3ng.<\/p>\n<p><img fetchpriority=\"high\" decoding=\"async\" class=\"aligncenter wp-image-5578\" src=\"https:\/\/mountlaser.com\/wp-content\/uploads\/2025\/12\/TSFG01.webp\" alt=\"TSFG01 Tripod Floor Guide\" width=\"500\" height=\"500\" srcset=\"https:\/\/mountlaser.com\/wp-content\/uploads\/2025\/12\/TSFG01.webp 1000w, https:\/\/mountlaser.com\/wp-content\/uploads\/2025\/12\/TSFG01-300x300.webp 300w, https:\/\/mountlaser.com\/wp-content\/uploads\/2025\/12\/TSFG01-150x150.webp 150w, https:\/\/mountlaser.com\/wp-content\/uploads\/2025\/12\/TSFG01-768x768.webp 768w, https:\/\/mountlaser.com\/wp-content\/uploads\/2025\/12\/TSFG01-12x12.webp 12w, https:\/\/mountlaser.com\/wp-content\/uploads\/2025\/12\/TSFG01-600x600.webp 600w, https:\/\/mountlaser.com\/wp-content\/uploads\/2025\/12\/TSFG01-800x800.webp 800w, https:\/\/mountlaser.com\/wp-content\/uploads\/2025\/12\/TSFG01-400x400.webp 400w\" sizes=\"(max-width: 500px) 100vw, 500px\" \/><\/p>\n<p>Cho d\u00f9 \u0111\u01b0\u1ee3c s\u1eed d\u1ee5ng trong x\u00e2y d\u1ef1ng, kh\u1ea3o s\u00e1t hay c\u00e1c thi\u1ebft l\u1eadp \u0111o l\u01b0\u1eddng trong nh\u00e0, th\u00ec <a href=\"https:\/\/mountlaser.com\/vi\/about-us\/\">Ch\u00e2n \u0111\u1ebf ba ch\u00e2n TSFG01<\/a> \u0110\u1ea3m b\u1ea3o \u0111\u1ecbnh v\u1ecb thi\u1ebft b\u1ecb nhanh ch\u00f3ng, \u1ed5n \u0111\u1ecbnh v\u00e0 ch\u00ednh x\u00e1c m\u1ecdi l\u00fac. Thi\u1ebft k\u1ebf ch\u1eafc ch\u1eafn v\u00e0 b\u1ed1 c\u1ee5c t\u1ed1i \u01b0u h\u00f3a khi\u1ebfn n\u00f3 tr\u1edf th\u00e0nh c\u00f4ng c\u1ee5 thi\u1ebft y\u1ebfu cho c\u00e1c \u0111\u1ed9i thi c\u00f4ng ngo\u00e0i hi\u1ec7n tr\u01b0\u1eddng tr\u00ean c\u00e1c b\u1ec1 m\u1eb7t s\u00e0n c\u1ee9ng, tr\u01a1n tr\u01b0\u1ee3t ho\u1eb7c \u0111\u00e3 \u0111\u01b0\u1ee3c ho\u00e0n thi\u1ec7n.<\/p>","protected":false},"excerpt":{"rendered":"<ul>\n<li>T\u0103ng c\u01b0\u1eddng \u0111\u1ed9 \u1ed5n \u0111\u1ecbnh tr\u00ean c\u00e1c b\u1ec1 m\u1eb7t tr\u01a1n, \u0111\u01b0\u1ee3c \u0111\u00e1nh b\u00f3ng ho\u1eb7c s\u00e0n b\u00ea t\u00f4ng.<\/li>\n<li>Gi\u00fap t\u0103ng t\u1ed1c \u0111\u1ed9 thi\u1ebft l\u1eadp khi \u0111\u1eb7t ch\u00e2n m\u00e1y tr\u1ef1c ti\u1ebfp ph\u00eda tr\u00ean m\u1ed9t \u0111i\u1ec3m.<\/li>\n<li>S\u1ea3n ph\u1ea9m c\u00f3 kh\u1ea3 n\u0103ng k\u00e9o d\u00e0i ch\u00e2n linh ho\u1ea1t, v\u1edbi TSFG01 c\u00f3 th\u1ec3 k\u00e9o d\u00e0i \u0111\u1ebfn 40 cm.<\/li>\n<\/ul>","protected":false},"featured_media":5578,"comment_status":"open","ping_status":"closed","template":"","meta":[],"product_brand":[],"product_cat":[79,160],"product_tag":[],"class_list":{"0":"post-5577","1":"product","2":"type-product","3":"status-publish","4":"has-post-thumbnail","6":"product_cat-surveying-accessory","7":"product_cat-tripod-floor-guide","9":"first","10":"instock","11":"shipping-taxable","12":"product-type-simple"},"_links":{"self":[{"href":"https:\/\/mountlaser.com\/vi\/wp-json\/wp\/v2\/product\/5577","targetHints":{"allow":["GET"]}}],"collection":[{"href":"https:\/\/mountlaser.com\/vi\/wp-json\/wp\/v2\/product"}],"about":[{"href":"https:\/\/mountlaser.com\/vi\/wp-json\/wp\/v2\/types\/product"}],"replies":[{"embeddable":true,"href":"https:\/\/mountlaser.com\/vi\/wp-json\/wp\/v2\/comments?post=5577"}],"wp:featuredmedia":[{"embeddable":true,"href":"https:\/\/mountlaser.com\/vi\/wp-json\/wp\/v2\/media\/5578"}],"wp:attachment":[{"href":"https:\/\/mountlaser.com\/vi\/wp-json\/wp\/v2\/media?parent=5577"}],"wp:term":[{"taxonomy":"product_brand","embeddable":true,"href":"https:\/\/mountlaser.com\/vi\/wp-json\/wp\/v2\/product_brand?post=5577"},{"taxonomy":"product_cat","embeddable":true,"href":"https:\/\/mountlaser.com\/vi\/wp-json\/wp\/v2\/product_cat?post=5577"},{"taxonomy":"product_tag","embeddable":true,"href":"https:\/\/mountlaser.com\/vi\/wp-json\/wp\/v2\/product_tag?post=5577"}],"curies":[{"name":"trang web","href":"https:\/\/api.w.org\/{rel}","templated":true}]}}